{"id":10055,"date":"2023-09-11T13:40:17","date_gmt":"2023-09-11T11:40:17","guid":{"rendered":"https:\/\/www.it-dev.eu\/?page_id=10055"},"modified":"2026-01-20T11:16:12","modified_gmt":"2026-01-20T10:16:12","slug":"cookies","status":"publish","type":"page","link":"https:\/\/www.it-dev.eu\/de\/cookies\/","title":{"rendered":"Cookies"},"content":{"rendered":"\n<div class=\"wp-block-columns are-vertically-aligned-top is-layout-flex wp-container-core-columns-is-layout-9d6595d7 wp-block-columns-is-layout-flex\">\n<div class=\"wp-block-column is-vertically-aligned-top is-layout-flow wp-block-column-is-layout-flow\">\n<h2 class=\"wp-block-heading h3\"><strong>1. Was sind Cookies?<\/strong><\/h2>\n\n\n\n<p>Diese Website verwendet Cookies. Unter Cookies sind kleine Textdateien zu verstehen, die von den von Ihnen aufgesuchten Websites in Ihrem Browser abgelegt oder abgelesen werden, um bei Ihrem n\u00e4chsten Besuch dieselben Websites erneut aufrufen und \u00fcbertragen zu k\u00f6nnen.<\/p>\n\n\n\n<p>Im Allgemeinen k\u00f6nnen Cookies abh\u00e4ngig von ihrer Funktion in technisch notwendige und profilierende Cookies sowie \u2013 je nachdem, von welchem Subjekt sie installiert werden \u2013 in Drittanbieter-Cookies, unterteilt werden.<\/p>\n\n\n\n<p>Sie dienen nicht zur Identifizierung von Benutzern oder zur Feststellung der Identit\u00e4t von Personen.<\/p>\n\n\n\n<h2 class=\"wp-block-heading h3\"><strong>3. Wie lange bleiben die Cookies in Gebrauch?<\/strong>&nbsp;<\/h2>\n\n\n\n<p>Wir verwenden zwei Arten von Cookies:<\/p>\n\n\n\n<ul class=\"wp-block-list\">\n<li><strong>Session-Cookies<\/strong> \u2013 sie bleiben auf Ihrem Ger\u00e4t gespeichert, bis Sie die jeweilige Website verlassen oder Ihren Browser schlie\u00dfen,<\/li>\n\n\n\n<li><strong>Dauerhafte Cookies<\/strong> \u2013 sie bleiben auf Ihrem Ger\u00e4t f\u00fcr einen bestimmten Zeitraum gespeichert, der in den in der nachstehenden Tabelle aufgef\u00fchrten Cookie-Parametern angegeben ist, oder bis zu einem Zeitpunkt, wenn sie manuell gel\u00f6scht werden.<\/li>\n<\/ul>\n<\/div>\n\n\n\n<div class=\"wp-block-column is-vertically-aligned-top is-layout-flow wp-block-column-is-layout-flow\">\n<h2 class=\"wp-block-heading h3\"><strong>2. Zu welchem Zweck werden Cookies eigentlich verwendet?<\/strong><\/h2>\n\n\n\n<p>Betreiber der Website ist die IT-Dev GmbH mit Sitz in der Potsdamer Strasse 62, 14513 Teltow. Diese Website verwendet Cookies, die uns \u2013 als anonym vermittelte statistische Daten \u2013 dabei helfen, (a) den Verkehr auf unseren Websites auszuwerten und dementsprechend Marketingma\u00dfnahmen zu ergreifen, (b) anonyme Statistiken zu erstellen, die uns dabei helfen, die Art und Weise zu verstehen, wie die Benutzer die Websites nutzen, was uns in Folge erm\u00f6glicht, sie strukturell und inhaltlich zu verbessern.<\/p>\n\n\n<div class=\"wp-block-image\">\n<figure class=\"aligncenter size-full\"><img loading=\"lazy\" decoding=\"async\" width=\"1000\" height=\"700\" src=\"https:\/\/www.it-dev.eu\/wp-content\/uploads\/2023\/09\/it-dev-cookies-policy-min.webp\" alt=\"Take the cookie. They smell good!\" class=\"wp-image-1121\" srcset=\"https:\/\/www.it-dev.eu\/wp-content\/uploads\/2023\/09\/it-dev-cookies-policy-min.webp 1000w, https:\/\/www.it-dev.eu\/wp-content\/uploads\/2023\/09\/it-dev-cookies-policy-min-300x210.webp 300w, https:\/\/www.it-dev.eu\/wp-content\/uploads\/2023\/09\/it-dev-cookies-policy-min-768x538.webp 768w\" sizes=\"auto, (max-width: 1000px) 100vw, 1000px\" \/><\/figure>\n<\/div><\/div>\n<\/div>\n\n\n\n<h2 class=\"wp-block-heading h3\"><strong>4. Welche Cookies verwenden wir?<\/strong>&nbsp;<\/h2>\n\n\n\n<figure class=\"wp-block-table set-1st-col-bg\"><table><tbody><tr><td><strong>_ga<\/strong><\/td><td>Ein Cookie, das von Google Analytics verwendet wird, um Benutzersitzungen zu unterscheiden, indem ihnen zuf\u00e4llig generierte Nummern als Kunden-IDs zugewiesen werden. Es wird bei jeder Anfrage zum Anzeigen einer Unterseite auf der Website gesetzt und dient zur Berechnung von Daten \u00fcber Besucher, Sitzungen und Kampagnen f\u00fcr die Analyseberichte der Website.<\/td><\/tr><tr><td><strong>_gid<\/strong><\/td><td>Ein Cookie, das von Google Analytics verwendet wird, um Nutzer ohne identifizierbare Daten zu unterscheiden.<\/td><\/tr><tr><td><strong>_gat<\/strong><\/td><td>Dieser Cookie-Name ist mit Google Universal Analytics verbunden und dient laut Dokumentation dazu, die Anforderungsrate zu begrenzen, wodurch die Datenerfassung auf Websites mit hohem Datenverkehr eingeschr\u00e4nkt wird. Der Hauptzweck dieses Cookies ist: Leistung.<\/td><\/tr><tr><td><strong>_icl_current_language<\/strong><\/td><td>Dieser Cookie-Name ist mit dem mehrsprachigen WordPress-Plugin von WPML verbunden. Er dient dazu, die Sprache der Website zu speichern, sodass Sie die Spracheinstellungen nicht st\u00e4ndig \u00e4ndern m\u00fcssen. Wenn der Cookie als Reaktion auf eine Aktion oder Anfrage des Benutzers gesetzt wird und eine kurze Lebensdauer hat, kann er als unbedingt notwendig angesehen werden.<\/td><\/tr><tr><td><strong>wpml_referer_url<\/strong><\/td><td>Ein Cookie, das die zuletzt angeforderte URL speichert.<\/td><\/tr><tr><td><strong>NID<\/strong><\/td><td>Ein NID-Cookie enth\u00e4lt eine Kennung, die Google verwendet, um Ihre Pr\u00e4ferenzen und andere Informationen zu speichern, insbesondere Ihre bevorzugte Sprache (z. B. Deutsch), die Anzahl der auf der Seite angezeigten Suchergebnisse (z. B. 10 oder 20) und die Aktivierung oder Deaktivierung des Google SafeSearch-Filters. In diesen Cookies werden Informationen gespeichert, mit denen das Verhalten oder das Erscheinungsbild der Website ge\u00e4ndert werden kann, beispielsweise in Bezug auf die Sprachversion oder Ihren Standort. Wenn beispielsweise Ihr Standort gespeichert wird, kann die Website die lokale Wettervorhersage oder Verkehrsinformationen anzeigen. Diese Dateien erleichtern auch die \u00c4nderung der Textgr\u00f6\u00dfe, der Schriftart und anderer Elemente, die auf der Website personalisiert werden k\u00f6nnen. Der Verlust der in einem Cookie gespeicherten Einstellungen kann die Funktionalit\u00e4t der Website beeintr\u00e4chtigen, sollte jedoch die Nutzung der Website nicht unm\u00f6glich machen.<\/td><\/tr><tr><td><strong>language<\/strong><\/td><td>Es bewahrt den sprachlichen Wert der Website.<\/td><\/tr><\/tbody><\/table><\/figure>\n\n\n\n<p>Die oben genannten Cookies, die auf Ihrem Endger\u00e4t abgelegt werden, k\u00f6nnen ferner von Werbetreibenden und Partnern, die mit dem Betreiber der Website zusammenarbeiten, verwendet werden.<\/p>\n\n\n\n<p>Wir empfehlen Ihnen, sich mit den Datenschutzhinweisen dieser Unternehmen vertraut zu machen, um sich \u00fcber die Regeln f\u00fcr die Verwendung von Cookies im Zusammenhang mit Statistiken zu informieren: Datenschutzhinweise von Google Analytics<\/p>\n\n\n\n<p>Cookies k\u00f6nnen von Werbenetzwerken, insbesondere von Google, verwendet werden, um Werbung anzuzeigen, die auf die Art und Weise, wie der Nutzer die Website nutzt, zugeschnitten ist. Zu diesem Zweck k\u00f6nnen sie die Informationen \u00fcber den Navigationspfad des Nutzers oder die auf einer bestimmten Website verbrachte Zeit speichern.<\/p>\n\n\n\n<p>Was die vom Google-Werbenetzwerk gesammelten Informationen \u00fcber die Pr\u00e4ferenzen der Nutzer betrifft, so k\u00f6nnen Sie die aus den Cookies resultierenden Informationen mit dem Tool: <a href=\"https:\/\/www.google.com\/ads\/preferences\/\" target=\"_blank\" rel=\"noreferrer noopener nofollow\">https:\/\/www.google.com\/ads\/preferences\/<\/a> einsehen und bearbeiten.<\/p>\n\n\n\n<h2 class=\"wp-block-heading h3\"><strong>5. Einstellungen \u00e4ndern<\/strong><\/h2>\n\n\n\n<p>Software zum Surfen auf Websites (ein Webbrowser) erlaubt in der Regel standardm\u00e4\u00dfig die Speicherung von Cookies auf Ihrem Endger\u00e4t. Sie k\u00f6nnen diese Einstellungen \u00e4ndern. Webbrowser erlauben es n\u00e4mlich, Cookies zu l\u00f6schen. Die Cookies k\u00f6nnen ebenfalls automatisch gesperrt werden. Ausf\u00fchrliche Informationen hierzu finden Sie im Reiter \u201eHilfe\u201c oder in der Dokumentation Ihres Webbrowsers.<\/p>\n\n\n\n<p>Die Einschr\u00e4nkung der Verwendung von Cookies kann sich auf bestimmte Funktionen dieser Website auswirken.<\/p>\n\n\n\n<p>Sie k\u00f6nnen \u00fcber die Einstellungen Ihres Browsers Cookies deaktivieren, l\u00f6schen oder blockieren; eine ausf\u00fchrliche Anleitung dazu finden Sie unter den nachstehenden Links:&nbsp;<\/p>\n\n\n\n<div class=\"wp-block-columns web-browsers-row is-layout-flex wp-container-core-columns-is-layout-9d6595d7 wp-block-columns-is-layout-flex\">\n<div class=\"wp-block-column is-layout-flow wp-block-column-is-layout-flow\"><div class=\"wp-block-image\">\n<figure class=\"aligncenter size-large\"><img loading=\"lazy\" decoding=\"async\" width=\"96\" height=\"96\" src=\"https:\/\/www.it-dev.eu\/wp-content\/uploads\/2024\/03\/1-edge-logo.svg\" alt=\"\" class=\"wp-image-3301\"\/><\/figure>\n<\/div>\n\n\n<p class=\"has-text-align-center link\"><a href=\"https:\/\/support.microsoft.com\/pl-pl\/help\/17442\/windows-internet-explorer-delete-manage-cookies\" target=\"_blank\" rel=\"noreferrer noopener nofollow\">Microsoft Edge<\/a><\/p>\n<\/div>\n\n\n\n<div class=\"wp-block-column is-layout-flow wp-block-column-is-layout-flow\"><div class=\"wp-block-image\">\n<figure class=\"aligncenter size-large\"><img loading=\"lazy\" decoding=\"async\" width=\"96\" height=\"96\" src=\"https:\/\/www.it-dev.eu\/wp-content\/uploads\/2024\/03\/2-google-chrome-logo.svg\" alt=\"\" class=\"wp-image-3305\"\/><\/figure>\n<\/div>\n\n\n<p class=\"has-text-align-center link\"><a href=\"https:\/\/support.google.com\/chrome\/answer\/95647\" target=\"_blank\" rel=\"noreferrer noopener nofollow\">Chrome<\/a><\/p>\n<\/div>\n\n\n\n<div class=\"wp-block-column is-layout-flow wp-block-column-is-layout-flow\"><div class=\"wp-block-image\">\n<figure class=\"aligncenter size-large\"><img loading=\"lazy\" decoding=\"async\" width=\"96\" height=\"100\" src=\"https:\/\/www.it-dev.eu\/wp-content\/uploads\/2024\/03\/3-firefox-logo.svg\" alt=\"\" class=\"wp-image-3307\"\/><\/figure>\n<\/div>\n\n\n<p class=\"has-text-align-center link\"><a href=\"https:\/\/support.mozilla.org\/pl\/products\/firefox\/protect-your-privacy\/cookies\" target=\"_blank\" rel=\"noreferrer noopener nofollow\">Firefox<\/a><\/p>\n<\/div>\n\n\n\n<div class=\"wp-block-column is-layout-flow wp-block-column-is-layout-flow\"><div class=\"wp-block-image\">\n<figure class=\"aligncenter size-large\"><img loading=\"lazy\" decoding=\"async\" width=\"96\" height=\"96\" src=\"https:\/\/www.it-dev.eu\/wp-content\/uploads\/2024\/03\/4-opera-logo.svg\" alt=\"\" class=\"wp-image-3309\"\/><\/figure>\n<\/div>\n\n\n<p class=\"has-text-align-center link\"><a href=\"https:\/\/help.opera.com\/pl\/latest\/web-preferences\/\" target=\"_blank\" rel=\"noreferrer noopener nofollow\">Opera<\/a><\/p>\n<\/div>\n\n\n\n<div class=\"wp-block-column is-layout-flow wp-block-column-is-layout-flow\">\n<div class=\"wp-block-group\"><div class=\"wp-block-group__inner-container is-layout-constrained wp-block-group-is-layout-constrained\"><div class=\"wp-block-image\">\n<figure class=\"aligncenter size-large\"><img loading=\"lazy\" decoding=\"async\" width=\"96\" height=\"96\" src=\"https:\/\/www.it-dev.eu\/wp-content\/uploads\/2024\/03\/5-safari-logo.svg\" alt=\"\" class=\"wp-image-3311\"\/><\/figure>\n<\/div>\n\n\n<p class=\"has-text-align-center link\"><a href=\"https:\/\/support.apple.com\/de-de\/102524\" target=\"_blank\" rel=\"noreferrer noopener nofollow\">Safari<\/a><\/p>\n<\/div><\/div>\n<\/div>\n<\/div>\n\n\n\n<p>Au\u00dferdem kann der Nutzer die auf dieser Website verwendeten Cookie-Einstellungen selbst\u00e4ndig \u00e4ndern. Das \u00c4nderungsfeld erscheint in der linken unteren Ecke der Website unter dem Zahnradsymbol (Cookie-Einstellungen).<\/p>\n","protected":false},"excerpt":{"rendered":"<p>1. Was sind Cookies? Diese Website verwendet Cookies. Unter Cookies sind kleine Textdateien zu verstehen, die von den von Ihnen aufgesuchten Websites in Ihrem Browser abgelegt oder abgelesen werden, um bei Ihrem n\u00e4chsten Besuch dieselben Websites erneut aufrufen und \u00fcbertragen zu k\u00f6nnen. Im Allgemeinen k\u00f6nnen Cookies abh\u00e4ngig von ihrer Funktion in technisch notwendige und profilierende<a class=\"excerpt-read-more\" href=\"https:\/\/www.it-dev.eu\/de\/cookies\/\" title=\"ReadCookies\">&#8230; Read more &raquo;<\/a><\/p>\n","protected":false},"author":16,"featured_media":0,"parent":0,"menu_order":0,"comment_status":"closed","ping_status":"closed","template":"","meta":{"_acf_changed":false,"inline_featured_image":false,"footnotes":""},"class_list":["post-10055","page","type-page","status-publish","hentry"],"acf":[],"yoast_head":"<!-- This site is optimized with the Yoast SEO plugin v27.5 - https:\/\/yoast.com\/product\/yoast-seo-wordpress\/ -->\n<title>Cookies | IT-Dev<\/title>\n<meta name=\"robots\" content=\"index, follow, max-snippet:-1, max-image-preview:large, max-video-preview:-1\" \/>\n<link rel=\"canonical\" href=\"https:\/\/www.it-dev.eu\/de\/cookies\/\" \/>\n<meta property=\"og:locale\" content=\"de_DE\" \/>\n<meta property=\"og:type\" content=\"article\" \/>\n<meta property=\"og:title\" content=\"Cookies | IT-Dev\" \/>\n<meta property=\"og:description\" content=\"1. Was sind Cookies? Diese Website verwendet Cookies. Unter Cookies sind kleine Textdateien zu verstehen, die von den von Ihnen aufgesuchten Websites in Ihrem Browser abgelegt oder abgelesen werden, um bei Ihrem n\u00e4chsten Besuch dieselben Websites erneut aufrufen und \u00fcbertragen zu k\u00f6nnen. Im Allgemeinen k\u00f6nnen Cookies abh\u00e4ngig von ihrer Funktion in technisch notwendige und profilierende... Read more &raquo;\" \/>\n<meta property=\"og:url\" content=\"https:\/\/www.it-dev.eu\/de\/cookies\/\" \/>\n<meta property=\"og:site_name\" content=\"IT-Dev\" \/>\n<meta property=\"article:publisher\" content=\"https:\/\/www.facebook.com\/ITDevWroc\/\" \/>\n<meta property=\"article:modified_time\" content=\"2026-01-20T10:16:12+00:00\" \/>\n<meta property=\"og:image\" content=\"https:\/\/www.it-dev.eu\/wp-content\/uploads\/2023\/09\/it-dev-cookies-policy-min.webp\" \/>\n\t<meta property=\"og:image:width\" content=\"1000\" \/>\n\t<meta property=\"og:image:height\" content=\"700\" \/>\n\t<meta property=\"og:image:type\" content=\"image\/webp\" \/>\n<meta name=\"twitter:card\" content=\"summary_large_image\" \/>\n<meta name=\"twitter:site\" content=\"@IT_Dev\" \/>\n<meta name=\"twitter:label1\" content=\"Gesch\u00e4tzte Lesezeit\" \/>\n\t<meta name=\"twitter:data1\" content=\"5\u00a0Minuten\" \/>\n<script type=\"application\/ld+json\" class=\"yoast-schema-graph\">{\"@context\":\"https:\\\/\\\/schema.org\",\"@graph\":[{\"@type\":\"WebPage\",\"@id\":\"https:\\\/\\\/www.it-dev.eu\\\/de\\\/cookies\\\/\",\"url\":\"https:\\\/\\\/www.it-dev.eu\\\/de\\\/cookies\\\/\",\"name\":\"Cookies | IT-Dev\",\"isPartOf\":{\"@id\":\"https:\\\/\\\/www.it-dev.eu\\\/de\\\/#website\"},\"primaryImageOfPage\":{\"@id\":\"https:\\\/\\\/www.it-dev.eu\\\/de\\\/cookies\\\/#primaryimage\"},\"image\":{\"@id\":\"https:\\\/\\\/www.it-dev.eu\\\/de\\\/cookies\\\/#primaryimage\"},\"thumbnailUrl\":\"https:\\\/\\\/www.it-dev.eu\\\/wp-content\\\/uploads\\\/2023\\\/09\\\/it-dev-cookies-policy-min.webp\",\"datePublished\":\"2023-09-11T11:40:17+00:00\",\"dateModified\":\"2026-01-20T10:16:12+00:00\",\"breadcrumb\":{\"@id\":\"https:\\\/\\\/www.it-dev.eu\\\/de\\\/cookies\\\/#breadcrumb\"},\"inLanguage\":\"de\",\"potentialAction\":[{\"@type\":\"ReadAction\",\"target\":[\"https:\\\/\\\/www.it-dev.eu\\\/de\\\/cookies\\\/\"]}]},{\"@type\":\"ImageObject\",\"inLanguage\":\"de\",\"@id\":\"https:\\\/\\\/www.it-dev.eu\\\/de\\\/cookies\\\/#primaryimage\",\"url\":\"https:\\\/\\\/www.it-dev.eu\\\/wp-content\\\/uploads\\\/2023\\\/09\\\/it-dev-cookies-policy-min.webp\",\"contentUrl\":\"https:\\\/\\\/www.it-dev.eu\\\/wp-content\\\/uploads\\\/2023\\\/09\\\/it-dev-cookies-policy-min.webp\"},{\"@type\":\"BreadcrumbList\",\"@id\":\"https:\\\/\\\/www.it-dev.eu\\\/de\\\/cookies\\\/#breadcrumb\",\"itemListElement\":[{\"@type\":\"ListItem\",\"position\":1,\"name\":\"Strona g\u0142\u00f3wna\",\"item\":\"https:\\\/\\\/www.it-dev.eu\\\/de\\\/\"},{\"@type\":\"ListItem\",\"position\":2,\"name\":\"Cookies\"}]},{\"@type\":\"WebSite\",\"@id\":\"https:\\\/\\\/www.it-dev.eu\\\/de\\\/#website\",\"url\":\"https:\\\/\\\/www.it-dev.eu\\\/de\\\/\",\"name\":\"IT-Dev - Limitless Digital Workplace\",\"description\":\"We create limitless Digital Workplaces\",\"publisher\":{\"@id\":\"https:\\\/\\\/www.it-dev.eu\\\/de\\\/#organization\"},\"potentialAction\":[{\"@type\":\"SearchAction\",\"target\":{\"@type\":\"EntryPoint\",\"urlTemplate\":\"https:\\\/\\\/www.it-dev.eu\\\/de\\\/?s={search_term_string}\"},\"query-input\":{\"@type\":\"PropertyValueSpecification\",\"valueRequired\":true,\"valueName\":\"search_term_string\"}}],\"inLanguage\":\"de\"},{\"@type\":\"Organization\",\"@id\":\"https:\\\/\\\/www.it-dev.eu\\\/de\\\/#organization\",\"name\":\"IT-Dev - Limitless Digital Workplace\",\"url\":\"https:\\\/\\\/www.it-dev.eu\\\/de\\\/\",\"logo\":{\"@type\":\"ImageObject\",\"inLanguage\":\"de\",\"@id\":\"https:\\\/\\\/www.it-dev.eu\\\/de\\\/#\\\/schema\\\/logo\\\/image\\\/\",\"url\":\"https:\\\/\\\/www.it-dev.eu\\\/wp-content\\\/uploads\\\/2023\\\/12\\\/it-dev-logo-696x696-1.png\",\"contentUrl\":\"https:\\\/\\\/www.it-dev.eu\\\/wp-content\\\/uploads\\\/2023\\\/12\\\/it-dev-logo-696x696-1.png\",\"width\":696,\"height\":696,\"caption\":\"IT-Dev - Limitless Digital Workplace\"},\"image\":{\"@id\":\"https:\\\/\\\/www.it-dev.eu\\\/de\\\/#\\\/schema\\\/logo\\\/image\\\/\"},\"sameAs\":[\"https:\\\/\\\/www.facebook.com\\\/ITDevWroc\\\/\",\"https:\\\/\\\/x.com\\\/IT_Dev\",\"https:\\\/\\\/www.linkedin.com\\\/company\\\/it-dev\\\/\",\"https:\\\/\\\/www.youtube.com\\\/user\\\/biuroitdev\"]}]}<\/script>\n<!-- \/ Yoast SEO plugin. -->","yoast_head_json":{"title":"Cookies | IT-Dev","robots":{"index":"index","follow":"follow","max-snippet":"max-snippet:-1","max-image-preview":"max-image-preview:large","max-video-preview":"max-video-preview:-1"},"canonical":"https:\/\/www.it-dev.eu\/de\/cookies\/","og_locale":"de_DE","og_type":"article","og_title":"Cookies | IT-Dev","og_description":"1. Was sind Cookies? Diese Website verwendet Cookies. Unter Cookies sind kleine Textdateien zu verstehen, die von den von Ihnen aufgesuchten Websites in Ihrem Browser abgelegt oder abgelesen werden, um bei Ihrem n\u00e4chsten Besuch dieselben Websites erneut aufrufen und \u00fcbertragen zu k\u00f6nnen. Im Allgemeinen k\u00f6nnen Cookies abh\u00e4ngig von ihrer Funktion in technisch notwendige und profilierende... Read more &raquo;","og_url":"https:\/\/www.it-dev.eu\/de\/cookies\/","og_site_name":"IT-Dev","article_publisher":"https:\/\/www.facebook.com\/ITDevWroc\/","article_modified_time":"2026-01-20T10:16:12+00:00","og_image":[{"width":1000,"height":700,"url":"https:\/\/www.it-dev.eu\/wp-content\/uploads\/2023\/09\/it-dev-cookies-policy-min.webp","type":"image\/webp"}],"twitter_card":"summary_large_image","twitter_site":"@IT_Dev","twitter_misc":{"Gesch\u00e4tzte Lesezeit":"5\u00a0Minuten"},"schema":{"@context":"https:\/\/schema.org","@graph":[{"@type":"WebPage","@id":"https:\/\/www.it-dev.eu\/de\/cookies\/","url":"https:\/\/www.it-dev.eu\/de\/cookies\/","name":"Cookies | IT-Dev","isPartOf":{"@id":"https:\/\/www.it-dev.eu\/de\/#website"},"primaryImageOfPage":{"@id":"https:\/\/www.it-dev.eu\/de\/cookies\/#primaryimage"},"image":{"@id":"https:\/\/www.it-dev.eu\/de\/cookies\/#primaryimage"},"thumbnailUrl":"https:\/\/www.it-dev.eu\/wp-content\/uploads\/2023\/09\/it-dev-cookies-policy-min.webp","datePublished":"2023-09-11T11:40:17+00:00","dateModified":"2026-01-20T10:16:12+00:00","breadcrumb":{"@id":"https:\/\/www.it-dev.eu\/de\/cookies\/#breadcrumb"},"inLanguage":"de","potentialAction":[{"@type":"ReadAction","target":["https:\/\/www.it-dev.eu\/de\/cookies\/"]}]},{"@type":"ImageObject","inLanguage":"de","@id":"https:\/\/www.it-dev.eu\/de\/cookies\/#primaryimage","url":"https:\/\/www.it-dev.eu\/wp-content\/uploads\/2023\/09\/it-dev-cookies-policy-min.webp","contentUrl":"https:\/\/www.it-dev.eu\/wp-content\/uploads\/2023\/09\/it-dev-cookies-policy-min.webp"},{"@type":"BreadcrumbList","@id":"https:\/\/www.it-dev.eu\/de\/cookies\/#breadcrumb","itemListElement":[{"@type":"ListItem","position":1,"name":"Strona g\u0142\u00f3wna","item":"https:\/\/www.it-dev.eu\/de\/"},{"@type":"ListItem","position":2,"name":"Cookies"}]},{"@type":"WebSite","@id":"https:\/\/www.it-dev.eu\/de\/#website","url":"https:\/\/www.it-dev.eu\/de\/","name":"IT-Dev - Limitless Digital Workplace","description":"We create limitless Digital Workplaces","publisher":{"@id":"https:\/\/www.it-dev.eu\/de\/#organization"},"potentialAction":[{"@type":"SearchAction","target":{"@type":"EntryPoint","urlTemplate":"https:\/\/www.it-dev.eu\/de\/?s={search_term_string}"},"query-input":{"@type":"PropertyValueSpecification","valueRequired":true,"valueName":"search_term_string"}}],"inLanguage":"de"},{"@type":"Organization","@id":"https:\/\/www.it-dev.eu\/de\/#organization","name":"IT-Dev - Limitless Digital Workplace","url":"https:\/\/www.it-dev.eu\/de\/","logo":{"@type":"ImageObject","inLanguage":"de","@id":"https:\/\/www.it-dev.eu\/de\/#\/schema\/logo\/image\/","url":"https:\/\/www.it-dev.eu\/wp-content\/uploads\/2023\/12\/it-dev-logo-696x696-1.png","contentUrl":"https:\/\/www.it-dev.eu\/wp-content\/uploads\/2023\/12\/it-dev-logo-696x696-1.png","width":696,"height":696,"caption":"IT-Dev - Limitless Digital Workplace"},"image":{"@id":"https:\/\/www.it-dev.eu\/de\/#\/schema\/logo\/image\/"},"sameAs":["https:\/\/www.facebook.com\/ITDevWroc\/","https:\/\/x.com\/IT_Dev","https:\/\/www.linkedin.com\/company\/it-dev\/","https:\/\/www.youtube.com\/user\/biuroitdev"]}]}},"_links":{"self":[{"href":"https:\/\/www.it-dev.eu\/de\/wp-json\/wp\/v2\/pages\/10055","targetHints":{"allow":["GET"]}}],"collection":[{"href":"https:\/\/www.it-dev.eu\/de\/wp-json\/wp\/v2\/pages"}],"about":[{"href":"https:\/\/www.it-dev.eu\/de\/wp-json\/wp\/v2\/types\/page"}],"author":[{"embeddable":true,"href":"https:\/\/www.it-dev.eu\/de\/wp-json\/wp\/v2\/users\/16"}],"replies":[{"embeddable":true,"href":"https:\/\/www.it-dev.eu\/de\/wp-json\/wp\/v2\/comments?post=10055"}],"version-history":[{"count":6,"href":"https:\/\/www.it-dev.eu\/de\/wp-json\/wp\/v2\/pages\/10055\/revisions"}],"predecessor-version":[{"id":10119,"href":"https:\/\/www.it-dev.eu\/de\/wp-json\/wp\/v2\/pages\/10055\/revisions\/10119"}],"wp:attachment":[{"href":"https:\/\/www.it-dev.eu\/de\/wp-json\/wp\/v2\/media?parent=10055"}],"curies":[{"name":"wp","href":"https:\/\/api.w.org\/{rel}","templated":true}]}}