{"id":10077,"date":"2023-06-12T12:11:15","date_gmt":"2023-06-12T10:11:15","guid":{"rendered":"https:\/\/www.it-dev.eu\/datenschutz\/"},"modified":"2026-01-07T11:02:34","modified_gmt":"2026-01-07T10:02:34","slug":"datenschutz","status":"publish","type":"page","link":"https:\/\/www.it-dev.eu\/de\/datenschutz\/","title":{"rendered":"Datenschutz"},"content":{"rendered":"\n<h2 class=\"wp-block-heading h3\">1. Datenverantwortlicher<\/h2>\n\n<ol class=\"wp-block-list\">\n<li>Der f\u00fcr die Verarbeitung personenbezogener Daten Verantwortliche ist: IT-Dev GmbH, mit ihrem Sitz in der Potsdamer Strasse 62, 14513 Teltow, Deutschland<\/li>\n<\/ol>\n\n<div style=\"height:40px\" aria-hidden=\"true\" class=\"wp-block-spacer\"><\/div>\n\n<h2 class=\"wp-block-heading h3\">2. Unsere Kontaktdaten<\/h2>\n\n<ol class=\"wp-block-list\">\n<li>Bez\u00fcglich der Verarbeitung Ihrer pers\u00f6nlichen Daten durch die IT-Dev GmbH und der damit verbundenen Anfragen k\u00f6nnen Sie sich an uns wenden unter: kontakt@it-dev.eu oder an die folgende Adresse anschreiben: IT-Dev GmbH, Potsdamer Strasse 62, 14513 Teltow<\/li>\n<\/ol>\n\n<div style=\"height:40px\" aria-hidden=\"true\" class=\"wp-block-spacer\"><\/div>\n\n<h2 class=\"wp-block-heading h3\">3. Rechtsgrundlagen<\/h2>\n\n<ol class=\"wp-block-list\">\n<li>Unsere Hinweise zur Verarbeitung personenbezogener Daten wurden im Zusammenhang mit der Verordnung (EU) 2016\/679 des Europ\u00e4ischen Parlaments und des Rates vom 27. April 2016 zum Schutz nat\u00fcrlicher Personen bei der Verarbeitung personenbezogener Daten, zum freien Datenverkehr und zur Aufhebung der Richtlinie 95\/46\/EG (Datenschutz-Grundverordnung) (im Folgenden: DSGVO) entwickelt.<\/li>\n<\/ol>\n\n<div style=\"height:40px\" aria-hidden=\"true\" class=\"wp-block-spacer\"><\/div>\n\n<h2 class=\"wp-block-heading h3\">4. Quelle und methoden zur datenverarbeitung<\/h2>\n\n<ol class=\"wp-block-list\" start=\"1\">\n<li>Wir erheben Ihre personenbezogenen Daten direkt oder auf elektronischem Wege, unter anderem durch: <br\/>&#13;\n&#13;\n1.1. \u00dcbermittlung von Anfragen \u00fcber die auf it-dev.eu bereitgestellten Kontaktformulare&#13;\n<br\/>&#13;\nDie Bereitstellung von Daten ist notwendig, um einen Vertrag mit uns zu schlie\u00dfen, unsere Dienstleistungen zu nutzen oder Informationen zu erhalten. Ansonsten gilt die Angabe der Daten als freiwillig.<\/li>\n<\/ol>\n\n<ol class=\"wp-block-list\" start=\"2\">\n<li>Wir sorgen daf\u00fcr, dass Ihre personenbezogenen Daten rechtm\u00e4\u00dfig, f\u00fcr legitime Zwecke, transparent und zuverl\u00e4ssig verarbeitet werden.<\/li>\n<\/ol>\n\n<ol class=\"wp-block-list\" start=\"3\">\n<li>Auf unseren Websites wird ein sicheres Webprotokoll verwendet \u2013 das SSL-Zertifikat, das die Vertraulichkeit der \u00fcber das Internet \u00fcbertragenen Daten gew\u00e4hrleistet. Das bedeutet, dass Ihre Daten, die Sie uns \u00fcber das Kontaktformular mitteilen, \u00fcber eine sichere, verschl\u00fcsselte Verbindung gesendet werden.<\/li>\n<\/ol>\n\n<figure class=\"wp-block-table\"><table class=\"has-fixed-layout\"><thead><tr><th><strong>Zweck der Verarbeitung<\/strong><\/th><th class=\"has-text-align-left\" data-align=\"left\"><strong>Beschreibung der berechtigten Interessen des Verantwortlichen<\/strong>\u00a0<\/th><th><strong>DSGVO-rechtsgrundlage<\/strong>\u00a0<\/th><\/tr><\/thead><tbody><tr><td>Abonnementdienst<\/td><td class=\"has-text-align-left\" data-align=\"left\">&#8211;<\/td><td>Artikel 6(1)(a) \u2013 die betroffene Person hat ihre Einwilligung zur Verarbeitung ihrer personenbezogenen Daten f\u00fcr einen oder mehrere bestimmte Zwecke gegeben;<\/td><\/tr><tr><td>Vertragsabwicklung: Abschluss, Erf\u00fcllung und Abrechnung von Vertr\u00e4gen, einschlie\u00dflich Kontaktaufnahme im Zusammenhang mit deren Umsetzung<\/td><td class=\"has-text-align-left\" data-align=\"left\">&#8211;<\/td><td>Artikel 6(1)(b) \u2013 Die Verarbeitung ist erforderlich, um einen Vertrag zu erf\u00fcllen, dessen Vertragspartei die betroffene Person ist, oder um vor Abschluss eines Vertrags auf Antrag der betroffenen Person Ma\u00dfnahmen zu ergreifen.<\/td><\/tr><tr><td>Bearbeitung von Beschwerden und Reklamationen;<\/td><td class=\"has-text-align-left\" data-align=\"left\">&#8211;<\/td><td>Artikel 6(1)(c) \u2013 die Verarbeitung ist zur Erf\u00fcllung einer rechtlichen Verpflichtung erforderlich, der der Verantwortliche unterliegt;<\/td><\/tr><tr><td>Archivierung von Unterlagen, d. h. Vertr\u00e4gen und Abrechnungsunterlagen<\/td><td class=\"has-text-align-left\" data-align=\"left\">&#8211;<\/td><td>Artikel 6(1)(c)<\/td><\/tr><tr><td>Durchsetzung von Anspr\u00fcchen aus dem Vertrag<\/td><td class=\"has-text-align-left\" data-align=\"left\">Einziehung von Forderungen, F\u00fchrung von Gerichtsverfahren und anschlie\u00dfende Vollstreckungsverfahren<\/td><td>Artikel 6(1)(f) \u2013 Die Verarbeitung ist f\u00fcr die Zwecke der berechtigten Interessen des Verantwortlichen oder eines Dritten erforderlich, au\u00dfer wenn die Interessen oder Grundrechte und Grundfreiheiten der betroffenen Person, die den Schutz personenbezogener Daten erfordern, diese Interessen \u00fcberwiegen.<\/td><\/tr><tr><td>F\u00fchrung allgemeiner Statistiken ohne Identifizierung einzelner Personen (z. B. Google Analytics)<\/td><td class=\"has-text-align-left\" data-align=\"left\">Statistische Daten zu unseren Aktivit\u00e4ten erm\u00f6glichen es uns, unsere T\u00e4tigkeit zu optimieren.<\/td><td>Artikel 6(1)(f)<\/td><\/tr><tr><td>Bearbeitung von Anfragen oder Meldungen, die \u00fcber das Kontaktformular eingereicht werden.<\/td><td class=\"has-text-align-left\" data-align=\"left\">Bereitstellung von Informationen, Beantwortung von Anfragen und R\u00fcckfragen, die \u00fcber das Formular oder in anderer Form gestellt werden, einschlie\u00dflich der Speicherung von Anfragen und Antworten, um die Rechenschaftspflicht zu wahren.<\/td><td>Artikel 6(1)(f)<\/td><\/tr><tr><td>Durchf\u00fchrung von Marketingma\u00dfnahmen f\u00fcr eigene Produkte oder Dienstleistungen<\/td><td class=\"has-text-align-left\" data-align=\"left\">Werbung f\u00fcr unsere T\u00e4tigkeit, Aufbau und St\u00e4rkung von Gesch\u00e4ftsbeziehungen. Bei Verwendung von E-Mail-Adressen und Telefonnummern \u2013 ausschlie\u00dflich auf Grundlage der vorliegenden Einwilligungen.<\/td><td>Artikel 6(1)(f)<\/td><\/tr><tr><td> Durchf\u00fchrung von Marketingma\u00dfnahmen f\u00fcr Produkte oder Dienstleistungen Dritter \u2013 ausschlie\u00dflich auf Grundlage der vorliegenden Einwilligungen.<\/td><td class=\"has-text-align-left\" data-align=\"left\">&#8211;<\/td><td>Artikel 6(1)(f)<\/td><\/tr><\/tbody><\/table><\/figure>\n\n<div style=\"height:40px\" aria-hidden=\"true\" class=\"wp-block-spacer\"><\/div>\n\n<h2 class=\"wp-block-heading h3\">5. Datenverarbeitungszeit<\/h2>\n\n<ol class=\"wp-block-list\">\n<li>Wenn die Grundlage f\u00fcr die Verarbeitung personenbezogener Daten Ihre Einwilligung ist (Artikel 6 Absatz 1 Buchstabe a der DSGVO), werden die Daten so lange verwendet, bis diese Einwilligung widerrufen wird. Wir sind verpflichtet, Ihre personenbezogenen Daten so lange aufzubewahren, wie dies gesetzlich vorgeschrieben und f\u00fcr den Betrieb von IT-DEV sowie zur Wahrung der Rechenschaftspflicht erforderlich ist.<\/li>\n<\/ol>\n\n<figure class=\"wp-block-table\"><table class=\"has-fixed-layout\"><thead><tr><th><strong>Art der personenbezogenen Daten<\/strong>\u00a0<\/th><th><strong>Verarbeitungszeitraum<\/strong>\u00a0<\/th><\/tr><\/thead><tbody><tr><td>Daten in Dokumenten, wie z.B. Auftr\u00e4ge, Berichte, Vertr\u00e4ge, Genehmigungsschreiben<\/td><td>Der Zeitraum der Erf\u00fcllung der Verpflichtungen und der sich aus dem Gesetz ergebenden Verj\u00e4hrungsfrist; bis zum Ende der in einer Verj\u00e4hrungsfrist f\u00fcr vertragliche Anspr\u00fcche festgelegten Zeit.<\/td><\/tr><tr><td>Daten in Abrechnungsunterlagen<\/td><td>Die B\u00fccher und die damit zusammenh\u00e4ngenden Unterlagen bis zum Ablauf der Verj\u00e4hrungsfrist f\u00fcr die Steuerpflicht, sofern die Steuergesetze nichts anderes vorsehen.<\/td><\/tr><tr><td>Die Angaben in den Dokumenten, die mit der gesetzlichen Gew\u00e4hrleistung und Garantie verbunden sind<\/td><td>Die Dokumente im Zusammenhang mit der gesetzlichen Gew\u00e4hrleistung, Garantie und Reklamationen werden 1 Jahr nach Beendigung der gesetzlichen Gew\u00e4hrleistung, Garantie oder Beilegung einer Reklamation aufbewahrt.<\/td><\/tr><tr><td>Daten f\u00fcr Marketingzwecke<\/td><td>Bei einer Verarbeitung auf der Grundlage einer Einwilligung \u2013 bis zum Widerruf der Einwilligung; bei einer Verarbeitung auf der Grundlage eines legitimen Ziels \u2013 bis zur Erhebung eines Einwands.<\/td><\/tr><tr><td>Daten aus einem Kontaktformular<\/td><td>Zwei Jahre lang, um sicherzustellen, dass der Grundsatz der Rechenschaftspflicht eingehalten wird.<\/td><\/tr><\/tbody><\/table><\/figure>\n\n<div style=\"height:40px\" aria-hidden=\"true\" class=\"wp-block-spacer\"><\/div>\n\n<h2 class=\"wp-block-heading h3\">6. Datenempf\u00e4nger<\/h2>\n\n<ol class=\"wp-block-list\">\n<li>Aus technischen Gr\u00fcnden k\u00f6nnen Ihre personenbezogenen Daten zur Bearbeitung an andere Subjekte vermittelt werden. Dazu geh\u00f6ren:\n<ol class=\"wp-block-list\">\n<li>Autorisierte Angestellte und Mitarbeiter, die die Daten zur Aus\u00fcbung unserer Gesch\u00e4ftst\u00e4tigkeit nutzen, sowie die von uns mit der Unterst\u00fctzung unserer Gesch\u00e4ftst\u00e4tigkeit betrauten Unternehmen, einschlie\u00dflich, aber nicht beschr\u00e4nkt auf Spezialisten, Berater oder Anbieter von L\u00f6sungen zur Unterst\u00fctzung unserer Gesch\u00e4ftst\u00e4tigkeit;<\/li>\n\n\n\n<li>Staatliche Beh\u00f6rden oder andere Beh\u00f6rden, die aufgrund gesetzlicher Bestimmungen (zur Erf\u00fcllung gesetzlicher Verpflichtungen) zust\u00e4ndig sind, wie z.B.: die Sozialversicherungsanstalt, das Finanzamt;<\/li>\n<\/ol>\n<\/li>\n\n\n\n<li>Ihre personenbezogenen Daten d\u00fcrfen ausschlie\u00dflich im Rahmen der Umsetzung eines mit dem Datenverantwortlichen abgeschlossenen Vertrags au\u00dferhalb der Europ\u00e4ischen Union \u00fcbermittelt werden, wenn dies zur Erlangung einer Lizenz von einem Dritten mit Sitz au\u00dferhalb der Europ\u00e4ischen Union erforderlich ist.<\/li>\n<\/ol>\n\n<div style=\"height:40px\" aria-hidden=\"true\" class=\"wp-block-spacer\"><\/div>\n\n<h2 class=\"wp-block-heading h3\">7. Automatisierte verarbeitung<\/h2>\n\n<ol class=\"wp-block-list\" start=\"1\">\n<li>Personenbezogene Daten d\u00fcrfen nicht Gegenstand einer automatisierten Beschlussfassung, einschlie\u00dflich Profiling, sein.<\/li>\n<\/ol>\n\n<ol class=\"wp-block-list\" start=\"2\">\n<li>Cookies \u2013 Informationen, die nicht zur Identifizierung von Nutzern oder zur Feststellung der Identit\u00e4t einer Person in irgendeiner Weise verwendet werden. Im Rahmen unserer Gesch\u00e4ftst\u00e4tigkeit verwenden wir Cookies, die wir f\u00fcr die Analyse des Datenverkehrs auf unseren Seiten und f\u00fcr Marketingaktivit\u00e4ten einsetzen; diese Aktivit\u00e4ten beinhalten jedoch nicht die Verarbeitung personenbezogener Daten im Sinne der DSGVO. Weitere Informationen \u00fcber Cookies finden Sie unter den Cookie-Hinweisen.<\/li>\n<\/ol>\n\n<div style=\"height:40px\" aria-hidden=\"true\" class=\"wp-block-spacer\"><\/div>\n\n<h2 class=\"wp-block-heading h3\">8. Rechte<\/h2>\n\n<ol class=\"wp-block-list\" start=\"1\">\n<li>8.1. Vorbehaltlich der in Artikel 15 \u2013 Artikel 20 der DSGVO festgelegten Grunds\u00e4tze haben Sie das Recht auf Zugang zum Inhalt Ihrer personenbezogenen Daten und das Recht, diese zu berichtigen oder zu l\u00f6schen, ihre Verarbeitung einzuschr\u00e4nken, sie zu \u00fcbermitteln, Widerspruch einzulegen, die Einwilligung jederzeit zu widerrufen, ohne dass die Rechtm\u00e4\u00dfigkeit der auf der Einwilligung beruhenden Verarbeitung vor deren Widerruf beeintr\u00e4chtigt wird (wenn die Daten auf der Grundlage der Einwilligung verarbeitet werden).&#13;\n<br\/><br\/>&#13;\n8.2. Sie k\u00f6nnen eine Anfrage bez\u00fcglich Ihrer Datenrechte stellen:&#13;\n<br\/><br\/>&#13;\n8.2.1. Schriftlich an die folgende Adresse: IT-Dev GmbH, Potsdamer Strasse 62, 14513 Teltow,&#13;\n<br\/><br\/>&#13;\n8.2.2. Per E-Mail an die folgende Adresse: <a href=\"mailto:kontakt@it-dev.eu\">kontakt@it-dev.eu<\/a>,&#13;\n<br\/><br\/>&#13;\n8.3. Sollte unsere Verarbeitung gegen die Bestimmungen der DSGVO versto\u00dfen, haben Sie das Recht, eine Beschwerde bei der Aufsichtsbeh\u00f6rde, d. h. beim Pr\u00e4sidenten des Amts f\u00fcr den Schutz personenbezogener Daten, einzureichen.<\/li>\n<\/ol>\n\n<ol class=\"wp-block-list\" start=\"2\">\n<li>Die Datenschutzhinweise werden laufend \u00fcberpr\u00fcft und bei Bedarf aktualisiert. Die aktuelle Fassung der Datenschutzhinweise ist ab dem 1. Juni 2022 g\u00fcltig.<\/li>\n<\/ol>\n","protected":false},"excerpt":{"rendered":"<p>1. Datenverantwortlicher 2. Unsere Kontaktdaten 3. Rechtsgrundlagen 4. Quelle und methoden zur datenverarbeitung Zweck der Verarbeitung Beschreibung der berechtigten Interessen des Verantwortlichen\u00a0 DSGVO-rechtsgrundlage\u00a0 Abonnementdienst &#8211; Artikel 6(1)(a) \u2013 die betroffene Person hat ihre Einwilligung zur Verarbeitung ihrer personenbezogenen Daten f\u00fcr einen oder mehrere bestimmte Zwecke gegeben; Vertragsabwicklung: Abschluss, Erf\u00fcllung und Abrechnung von Vertr\u00e4gen, einschlie\u00dflich Kontaktaufnahme<a class=\"excerpt-read-more\" href=\"https:\/\/www.it-dev.eu\/de\/datenschutz\/\" title=\"ReadDatenschutz\">&#8230; Read more &raquo;<\/a><\/p>\n","protected":false},"author":1,"featured_media":0,"parent":0,"menu_order":0,"comment_status":"closed","ping_status":"open","template":"","meta":{"_acf_changed":false,"inline_featured_image":false,"footnotes":""},"class_list":["post-10077","page","type-page","status-publish","hentry"],"acf":[],"yoast_head":"<!-- This site is optimized with the Yoast SEO plugin v27.4 - https:\/\/yoast.com\/product\/yoast-seo-wordpress\/ -->\n<title>Datenschutz | IT-Dev<\/title>\n<meta name=\"robots\" content=\"index, follow, max-snippet:-1, max-image-preview:large, max-video-preview:-1\" \/>\n<link rel=\"canonical\" href=\"https:\/\/www.it-dev.eu\/de\/datenschutz\/\" \/>\n<meta property=\"og:locale\" content=\"de_DE\" \/>\n<meta property=\"og:type\" content=\"article\" \/>\n<meta property=\"og:title\" content=\"Datenschutz | IT-Dev\" \/>\n<meta property=\"og:description\" content=\"1. Datenverantwortlicher 2. Unsere Kontaktdaten 3. Rechtsgrundlagen 4. Quelle und methoden zur datenverarbeitung Zweck der Verarbeitung Beschreibung der berechtigten Interessen des Verantwortlichen\u00a0 DSGVO-rechtsgrundlage\u00a0 Abonnementdienst &#8211; Artikel 6(1)(a) \u2013 die betroffene Person hat ihre Einwilligung zur Verarbeitung ihrer personenbezogenen Daten f\u00fcr einen oder mehrere bestimmte Zwecke gegeben; Vertragsabwicklung: Abschluss, Erf\u00fcllung und Abrechnung von Vertr\u00e4gen, einschlie\u00dflich Kontaktaufnahme... Read more &raquo;\" \/>\n<meta property=\"og:url\" content=\"https:\/\/www.it-dev.eu\/de\/datenschutz\/\" \/>\n<meta property=\"og:site_name\" content=\"IT-Dev\" \/>\n<meta property=\"article:publisher\" content=\"https:\/\/www.facebook.com\/ITDevWroc\/\" \/>\n<meta property=\"article:modified_time\" content=\"2026-01-07T10:02:34+00:00\" \/>\n<meta name=\"twitter:card\" content=\"summary_large_image\" \/>\n<meta name=\"twitter:site\" content=\"@IT_Dev\" \/>\n<meta name=\"twitter:label1\" content=\"Gesch\u00e4tzte Lesezeit\" \/>\n\t<meta name=\"twitter:data1\" content=\"5\u00a0Minuten\" \/>\n<script type=\"application\/ld+json\" class=\"yoast-schema-graph\">{\"@context\":\"https:\\\/\\\/schema.org\",\"@graph\":[{\"@type\":\"WebPage\",\"@id\":\"https:\\\/\\\/www.it-dev.eu\\\/de\\\/datenschutz\\\/\",\"url\":\"https:\\\/\\\/www.it-dev.eu\\\/de\\\/datenschutz\\\/\",\"name\":\"Datenschutz | IT-Dev\",\"isPartOf\":{\"@id\":\"https:\\\/\\\/www.it-dev.eu\\\/de\\\/#website\"},\"datePublished\":\"2023-06-12T10:11:15+00:00\",\"dateModified\":\"2026-01-07T10:02:34+00:00\",\"breadcrumb\":{\"@id\":\"https:\\\/\\\/www.it-dev.eu\\\/de\\\/datenschutz\\\/#breadcrumb\"},\"inLanguage\":\"de\",\"potentialAction\":[{\"@type\":\"ReadAction\",\"target\":[\"https:\\\/\\\/www.it-dev.eu\\\/de\\\/datenschutz\\\/\"]}]},{\"@type\":\"BreadcrumbList\",\"@id\":\"https:\\\/\\\/www.it-dev.eu\\\/de\\\/datenschutz\\\/#breadcrumb\",\"itemListElement\":[{\"@type\":\"ListItem\",\"position\":1,\"name\":\"Strona g\u0142\u00f3wna\",\"item\":\"https:\\\/\\\/www.it-dev.eu\\\/de\\\/\"},{\"@type\":\"ListItem\",\"position\":2,\"name\":\"Datenschutz\"}]},{\"@type\":\"WebSite\",\"@id\":\"https:\\\/\\\/www.it-dev.eu\\\/de\\\/#website\",\"url\":\"https:\\\/\\\/www.it-dev.eu\\\/de\\\/\",\"name\":\"IT-Dev - Limitless Digital Workplace\",\"description\":\"We create limitless Digital Workplaces\",\"publisher\":{\"@id\":\"https:\\\/\\\/www.it-dev.eu\\\/de\\\/#organization\"},\"potentialAction\":[{\"@type\":\"SearchAction\",\"target\":{\"@type\":\"EntryPoint\",\"urlTemplate\":\"https:\\\/\\\/www.it-dev.eu\\\/de\\\/?s={search_term_string}\"},\"query-input\":{\"@type\":\"PropertyValueSpecification\",\"valueRequired\":true,\"valueName\":\"search_term_string\"}}],\"inLanguage\":\"de\"},{\"@type\":\"Organization\",\"@id\":\"https:\\\/\\\/www.it-dev.eu\\\/de\\\/#organization\",\"name\":\"IT-Dev - Limitless Digital Workplace\",\"url\":\"https:\\\/\\\/www.it-dev.eu\\\/de\\\/\",\"logo\":{\"@type\":\"ImageObject\",\"inLanguage\":\"de\",\"@id\":\"https:\\\/\\\/www.it-dev.eu\\\/de\\\/#\\\/schema\\\/logo\\\/image\\\/\",\"url\":\"https:\\\/\\\/www.it-dev.eu\\\/wp-content\\\/uploads\\\/2023\\\/12\\\/it-dev-logo-696x696-1.png\",\"contentUrl\":\"https:\\\/\\\/www.it-dev.eu\\\/wp-content\\\/uploads\\\/2023\\\/12\\\/it-dev-logo-696x696-1.png\",\"width\":696,\"height\":696,\"caption\":\"IT-Dev - Limitless Digital Workplace\"},\"image\":{\"@id\":\"https:\\\/\\\/www.it-dev.eu\\\/de\\\/#\\\/schema\\\/logo\\\/image\\\/\"},\"sameAs\":[\"https:\\\/\\\/www.facebook.com\\\/ITDevWroc\\\/\",\"https:\\\/\\\/x.com\\\/IT_Dev\",\"https:\\\/\\\/www.linkedin.com\\\/company\\\/it-dev\\\/\",\"https:\\\/\\\/www.youtube.com\\\/user\\\/biuroitdev\"]}]}<\/script>\n<!-- \/ Yoast SEO plugin. -->","yoast_head_json":{"title":"Datenschutz | IT-Dev","robots":{"index":"index","follow":"follow","max-snippet":"max-snippet:-1","max-image-preview":"max-image-preview:large","max-video-preview":"max-video-preview:-1"},"canonical":"https:\/\/www.it-dev.eu\/de\/datenschutz\/","og_locale":"de_DE","og_type":"article","og_title":"Datenschutz | IT-Dev","og_description":"1. Datenverantwortlicher 2. Unsere Kontaktdaten 3. Rechtsgrundlagen 4. Quelle und methoden zur datenverarbeitung Zweck der Verarbeitung Beschreibung der berechtigten Interessen des Verantwortlichen\u00a0 DSGVO-rechtsgrundlage\u00a0 Abonnementdienst &#8211; Artikel 6(1)(a) \u2013 die betroffene Person hat ihre Einwilligung zur Verarbeitung ihrer personenbezogenen Daten f\u00fcr einen oder mehrere bestimmte Zwecke gegeben; Vertragsabwicklung: Abschluss, Erf\u00fcllung und Abrechnung von Vertr\u00e4gen, einschlie\u00dflich Kontaktaufnahme... Read more &raquo;","og_url":"https:\/\/www.it-dev.eu\/de\/datenschutz\/","og_site_name":"IT-Dev","article_publisher":"https:\/\/www.facebook.com\/ITDevWroc\/","article_modified_time":"2026-01-07T10:02:34+00:00","twitter_card":"summary_large_image","twitter_site":"@IT_Dev","twitter_misc":{"Gesch\u00e4tzte Lesezeit":"5\u00a0Minuten"},"schema":{"@context":"https:\/\/schema.org","@graph":[{"@type":"WebPage","@id":"https:\/\/www.it-dev.eu\/de\/datenschutz\/","url":"https:\/\/www.it-dev.eu\/de\/datenschutz\/","name":"Datenschutz | IT-Dev","isPartOf":{"@id":"https:\/\/www.it-dev.eu\/de\/#website"},"datePublished":"2023-06-12T10:11:15+00:00","dateModified":"2026-01-07T10:02:34+00:00","breadcrumb":{"@id":"https:\/\/www.it-dev.eu\/de\/datenschutz\/#breadcrumb"},"inLanguage":"de","potentialAction":[{"@type":"ReadAction","target":["https:\/\/www.it-dev.eu\/de\/datenschutz\/"]}]},{"@type":"BreadcrumbList","@id":"https:\/\/www.it-dev.eu\/de\/datenschutz\/#breadcrumb","itemListElement":[{"@type":"ListItem","position":1,"name":"Strona g\u0142\u00f3wna","item":"https:\/\/www.it-dev.eu\/de\/"},{"@type":"ListItem","position":2,"name":"Datenschutz"}]},{"@type":"WebSite","@id":"https:\/\/www.it-dev.eu\/de\/#website","url":"https:\/\/www.it-dev.eu\/de\/","name":"IT-Dev - Limitless Digital Workplace","description":"We create limitless Digital Workplaces","publisher":{"@id":"https:\/\/www.it-dev.eu\/de\/#organization"},"potentialAction":[{"@type":"SearchAction","target":{"@type":"EntryPoint","urlTemplate":"https:\/\/www.it-dev.eu\/de\/?s={search_term_string}"},"query-input":{"@type":"PropertyValueSpecification","valueRequired":true,"valueName":"search_term_string"}}],"inLanguage":"de"},{"@type":"Organization","@id":"https:\/\/www.it-dev.eu\/de\/#organization","name":"IT-Dev - Limitless Digital Workplace","url":"https:\/\/www.it-dev.eu\/de\/","logo":{"@type":"ImageObject","inLanguage":"de","@id":"https:\/\/www.it-dev.eu\/de\/#\/schema\/logo\/image\/","url":"https:\/\/www.it-dev.eu\/wp-content\/uploads\/2023\/12\/it-dev-logo-696x696-1.png","contentUrl":"https:\/\/www.it-dev.eu\/wp-content\/uploads\/2023\/12\/it-dev-logo-696x696-1.png","width":696,"height":696,"caption":"IT-Dev - Limitless Digital Workplace"},"image":{"@id":"https:\/\/www.it-dev.eu\/de\/#\/schema\/logo\/image\/"},"sameAs":["https:\/\/www.facebook.com\/ITDevWroc\/","https:\/\/x.com\/IT_Dev","https:\/\/www.linkedin.com\/company\/it-dev\/","https:\/\/www.youtube.com\/user\/biuroitdev"]}]}},"_links":{"self":[{"href":"https:\/\/www.it-dev.eu\/de\/wp-json\/wp\/v2\/pages\/10077","targetHints":{"allow":["GET"]}}],"collection":[{"href":"https:\/\/www.it-dev.eu\/de\/wp-json\/wp\/v2\/pages"}],"about":[{"href":"https:\/\/www.it-dev.eu\/de\/wp-json\/wp\/v2\/types\/page"}],"author":[{"embeddable":true,"href":"https:\/\/www.it-dev.eu\/de\/wp-json\/wp\/v2\/users\/1"}],"replies":[{"embeddable":true,"href":"https:\/\/www.it-dev.eu\/de\/wp-json\/wp\/v2\/comments?post=10077"}],"version-history":[{"count":18,"href":"https:\/\/www.it-dev.eu\/de\/wp-json\/wp\/v2\/pages\/10077\/revisions"}],"predecessor-version":[{"id":10118,"href":"https:\/\/www.it-dev.eu\/de\/wp-json\/wp\/v2\/pages\/10077\/revisions\/10118"}],"wp:attachment":[{"href":"https:\/\/www.it-dev.eu\/de\/wp-json\/wp\/v2\/media?parent=10077"}],"curies":[{"name":"wp","href":"https:\/\/api.w.org\/{rel}","templated":true}]}}