{"id":10091,"date":"2023-09-11T14:00:23","date_gmt":"2023-09-11T12:00:23","guid":{"rendered":"https:\/\/www.it-dev.eu\/?page_id=10091"},"modified":"2026-01-20T11:16:19","modified_gmt":"2026-01-20T10:16:19","slug":"agb","status":"publish","type":"page","link":"https:\/\/www.it-dev.eu\/de\/agb\/","title":{"rendered":"AGB"},"content":{"rendered":"\n<h2 class=\"wp-block-heading\">1. <strong>Allgemeine Bestimmungen.<\/strong><\/h2>\n\n\n\n<p>1.1.&nbsp;Die Website <a href=\"https:\/\/it-dev.eu\/\">https:\/\/it-dev.eu <\/a>wird nach den in diesen Allgemeinen Gesch\u00e4ftsbedingungen dargelegten Regeln betrieben.<\/p>\n\n\n\n<p>1.2.&nbsp;In den Allgemeinen Gesch\u00e4ftsbedingungen werden Art und Umfang der auf elektronischem Wege \u00fcber die Website https:\/\/it-dev.eu erbrachten Dienstleistungen, die Regeln f\u00fcr die Erbringung dieser Dienstleistungen, die Bedingungen f\u00fcr den Abschluss und die K\u00fcndigung von Vereinbarungen \u00fcber die Erbringung von Dienstleistungen auf elektronischem Wege sowie das Beschwerdeverfahren festgelegt.<\/p>\n\n\n\n<p>1.3.&nbsp;F\u00fcr Angelegenheiten, die durch die vorliegenden AGB nicht geregelt sind, gelten die folgenden, einschl\u00e4gigen Bestimmungen:<\/p>\n\n\n\n<p>1.3.1.&nbsp;Unser Unternehmen hat sich zur Einhaltung des Bundesdatenschutzgesetzes (BDSG) verpflichtet, das die Art und Weise festlegt, wie wir personenbezogene Daten erheben, verwenden und speichern.<\/p>\n\n\n\n<p>1.3.2.&nbsp;Gesetz \u00fcber das B\u00fcrgerliche Gesetzbuch vom 23. April 1964 (GBl. Nr. 16, Pos. 93, in der jeweils geltenden Fassung) und andere einschl\u00e4gige deutsche Gesetze.<\/p>\n\n\n\n<h2 class=\"wp-block-heading\">2. Definitions.<\/h2>\n\n\n\n<p>2.1.&nbsp;Kontaktformular \u2013 das auf der Website <a href=\"https:\/\/it-dev.eu\/\">https:\/\/it-dev.eu<\/a> bereitgestellte Formular, mit dem der Servicebenutzer den Serviceprovider direkt kontaktieren kann.<\/p>\n\n\n\n<p>2.2.&nbsp;Allgemeine Gesch\u00e4ftsbedingungen \u2013 die vorliegenden Allgemeinen Gesch\u00e4ftsbedingungen f\u00fcr die Website.<\/p>\n\n\n\n<p>2.3.&nbsp;Serviceprovider \u2013 die IT-Dev GmbH mit ihrem Sitz in der Potsdamer Strasse 62, 14513 Teltow, Deutschland.<\/p>\n\n\n\n<p>2.4.&nbsp;Servicebenutzer \u2013 nat\u00fcrliche Person, juristische Person oder nicht rechtsf\u00e4hige Organisationseinheit, die durch einen entsprechenden Rechtsakt rechtsf\u00e4hig ist und die elektronischen Dienstleistungen nutzt.<\/p>\n\n\n\n<p>2.5.&nbsp;Elektronische Dienstleistungen \u2013 Dienstleistungen, die der Serviceprovider dem Servicebenutzer auf elektronischem Wege \u00fcber die Website zur Verf\u00fcgung stellt.<\/p>\n\n\n\n<h2 class=\"wp-block-heading\">3. <strong>Art und Umfang der elektronischen Dienstleistungen.<\/strong><\/h2>\n\n\n\n<p>3.1.&nbsp;\u00dcber die Website erm\u00f6glicht der Serviceprovider die Nutzung elektronischer Dienstleistungen wie z.B.:<\/p>\n\n\n\n<p>3.1.1.&nbsp;Die Verwendung des Kontaktformulars,<\/p>\n\n\n\n<p>3.2.&nbsp;Die Bereitstellung elektronischer Dienstleistungen f\u00fcr die Servicebenutzer unterliegt den in den Allgemeinen Gesch\u00e4ftsbedingungen dargelegten Bedingungen.<\/p>\n\n\n\n<h2 class=\"wp-block-heading\">4. <strong>Allgemeine Gesch\u00e4ftsbedingungen und Abschluss von Vertr\u00e4gen \u00fcber elektronische Dienstleistungen.<\/strong><\/h2>\n\n\n\n<p>4.1.&nbsp;Die in Abschnitt 3.1 der Allgemeinen Gesch\u00e4ftsbedingungen genannten elektronischen Dienstleistungen werden vom Serviceprovider kostenlos zur Verf\u00fcgung gestellt.<\/p>\n\n\n\n<p>4.2.&nbsp;Vertragsgeltungszeitraum:<\/p>\n\n\n\n<p>4.2.1.&nbsp;Der Vertrag \u00fcber die Bereitstellung einer elektronischen Dienstleistung, der darin besteht, die \u00dcbermittlung einer Nachricht \u00fcber das Kontaktformular zu erm\u00f6glichen, wird f\u00fcr einen bestimmten Zeitraum abgeschlossen und tritt nach der \u00dcbermittlung der Nachricht oder mit der Unterbrechung ihrer \u00dcbermittlung durch den Servicebenutzer au\u00dfer Kraft.<\/p>\n\n\n\n<p>4.3.&nbsp;Technische Anforderungen, die f\u00fcr die Unterst\u00fctzung des vom Serviceprovider verwendeten ICT-Systems notwendig sind:<\/p>\n\n\n\n<p>4.3.1.&nbsp;Computer mit Internetzugang,<\/p>\n\n\n\n<p>4.3.2.&nbsp;E-Mail-Zugang,<\/p>\n\n\n\n<p>4.3.3.&nbsp;Internetbrowser,<\/p>\n\n\n\n<p>4.3.4.&nbsp;im Internetbrowser aktivierte Cookies und JavaScript.<\/p>\n\n\n\n<p>4.4.&nbsp;Der Servicebenutzer nutzt die Website in \u00dcbereinstimmung mit dem Gesetz und den guten Sitten, und respektiert die Pers\u00f6nlichkeitsrechte und die Rechte von Drittpersonen am geistigen Eigentum.<\/p>\n\n\n\n<p>4.5.&nbsp;Der Servicebenutzer ist verpflichtet Angaben einzugeben, die mit den tats\u00e4chlichen Gegebenheiten \u00fcbereinstimmen und darf weder personenbezogenen Daten einer anderen Person ohne deren Zustimmung noch eine E-Mail-Adresse angeben, die ihm nicht geh\u00f6rt. Der Servicebenutzer tr\u00e4gt die alleinige Verantwortung f\u00fcr den Inhalt der von ihm bereitgestellten Daten, einschlie\u00dflich der Haftung f\u00fcr etwaige Verletzung der Rechte Dritter.<\/p>\n\n\n\n<h2 class=\"wp-block-heading\">5. <strong>Beschwerdeverfahren.<\/strong><\/h2>\n\n\n\n<p>5.1.&nbsp;Beschwerden \u00fcber die Erbringung elektronischer Dienstleistungen durch den Serviceprovider:<\/p>\n\n\n\n<p>5.1.1.&nbsp;Der Servicebenutzer kann Beschwerden \u00fcber die Bereitstellung elektronischer Dienstleistungen \u00fcber die Website an die folgende E-Mail-Adresse richten:&nbsp;<a href=\"mailto:kontakt@it-dev.eu\">kontakt@it-dev.eu<\/a>.<\/p>\n\n\n\n<p>5.1.2.&nbsp;Bitte geben Sie in der E-Mail so viele Einzelheiten und Umst\u00e4nde zum Gegenstand der Beschwerde an wie m\u00f6glich, insbesondere die Art und das Datum der Unregelm\u00e4\u00dfigkeit sowie Kontaktinformationen. Die bereitgestellten Informationen werden die Bearbeitung der Beschwerde durch den Serviceprovider erheblich erleichtern und beschleunigen.<\/p>\n\n\n\n<p>5.1.3.&nbsp;Der Serviceprovider muss die Beschwerde unverz\u00fcglich, sp\u00e4testens jedoch innerhalb von 14 Tagen bearbeiten.<\/p>\n\n\n\n<p>5.1.4.&nbsp;Die Antwort des Serviceproviders auf die Beschwerde wird per E-Mail an die in der Beschwerde angegebene Adresse oder an eine andere vom Servicebenutzer angegebene Adresse gesendet.<\/p>\n\n\n\n<h2 class=\"wp-block-heading\">6. <strong>Geistiges Eigentum.<\/strong><\/h2>\n\n\n\n<p>6.1.&nbsp;Alle Inhalte, die auf der Website https:\/\/it-dev.eu ver\u00f6ffentlicht werden, sind urheberrechtlich gesch\u00fctzt und gelten als Eigentum des Serviceproviders. Der Servicebenutzer haftet in vollem Umfang f\u00fcr alle Sch\u00e4den, die er durch die Nutzung der Website https:\/\/it-dev.eu ohne Einwilligung des Serviceproviders zu Ungunsten des Serviceproviders verursacht hat.<\/p>\n\n\n\n<p>6.2.&nbsp;Jede Verwendung jedweder Inhaltsbausteine der Website https:\/\/it-dev.eu durch Dritte ohne die ausdr\u00fcckliche schriftliche Zustimmung des Serviceproviders erhalten zu haben, stellt eine Verletzung des Urheberrechts des Serviceproviders dar und zieht eine zivil- und strafrechtliche Haftung nach sich.<\/p>\n\n\n\n<h2 class=\"wp-block-heading\">7. <strong>Verantwortung des Serviceproviders.<\/strong><\/h2>\n\n\n\n<p>7.1.&nbsp;Der Serviceprovider versichert, dass alle Informationen, die der Servicebenutzer \u00fcber das Kontaktformular erh\u00e4lt:<\/p>\n\n\n\n<p>a. vom ausschlie\u00dflichen informativen Charakter sind,<\/p>\n\n\n\n<p>b. may not be the basis for any claims against the Service Provider.<\/p>\n\n\n\n<p>7.2.&nbsp;Der Serviceprovider haftet nicht f\u00fcr die Nichtverf\u00fcgbarkeit des Kontaktformulars aufgrund technischer Probleme im Zusammenhang mit der Funktion des ICT-Systems und der Website des Serviceproviders oder aus anderen Gr\u00fcnden, die vom Serviceprovider nicht zu verantworten sind.<\/p>\n\n\n\n<p>7.3.&nbsp;Der Serviceprovider beh\u00e4lt sich das Recht vor, die vorliegenden Allgemeinen Gesch\u00e4ftsbedingungen jederzeit \u00e4ndern zu k\u00f6nnen. Die \u00c4nderungen treten zum Zeitpunkt der Ver\u00f6ffentlichung der ge\u00e4nderten AGB auf der Website https:\/\/it-dev.eu in Kraft.<\/p>\n\n\n\n<p>7.3.&nbsp;Der Serviceprovider beh\u00e4lt sich das Recht vor, die Bereitstellung der elektronischen Dienstleistungen jederzeit und ohne Angabe von Gr\u00fcnden vollst\u00e4ndig einzustellen.<\/p>\n\n\n\n<h2 class=\"wp-block-heading\">8. <strong>Verarbeitung personenbezogener Daten<\/strong><\/h2>\n\n\n\n<p>8.1.&nbsp;Der f\u00fcr die Verarbeitung personenbezogener Daten Verantwortliche ist: IT-Dev GmbH mit ihrem Sitz in der Potsdamer Strasse 62, 14513 Teltow, Deutschland.<\/p>\n\n\n\n<p>8.2.&nbsp;Detaillierte Regelungen zur Verarbeitung personenbezogener Daten finden Sie in den Datenschutzhinweisen der IT-Dev GmbH.<\/p>\n\n\n\n<h2 class=\"wp-block-heading\">9. <strong>Schlussbestimmungen<\/strong>.<\/h2>\n\n\n\n<p>9.1.&nbsp;Die \u00fcber die Website abgeschlossenen Vertr\u00e4ge werden nach deutschem Recht geschlossen.<\/p>\n\n\n\n<p>9.2.&nbsp;Im Falle der Nicht\u00fcbereinstimmung eines Teils dieser AGB mit dem anwendbaren Recht tritt die anwendbare Bestimmung des deutschen Rechts an die Stelle der strittigen Bestimmung dieser Allgemeinen Gesch\u00e4ftsbedingungen.<\/p>\n","protected":false},"excerpt":{"rendered":"<p>1. Allgemeine Bestimmungen. 1.1.&nbsp;Die Website https:\/\/it-dev.eu wird nach den in diesen Allgemeinen Gesch\u00e4ftsbedingungen dargelegten Regeln betrieben. 1.2.&nbsp;In den Allgemeinen Gesch\u00e4ftsbedingungen werden Art und Umfang der auf elektronischem Wege \u00fcber die Website https:\/\/it-dev.eu erbrachten Dienstleistungen, die Regeln f\u00fcr die Erbringung dieser Dienstleistungen, die Bedingungen f\u00fcr den Abschluss und die K\u00fcndigung von Vereinbarungen \u00fcber die Erbringung von<a class=\"excerpt-read-more\" href=\"https:\/\/www.it-dev.eu\/de\/agb\/\" title=\"ReadAGB\">&#8230; Read more &raquo;<\/a><\/p>\n","protected":false},"author":16,"featured_media":0,"parent":0,"menu_order":0,"comment_status":"closed","ping_status":"closed","template":"","meta":{"_acf_changed":false,"inline_featured_image":false,"footnotes":""},"class_list":["post-10091","page","type-page","status-publish","hentry"],"acf":[],"yoast_head":"<!-- This site is optimized with the Yoast SEO plugin v27.5 - https:\/\/yoast.com\/product\/yoast-seo-wordpress\/ -->\n<title>AGB | IT-Dev<\/title>\n<meta name=\"robots\" content=\"index, follow, max-snippet:-1, max-image-preview:large, max-video-preview:-1\" \/>\n<link rel=\"canonical\" href=\"https:\/\/www.it-dev.eu\/de\/agb\/\" \/>\n<meta property=\"og:locale\" content=\"de_DE\" \/>\n<meta property=\"og:type\" content=\"article\" \/>\n<meta property=\"og:title\" content=\"AGB | IT-Dev\" \/>\n<meta property=\"og:description\" content=\"1. Allgemeine Bestimmungen. 1.1.&nbsp;Die Website https:\/\/it-dev.eu wird nach den in diesen Allgemeinen Gesch\u00e4ftsbedingungen dargelegten Regeln betrieben. 1.2.&nbsp;In den Allgemeinen Gesch\u00e4ftsbedingungen werden Art und Umfang der auf elektronischem Wege \u00fcber die Website https:\/\/it-dev.eu erbrachten Dienstleistungen, die Regeln f\u00fcr die Erbringung dieser Dienstleistungen, die Bedingungen f\u00fcr den Abschluss und die K\u00fcndigung von Vereinbarungen \u00fcber die Erbringung von... Read more &raquo;\" \/>\n<meta property=\"og:url\" content=\"https:\/\/www.it-dev.eu\/de\/agb\/\" \/>\n<meta property=\"og:site_name\" content=\"IT-Dev\" \/>\n<meta property=\"article:publisher\" content=\"https:\/\/www.facebook.com\/ITDevWroc\/\" \/>\n<meta property=\"article:modified_time\" content=\"2026-01-20T10:16:19+00:00\" \/>\n<meta name=\"twitter:card\" content=\"summary_large_image\" \/>\n<meta name=\"twitter:site\" content=\"@IT_Dev\" \/>\n<meta name=\"twitter:label1\" content=\"Gesch\u00e4tzte Lesezeit\" \/>\n\t<meta name=\"twitter:data1\" content=\"4\u00a0Minuten\" \/>\n<script type=\"application\/ld+json\" class=\"yoast-schema-graph\">{\"@context\":\"https:\\\/\\\/schema.org\",\"@graph\":[{\"@type\":\"WebPage\",\"@id\":\"https:\\\/\\\/www.it-dev.eu\\\/de\\\/agb\\\/\",\"url\":\"https:\\\/\\\/www.it-dev.eu\\\/de\\\/agb\\\/\",\"name\":\"AGB | IT-Dev\",\"isPartOf\":{\"@id\":\"https:\\\/\\\/www.it-dev.eu\\\/de\\\/#website\"},\"datePublished\":\"2023-09-11T12:00:23+00:00\",\"dateModified\":\"2026-01-20T10:16:19+00:00\",\"breadcrumb\":{\"@id\":\"https:\\\/\\\/www.it-dev.eu\\\/de\\\/agb\\\/#breadcrumb\"},\"inLanguage\":\"de\",\"potentialAction\":[{\"@type\":\"ReadAction\",\"target\":[\"https:\\\/\\\/www.it-dev.eu\\\/de\\\/agb\\\/\"]}]},{\"@type\":\"BreadcrumbList\",\"@id\":\"https:\\\/\\\/www.it-dev.eu\\\/de\\\/agb\\\/#breadcrumb\",\"itemListElement\":[{\"@type\":\"ListItem\",\"position\":1,\"name\":\"Strona g\u0142\u00f3wna\",\"item\":\"https:\\\/\\\/www.it-dev.eu\\\/de\\\/\"},{\"@type\":\"ListItem\",\"position\":2,\"name\":\"AGB\"}]},{\"@type\":\"WebSite\",\"@id\":\"https:\\\/\\\/www.it-dev.eu\\\/de\\\/#website\",\"url\":\"https:\\\/\\\/www.it-dev.eu\\\/de\\\/\",\"name\":\"IT-Dev - Limitless Digital Workplace\",\"description\":\"We create limitless Digital Workplaces\",\"publisher\":{\"@id\":\"https:\\\/\\\/www.it-dev.eu\\\/de\\\/#organization\"},\"potentialAction\":[{\"@type\":\"SearchAction\",\"target\":{\"@type\":\"EntryPoint\",\"urlTemplate\":\"https:\\\/\\\/www.it-dev.eu\\\/de\\\/?s={search_term_string}\"},\"query-input\":{\"@type\":\"PropertyValueSpecification\",\"valueRequired\":true,\"valueName\":\"search_term_string\"}}],\"inLanguage\":\"de\"},{\"@type\":\"Organization\",\"@id\":\"https:\\\/\\\/www.it-dev.eu\\\/de\\\/#organization\",\"name\":\"IT-Dev - Limitless Digital Workplace\",\"url\":\"https:\\\/\\\/www.it-dev.eu\\\/de\\\/\",\"logo\":{\"@type\":\"ImageObject\",\"inLanguage\":\"de\",\"@id\":\"https:\\\/\\\/www.it-dev.eu\\\/de\\\/#\\\/schema\\\/logo\\\/image\\\/\",\"url\":\"https:\\\/\\\/www.it-dev.eu\\\/wp-content\\\/uploads\\\/2023\\\/12\\\/it-dev-logo-696x696-1.png\",\"contentUrl\":\"https:\\\/\\\/www.it-dev.eu\\\/wp-content\\\/uploads\\\/2023\\\/12\\\/it-dev-logo-696x696-1.png\",\"width\":696,\"height\":696,\"caption\":\"IT-Dev - Limitless Digital Workplace\"},\"image\":{\"@id\":\"https:\\\/\\\/www.it-dev.eu\\\/de\\\/#\\\/schema\\\/logo\\\/image\\\/\"},\"sameAs\":[\"https:\\\/\\\/www.facebook.com\\\/ITDevWroc\\\/\",\"https:\\\/\\\/x.com\\\/IT_Dev\",\"https:\\\/\\\/www.linkedin.com\\\/company\\\/it-dev\\\/\",\"https:\\\/\\\/www.youtube.com\\\/user\\\/biuroitdev\"]}]}<\/script>\n<!-- \/ Yoast SEO plugin. -->","yoast_head_json":{"title":"AGB | IT-Dev","robots":{"index":"index","follow":"follow","max-snippet":"max-snippet:-1","max-image-preview":"max-image-preview:large","max-video-preview":"max-video-preview:-1"},"canonical":"https:\/\/www.it-dev.eu\/de\/agb\/","og_locale":"de_DE","og_type":"article","og_title":"AGB | IT-Dev","og_description":"1. Allgemeine Bestimmungen. 1.1.&nbsp;Die Website https:\/\/it-dev.eu wird nach den in diesen Allgemeinen Gesch\u00e4ftsbedingungen dargelegten Regeln betrieben. 1.2.&nbsp;In den Allgemeinen Gesch\u00e4ftsbedingungen werden Art und Umfang der auf elektronischem Wege \u00fcber die Website https:\/\/it-dev.eu erbrachten Dienstleistungen, die Regeln f\u00fcr die Erbringung dieser Dienstleistungen, die Bedingungen f\u00fcr den Abschluss und die K\u00fcndigung von Vereinbarungen \u00fcber die Erbringung von... Read more &raquo;","og_url":"https:\/\/www.it-dev.eu\/de\/agb\/","og_site_name":"IT-Dev","article_publisher":"https:\/\/www.facebook.com\/ITDevWroc\/","article_modified_time":"2026-01-20T10:16:19+00:00","twitter_card":"summary_large_image","twitter_site":"@IT_Dev","twitter_misc":{"Gesch\u00e4tzte Lesezeit":"4\u00a0Minuten"},"schema":{"@context":"https:\/\/schema.org","@graph":[{"@type":"WebPage","@id":"https:\/\/www.it-dev.eu\/de\/agb\/","url":"https:\/\/www.it-dev.eu\/de\/agb\/","name":"AGB | IT-Dev","isPartOf":{"@id":"https:\/\/www.it-dev.eu\/de\/#website"},"datePublished":"2023-09-11T12:00:23+00:00","dateModified":"2026-01-20T10:16:19+00:00","breadcrumb":{"@id":"https:\/\/www.it-dev.eu\/de\/agb\/#breadcrumb"},"inLanguage":"de","potentialAction":[{"@type":"ReadAction","target":["https:\/\/www.it-dev.eu\/de\/agb\/"]}]},{"@type":"BreadcrumbList","@id":"https:\/\/www.it-dev.eu\/de\/agb\/#breadcrumb","itemListElement":[{"@type":"ListItem","position":1,"name":"Strona g\u0142\u00f3wna","item":"https:\/\/www.it-dev.eu\/de\/"},{"@type":"ListItem","position":2,"name":"AGB"}]},{"@type":"WebSite","@id":"https:\/\/www.it-dev.eu\/de\/#website","url":"https:\/\/www.it-dev.eu\/de\/","name":"IT-Dev - Limitless Digital Workplace","description":"We create limitless Digital Workplaces","publisher":{"@id":"https:\/\/www.it-dev.eu\/de\/#organization"},"potentialAction":[{"@type":"SearchAction","target":{"@type":"EntryPoint","urlTemplate":"https:\/\/www.it-dev.eu\/de\/?s={search_term_string}"},"query-input":{"@type":"PropertyValueSpecification","valueRequired":true,"valueName":"search_term_string"}}],"inLanguage":"de"},{"@type":"Organization","@id":"https:\/\/www.it-dev.eu\/de\/#organization","name":"IT-Dev - Limitless Digital Workplace","url":"https:\/\/www.it-dev.eu\/de\/","logo":{"@type":"ImageObject","inLanguage":"de","@id":"https:\/\/www.it-dev.eu\/de\/#\/schema\/logo\/image\/","url":"https:\/\/www.it-dev.eu\/wp-content\/uploads\/2023\/12\/it-dev-logo-696x696-1.png","contentUrl":"https:\/\/www.it-dev.eu\/wp-content\/uploads\/2023\/12\/it-dev-logo-696x696-1.png","width":696,"height":696,"caption":"IT-Dev - Limitless Digital Workplace"},"image":{"@id":"https:\/\/www.it-dev.eu\/de\/#\/schema\/logo\/image\/"},"sameAs":["https:\/\/www.facebook.com\/ITDevWroc\/","https:\/\/x.com\/IT_Dev","https:\/\/www.linkedin.com\/company\/it-dev\/","https:\/\/www.youtube.com\/user\/biuroitdev"]}]}},"_links":{"self":[{"href":"https:\/\/www.it-dev.eu\/de\/wp-json\/wp\/v2\/pages\/10091","targetHints":{"allow":["GET"]}}],"collection":[{"href":"https:\/\/www.it-dev.eu\/de\/wp-json\/wp\/v2\/pages"}],"about":[{"href":"https:\/\/www.it-dev.eu\/de\/wp-json\/wp\/v2\/types\/page"}],"author":[{"embeddable":true,"href":"https:\/\/www.it-dev.eu\/de\/wp-json\/wp\/v2\/users\/16"}],"replies":[{"embeddable":true,"href":"https:\/\/www.it-dev.eu\/de\/wp-json\/wp\/v2\/comments?post=10091"}],"version-history":[{"count":2,"href":"https:\/\/www.it-dev.eu\/de\/wp-json\/wp\/v2\/pages\/10091\/revisions"}],"predecessor-version":[{"id":10093,"href":"https:\/\/www.it-dev.eu\/de\/wp-json\/wp\/v2\/pages\/10091\/revisions\/10093"}],"wp:attachment":[{"href":"https:\/\/www.it-dev.eu\/de\/wp-json\/wp\/v2\/media?parent=10091"}],"curies":[{"name":"wp","href":"https:\/\/api.w.org\/{rel}","templated":true}]}}