{"id":10196,"date":"2026-01-13T10:59:25","date_gmt":"2026-01-13T09:59:25","guid":{"rendered":"https:\/\/www.it-dev.eu\/vw\/"},"modified":"2026-04-15T10:44:15","modified_gmt":"2026-04-15T08:44:15","slug":"vw","status":"publish","type":"page","link":"https:\/\/www.it-dev.eu\/de\/unsere-kunden\/vw\/","title":{"rendered":"VW"},"content":{"rendered":"\n<h2 class=\"wp-block-heading icon-warning\">Digitalisierung \u00fcber die IT-Abteilung hinaus<\/h2>\n\n\n\n<p>Im Rahmen seiner strategischen Initiative #MissionDigitalization hat sich Volkswagen Pozna\u0144 ein ehrgeiziges Ziel gesetzt: Die Entwicklung professioneller digitaler L\u00f6sungen sollte einer breiten Gruppe von Mitarbeitern zug\u00e4nglich gemacht werden, auch solchen au\u00dferhalb der IT-Abteilungen. Damit sollte das Innovationspotenzial des Unternehmens freigesetzt und die Digitalisierung von Prozessen vorangetrieben werden.<\/p>\n\n\n\n<p>Die Herausforderung bestand darin, einen Weg zu finden, um eine gro\u00dfe Anzahl von Mitarbeitern zu schulen, sie zum Handeln zu motivieren und ihnen Werkzeuge an die Hand zu geben, mit denen sie ihre eigenen Ideen schnell und effektiv umsetzen k\u00f6nnen.<\/p>\n\n\n\n<div style=\"height:80px\" aria-hidden=\"true\" class=\"wp-block-spacer\"><\/div>\n\n\n\n<h2 class=\"wp-block-heading icon-bulb\">Power Week f\u00fcr \u00fcber 400 Mitarbeiter<\/h2>\n\n\n\n<p>Das ITDev-Team hat in Zusammenarbeit mit Volkswagen Pozna\u0144 eine unternehmensweite, einzigartige Veranstaltung konzipiert und mitgestaltet: die immersive Power Week 2023. Es war eine intensive Woche, die ganz den Low-Code-Tools aus der Microsoft Power Platform-Familie gewidmet war: Power Apps, Power Automate, Power BI und Power Virtual Agents.<\/p>\n\n\n\n<p>Unsere Experten f\u00fchrten gemeinsam mit Referenten von Volkswagen Pozna\u0144 eine Reihe von Online-Schulungen f\u00fcr die Mitarbeiter durch. Das Hauptziel der Initiative bestand darin, sowohl theoretisches als auch praktisches Wissen zu vermitteln und die Teilnehmer zu ermutigen, die Tools der Power Platform in ihrer t\u00e4glichen Arbeit einzusetzen.<\/p>\n\n\n\n<p>Lesen Sie die Zusammenfassung des Hackathons:<\/p>\n\n\n\n<iframe loading=\"lazy\" src=\"https:\/\/www.linkedin.com\/embed\/feed\/update\/urn:li:ugcPost:7142460318152122369?collapsed=1\" height=\"549\" width=\"504\" frameborder=\"0\" allowfullscreen=\"\" title=\"relacja z hakatonu\"><\/iframe>\n\n\n\n<div style=\"height:80px\" aria-hidden=\"true\" class=\"wp-block-spacer\"><\/div>\n\n\n\n<h2 class=\"wp-block-heading icon-chartup\">Innovation in der Fabrik<\/h2>\n\n\n\n<ul class=\"wp-block-list arrow-list\">\n<li>Gro\u00dfes Interesse und Engagement. Im Laufe der Woche nahmen insgesamt 409 Mitarbeiter an 25 Online-Schulungen teil.<\/li>\n\n\n\n<li>Testen neu erworbener F\u00e4higkeiten. Die Woche endete mit dem Hack&amp;Roll-Programmierwettbewerb. Drei Teams mit insgesamt 13 Teilnehmern hatten die Aufgabe, innerhalb von nur 6 Stunden Apps und Berichte in der Power Platform-Umgebung zu erstellen.<\/li>\n\n\n\n<li>Sehr positives Feedback. Dies wurde durch Kommentare der Teilnehmer best\u00e4tigt, wie beispielsweise: \u201eGro\u00dfartige Arbeit \u2013 herzlichen Gl\u00fcckwunsch!\u201c und \u201eEine Veranstaltung voller praktischer Erkenntnisse!\u201c<\/li>\n\n\n\n<li>Anerkennung auf h\u00f6chster Ebene. Stefanie Hegels, Vorstandsvorsitzende der VWP, gratulierte den Teilnehmern und Organisatoren pers\u00f6nlich und hob dabei die strategische Bedeutung der Initiative f\u00fcr das gesamte Unternehmen hervor.<\/li>\n\n\n\n<li>Ein Meilenstein in der digitalen Transformation des Unternehmens. Die Veranstaltung war ein wichtiger Bestandteil der strategischen Initiative #MissionDigitalization und hat gezeigt, dass Mitarbeiter, die mit den richtigen Tools und Kenntnissen ausgestattet sind, zu einer treibenden Kraft der digitalen Transformation werden k\u00f6nnen.<\/li>\n<\/ul>\n","protected":false},"excerpt":{"rendered":"<p>Digitalisierung \u00fcber die IT-Abteilung hinaus Im Rahmen seiner strategischen Initiative #MissionDigitalization hat sich Volkswagen Pozna\u0144 ein ehrgeiziges Ziel gesetzt: Die Entwicklung professioneller digitaler L\u00f6sungen sollte einer breiten Gruppe von Mitarbeitern zug\u00e4nglich gemacht werden, auch solchen au\u00dferhalb der IT-Abteilungen. Damit sollte das Innovationspotenzial des Unternehmens freigesetzt und die Digitalisierung von Prozessen vorangetrieben werden. Die Herausforderung bestand<a class=\"excerpt-read-more\" href=\"https:\/\/www.it-dev.eu\/de\/unsere-kunden\/vw\/\" title=\"ReadVW\">&#8230; Read more &raquo;<\/a><\/p>\n","protected":false},"author":8,"featured_media":10184,"parent":7022,"menu_order":0,"comment_status":"closed","ping_status":"closed","template":"templates\/page-case-study.php","meta":{"_acf_changed":false,"inline_featured_image":false,"footnotes":""},"class_list":["post-10196","page","type-page","status-publish","has-post-thumbnail","hentry"],"acf":[],"yoast_head":"<!-- This site is optimized with the Yoast SEO plugin v27.4 - https:\/\/yoast.com\/product\/yoast-seo-wordpress\/ -->\n<title>VW - IT-Dev<\/title>\n<meta name=\"description\" content=\"Wie hat Volkswagen Pozna\u0144 seine Mitarbeiter in die Entwicklung von Anwendungen mit Power Platform eingebunden? Entdecken Sie die Ergebnisse der Power Week und Hack&amp;Roll 2023.\" \/>\n<meta name=\"robots\" content=\"index, follow, max-snippet:-1, max-image-preview:large, max-video-preview:-1\" \/>\n<link rel=\"canonical\" href=\"https:\/\/www.it-dev.eu\/de\/unsere-kunden\/vw\/\" \/>\n<meta property=\"og:locale\" content=\"de_DE\" \/>\n<meta property=\"og:type\" content=\"article\" \/>\n<meta property=\"og:title\" content=\"VW - IT-Dev\" \/>\n<meta property=\"og:description\" content=\"Wie hat Volkswagen Pozna\u0144 seine Mitarbeiter in die Entwicklung von Anwendungen mit Power Platform eingebunden? Entdecken Sie die Ergebnisse der Power Week und Hack&amp;Roll 2023.\" \/>\n<meta property=\"og:url\" content=\"https:\/\/www.it-dev.eu\/de\/unsere-kunden\/vw\/\" \/>\n<meta property=\"og:site_name\" content=\"IT-Dev\" \/>\n<meta property=\"article:publisher\" content=\"https:\/\/www.facebook.com\/ITDevWroc\/\" \/>\n<meta property=\"article:modified_time\" content=\"2026-04-15T08:44:15+00:00\" \/>\n<meta property=\"og:image\" content=\"https:\/\/www.it-dev.eu\/wp-content\/uploads\/2026\/01\/VW-case-study.png\" \/>\n\t<meta property=\"og:image:width\" content=\"1080\" \/>\n\t<meta property=\"og:image:height\" content=\"720\" \/>\n\t<meta property=\"og:image:type\" content=\"image\/png\" \/>\n<meta name=\"twitter:card\" content=\"summary_large_image\" \/>\n<meta name=\"twitter:site\" content=\"@IT_Dev\" \/>\n<meta name=\"twitter:label1\" content=\"Gesch\u00e4tzte Lesezeit\" \/>\n\t<meta name=\"twitter:data1\" content=\"2\u00a0Minuten\" \/>\n<script type=\"application\/ld+json\" class=\"yoast-schema-graph\">{\"@context\":\"https:\\\/\\\/schema.org\",\"@graph\":[{\"@type\":\"WebPage\",\"@id\":\"https:\\\/\\\/www.it-dev.eu\\\/de\\\/unsere-kunden\\\/vw\\\/\",\"url\":\"https:\\\/\\\/www.it-dev.eu\\\/de\\\/unsere-kunden\\\/vw\\\/\",\"name\":\"VW - IT-Dev\",\"isPartOf\":{\"@id\":\"https:\\\/\\\/www.it-dev.eu\\\/de\\\/#website\"},\"primaryImageOfPage\":{\"@id\":\"https:\\\/\\\/www.it-dev.eu\\\/de\\\/unsere-kunden\\\/vw\\\/#primaryimage\"},\"image\":{\"@id\":\"https:\\\/\\\/www.it-dev.eu\\\/de\\\/unsere-kunden\\\/vw\\\/#primaryimage\"},\"thumbnailUrl\":\"https:\\\/\\\/www.it-dev.eu\\\/wp-content\\\/uploads\\\/2026\\\/01\\\/VW-case-study.png\",\"datePublished\":\"2026-01-13T09:59:25+00:00\",\"dateModified\":\"2026-04-15T08:44:15+00:00\",\"description\":\"Wie hat Volkswagen Pozna\u0144 seine Mitarbeiter in die Entwicklung von Anwendungen mit Power Platform eingebunden? Entdecken Sie die Ergebnisse der Power Week und Hack&Roll 2023.\",\"breadcrumb\":{\"@id\":\"https:\\\/\\\/www.it-dev.eu\\\/de\\\/unsere-kunden\\\/vw\\\/#breadcrumb\"},\"inLanguage\":\"de\",\"potentialAction\":[{\"@type\":\"ReadAction\",\"target\":[\"https:\\\/\\\/www.it-dev.eu\\\/de\\\/unsere-kunden\\\/vw\\\/\"]}]},{\"@type\":\"ImageObject\",\"inLanguage\":\"de\",\"@id\":\"https:\\\/\\\/www.it-dev.eu\\\/de\\\/unsere-kunden\\\/vw\\\/#primaryimage\",\"url\":\"https:\\\/\\\/www.it-dev.eu\\\/wp-content\\\/uploads\\\/2026\\\/01\\\/VW-case-study.png\",\"contentUrl\":\"https:\\\/\\\/www.it-dev.eu\\\/wp-content\\\/uploads\\\/2026\\\/01\\\/VW-case-study.png\",\"width\":1080,\"height\":720},{\"@type\":\"BreadcrumbList\",\"@id\":\"https:\\\/\\\/www.it-dev.eu\\\/de\\\/unsere-kunden\\\/vw\\\/#breadcrumb\",\"itemListElement\":[{\"@type\":\"ListItem\",\"position\":1,\"name\":\"Strona g\u0142\u00f3wna\",\"item\":\"https:\\\/\\\/www.it-dev.eu\\\/de\\\/\"},{\"@type\":\"ListItem\",\"position\":2,\"name\":\"Kunden\",\"item\":\"https:\\\/\\\/www.it-dev.eu\\\/de\\\/unsere-kunden\\\/\"},{\"@type\":\"ListItem\",\"position\":3,\"name\":\"VW\"}]},{\"@type\":\"WebSite\",\"@id\":\"https:\\\/\\\/www.it-dev.eu\\\/de\\\/#website\",\"url\":\"https:\\\/\\\/www.it-dev.eu\\\/de\\\/\",\"name\":\"IT-Dev - Limitless Digital Workplace\",\"description\":\"We create limitless Digital Workplaces\",\"publisher\":{\"@id\":\"https:\\\/\\\/www.it-dev.eu\\\/de\\\/#organization\"},\"potentialAction\":[{\"@type\":\"SearchAction\",\"target\":{\"@type\":\"EntryPoint\",\"urlTemplate\":\"https:\\\/\\\/www.it-dev.eu\\\/de\\\/?s={search_term_string}\"},\"query-input\":{\"@type\":\"PropertyValueSpecification\",\"valueRequired\":true,\"valueName\":\"search_term_string\"}}],\"inLanguage\":\"de\"},{\"@type\":\"Organization\",\"@id\":\"https:\\\/\\\/www.it-dev.eu\\\/de\\\/#organization\",\"name\":\"IT-Dev - Limitless Digital Workplace\",\"url\":\"https:\\\/\\\/www.it-dev.eu\\\/de\\\/\",\"logo\":{\"@type\":\"ImageObject\",\"inLanguage\":\"de\",\"@id\":\"https:\\\/\\\/www.it-dev.eu\\\/de\\\/#\\\/schema\\\/logo\\\/image\\\/\",\"url\":\"https:\\\/\\\/www.it-dev.eu\\\/wp-content\\\/uploads\\\/2023\\\/12\\\/it-dev-logo-696x696-1.png\",\"contentUrl\":\"https:\\\/\\\/www.it-dev.eu\\\/wp-content\\\/uploads\\\/2023\\\/12\\\/it-dev-logo-696x696-1.png\",\"width\":696,\"height\":696,\"caption\":\"IT-Dev - Limitless Digital Workplace\"},\"image\":{\"@id\":\"https:\\\/\\\/www.it-dev.eu\\\/de\\\/#\\\/schema\\\/logo\\\/image\\\/\"},\"sameAs\":[\"https:\\\/\\\/www.facebook.com\\\/ITDevWroc\\\/\",\"https:\\\/\\\/x.com\\\/IT_Dev\",\"https:\\\/\\\/www.linkedin.com\\\/company\\\/it-dev\\\/\",\"https:\\\/\\\/www.youtube.com\\\/user\\\/biuroitdev\"]}]}<\/script>\n<!-- \/ Yoast SEO plugin. -->","yoast_head_json":{"title":"VW - IT-Dev","description":"Wie hat Volkswagen Pozna\u0144 seine Mitarbeiter in die Entwicklung von Anwendungen mit Power Platform eingebunden? Entdecken Sie die Ergebnisse der Power Week und Hack&Roll 2023.","robots":{"index":"index","follow":"follow","max-snippet":"max-snippet:-1","max-image-preview":"max-image-preview:large","max-video-preview":"max-video-preview:-1"},"canonical":"https:\/\/www.it-dev.eu\/de\/unsere-kunden\/vw\/","og_locale":"de_DE","og_type":"article","og_title":"VW - IT-Dev","og_description":"Wie hat Volkswagen Pozna\u0144 seine Mitarbeiter in die Entwicklung von Anwendungen mit Power Platform eingebunden? Entdecken Sie die Ergebnisse der Power Week und Hack&Roll 2023.","og_url":"https:\/\/www.it-dev.eu\/de\/unsere-kunden\/vw\/","og_site_name":"IT-Dev","article_publisher":"https:\/\/www.facebook.com\/ITDevWroc\/","article_modified_time":"2026-04-15T08:44:15+00:00","og_image":[{"width":1080,"height":720,"url":"https:\/\/www.it-dev.eu\/wp-content\/uploads\/2026\/01\/VW-case-study.png","type":"image\/png"}],"twitter_card":"summary_large_image","twitter_site":"@IT_Dev","twitter_misc":{"Gesch\u00e4tzte Lesezeit":"2\u00a0Minuten"},"schema":{"@context":"https:\/\/schema.org","@graph":[{"@type":"WebPage","@id":"https:\/\/www.it-dev.eu\/de\/unsere-kunden\/vw\/","url":"https:\/\/www.it-dev.eu\/de\/unsere-kunden\/vw\/","name":"VW - IT-Dev","isPartOf":{"@id":"https:\/\/www.it-dev.eu\/de\/#website"},"primaryImageOfPage":{"@id":"https:\/\/www.it-dev.eu\/de\/unsere-kunden\/vw\/#primaryimage"},"image":{"@id":"https:\/\/www.it-dev.eu\/de\/unsere-kunden\/vw\/#primaryimage"},"thumbnailUrl":"https:\/\/www.it-dev.eu\/wp-content\/uploads\/2026\/01\/VW-case-study.png","datePublished":"2026-01-13T09:59:25+00:00","dateModified":"2026-04-15T08:44:15+00:00","description":"Wie hat Volkswagen Pozna\u0144 seine Mitarbeiter in die Entwicklung von Anwendungen mit Power Platform eingebunden? Entdecken Sie die Ergebnisse der Power Week und Hack&Roll 2023.","breadcrumb":{"@id":"https:\/\/www.it-dev.eu\/de\/unsere-kunden\/vw\/#breadcrumb"},"inLanguage":"de","potentialAction":[{"@type":"ReadAction","target":["https:\/\/www.it-dev.eu\/de\/unsere-kunden\/vw\/"]}]},{"@type":"ImageObject","inLanguage":"de","@id":"https:\/\/www.it-dev.eu\/de\/unsere-kunden\/vw\/#primaryimage","url":"https:\/\/www.it-dev.eu\/wp-content\/uploads\/2026\/01\/VW-case-study.png","contentUrl":"https:\/\/www.it-dev.eu\/wp-content\/uploads\/2026\/01\/VW-case-study.png","width":1080,"height":720},{"@type":"BreadcrumbList","@id":"https:\/\/www.it-dev.eu\/de\/unsere-kunden\/vw\/#breadcrumb","itemListElement":[{"@type":"ListItem","position":1,"name":"Strona g\u0142\u00f3wna","item":"https:\/\/www.it-dev.eu\/de\/"},{"@type":"ListItem","position":2,"name":"Kunden","item":"https:\/\/www.it-dev.eu\/de\/unsere-kunden\/"},{"@type":"ListItem","position":3,"name":"VW"}]},{"@type":"WebSite","@id":"https:\/\/www.it-dev.eu\/de\/#website","url":"https:\/\/www.it-dev.eu\/de\/","name":"IT-Dev - Limitless Digital Workplace","description":"We create limitless Digital Workplaces","publisher":{"@id":"https:\/\/www.it-dev.eu\/de\/#organization"},"potentialAction":[{"@type":"SearchAction","target":{"@type":"EntryPoint","urlTemplate":"https:\/\/www.it-dev.eu\/de\/?s={search_term_string}"},"query-input":{"@type":"PropertyValueSpecification","valueRequired":true,"valueName":"search_term_string"}}],"inLanguage":"de"},{"@type":"Organization","@id":"https:\/\/www.it-dev.eu\/de\/#organization","name":"IT-Dev - Limitless Digital Workplace","url":"https:\/\/www.it-dev.eu\/de\/","logo":{"@type":"ImageObject","inLanguage":"de","@id":"https:\/\/www.it-dev.eu\/de\/#\/schema\/logo\/image\/","url":"https:\/\/www.it-dev.eu\/wp-content\/uploads\/2023\/12\/it-dev-logo-696x696-1.png","contentUrl":"https:\/\/www.it-dev.eu\/wp-content\/uploads\/2023\/12\/it-dev-logo-696x696-1.png","width":696,"height":696,"caption":"IT-Dev - Limitless Digital Workplace"},"image":{"@id":"https:\/\/www.it-dev.eu\/de\/#\/schema\/logo\/image\/"},"sameAs":["https:\/\/www.facebook.com\/ITDevWroc\/","https:\/\/x.com\/IT_Dev","https:\/\/www.linkedin.com\/company\/it-dev\/","https:\/\/www.youtube.com\/user\/biuroitdev"]}]}},"_links":{"self":[{"href":"https:\/\/www.it-dev.eu\/de\/wp-json\/wp\/v2\/pages\/10196","targetHints":{"allow":["GET"]}}],"collection":[{"href":"https:\/\/www.it-dev.eu\/de\/wp-json\/wp\/v2\/pages"}],"about":[{"href":"https:\/\/www.it-dev.eu\/de\/wp-json\/wp\/v2\/types\/page"}],"author":[{"embeddable":true,"href":"https:\/\/www.it-dev.eu\/de\/wp-json\/wp\/v2\/users\/8"}],"replies":[{"embeddable":true,"href":"https:\/\/www.it-dev.eu\/de\/wp-json\/wp\/v2\/comments?post=10196"}],"version-history":[{"count":6,"href":"https:\/\/www.it-dev.eu\/de\/wp-json\/wp\/v2\/pages\/10196\/revisions"}],"predecessor-version":[{"id":11589,"href":"https:\/\/www.it-dev.eu\/de\/wp-json\/wp\/v2\/pages\/10196\/revisions\/11589"}],"up":[{"embeddable":true,"href":"https:\/\/www.it-dev.eu\/de\/wp-json\/wp\/v2\/pages\/7022"}],"wp:featuredmedia":[{"embeddable":true,"href":"https:\/\/www.it-dev.eu\/de\/wp-json\/wp\/v2\/media\/10184"}],"wp:attachment":[{"href":"https:\/\/www.it-dev.eu\/de\/wp-json\/wp\/v2\/media?parent=10196"}],"curies":[{"name":"wp","href":"https:\/\/api.w.org\/{rel}","templated":true}]}}