{"id":11176,"date":"2026-03-10T13:51:43","date_gmt":"2026-03-10T12:51:43","guid":{"rendered":"https:\/\/www.it-dev.eu\/?page_id=11176"},"modified":"2026-04-15T10:46:10","modified_gmt":"2026-04-15T08:46:10","slug":"mediamarkt","status":"publish","type":"page","link":"https:\/\/www.it-dev.eu\/de\/unsere-kunden\/mediamarkt\/","title":{"rendered":"MediaMarkt"},"content":{"rendered":"\n<h2 class=\"wp-block-heading icon-warning\">Tausende von Assets, schwierige Kontrolle<\/h2>\n\n\n\n<p><strong>MediaMarkt Polen<\/strong> verwaltet Tausende von Assets \u2013 von Computern und Smartphones bis hin zu fortschrittlicher Netzwerkinfrastruktur. Mit dem dynamischen Wachstum des Unternehmens reichten die bisher genutzten Systeme nicht mehr aus, um die ehrgeizigen operativen Ziele zu erreichen.<\/p>\n\n\n\n<p>Die gr\u00f6\u00dfte Herausforderung f\u00fcr das Unternehmen war der Bedarf an gr\u00f6\u00dferer Flexibilit\u00e4t und Daten-Zentralisierung. Die fragmentierte Architektur der bestehenden Tools f\u00fchrte dazu, dass Inventurprozesse und der Informationsfluss zwischen den IT- und Buchhaltungsabteilungen sehr zeitaufwendig waren. Ein Unternehmen dieser Gr\u00f6\u00dfenordnung ben\u00f6tigte eine L\u00f6sung, die nicht nur Prozesse strafft und die Bearbeitungszeiten von Tickets (SLA) verk\u00fcrzt, sondern auch volle Transparenz der Daten in Echtzeit gew\u00e4hrleistet.<\/p>\n\n\n\n<p>Ziel war die Schaffung einer modernen, integrierten Umgebung (\u201eSingle Source of Truth\u201c), die die manuelle Datenverarbeitung eliminiert und zur Grundlage f\u00fcr die weitere Digitalisierung der Back-Office-Prozesse wird.<\/p>\n\n\n\n<div style=\"height:80px\" aria-hidden=\"true\" class=\"wp-block-spacer\"><\/div>\n\n\n\n<h2 class=\"wp-block-heading icon-bulb\">Virtuelles Lager auf der Power Platform<\/h2>\n\n\n\n<p>In enger Zusammenarbeit mit dem Team von MediaMarkt Polen haben die Spezialisten von IT-Dev ein ma\u00dfgeschneidertes Asset-Management-Anwendungssystem entwickelt und implementiert, das vollst\u00e4ndig auf der Microsoft Power-Platform-Technologie basiert.<br><\/p>\n\n\n\n<p>Diese L\u00f6sung ersetzte die starren Strukturen der bisherigen Tools durch eine flexible Low-Code-Architektur, die logistische, finanzielle und personalbezogene Prozesse nahtlos miteinander verbindet.<\/p>\n\n\n\n<p>Herzst\u00fcck des Systems ist das <strong>Virtuelle Lager<\/strong> \u2013 ein zentrales Modul, das in Echtzeit Daten zum gesamten Lebenszyklus jedes Ger\u00e4ts im Unternehmen sammelt.<\/p>\n\n\n\n<p><strong>Das System wurde in drei Bereiche unterteilt:<\/strong><\/p>\n\n\n\n<ol class=\"wp-block-list\">\n<li><strong>Bereich IT und Administration<\/strong>. Dies ist das Zentrum f\u00fcr die Verwaltung des kompletten Ger\u00e4telebenszyklus: von der Annahme ins Lager \u00fcber die Zuweisung bis hin zur Entsorgung. Fortgeschrittene Berichtsansichten erm\u00f6glichen eine sofortige \u00dcberpr\u00fcfung der Assets nach Typen, Status und Standorten.<\/li>\n\n\n\n<li><strong>Finanzbereich<\/strong>. Dieses Modul unterst\u00fctzt die Buchhaltungsabteilung durch die Automatisierung von Abschreibungsprozessen und die pr\u00e4zise Zuordnung von Kosten zu den entsprechenden Kostenstellen (MPK). Es gew\u00e4hrleistet die Konsistenz zwischen operativen und finanziellen Daten.<\/li>\n\n\n\n<li><strong>Mitarbeiterbereich<\/strong>. Dies ist eine intuitive Self-Service-Oberfl\u00e4che, die es den Mitarbeitern erm\u00f6glicht, eigenst\u00e4ndig Antr\u00e4ge auf Ger\u00e4te zu stellen oder R\u00fcckgaben zu melden. Dadurch entf\u00e4llt die zeitaufwendige E-Mail-Korrespondenz.<\/li>\n<\/ol>\n\n\n\n<p>Ein wesentlicher Bestandteil der Transformation war die vollst\u00e4ndige Digitalisierung der Dokumentation. Dank Power Automate generiert, verteilt und archiviert das System automatisch \u00dcbergabeprotokolle f\u00fcr Ger\u00e4te und eliminiert somit den kompletten Papierumlauf.<\/p>\n\n\n\n<div style=\"height:80px\" aria-hidden=\"true\" class=\"wp-block-spacer\"><\/div>\n\n\n\n<h2 class=\"wp-block-heading icon-chartup\">Volle Transparenz der IT-Ressourcen<\/h2>\n\n\n\n<ul class=\"wp-block-list arrow-list\">\n<li><strong>Vollst\u00e4ndige Kontrolle und Daten-Zentralisierung. <\/strong>Das Virtuelle Lager bietet der F\u00fchrungsebene einen sofortigen \u00dcberblick \u00fcber den Ger\u00e4tebestand des Unternehmens und die vollst\u00e4ndige Historie jedes Ger\u00e4ts. Es beseitigt dadurch die bisherige Fragmentierung der Informationen.<\/li>\n\n\n\n<li><strong>Operative Exzellenz.<\/strong> Die Automatisierung wiederkehrender T\u00e4tigkeiten (Dokumentenerstellung, Garantiebenachrichtigungen) hat die IT- und Administrationsabteilungen erheblich entlastet. Die Teams k\u00f6nnen sich nun endlich auf strategische Aufgaben konzentrieren.<\/li>\n\n\n\n<li><strong>Finanzielle Konsistenz.<\/strong> Die enge Integration operativer und buchhalterischer Daten stellt sicher, dass der tats\u00e4chliche Zustand der Ger\u00e4te vollst\u00e4ndig in der Anlagenbuchhaltung widergespiegelt wird.<\/li>\n\n\n\n<li><strong>Kosteneffizienz.<\/strong> Die Nutzung der bereits vorhandenen Microsoft 365-Umgebung anstelle der Pflege externer Systeme erm\u00f6glichte die Optimierung des IT-Budgets und eine bessere Ausnutzung der Lizenzen.<\/li>\n<\/ul>\n\n\n\n<div style=\"height:80px\" aria-hidden=\"true\" class=\"wp-block-spacer\"><\/div>\n\n\n\n<h2 class=\"wp-block-heading\">Entwicklungs- und Innovationsvision<\/h2>\n\n\n\n<p>Die Einf\u00fchrung des Assets Management Systems hat ein solides Datenfundament geschaffen, das MediaMarkt Polen f\u00fcr weitere Innovationen im Bereich Business Intelligence und KI nutzen m\u00f6chte.<\/p>\n\n\n\n<p>Der n\u00e4chste Schritt ist der Ausbau der analytischen Schicht. Management-Dashboards erm\u00f6glichen:<\/p>\n\n\n\n<div class=\"wp-block-group itdev-icon-row is-nowrap is-layout-flex wp-container-core-group-is-layout-ad2f72ca wp-block-group-is-layout-flex\">\n<figure class=\"wp-block-image size-full\"><img decoding=\"async\" src=\"https:\/\/www.it-dev.eu\/wp-content\/uploads\/2026\/03\/icon-ankieta-wstepna.svg\" alt=\"\" class=\"wp-image-11227\"\/><\/figure>\n\n\n\n<p>pr\u00e4zise Bedarfsprognosen f\u00fcr Ger\u00e4te auf Basis von Nutzungstrends,<\/p>\n<\/div>\n\n\n\n<div class=\"wp-block-group itdev-icon-row is-nowrap is-layout-flex wp-container-core-group-is-layout-ad2f72ca wp-block-group-is-layout-flex\">\n<figure class=\"wp-block-image size-large\"><img loading=\"lazy\" decoding=\"async\" width=\"64\" height=\"64\" src=\"https:\/\/www.it-dev.eu\/wp-content\/uploads\/\/2026\/03\/icon-przygotowanie-danych.svg\" alt=\"przygotowanie danych\" class=\"wp-image-11195\"\/><\/figure>\n\n\n\n<p>umfassende Analysen der Abschreibungskosten und des TCO (Total Cost of Ownership),<\/p>\n<\/div>\n\n\n\n<div class=\"wp-block-group itdev-icon-row is-nowrap is-layout-flex wp-container-core-group-is-layout-ad2f72ca wp-block-group-is-layout-flex\">\n<figure class=\"wp-block-image size-full\"><img decoding=\"async\" src=\"https:\/\/www.it-dev.eu\/wp-content\/uploads\/2026\/03\/icon-optymalizacja-operacji.svg\" alt=\"\" class=\"wp-image-11224\"\/><\/figure>\n\n\n\n<p>die \u00dcberwachung der Ger\u00e4terotationsdynamik in den einzelnen Gesch\u00e4ftseinheiten.<\/p>\n<\/div>\n\n\n\n<div style=\"height:80px\" aria-hidden=\"true\" class=\"wp-block-spacer\"><\/div>\n\n\n\n<h2 class=\"wp-block-heading\">K\u00fcnstliche Intelligenz im Dienst der Effizienz<\/h2>\n\n\n\n<p>Das Unternehmen plant au\u00dferdem die Implementierung eines KI-Agenten (z. B. auf Basis von Copilot Studio), der die Interaktion mit dem System revolutionieren wird. Dadurch wird MediaMarkt Polen L\u00f6sungen wie die folgenden erhalten:<\/p>\n\n\n\n<ul class=\"wp-block-list arrow-list\">\n<li><strong>Intelligenter Assistent<\/strong> &#8211; ein Chatbot, der Mitarbeiter in Serviceprozessen unterst\u00fctzt (z. B. \u201eWie tausche ich ein defektes Ger\u00e4t aus?\u201c) und den Nutzer Schritt f\u00fcr Schritt durch die Verfahren f\u00fchrt.<\/li>\n\n\n\n<li><strong>Automatisierung der Dateneingabe (OCR)<\/strong> &#8211; intelligente Scan-Funktion von Lieferdokumenten, die den Prozess der Ger\u00e4teaufnahme ins System automatisiert.<\/li>\n\n\n\n<li><strong>Pr\u00e4diktive Analytik<\/strong> &#8211; KI-Algorithmen, die Lagerbest\u00e4nde \u00fcberwachen und vorausschauende Ma\u00dfnahmen vorschlagen (z. B. Ger\u00e4tebestellung im Zusammenhang mit geplanter Einstellung oder Empfehlung zum Austausch von Ger\u00e4ten mit hoher Ausfallrate).<\/li>\n<\/ul>\n","protected":false},"excerpt":{"rendered":"<p>Tausende von Assets, schwierige Kontrolle MediaMarkt Polen verwaltet Tausende von Assets \u2013 von Computern und Smartphones bis hin zu fortschrittlicher Netzwerkinfrastruktur. Mit dem dynamischen Wachstum des Unternehmens reichten die bisher genutzten Systeme nicht mehr aus, um die ehrgeizigen operativen Ziele zu erreichen. Die gr\u00f6\u00dfte Herausforderung f\u00fcr das Unternehmen war der Bedarf an gr\u00f6\u00dferer Flexibilit\u00e4t und<a class=\"excerpt-read-more\" href=\"https:\/\/www.it-dev.eu\/de\/unsere-kunden\/mediamarkt\/\" title=\"ReadMediaMarkt\">&#8230; Read more &raquo;<\/a><\/p>\n","protected":false},"author":16,"featured_media":10939,"parent":7022,"menu_order":0,"comment_status":"closed","ping_status":"closed","template":"templates\/page-case-study.php","meta":{"_acf_changed":false,"inline_featured_image":false,"footnotes":""},"class_list":["post-11176","page","type-page","status-publish","has-post-thumbnail","hentry"],"acf":[],"yoast_head":"<!-- This site is optimized with the Yoast SEO plugin v27.5 - https:\/\/yoast.com\/product\/yoast-seo-wordpress\/ -->\n<title>MediaMarkt - IT-Dev<\/title>\n<meta name=\"robots\" content=\"index, follow, max-snippet:-1, max-image-preview:large, max-video-preview:-1\" \/>\n<link rel=\"canonical\" href=\"https:\/\/www.it-dev.eu\/de\/unsere-kunden\/mediamarkt\/\" \/>\n<meta property=\"og:locale\" content=\"de_DE\" \/>\n<meta property=\"og:type\" content=\"article\" \/>\n<meta property=\"og:title\" content=\"MediaMarkt - IT-Dev\" \/>\n<meta property=\"og:description\" content=\"Tausende von Assets, schwierige Kontrolle MediaMarkt Polen verwaltet Tausende von Assets \u2013 von Computern und Smartphones bis hin zu fortschrittlicher Netzwerkinfrastruktur. Mit dem dynamischen Wachstum des Unternehmens reichten die bisher genutzten Systeme nicht mehr aus, um die ehrgeizigen operativen Ziele zu erreichen. Die gr\u00f6\u00dfte Herausforderung f\u00fcr das Unternehmen war der Bedarf an gr\u00f6\u00dferer Flexibilit\u00e4t und... Read more &raquo;\" \/>\n<meta property=\"og:url\" content=\"https:\/\/www.it-dev.eu\/de\/unsere-kunden\/mediamarkt\/\" \/>\n<meta property=\"og:site_name\" content=\"IT-Dev\" \/>\n<meta property=\"article:publisher\" content=\"https:\/\/www.facebook.com\/ITDevWroc\/\" \/>\n<meta property=\"article:modified_time\" content=\"2026-04-15T08:46:10+00:00\" \/>\n<meta property=\"og:image\" content=\"https:\/\/www.it-dev.eu\/wp-content\/uploads\/2026\/03\/Media-Markt-post.png\" \/>\n\t<meta property=\"og:image:width\" content=\"1080\" \/>\n\t<meta property=\"og:image:height\" content=\"720\" \/>\n\t<meta property=\"og:image:type\" content=\"image\/png\" \/>\n<meta name=\"twitter:card\" content=\"summary_large_image\" \/>\n<meta name=\"twitter:site\" content=\"@IT_Dev\" \/>\n<meta name=\"twitter:label1\" content=\"Gesch\u00e4tzte Lesezeit\" \/>\n\t<meta name=\"twitter:data1\" content=\"4\u00a0Minuten\" \/>\n<script type=\"application\/ld+json\" class=\"yoast-schema-graph\">{\"@context\":\"https:\\\/\\\/schema.org\",\"@graph\":[{\"@type\":\"WebPage\",\"@id\":\"https:\\\/\\\/www.it-dev.eu\\\/de\\\/unsere-kunden\\\/mediamarkt\\\/\",\"url\":\"https:\\\/\\\/www.it-dev.eu\\\/de\\\/unsere-kunden\\\/mediamarkt\\\/\",\"name\":\"MediaMarkt - IT-Dev\",\"isPartOf\":{\"@id\":\"https:\\\/\\\/www.it-dev.eu\\\/de\\\/#website\"},\"primaryImageOfPage\":{\"@id\":\"https:\\\/\\\/www.it-dev.eu\\\/de\\\/unsere-kunden\\\/mediamarkt\\\/#primaryimage\"},\"image\":{\"@id\":\"https:\\\/\\\/www.it-dev.eu\\\/de\\\/unsere-kunden\\\/mediamarkt\\\/#primaryimage\"},\"thumbnailUrl\":\"https:\\\/\\\/www.it-dev.eu\\\/wp-content\\\/uploads\\\/2026\\\/03\\\/Media-Markt-post.png\",\"datePublished\":\"2026-03-10T12:51:43+00:00\",\"dateModified\":\"2026-04-15T08:46:10+00:00\",\"breadcrumb\":{\"@id\":\"https:\\\/\\\/www.it-dev.eu\\\/de\\\/unsere-kunden\\\/mediamarkt\\\/#breadcrumb\"},\"inLanguage\":\"de\",\"potentialAction\":[{\"@type\":\"ReadAction\",\"target\":[\"https:\\\/\\\/www.it-dev.eu\\\/de\\\/unsere-kunden\\\/mediamarkt\\\/\"]}]},{\"@type\":\"ImageObject\",\"inLanguage\":\"de\",\"@id\":\"https:\\\/\\\/www.it-dev.eu\\\/de\\\/unsere-kunden\\\/mediamarkt\\\/#primaryimage\",\"url\":\"https:\\\/\\\/www.it-dev.eu\\\/wp-content\\\/uploads\\\/2026\\\/03\\\/Media-Markt-post.png\",\"contentUrl\":\"https:\\\/\\\/www.it-dev.eu\\\/wp-content\\\/uploads\\\/2026\\\/03\\\/Media-Markt-post.png\",\"width\":1080,\"height\":720},{\"@type\":\"BreadcrumbList\",\"@id\":\"https:\\\/\\\/www.it-dev.eu\\\/de\\\/unsere-kunden\\\/mediamarkt\\\/#breadcrumb\",\"itemListElement\":[{\"@type\":\"ListItem\",\"position\":1,\"name\":\"Strona g\u0142\u00f3wna\",\"item\":\"https:\\\/\\\/www.it-dev.eu\\\/de\\\/\"},{\"@type\":\"ListItem\",\"position\":2,\"name\":\"Kunden\",\"item\":\"https:\\\/\\\/www.it-dev.eu\\\/de\\\/unsere-kunden\\\/\"},{\"@type\":\"ListItem\",\"position\":3,\"name\":\"MediaMarkt\"}]},{\"@type\":\"WebSite\",\"@id\":\"https:\\\/\\\/www.it-dev.eu\\\/de\\\/#website\",\"url\":\"https:\\\/\\\/www.it-dev.eu\\\/de\\\/\",\"name\":\"IT-Dev - Limitless Digital Workplace\",\"description\":\"We create limitless Digital Workplaces\",\"publisher\":{\"@id\":\"https:\\\/\\\/www.it-dev.eu\\\/de\\\/#organization\"},\"potentialAction\":[{\"@type\":\"SearchAction\",\"target\":{\"@type\":\"EntryPoint\",\"urlTemplate\":\"https:\\\/\\\/www.it-dev.eu\\\/de\\\/?s={search_term_string}\"},\"query-input\":{\"@type\":\"PropertyValueSpecification\",\"valueRequired\":true,\"valueName\":\"search_term_string\"}}],\"inLanguage\":\"de\"},{\"@type\":\"Organization\",\"@id\":\"https:\\\/\\\/www.it-dev.eu\\\/de\\\/#organization\",\"name\":\"IT-Dev - Limitless Digital Workplace\",\"url\":\"https:\\\/\\\/www.it-dev.eu\\\/de\\\/\",\"logo\":{\"@type\":\"ImageObject\",\"inLanguage\":\"de\",\"@id\":\"https:\\\/\\\/www.it-dev.eu\\\/de\\\/#\\\/schema\\\/logo\\\/image\\\/\",\"url\":\"https:\\\/\\\/www.it-dev.eu\\\/wp-content\\\/uploads\\\/2023\\\/12\\\/it-dev-logo-696x696-1.png\",\"contentUrl\":\"https:\\\/\\\/www.it-dev.eu\\\/wp-content\\\/uploads\\\/2023\\\/12\\\/it-dev-logo-696x696-1.png\",\"width\":696,\"height\":696,\"caption\":\"IT-Dev - Limitless Digital Workplace\"},\"image\":{\"@id\":\"https:\\\/\\\/www.it-dev.eu\\\/de\\\/#\\\/schema\\\/logo\\\/image\\\/\"},\"sameAs\":[\"https:\\\/\\\/www.facebook.com\\\/ITDevWroc\\\/\",\"https:\\\/\\\/x.com\\\/IT_Dev\",\"https:\\\/\\\/www.linkedin.com\\\/company\\\/it-dev\\\/\",\"https:\\\/\\\/www.youtube.com\\\/user\\\/biuroitdev\"]}]}<\/script>\n<!-- \/ Yoast SEO plugin. -->","yoast_head_json":{"title":"MediaMarkt - IT-Dev","robots":{"index":"index","follow":"follow","max-snippet":"max-snippet:-1","max-image-preview":"max-image-preview:large","max-video-preview":"max-video-preview:-1"},"canonical":"https:\/\/www.it-dev.eu\/de\/unsere-kunden\/mediamarkt\/","og_locale":"de_DE","og_type":"article","og_title":"MediaMarkt - IT-Dev","og_description":"Tausende von Assets, schwierige Kontrolle MediaMarkt Polen verwaltet Tausende von Assets \u2013 von Computern und Smartphones bis hin zu fortschrittlicher Netzwerkinfrastruktur. Mit dem dynamischen Wachstum des Unternehmens reichten die bisher genutzten Systeme nicht mehr aus, um die ehrgeizigen operativen Ziele zu erreichen. Die gr\u00f6\u00dfte Herausforderung f\u00fcr das Unternehmen war der Bedarf an gr\u00f6\u00dferer Flexibilit\u00e4t und... Read more &raquo;","og_url":"https:\/\/www.it-dev.eu\/de\/unsere-kunden\/mediamarkt\/","og_site_name":"IT-Dev","article_publisher":"https:\/\/www.facebook.com\/ITDevWroc\/","article_modified_time":"2026-04-15T08:46:10+00:00","og_image":[{"width":1080,"height":720,"url":"https:\/\/www.it-dev.eu\/wp-content\/uploads\/2026\/03\/Media-Markt-post.png","type":"image\/png"}],"twitter_card":"summary_large_image","twitter_site":"@IT_Dev","twitter_misc":{"Gesch\u00e4tzte Lesezeit":"4\u00a0Minuten"},"schema":{"@context":"https:\/\/schema.org","@graph":[{"@type":"WebPage","@id":"https:\/\/www.it-dev.eu\/de\/unsere-kunden\/mediamarkt\/","url":"https:\/\/www.it-dev.eu\/de\/unsere-kunden\/mediamarkt\/","name":"MediaMarkt - IT-Dev","isPartOf":{"@id":"https:\/\/www.it-dev.eu\/de\/#website"},"primaryImageOfPage":{"@id":"https:\/\/www.it-dev.eu\/de\/unsere-kunden\/mediamarkt\/#primaryimage"},"image":{"@id":"https:\/\/www.it-dev.eu\/de\/unsere-kunden\/mediamarkt\/#primaryimage"},"thumbnailUrl":"https:\/\/www.it-dev.eu\/wp-content\/uploads\/2026\/03\/Media-Markt-post.png","datePublished":"2026-03-10T12:51:43+00:00","dateModified":"2026-04-15T08:46:10+00:00","breadcrumb":{"@id":"https:\/\/www.it-dev.eu\/de\/unsere-kunden\/mediamarkt\/#breadcrumb"},"inLanguage":"de","potentialAction":[{"@type":"ReadAction","target":["https:\/\/www.it-dev.eu\/de\/unsere-kunden\/mediamarkt\/"]}]},{"@type":"ImageObject","inLanguage":"de","@id":"https:\/\/www.it-dev.eu\/de\/unsere-kunden\/mediamarkt\/#primaryimage","url":"https:\/\/www.it-dev.eu\/wp-content\/uploads\/2026\/03\/Media-Markt-post.png","contentUrl":"https:\/\/www.it-dev.eu\/wp-content\/uploads\/2026\/03\/Media-Markt-post.png","width":1080,"height":720},{"@type":"BreadcrumbList","@id":"https:\/\/www.it-dev.eu\/de\/unsere-kunden\/mediamarkt\/#breadcrumb","itemListElement":[{"@type":"ListItem","position":1,"name":"Strona g\u0142\u00f3wna","item":"https:\/\/www.it-dev.eu\/de\/"},{"@type":"ListItem","position":2,"name":"Kunden","item":"https:\/\/www.it-dev.eu\/de\/unsere-kunden\/"},{"@type":"ListItem","position":3,"name":"MediaMarkt"}]},{"@type":"WebSite","@id":"https:\/\/www.it-dev.eu\/de\/#website","url":"https:\/\/www.it-dev.eu\/de\/","name":"IT-Dev - Limitless Digital Workplace","description":"We create limitless Digital Workplaces","publisher":{"@id":"https:\/\/www.it-dev.eu\/de\/#organization"},"potentialAction":[{"@type":"SearchAction","target":{"@type":"EntryPoint","urlTemplate":"https:\/\/www.it-dev.eu\/de\/?s={search_term_string}"},"query-input":{"@type":"PropertyValueSpecification","valueRequired":true,"valueName":"search_term_string"}}],"inLanguage":"de"},{"@type":"Organization","@id":"https:\/\/www.it-dev.eu\/de\/#organization","name":"IT-Dev - Limitless Digital Workplace","url":"https:\/\/www.it-dev.eu\/de\/","logo":{"@type":"ImageObject","inLanguage":"de","@id":"https:\/\/www.it-dev.eu\/de\/#\/schema\/logo\/image\/","url":"https:\/\/www.it-dev.eu\/wp-content\/uploads\/2023\/12\/it-dev-logo-696x696-1.png","contentUrl":"https:\/\/www.it-dev.eu\/wp-content\/uploads\/2023\/12\/it-dev-logo-696x696-1.png","width":696,"height":696,"caption":"IT-Dev - Limitless Digital Workplace"},"image":{"@id":"https:\/\/www.it-dev.eu\/de\/#\/schema\/logo\/image\/"},"sameAs":["https:\/\/www.facebook.com\/ITDevWroc\/","https:\/\/x.com\/IT_Dev","https:\/\/www.linkedin.com\/company\/it-dev\/","https:\/\/www.youtube.com\/user\/biuroitdev"]}]}},"_links":{"self":[{"href":"https:\/\/www.it-dev.eu\/de\/wp-json\/wp\/v2\/pages\/11176","targetHints":{"allow":["GET"]}}],"collection":[{"href":"https:\/\/www.it-dev.eu\/de\/wp-json\/wp\/v2\/pages"}],"about":[{"href":"https:\/\/www.it-dev.eu\/de\/wp-json\/wp\/v2\/types\/page"}],"author":[{"embeddable":true,"href":"https:\/\/www.it-dev.eu\/de\/wp-json\/wp\/v2\/users\/16"}],"replies":[{"embeddable":true,"href":"https:\/\/www.it-dev.eu\/de\/wp-json\/wp\/v2\/comments?post=11176"}],"version-history":[{"count":24,"href":"https:\/\/www.it-dev.eu\/de\/wp-json\/wp\/v2\/pages\/11176\/revisions"}],"predecessor-version":[{"id":11591,"href":"https:\/\/www.it-dev.eu\/de\/wp-json\/wp\/v2\/pages\/11176\/revisions\/11591"}],"up":[{"embeddable":true,"href":"https:\/\/www.it-dev.eu\/de\/wp-json\/wp\/v2\/pages\/7022"}],"wp:featuredmedia":[{"embeddable":true,"href":"https:\/\/www.it-dev.eu\/de\/wp-json\/wp\/v2\/media\/10939"}],"wp:attachment":[{"href":"https:\/\/www.it-dev.eu\/de\/wp-json\/wp\/v2\/media?parent=11176"}],"curies":[{"name":"wp","href":"https:\/\/api.w.org\/{rel}","templated":true}]}}