{"id":7040,"date":"2023-07-27T10:28:22","date_gmt":"2023-07-27T08:28:22","guid":{"rendered":"https:\/\/www.it-dev.eu\/klienci\/ardent\/"},"modified":"2026-04-15T10:35:55","modified_gmt":"2026-04-15T08:35:55","slug":"ardent","status":"publish","type":"page","link":"https:\/\/www.it-dev.eu\/de\/unsere-kunden\/ardent\/","title":{"rendered":"Ardent"},"content":{"rendered":"\n<h2 class=\"wp-block-heading icon-warning\">Fusion ohne gemeinsame Arbeitswerkzeuge<\/h2>\n\n\n\n<p>Nach dem Zusammenschluss und der Expansion stand Ardent Global vor mehreren gro\u00dfen Herausforderungen. Eines der Hauptprobleme war die Zusammenlegung zweier Abteilungen, die \u00fcber unterschiedliche Prozesse und Systeme verf\u00fcgten. Das Fehlen eines wirksamen Tools f\u00fcr die Zusammenarbeit und Kommunikation erschwerte die reibungslose Zusammenarbeit der Teams in den verschiedenen Bereichen und die effektive Koordinierung der Aktivit\u00e4ten.<\/p>\n\n\n\n<p>Da Ardent auf verschiedenen Kontinenten t\u00e4tig war, hatte das Unternehmen Schwierigkeiten, seinen Auftrag, seine Vision, seine Strategie und seine Priorit\u00e4ten den Mitarbeitern in verschiedenen Sprachen und Zeitzonen zu vermitteln. Dies behinderte eine effektive Kommunikation und Abstimmung unter den Mitarbeitern.<\/p>\n\n\n\n<p>Ardent verf\u00fcgte nicht \u00fcber eine einheitliche Strategie f\u00fcr den Zugang zu relevanten Brancheninformationen. Das Fehlen aktueller Daten \u00fcber Gesetze, Vorschriften und Vorf\u00e4lle im Seeverkehr konnte sich direkt auf die Projekte auswirken. Um die Entscheidungsfindung zu verbessern und auf dem neuesten Stand zu bleiben, war ein schneller und einfacher Zugang zu wichtigen Informationen unerl\u00e4sslich.<\/p>\n\n\n\n<p>Die Bedarfsermittlung machte deutlich, dass ein umfassender digitaler Arbeitsbereich ben\u00f6tigt wurde, der die Effizienz und die Kommunikation in allen Bereichen des Unternehmens verbessern w\u00fcrde. Ein solcher Raum w\u00fcrde eine einheitliche Plattform f\u00fcr die Zusammenarbeit bieten, interne Prozesse rationalisieren und die effektive Kommunikation zwischen Teams und verschiedenen Standorten erleichtern.<\/p>\n\n\n\n<div style=\"height:80px\" aria-hidden=\"true\" class=\"wp-block-spacer\"><\/div>\n\n\n\n<h2 class=\"wp-block-heading icon-bulb\">Ein globaler Arbeitsbereich in der Cloud<\/h2>\n\n\n\n<p>Ardent ging eine Partnerschaft mit IT-Dev ein, um die Herausforderungen mit Hilfe von Microsoft-Technologien zu bew\u00e4ltigen. Die Zusammenarbeit sah vor, eine umfassende Wissensdatenbank, integrierte Workflow-L\u00f6sungen und Projektarbeitsbereiche mit diskussionsbasierter Kommunikation zu schaffen.<\/p>\n\n\n\n<p>Das Unternehmen passte seine Portaldaten auf bestimmte Regionen an, so dass die Projektmanager die Ansprechpartner f\u00fcr die Teams leicht finden konnten. Es verwendete Weltzeituhr-Widgets und Anwesenheitsmarkierungen, um eine effektive Kommunikation \u00fcber relevante Zeitzonen hinweg sicherzustellen.<\/p>\n\n\n\n<p>Innerhalb des SharePoint-Intranetsystems wurde ein Bereich geschaffen, in dem die Dokumente zu Vision und Mission geb\u00fcndelt und die externe Kommunikation abgewickelt wurde. Dies erm\u00f6glichte einen leichteren Zugriff auf relevante Dateien und die Zusammenarbeit mit Drittparteien.<\/p>\n\n\n\n<p>Die Einf\u00fchrung von Viva Engage hat die interne Kommunikation erheblich verbessert. Diskussionsforen beschleunigen die Antworten, und Artikel und Ank\u00fcndigungen vermitteln relevante Informationen.<\/p>\n\n\n\n<p>\u00dcber sein Intranet-System hat Ardent Gesch\u00e4ftsprozesse synchronisiert und Listen, Aufgaben, Kalender und Zeitpl\u00e4ne integriert, um Projektpr\u00fcfungen zu rationalisieren und die Entscheidungsfindung zu verbessern.<\/p>\n\n\n\n<div style=\"height:80px\" aria-hidden=\"true\" class=\"wp-block-spacer\"><\/div>\n\n\n\n<h2 class=\"wp-block-heading icon-chartup\">Zusammenarbeit ohne Grenzen und Zeitzonen<\/h2>\n\n\n\n<p>Die Implementierung von angepassten Portaldaten, Weltzeituhr-Widgets, Anwesenheitsmarkierungen, einer SharePoint-Anwendung f\u00fcr die externe Kommunikation, eines Yammer-Dienstes f\u00fcr die zentrale Kommunikation und eines synchronisierten Intranetsystems hatte erhebliche Auswirkungen auf Ardent.<\/p>\n\n\n\n<p>Mit rund 200 t\u00e4glich aktiven Nutzern, die \u00fcber verschiedene Standorte verteilt sind, k\u00f6nnen die Mitarbeiter trotz entfernter Standorte problemlos kommunizieren, Informationen austauschen und zusammenarbeiten. Berechtigungskontrollen und personalisierte Dashboards sorgen daf\u00fcr, dass jeder Benutzer Zugriff auf die richtigen Daten hat, was die Produktivit\u00e4t und Effizienz steigert.<\/p>\n\n\n\n<p>Die Offline-Zugriffsfunktion ist besonders wertvoll f\u00fcr Mitarbeiter an entfernten Standorten. Die Systeme haben die Gesch\u00e4ftspraktiken gestrafft, die Kommunikation verbessert und einen nahtlosen globalen Arbeitsbereich geschaffen, der das Projektmanagement erleichtert.Korzy\u015bciWnioskiExcepteur sint occaecat cupidatat non proident, sunt in culpa qui officia deserunt mollit anim id est laborum.<\/p>\n","protected":false},"excerpt":{"rendered":"<p>Fusion ohne gemeinsame Arbeitswerkzeuge Nach dem Zusammenschluss und der Expansion stand Ardent Global vor mehreren gro\u00dfen Herausforderungen. Eines der Hauptprobleme war die Zusammenlegung zweier Abteilungen, die \u00fcber unterschiedliche Prozesse und Systeme verf\u00fcgten. Das Fehlen eines wirksamen Tools f\u00fcr die Zusammenarbeit und Kommunikation erschwerte die reibungslose Zusammenarbeit der Teams in den verschiedenen Bereichen und die effektive<a class=\"excerpt-read-more\" href=\"https:\/\/www.it-dev.eu\/de\/unsere-kunden\/ardent\/\" title=\"ReadArdent\">&#8230; Read more &raquo;<\/a><\/p>\n","protected":false},"author":7,"featured_media":10924,"parent":7022,"menu_order":0,"comment_status":"closed","ping_status":"closed","template":"templates\/page-case-study.php","meta":{"_acf_changed":false,"inline_featured_image":false,"footnotes":""},"class_list":["post-7040","page","type-page","status-publish","has-post-thumbnail","hentry"],"acf":[],"yoast_head":"<!-- This site is optimized with the Yoast SEO plugin v27.5 - https:\/\/yoast.com\/product\/yoast-seo-wordpress\/ -->\n<title>Ardent | IT-Dev<\/title>\n<meta name=\"description\" content=\"Cyfrowa transformacja Ardent Global: Pionierska wsp\u00f3\u0142praca i komunikacja z rozwi\u0105zaniami Microsoft i IT-Dev w celu zapewnienia globalnej wydajno\u015bci.\" \/>\n<meta name=\"robots\" content=\"index, follow, max-snippet:-1, max-image-preview:large, max-video-preview:-1\" \/>\n<link rel=\"canonical\" href=\"https:\/\/www.it-dev.eu\/de\/unsere-kunden\/ardent\/\" \/>\n<meta property=\"og:locale\" content=\"de_DE\" \/>\n<meta property=\"og:type\" content=\"article\" \/>\n<meta property=\"og:title\" content=\"Ardent | IT-Dev\" \/>\n<meta property=\"og:description\" content=\"Cyfrowa transformacja Ardent Global: Pionierska wsp\u00f3\u0142praca i komunikacja z rozwi\u0105zaniami Microsoft i IT-Dev w celu zapewnienia globalnej wydajno\u015bci.\" \/>\n<meta property=\"og:url\" content=\"https:\/\/www.it-dev.eu\/de\/unsere-kunden\/ardent\/\" \/>\n<meta property=\"og:site_name\" content=\"IT-Dev\" \/>\n<meta property=\"article:publisher\" content=\"https:\/\/www.facebook.com\/ITDevWroc\/\" \/>\n<meta property=\"article:modified_time\" content=\"2026-04-15T08:35:55+00:00\" \/>\n<meta property=\"og:image\" content=\"https:\/\/www.it-dev.eu\/wp-content\/uploads\/2026\/03\/ardent-case-study.webp\" \/>\n\t<meta property=\"og:image:width\" content=\"720\" \/>\n\t<meta property=\"og:image:height\" content=\"720\" \/>\n\t<meta property=\"og:image:type\" content=\"image\/webp\" \/>\n<meta name=\"twitter:card\" content=\"summary_large_image\" \/>\n<meta name=\"twitter:site\" content=\"@IT_Dev\" \/>\n<meta name=\"twitter:label1\" content=\"Gesch\u00e4tzte Lesezeit\" \/>\n\t<meta name=\"twitter:data1\" content=\"3\u00a0Minuten\" \/>\n<script type=\"application\/ld+json\" class=\"yoast-schema-graph\">{\"@context\":\"https:\\\/\\\/schema.org\",\"@graph\":[{\"@type\":\"WebPage\",\"@id\":\"https:\\\/\\\/www.it-dev.eu\\\/de\\\/unsere-kunden\\\/ardent\\\/\",\"url\":\"https:\\\/\\\/www.it-dev.eu\\\/de\\\/unsere-kunden\\\/ardent\\\/\",\"name\":\"Ardent | IT-Dev\",\"isPartOf\":{\"@id\":\"https:\\\/\\\/www.it-dev.eu\\\/de\\\/#website\"},\"primaryImageOfPage\":{\"@id\":\"https:\\\/\\\/www.it-dev.eu\\\/de\\\/unsere-kunden\\\/ardent\\\/#primaryimage\"},\"image\":{\"@id\":\"https:\\\/\\\/www.it-dev.eu\\\/de\\\/unsere-kunden\\\/ardent\\\/#primaryimage\"},\"thumbnailUrl\":\"https:\\\/\\\/www.it-dev.eu\\\/wp-content\\\/uploads\\\/2026\\\/03\\\/ardent-case-study.webp\",\"datePublished\":\"2023-07-27T08:28:22+00:00\",\"dateModified\":\"2026-04-15T08:35:55+00:00\",\"description\":\"Cyfrowa transformacja Ardent Global: Pionierska wsp\u00f3\u0142praca i komunikacja z rozwi\u0105zaniami Microsoft i IT-Dev w celu zapewnienia globalnej wydajno\u015bci.\",\"breadcrumb\":{\"@id\":\"https:\\\/\\\/www.it-dev.eu\\\/de\\\/unsere-kunden\\\/ardent\\\/#breadcrumb\"},\"inLanguage\":\"de\",\"potentialAction\":[{\"@type\":\"ReadAction\",\"target\":[\"https:\\\/\\\/www.it-dev.eu\\\/de\\\/unsere-kunden\\\/ardent\\\/\"]}]},{\"@type\":\"ImageObject\",\"inLanguage\":\"de\",\"@id\":\"https:\\\/\\\/www.it-dev.eu\\\/de\\\/unsere-kunden\\\/ardent\\\/#primaryimage\",\"url\":\"https:\\\/\\\/www.it-dev.eu\\\/wp-content\\\/uploads\\\/2026\\\/03\\\/ardent-case-study.webp\",\"contentUrl\":\"https:\\\/\\\/www.it-dev.eu\\\/wp-content\\\/uploads\\\/2026\\\/03\\\/ardent-case-study.webp\",\"width\":720,\"height\":720},{\"@type\":\"BreadcrumbList\",\"@id\":\"https:\\\/\\\/www.it-dev.eu\\\/de\\\/unsere-kunden\\\/ardent\\\/#breadcrumb\",\"itemListElement\":[{\"@type\":\"ListItem\",\"position\":1,\"name\":\"Strona g\u0142\u00f3wna\",\"item\":\"https:\\\/\\\/www.it-dev.eu\\\/de\\\/\"},{\"@type\":\"ListItem\",\"position\":2,\"name\":\"Kunden\",\"item\":\"https:\\\/\\\/www.it-dev.eu\\\/de\\\/unsere-kunden\\\/\"},{\"@type\":\"ListItem\",\"position\":3,\"name\":\"Ardent\"}]},{\"@type\":\"WebSite\",\"@id\":\"https:\\\/\\\/www.it-dev.eu\\\/de\\\/#website\",\"url\":\"https:\\\/\\\/www.it-dev.eu\\\/de\\\/\",\"name\":\"IT-Dev - Limitless Digital Workplace\",\"description\":\"We create limitless Digital Workplaces\",\"publisher\":{\"@id\":\"https:\\\/\\\/www.it-dev.eu\\\/de\\\/#organization\"},\"potentialAction\":[{\"@type\":\"SearchAction\",\"target\":{\"@type\":\"EntryPoint\",\"urlTemplate\":\"https:\\\/\\\/www.it-dev.eu\\\/de\\\/?s={search_term_string}\"},\"query-input\":{\"@type\":\"PropertyValueSpecification\",\"valueRequired\":true,\"valueName\":\"search_term_string\"}}],\"inLanguage\":\"de\"},{\"@type\":\"Organization\",\"@id\":\"https:\\\/\\\/www.it-dev.eu\\\/de\\\/#organization\",\"name\":\"IT-Dev - Limitless Digital Workplace\",\"url\":\"https:\\\/\\\/www.it-dev.eu\\\/de\\\/\",\"logo\":{\"@type\":\"ImageObject\",\"inLanguage\":\"de\",\"@id\":\"https:\\\/\\\/www.it-dev.eu\\\/de\\\/#\\\/schema\\\/logo\\\/image\\\/\",\"url\":\"https:\\\/\\\/www.it-dev.eu\\\/wp-content\\\/uploads\\\/2023\\\/12\\\/it-dev-logo-696x696-1.png\",\"contentUrl\":\"https:\\\/\\\/www.it-dev.eu\\\/wp-content\\\/uploads\\\/2023\\\/12\\\/it-dev-logo-696x696-1.png\",\"width\":696,\"height\":696,\"caption\":\"IT-Dev - Limitless Digital Workplace\"},\"image\":{\"@id\":\"https:\\\/\\\/www.it-dev.eu\\\/de\\\/#\\\/schema\\\/logo\\\/image\\\/\"},\"sameAs\":[\"https:\\\/\\\/www.facebook.com\\\/ITDevWroc\\\/\",\"https:\\\/\\\/x.com\\\/IT_Dev\",\"https:\\\/\\\/www.linkedin.com\\\/company\\\/it-dev\\\/\",\"https:\\\/\\\/www.youtube.com\\\/user\\\/biuroitdev\"]}]}<\/script>\n<!-- \/ Yoast SEO plugin. -->","yoast_head_json":{"title":"Ardent | IT-Dev","description":"Cyfrowa transformacja Ardent Global: Pionierska wsp\u00f3\u0142praca i komunikacja z rozwi\u0105zaniami Microsoft i IT-Dev w celu zapewnienia globalnej wydajno\u015bci.","robots":{"index":"index","follow":"follow","max-snippet":"max-snippet:-1","max-image-preview":"max-image-preview:large","max-video-preview":"max-video-preview:-1"},"canonical":"https:\/\/www.it-dev.eu\/de\/unsere-kunden\/ardent\/","og_locale":"de_DE","og_type":"article","og_title":"Ardent | IT-Dev","og_description":"Cyfrowa transformacja Ardent Global: Pionierska wsp\u00f3\u0142praca i komunikacja z rozwi\u0105zaniami Microsoft i IT-Dev w celu zapewnienia globalnej wydajno\u015bci.","og_url":"https:\/\/www.it-dev.eu\/de\/unsere-kunden\/ardent\/","og_site_name":"IT-Dev","article_publisher":"https:\/\/www.facebook.com\/ITDevWroc\/","article_modified_time":"2026-04-15T08:35:55+00:00","og_image":[{"width":720,"height":720,"url":"https:\/\/www.it-dev.eu\/wp-content\/uploads\/2026\/03\/ardent-case-study.webp","type":"image\/webp"}],"twitter_card":"summary_large_image","twitter_site":"@IT_Dev","twitter_misc":{"Gesch\u00e4tzte Lesezeit":"3\u00a0Minuten"},"schema":{"@context":"https:\/\/schema.org","@graph":[{"@type":"WebPage","@id":"https:\/\/www.it-dev.eu\/de\/unsere-kunden\/ardent\/","url":"https:\/\/www.it-dev.eu\/de\/unsere-kunden\/ardent\/","name":"Ardent | IT-Dev","isPartOf":{"@id":"https:\/\/www.it-dev.eu\/de\/#website"},"primaryImageOfPage":{"@id":"https:\/\/www.it-dev.eu\/de\/unsere-kunden\/ardent\/#primaryimage"},"image":{"@id":"https:\/\/www.it-dev.eu\/de\/unsere-kunden\/ardent\/#primaryimage"},"thumbnailUrl":"https:\/\/www.it-dev.eu\/wp-content\/uploads\/2026\/03\/ardent-case-study.webp","datePublished":"2023-07-27T08:28:22+00:00","dateModified":"2026-04-15T08:35:55+00:00","description":"Cyfrowa transformacja Ardent Global: Pionierska wsp\u00f3\u0142praca i komunikacja z rozwi\u0105zaniami Microsoft i IT-Dev w celu zapewnienia globalnej wydajno\u015bci.","breadcrumb":{"@id":"https:\/\/www.it-dev.eu\/de\/unsere-kunden\/ardent\/#breadcrumb"},"inLanguage":"de","potentialAction":[{"@type":"ReadAction","target":["https:\/\/www.it-dev.eu\/de\/unsere-kunden\/ardent\/"]}]},{"@type":"ImageObject","inLanguage":"de","@id":"https:\/\/www.it-dev.eu\/de\/unsere-kunden\/ardent\/#primaryimage","url":"https:\/\/www.it-dev.eu\/wp-content\/uploads\/2026\/03\/ardent-case-study.webp","contentUrl":"https:\/\/www.it-dev.eu\/wp-content\/uploads\/2026\/03\/ardent-case-study.webp","width":720,"height":720},{"@type":"BreadcrumbList","@id":"https:\/\/www.it-dev.eu\/de\/unsere-kunden\/ardent\/#breadcrumb","itemListElement":[{"@type":"ListItem","position":1,"name":"Strona g\u0142\u00f3wna","item":"https:\/\/www.it-dev.eu\/de\/"},{"@type":"ListItem","position":2,"name":"Kunden","item":"https:\/\/www.it-dev.eu\/de\/unsere-kunden\/"},{"@type":"ListItem","position":3,"name":"Ardent"}]},{"@type":"WebSite","@id":"https:\/\/www.it-dev.eu\/de\/#website","url":"https:\/\/www.it-dev.eu\/de\/","name":"IT-Dev - Limitless Digital Workplace","description":"We create limitless Digital Workplaces","publisher":{"@id":"https:\/\/www.it-dev.eu\/de\/#organization"},"potentialAction":[{"@type":"SearchAction","target":{"@type":"EntryPoint","urlTemplate":"https:\/\/www.it-dev.eu\/de\/?s={search_term_string}"},"query-input":{"@type":"PropertyValueSpecification","valueRequired":true,"valueName":"search_term_string"}}],"inLanguage":"de"},{"@type":"Organization","@id":"https:\/\/www.it-dev.eu\/de\/#organization","name":"IT-Dev - Limitless Digital Workplace","url":"https:\/\/www.it-dev.eu\/de\/","logo":{"@type":"ImageObject","inLanguage":"de","@id":"https:\/\/www.it-dev.eu\/de\/#\/schema\/logo\/image\/","url":"https:\/\/www.it-dev.eu\/wp-content\/uploads\/2023\/12\/it-dev-logo-696x696-1.png","contentUrl":"https:\/\/www.it-dev.eu\/wp-content\/uploads\/2023\/12\/it-dev-logo-696x696-1.png","width":696,"height":696,"caption":"IT-Dev - Limitless Digital Workplace"},"image":{"@id":"https:\/\/www.it-dev.eu\/de\/#\/schema\/logo\/image\/"},"sameAs":["https:\/\/www.facebook.com\/ITDevWroc\/","https:\/\/x.com\/IT_Dev","https:\/\/www.linkedin.com\/company\/it-dev\/","https:\/\/www.youtube.com\/user\/biuroitdev"]}]}},"_links":{"self":[{"href":"https:\/\/www.it-dev.eu\/de\/wp-json\/wp\/v2\/pages\/7040","targetHints":{"allow":["GET"]}}],"collection":[{"href":"https:\/\/www.it-dev.eu\/de\/wp-json\/wp\/v2\/pages"}],"about":[{"href":"https:\/\/www.it-dev.eu\/de\/wp-json\/wp\/v2\/types\/page"}],"author":[{"embeddable":true,"href":"https:\/\/www.it-dev.eu\/de\/wp-json\/wp\/v2\/users\/7"}],"replies":[{"embeddable":true,"href":"https:\/\/www.it-dev.eu\/de\/wp-json\/wp\/v2\/comments?post=7040"}],"version-history":[{"count":4,"href":"https:\/\/www.it-dev.eu\/de\/wp-json\/wp\/v2\/pages\/7040\/revisions"}],"predecessor-version":[{"id":11581,"href":"https:\/\/www.it-dev.eu\/de\/wp-json\/wp\/v2\/pages\/7040\/revisions\/11581"}],"up":[{"embeddable":true,"href":"https:\/\/www.it-dev.eu\/de\/wp-json\/wp\/v2\/pages\/7022"}],"wp:featuredmedia":[{"embeddable":true,"href":"https:\/\/www.it-dev.eu\/de\/wp-json\/wp\/v2\/media\/10924"}],"wp:attachment":[{"href":"https:\/\/www.it-dev.eu\/de\/wp-json\/wp\/v2\/media?parent=7040"}],"curies":[{"name":"wp","href":"https:\/\/api.w.org\/{rel}","templated":true}]}}