{"id":7244,"date":"2023-07-27T10:29:00","date_gmt":"2023-07-27T08:29:00","guid":{"rendered":"https:\/\/www.it-dev.eu\/klienci\/cez\/"},"modified":"2026-04-15T10:34:59","modified_gmt":"2026-04-15T08:34:59","slug":"cez","status":"publish","type":"page","link":"https:\/\/www.it-dev.eu\/de\/unsere-kunden\/cez\/","title":{"rendered":"CEZ"},"content":{"rendered":"\n<h2 class=\"wp-block-heading icon-warning\">Veraltete Systeme, zunehmende Cyberbedrohungen<\/h2>\n\n\n\n<p>Viele Jahre lang verwendete CEZ interne Kommunikationsmittel. Als das Unternehmen jedoch wuchs und sich die Technologie weiterentwickelte, reichten diese Tools nicht mehr aus. Die vorhandenen Systeme hatten nur begrenzte Anpassungsm\u00f6glichkeiten und eine unfreundliche Benutzeroberfl\u00e4che, was zu einer geringen Beteiligung der Benutzer f\u00fchrte. Dar\u00fcber hinaus f\u00fchrte die Unm\u00f6glichkeit, Informationen an bestimmte Mitarbeiter oder Gruppen je nach deren Rolle, Position, Organisationsstruktur oder Standort zu verteilen, zu einem Informationschaos und erschwerte den Zugriff auf relevante Daten.<\/p>\n\n\n\n<div style=\"height:80px\" aria-hidden=\"true\" class=\"wp-block-spacer\"><\/div>\n\n\n\n<h2 class=\"wp-block-heading icon-bulb\">Cloud-Intranet mit AvePoint-Backup<\/h2>\n\n\n\n<p>Um die Herausforderungen zu bew\u00e4ltigen, mit denen CEZ konfrontiert war, beschloss das Unternehmen, sein Intranetportal in einer Microsoft 365-Cloud-Umgebung einzurichten. Diese Entscheidung wurde durch den Bedarf an einer flexiblen und skalierbaren L\u00f6sung bestimmt, die mit den Anforderungen des Unternehmens wachsen und die Vorteile der fortschrittlichen Funktionen von Microsoft 365 nutzen kann.<\/p>\n\n\n\n<p><strong>Durch die Nutzung der Cloud-Plattform Microsoft 365<\/strong> erhielt CEZ Zugang zu einer breiten Palette integrierter Tools und Dienste, die die fl\u00fcssige Zusammenarbeit, die Kommunikation und die Dokumentenverwaltung verbessern. Dank des Cloud-basierten Ansatzes war das Portal von jedem Ger\u00e4t und Standort aus leicht zug\u00e4nglich, so dass die Mitarbeiter unabh\u00e4ngig von ihrem Standort kommunizieren und effizient arbeiten konnten.<\/p>\n\n\n\n<p>Das neue Intranetportal erm\u00f6glichte die personalisierte Bereitstellung von Inhalten unter Ber\u00fccksichtigung von Rolle, Position, Abteilung und Standort des Mitarbeiters. Diese Anpassungsfunktion stellte sicher, dass die Mitarbeiter Informationen erhielten, die f\u00fcr ihre spezifischen Bed\u00fcrfnisse und Aufgaben relevant waren. Dar\u00fcber hinaus wirkten sich die benutzerfreundliche Oberfl\u00e4che und die intuitive Navigation des Portals erheblich auf das Engagement der Benutzer aus.<\/p>\n\n\n\n<p><strong>Um die Sicherheit und den Schutz der im Portal<\/strong> gespeicherten Daten zu gew\u00e4hrleisten, entschied sich CEZ f\u00fcr eine Cloud-Backup-L\u00f6sung von AvePoint. Es wurde beschlossen, ein robustes Sicherungs- und Wiederherstellungssystem zu schaffen, um wichtige Informationen im Falle eines Datenverlusts oder Systemausfalls zu sch\u00fctzen. Die Cloud-Backup-L\u00f6sung von AvePoint bietet umfassenden Datenschutz, automatische Sicherung<\/p>\n\n\n\n<div style=\"height:80px\" aria-hidden=\"true\" class=\"wp-block-spacer\"><\/div>\n\n\n\n<h2 class=\"wp-block-heading icon-chartup\">Sichere und personalisierte Kommunikation<\/h2>\n\n\n\n<p>Die Einf\u00fchrung eines Intranetportals bei CEZ hatte erhebliche Auswirkungen auf die interne Kommunikation und die Produktivit\u00e4t der Mitarbeiter. Das personalisierte System zur Bereitstellung von Inhalten reduzierte die Informationsflut und verbesserte die Effizienz des Zugangs zu relevanten Informationen. Dieser rationalisierte Ansatz hat zu einer besseren Zusammenarbeit und einer effektiveren Entscheidungsfindung \u00fcber Abteilungen und Standorte hinweg beigetragen.<\/p>\n\n\n\n<p>Die benutzerfreundliche Oberfl\u00e4che und die optimierte Navigation f\u00fchrten zu einer st\u00e4rkeren Einbindung der Benutzer und einer positiven Akzeptanz des Intranetportals. F\u00fcr die Mitarbeiter war es einfacher, mit anderen Kollegen in Kontakt zu treten, Wissen auszutauschen und auf notwendige Ressourcen zuzugreifen. Dadurch wurden Kommunikationsl\u00fccken \u00fcberbr\u00fcckt und die Mitarbeiter f\u00fchlten sich dem Unternehmen verbunden, was zu einer h\u00f6heren Mitarbeiterzufriedenheit und -bindung f\u00fchrte.<\/p>\n\n\n\n<p>Dar\u00fcber hinaus boten verbesserte Datensicherheitsma\u00dfnahmen einen soliden Schutz vor Cyber-Bedrohungen und sicherten die sensiblen Informationen des Unternehmens. Durch die Einf\u00fchrung fortschrittlicher Technologien und regelm\u00e4\u00dfiger Sicherheitsupdates ist CEZ widerstandsf\u00e4higer gegen sich ver\u00e4ndernde Risiken geworden, was das Vertrauen von Mitarbeitern und Interessengruppen st\u00e4rkt. Insgesamt hat die erfolgreiche Einf\u00fchrung des Intranetportals bei CEZ die interne Kommunikation revolutioniert, die Benutzerfreundlichkeit verbessert und die Datensicherheit erh\u00f6ht. Als Antwort auf die Herausforderungen, denen sich das Unternehmen gegen\u00fcbersieht, hat CEZ eine moderne und effiziente Plattform geschaffen, die die Kompetenzen der Mitarbeiter gest\u00e4rkt hat.Korzy\u015bciWnioskiExcepteur sint occaecat cupidatat non proident, sunt in culpa qui officia deserunt mollit anim id est laborum.<\/p>\n","protected":false},"excerpt":{"rendered":"<p>Veraltete Systeme, zunehmende Cyberbedrohungen Viele Jahre lang verwendete CEZ interne Kommunikationsmittel. Als das Unternehmen jedoch wuchs und sich die Technologie weiterentwickelte, reichten diese Tools nicht mehr aus. Die vorhandenen Systeme hatten nur begrenzte Anpassungsm\u00f6glichkeiten und eine unfreundliche Benutzeroberfl\u00e4che, was zu einer geringen Beteiligung der Benutzer f\u00fchrte. Dar\u00fcber hinaus f\u00fchrte die Unm\u00f6glichkeit, Informationen an bestimmte Mitarbeiter<a class=\"excerpt-read-more\" href=\"https:\/\/www.it-dev.eu\/de\/unsere-kunden\/cez\/\" title=\"ReadCEZ\">&#8230; Read more &raquo;<\/a><\/p>\n","protected":false},"author":7,"featured_media":10927,"parent":7022,"menu_order":0,"comment_status":"closed","ping_status":"closed","template":"templates\/page-case-study.php","meta":{"_acf_changed":false,"inline_featured_image":false,"footnotes":""},"class_list":["post-7244","page","type-page","status-publish","has-post-thumbnail","hentry"],"acf":[],"yoast_head":"<!-- This site is optimized with the Yoast SEO plugin v27.5 - https:\/\/yoast.com\/product\/yoast-seo-wordpress\/ -->\n<title>CEZ | IT-Dev<\/title>\n<meta name=\"description\" content=\"Podr\u00f3\u017c CEZ od chaosu komunikacyjnego do bezpiecznego, efektywnego miejsca pracy cyfrowego z wykorzystaniem Microsoft 365 i AvePoint.\" \/>\n<meta name=\"robots\" content=\"index, follow, max-snippet:-1, max-image-preview:large, max-video-preview:-1\" \/>\n<link rel=\"canonical\" href=\"https:\/\/www.it-dev.eu\/de\/unsere-kunden\/cez\/\" \/>\n<meta property=\"og:locale\" content=\"de_DE\" \/>\n<meta property=\"og:type\" content=\"article\" \/>\n<meta property=\"og:title\" content=\"CEZ | IT-Dev\" \/>\n<meta property=\"og:description\" content=\"Podr\u00f3\u017c CEZ od chaosu komunikacyjnego do bezpiecznego, efektywnego miejsca pracy cyfrowego z wykorzystaniem Microsoft 365 i AvePoint.\" \/>\n<meta property=\"og:url\" content=\"https:\/\/www.it-dev.eu\/de\/unsere-kunden\/cez\/\" \/>\n<meta property=\"og:site_name\" content=\"IT-Dev\" \/>\n<meta property=\"article:publisher\" content=\"https:\/\/www.facebook.com\/ITDevWroc\/\" \/>\n<meta property=\"article:modified_time\" content=\"2026-04-15T08:34:59+00:00\" \/>\n<meta property=\"og:image\" content=\"https:\/\/www.it-dev.eu\/wp-content\/uploads\/2026\/03\/cez-case-study.webp\" \/>\n\t<meta property=\"og:image:width\" content=\"720\" \/>\n\t<meta property=\"og:image:height\" content=\"720\" \/>\n\t<meta property=\"og:image:type\" content=\"image\/webp\" \/>\n<meta name=\"twitter:card\" content=\"summary_large_image\" \/>\n<meta name=\"twitter:site\" content=\"@IT_Dev\" \/>\n<meta name=\"twitter:label1\" content=\"Gesch\u00e4tzte Lesezeit\" \/>\n\t<meta name=\"twitter:data1\" content=\"3\u00a0Minuten\" \/>\n<script type=\"application\/ld+json\" class=\"yoast-schema-graph\">{\"@context\":\"https:\\\/\\\/schema.org\",\"@graph\":[{\"@type\":\"WebPage\",\"@id\":\"https:\\\/\\\/www.it-dev.eu\\\/de\\\/unsere-kunden\\\/cez\\\/\",\"url\":\"https:\\\/\\\/www.it-dev.eu\\\/de\\\/unsere-kunden\\\/cez\\\/\",\"name\":\"CEZ | IT-Dev\",\"isPartOf\":{\"@id\":\"https:\\\/\\\/www.it-dev.eu\\\/de\\\/#website\"},\"primaryImageOfPage\":{\"@id\":\"https:\\\/\\\/www.it-dev.eu\\\/de\\\/unsere-kunden\\\/cez\\\/#primaryimage\"},\"image\":{\"@id\":\"https:\\\/\\\/www.it-dev.eu\\\/de\\\/unsere-kunden\\\/cez\\\/#primaryimage\"},\"thumbnailUrl\":\"https:\\\/\\\/www.it-dev.eu\\\/wp-content\\\/uploads\\\/2026\\\/03\\\/cez-case-study.webp\",\"datePublished\":\"2023-07-27T08:29:00+00:00\",\"dateModified\":\"2026-04-15T08:34:59+00:00\",\"description\":\"Podr\u00f3\u017c CEZ od chaosu komunikacyjnego do bezpiecznego, efektywnego miejsca pracy cyfrowego z wykorzystaniem Microsoft 365 i AvePoint.\",\"breadcrumb\":{\"@id\":\"https:\\\/\\\/www.it-dev.eu\\\/de\\\/unsere-kunden\\\/cez\\\/#breadcrumb\"},\"inLanguage\":\"de\",\"potentialAction\":[{\"@type\":\"ReadAction\",\"target\":[\"https:\\\/\\\/www.it-dev.eu\\\/de\\\/unsere-kunden\\\/cez\\\/\"]}]},{\"@type\":\"ImageObject\",\"inLanguage\":\"de\",\"@id\":\"https:\\\/\\\/www.it-dev.eu\\\/de\\\/unsere-kunden\\\/cez\\\/#primaryimage\",\"url\":\"https:\\\/\\\/www.it-dev.eu\\\/wp-content\\\/uploads\\\/2026\\\/03\\\/cez-case-study.webp\",\"contentUrl\":\"https:\\\/\\\/www.it-dev.eu\\\/wp-content\\\/uploads\\\/2026\\\/03\\\/cez-case-study.webp\",\"width\":720,\"height\":720},{\"@type\":\"BreadcrumbList\",\"@id\":\"https:\\\/\\\/www.it-dev.eu\\\/de\\\/unsere-kunden\\\/cez\\\/#breadcrumb\",\"itemListElement\":[{\"@type\":\"ListItem\",\"position\":1,\"name\":\"Strona g\u0142\u00f3wna\",\"item\":\"https:\\\/\\\/www.it-dev.eu\\\/de\\\/\"},{\"@type\":\"ListItem\",\"position\":2,\"name\":\"Kunden\",\"item\":\"https:\\\/\\\/www.it-dev.eu\\\/de\\\/unsere-kunden\\\/\"},{\"@type\":\"ListItem\",\"position\":3,\"name\":\"CEZ\"}]},{\"@type\":\"WebSite\",\"@id\":\"https:\\\/\\\/www.it-dev.eu\\\/de\\\/#website\",\"url\":\"https:\\\/\\\/www.it-dev.eu\\\/de\\\/\",\"name\":\"IT-Dev - Limitless Digital Workplace\",\"description\":\"We create limitless Digital Workplaces\",\"publisher\":{\"@id\":\"https:\\\/\\\/www.it-dev.eu\\\/de\\\/#organization\"},\"potentialAction\":[{\"@type\":\"SearchAction\",\"target\":{\"@type\":\"EntryPoint\",\"urlTemplate\":\"https:\\\/\\\/www.it-dev.eu\\\/de\\\/?s={search_term_string}\"},\"query-input\":{\"@type\":\"PropertyValueSpecification\",\"valueRequired\":true,\"valueName\":\"search_term_string\"}}],\"inLanguage\":\"de\"},{\"@type\":\"Organization\",\"@id\":\"https:\\\/\\\/www.it-dev.eu\\\/de\\\/#organization\",\"name\":\"IT-Dev - Limitless Digital Workplace\",\"url\":\"https:\\\/\\\/www.it-dev.eu\\\/de\\\/\",\"logo\":{\"@type\":\"ImageObject\",\"inLanguage\":\"de\",\"@id\":\"https:\\\/\\\/www.it-dev.eu\\\/de\\\/#\\\/schema\\\/logo\\\/image\\\/\",\"url\":\"https:\\\/\\\/www.it-dev.eu\\\/wp-content\\\/uploads\\\/2023\\\/12\\\/it-dev-logo-696x696-1.png\",\"contentUrl\":\"https:\\\/\\\/www.it-dev.eu\\\/wp-content\\\/uploads\\\/2023\\\/12\\\/it-dev-logo-696x696-1.png\",\"width\":696,\"height\":696,\"caption\":\"IT-Dev - Limitless Digital Workplace\"},\"image\":{\"@id\":\"https:\\\/\\\/www.it-dev.eu\\\/de\\\/#\\\/schema\\\/logo\\\/image\\\/\"},\"sameAs\":[\"https:\\\/\\\/www.facebook.com\\\/ITDevWroc\\\/\",\"https:\\\/\\\/x.com\\\/IT_Dev\",\"https:\\\/\\\/www.linkedin.com\\\/company\\\/it-dev\\\/\",\"https:\\\/\\\/www.youtube.com\\\/user\\\/biuroitdev\"]}]}<\/script>\n<!-- \/ Yoast SEO plugin. -->","yoast_head_json":{"title":"CEZ | IT-Dev","description":"Podr\u00f3\u017c CEZ od chaosu komunikacyjnego do bezpiecznego, efektywnego miejsca pracy cyfrowego z wykorzystaniem Microsoft 365 i AvePoint.","robots":{"index":"index","follow":"follow","max-snippet":"max-snippet:-1","max-image-preview":"max-image-preview:large","max-video-preview":"max-video-preview:-1"},"canonical":"https:\/\/www.it-dev.eu\/de\/unsere-kunden\/cez\/","og_locale":"de_DE","og_type":"article","og_title":"CEZ | IT-Dev","og_description":"Podr\u00f3\u017c CEZ od chaosu komunikacyjnego do bezpiecznego, efektywnego miejsca pracy cyfrowego z wykorzystaniem Microsoft 365 i AvePoint.","og_url":"https:\/\/www.it-dev.eu\/de\/unsere-kunden\/cez\/","og_site_name":"IT-Dev","article_publisher":"https:\/\/www.facebook.com\/ITDevWroc\/","article_modified_time":"2026-04-15T08:34:59+00:00","og_image":[{"width":720,"height":720,"url":"https:\/\/www.it-dev.eu\/wp-content\/uploads\/2026\/03\/cez-case-study.webp","type":"image\/webp"}],"twitter_card":"summary_large_image","twitter_site":"@IT_Dev","twitter_misc":{"Gesch\u00e4tzte Lesezeit":"3\u00a0Minuten"},"schema":{"@context":"https:\/\/schema.org","@graph":[{"@type":"WebPage","@id":"https:\/\/www.it-dev.eu\/de\/unsere-kunden\/cez\/","url":"https:\/\/www.it-dev.eu\/de\/unsere-kunden\/cez\/","name":"CEZ | IT-Dev","isPartOf":{"@id":"https:\/\/www.it-dev.eu\/de\/#website"},"primaryImageOfPage":{"@id":"https:\/\/www.it-dev.eu\/de\/unsere-kunden\/cez\/#primaryimage"},"image":{"@id":"https:\/\/www.it-dev.eu\/de\/unsere-kunden\/cez\/#primaryimage"},"thumbnailUrl":"https:\/\/www.it-dev.eu\/wp-content\/uploads\/2026\/03\/cez-case-study.webp","datePublished":"2023-07-27T08:29:00+00:00","dateModified":"2026-04-15T08:34:59+00:00","description":"Podr\u00f3\u017c CEZ od chaosu komunikacyjnego do bezpiecznego, efektywnego miejsca pracy cyfrowego z wykorzystaniem Microsoft 365 i AvePoint.","breadcrumb":{"@id":"https:\/\/www.it-dev.eu\/de\/unsere-kunden\/cez\/#breadcrumb"},"inLanguage":"de","potentialAction":[{"@type":"ReadAction","target":["https:\/\/www.it-dev.eu\/de\/unsere-kunden\/cez\/"]}]},{"@type":"ImageObject","inLanguage":"de","@id":"https:\/\/www.it-dev.eu\/de\/unsere-kunden\/cez\/#primaryimage","url":"https:\/\/www.it-dev.eu\/wp-content\/uploads\/2026\/03\/cez-case-study.webp","contentUrl":"https:\/\/www.it-dev.eu\/wp-content\/uploads\/2026\/03\/cez-case-study.webp","width":720,"height":720},{"@type":"BreadcrumbList","@id":"https:\/\/www.it-dev.eu\/de\/unsere-kunden\/cez\/#breadcrumb","itemListElement":[{"@type":"ListItem","position":1,"name":"Strona g\u0142\u00f3wna","item":"https:\/\/www.it-dev.eu\/de\/"},{"@type":"ListItem","position":2,"name":"Kunden","item":"https:\/\/www.it-dev.eu\/de\/unsere-kunden\/"},{"@type":"ListItem","position":3,"name":"CEZ"}]},{"@type":"WebSite","@id":"https:\/\/www.it-dev.eu\/de\/#website","url":"https:\/\/www.it-dev.eu\/de\/","name":"IT-Dev - Limitless Digital Workplace","description":"We create limitless Digital Workplaces","publisher":{"@id":"https:\/\/www.it-dev.eu\/de\/#organization"},"potentialAction":[{"@type":"SearchAction","target":{"@type":"EntryPoint","urlTemplate":"https:\/\/www.it-dev.eu\/de\/?s={search_term_string}"},"query-input":{"@type":"PropertyValueSpecification","valueRequired":true,"valueName":"search_term_string"}}],"inLanguage":"de"},{"@type":"Organization","@id":"https:\/\/www.it-dev.eu\/de\/#organization","name":"IT-Dev - Limitless Digital Workplace","url":"https:\/\/www.it-dev.eu\/de\/","logo":{"@type":"ImageObject","inLanguage":"de","@id":"https:\/\/www.it-dev.eu\/de\/#\/schema\/logo\/image\/","url":"https:\/\/www.it-dev.eu\/wp-content\/uploads\/2023\/12\/it-dev-logo-696x696-1.png","contentUrl":"https:\/\/www.it-dev.eu\/wp-content\/uploads\/2023\/12\/it-dev-logo-696x696-1.png","width":696,"height":696,"caption":"IT-Dev - Limitless Digital Workplace"},"image":{"@id":"https:\/\/www.it-dev.eu\/de\/#\/schema\/logo\/image\/"},"sameAs":["https:\/\/www.facebook.com\/ITDevWroc\/","https:\/\/x.com\/IT_Dev","https:\/\/www.linkedin.com\/company\/it-dev\/","https:\/\/www.youtube.com\/user\/biuroitdev"]}]}},"_links":{"self":[{"href":"https:\/\/www.it-dev.eu\/de\/wp-json\/wp\/v2\/pages\/7244","targetHints":{"allow":["GET"]}}],"collection":[{"href":"https:\/\/www.it-dev.eu\/de\/wp-json\/wp\/v2\/pages"}],"about":[{"href":"https:\/\/www.it-dev.eu\/de\/wp-json\/wp\/v2\/types\/page"}],"author":[{"embeddable":true,"href":"https:\/\/www.it-dev.eu\/de\/wp-json\/wp\/v2\/users\/7"}],"replies":[{"embeddable":true,"href":"https:\/\/www.it-dev.eu\/de\/wp-json\/wp\/v2\/comments?post=7244"}],"version-history":[{"count":5,"href":"https:\/\/www.it-dev.eu\/de\/wp-json\/wp\/v2\/pages\/7244\/revisions"}],"predecessor-version":[{"id":11580,"href":"https:\/\/www.it-dev.eu\/de\/wp-json\/wp\/v2\/pages\/7244\/revisions\/11580"}],"up":[{"embeddable":true,"href":"https:\/\/www.it-dev.eu\/de\/wp-json\/wp\/v2\/pages\/7022"}],"wp:featuredmedia":[{"embeddable":true,"href":"https:\/\/www.it-dev.eu\/de\/wp-json\/wp\/v2\/media\/10927"}],"wp:attachment":[{"href":"https:\/\/www.it-dev.eu\/de\/wp-json\/wp\/v2\/media?parent=7244"}],"curies":[{"name":"wp","href":"https:\/\/api.w.org\/{rel}","templated":true}]}}