{"id":7272,"date":"2023-07-27T10:29:45","date_gmt":"2023-07-27T08:29:45","guid":{"rendered":"https:\/\/www.it-dev.eu\/klienci\/skanska\/"},"modified":"2026-04-15T10:37:44","modified_gmt":"2026-04-15T08:37:44","slug":"skanska","status":"publish","type":"page","link":"https:\/\/www.it-dev.eu\/de\/unsere-kunden\/skanska\/","title":{"rendered":"Skanska"},"content":{"rendered":"\n<h2 class=\"wp-block-heading icon-warning\">Arbeitsunf\u00e4lle erforderten eine Standardisierung<\/h2>\n\n\n\n<p>Die Gesch\u00e4ftseinheit CEE von Skanska Commercial Development nutzt Wissen und Weitsicht, um die Art und Weise zu gestalten, wie Menschen leben, arbeiten und sich vernetzen. Gemeinsam mit Kunden, Partnern und dem Fachwissen ihres Teams schafft sie innovative und nachhaltige Orte und L\u00f6sungen, die ein gesundes Leben jetzt und in Zukunft unterst\u00fctzen.<\/p>\n\n\n\n<p>Sicherheit ist f\u00fcr Skanska in jeder Phase der Projektentwicklung eine Priorit\u00e4t. Das Unternehmen gab an, dass die Kenntnis von Gesundheits- und Sicherheitsvorf\u00e4llen auf die unmittelbar Beteiligten beschr\u00e4nkt war. Es gab erhebliche Probleme bei der Weitergabe von Informationen.<\/p>\n\n\n\n<p>Um die Berichterstattung \u00fcber Vorf\u00e4lle zu rationalisieren und die Kommunikation zu verbessern, entschied sich das Unternehmen f\u00fcr den Einsatz einer SharePoint-Anwendung. Die Benutzer, die haupts\u00e4chlich mit Bauarbeiten zu tun haben, fanden es jedoch schwierig, das Format des Unfallberichts zu reproduzieren. Zusammenfassungen wurden in unterschiedlichen Stilen verfasst und waren nicht standardisiert. Es mangelte eindeutig an einem Bewusstsein f\u00fcr die Funktion der Technologie. Infolgedessen war der Prozess der Genehmigung von Unfallberichten langwierig und kompliziert.<\/p>\n\n\n\n<div style=\"height:80px\" aria-hidden=\"true\" class=\"wp-block-spacer\"><\/div>\n\n\n\n<h2 class=\"wp-block-heading icon-bulb\">Automatische Berichte und Wissensdatenbank<\/h2>\n\n\n\n<p>Skanska arbeitete mit IT-DEV zusammen, um das Potenzial von Office 365 auszusch\u00f6pfen und eine umfassende L\u00f6sung zu entwickeln. Zun\u00e4chst wurden Audits durchgef\u00fchrt, um den aktuellen Prozess zur Meldung von Vorf\u00e4llen zu verstehen.<\/p>\n\n\n\n<p>Die entwickelte L\u00f6sung basierte auf einem benutzerfreundlichen Formular, das es den Mitarbeitern erm\u00f6glichte, Vorf\u00e4lle w\u00e4hrend des Arbeitstages schnell zu melden. Die Daten aus dem Formular wurden automatisch in standardisierte Berichte umgewandelt, die die Vorf\u00e4lle kategorisierten und ihr Auftreten, ihre Ergebnisse und Schlussfolgerungen zusammenfassten. Dadurch wurde der Meldeprozess gestrafft, da sich wiederholende Schritte wegfielen.<\/p>\n\n\n\n<p>Der Prozess beinhaltete auch eine integrierte Gesundheits- und Sicherheitsgenehmigung. Die Berichte wurden direkt an den zust\u00e4ndigen Gesundheits- und Sicherheitsbeauftragten weitergeleitet. Microsoft Teams erleichterte die Kommunikation mit den am Genehmigungsprozess Beteiligten, indem es Benachrichtigungen und Erinnerungen verschickte, um einen reibungslosen Arbeitsablauf zu gew\u00e4hrleisten.<\/p>\n\n\n\n<div style=\"height:80px\" aria-hidden=\"true\" class=\"wp-block-spacer\"><\/div>\n\n\n\n<h2 class=\"wp-block-heading icon-chartup\">Datengest\u00fctzte Sicherheit<\/h2>\n\n\n\n<p>Die Einf\u00fchrung einer L\u00f6sung zur Meldung von Vorf\u00e4llen und zum Wissensaustausch hat Skanska eine Reihe von Vorteilen gebracht.<\/p>\n\n\n\n<p>Die L\u00f6sung hat die Arbeitserfahrung der Mitarbeiter an vorderster Front erheblich verbessert, da es f\u00fcr sie einfacher geworden ist, Vorfallsdaten zu sammeln. Der Berichterstattungsprozess wurde vereinfacht und die Erstellung von Artikeln wurde automatisiert, wodurch sich der Zeit- und Arbeitsaufwand der Bereichsleiter verringert hat, die nun nur noch die Artikel \u00fcberpr\u00fcfen und genehmigen m\u00fcssen.<\/p>\n\n\n\n<p>Dem Unternehmen ist es au\u00dferdem gelungen, eine voll funktionsf\u00e4hige Wissensdatenbank aufzubauen, die den Austausch bew\u00e4hrter Verfahren erleichtert und so zur Sicherheit und zum Wohlbefinden der Mitarbeiter beitr\u00e4gt.<\/p>\n\n\n\n<p>Angeregt durch den Erfolg des urspr\u00fcnglichen Projekts hat Skanska \u00e4hnliche L\u00f6sungen auf andere Bereiche ausgedehnt, z. B. auf bew\u00e4hrte Verfahren auf Baustellen und in der Rechtsabteilung. Dies beweist die Skalierbarkeit und Flexibilit\u00e4t der L\u00f6sung.<\/p>\n\n\n\n<p>Skanskas Weg mit Office 365 zeigt, wie die digitale Transformation die Sicherheitspraktiken verbessern, den Wissensaustausch f\u00f6rdern und den kulturellen Wandel innerhalb der Organisation vorantreiben kann. Durch die Nutzung innovativer Technologien und die Bef\u00e4higung der Mitarbeiter ist Skanska erheblich gewachsen.<\/p>\n","protected":false},"excerpt":{"rendered":"<p>Arbeitsunf\u00e4lle erforderten eine Standardisierung Die Gesch\u00e4ftseinheit CEE von Skanska Commercial Development nutzt Wissen und Weitsicht, um die Art und Weise zu gestalten, wie Menschen leben, arbeiten und sich vernetzen. Gemeinsam mit Kunden, Partnern und dem Fachwissen ihres Teams schafft sie innovative und nachhaltige Orte und L\u00f6sungen, die ein gesundes Leben jetzt und in Zukunft unterst\u00fctzen.<a class=\"excerpt-read-more\" href=\"https:\/\/www.it-dev.eu\/de\/unsere-kunden\/skanska\/\" title=\"ReadSkanska\">&#8230; Read more &raquo;<\/a><\/p>\n","protected":false},"author":7,"featured_media":7027,"parent":7022,"menu_order":0,"comment_status":"closed","ping_status":"closed","template":"templates\/page-case-study.php","meta":{"_acf_changed":false,"inline_featured_image":false,"footnotes":""},"class_list":["post-7272","page","type-page","status-publish","has-post-thumbnail","hentry"],"acf":[],"yoast_head":"<!-- This site is optimized with the Yoast SEO plugin v27.5 - https:\/\/yoast.com\/product\/yoast-seo-wordpress\/ -->\n<title>Skanska | IT-Dev<\/title>\n<meta name=\"description\" content=\"Dzi\u0119ki platformie Microsoft 365 Power Platform Skanska poprawi\u0142a bezpiecze\u0144stwo pracownik\u00f3w oraz usprawni\u0142a proces raportowania incydent\u00f3w!\" \/>\n<meta name=\"robots\" content=\"index, follow, max-snippet:-1, max-image-preview:large, max-video-preview:-1\" \/>\n<link rel=\"canonical\" href=\"https:\/\/www.it-dev.eu\/de\/unsere-kunden\/skanska\/\" \/>\n<meta property=\"og:locale\" content=\"de_DE\" \/>\n<meta property=\"og:type\" content=\"article\" \/>\n<meta property=\"og:title\" content=\"Skanska | IT-Dev\" \/>\n<meta property=\"og:description\" content=\"Dzi\u0119ki platformie Microsoft 365 Power Platform Skanska poprawi\u0142a bezpiecze\u0144stwo pracownik\u00f3w oraz usprawni\u0142a proces raportowania incydent\u00f3w!\" \/>\n<meta property=\"og:url\" content=\"https:\/\/www.it-dev.eu\/de\/unsere-kunden\/skanska\/\" \/>\n<meta property=\"og:site_name\" content=\"IT-Dev\" \/>\n<meta property=\"article:publisher\" content=\"https:\/\/www.facebook.com\/ITDevWroc\/\" \/>\n<meta property=\"article:modified_time\" content=\"2026-04-15T08:37:44+00:00\" \/>\n<meta property=\"og:image\" content=\"https:\/\/www.it-dev.eu\/wp-content\/uploads\/2023\/09\/cs-1-skanska.webp\" \/>\n\t<meta property=\"og:image:width\" content=\"1080\" \/>\n\t<meta property=\"og:image:height\" content=\"720\" \/>\n\t<meta property=\"og:image:type\" content=\"image\/webp\" \/>\n<meta name=\"twitter:card\" content=\"summary_large_image\" \/>\n<meta name=\"twitter:site\" content=\"@IT_Dev\" \/>\n<meta name=\"twitter:label1\" content=\"Gesch\u00e4tzte Lesezeit\" \/>\n\t<meta name=\"twitter:data1\" content=\"3\u00a0Minuten\" \/>\n<script type=\"application\/ld+json\" class=\"yoast-schema-graph\">{\"@context\":\"https:\\\/\\\/schema.org\",\"@graph\":[{\"@type\":\"WebPage\",\"@id\":\"https:\\\/\\\/www.it-dev.eu\\\/de\\\/unsere-kunden\\\/skanska\\\/\",\"url\":\"https:\\\/\\\/www.it-dev.eu\\\/de\\\/unsere-kunden\\\/skanska\\\/\",\"name\":\"Skanska | IT-Dev\",\"isPartOf\":{\"@id\":\"https:\\\/\\\/www.it-dev.eu\\\/de\\\/#website\"},\"primaryImageOfPage\":{\"@id\":\"https:\\\/\\\/www.it-dev.eu\\\/de\\\/unsere-kunden\\\/skanska\\\/#primaryimage\"},\"image\":{\"@id\":\"https:\\\/\\\/www.it-dev.eu\\\/de\\\/unsere-kunden\\\/skanska\\\/#primaryimage\"},\"thumbnailUrl\":\"https:\\\/\\\/www.it-dev.eu\\\/wp-content\\\/uploads\\\/2023\\\/09\\\/cs-1-skanska.webp\",\"datePublished\":\"2023-07-27T08:29:45+00:00\",\"dateModified\":\"2026-04-15T08:37:44+00:00\",\"description\":\"Dzi\u0119ki platformie Microsoft 365 Power Platform Skanska poprawi\u0142a bezpiecze\u0144stwo pracownik\u00f3w oraz usprawni\u0142a proces raportowania incydent\u00f3w!\",\"breadcrumb\":{\"@id\":\"https:\\\/\\\/www.it-dev.eu\\\/de\\\/unsere-kunden\\\/skanska\\\/#breadcrumb\"},\"inLanguage\":\"de\",\"potentialAction\":[{\"@type\":\"ReadAction\",\"target\":[\"https:\\\/\\\/www.it-dev.eu\\\/de\\\/unsere-kunden\\\/skanska\\\/\"]}]},{\"@type\":\"ImageObject\",\"inLanguage\":\"de\",\"@id\":\"https:\\\/\\\/www.it-dev.eu\\\/de\\\/unsere-kunden\\\/skanska\\\/#primaryimage\",\"url\":\"https:\\\/\\\/www.it-dev.eu\\\/wp-content\\\/uploads\\\/2023\\\/09\\\/cs-1-skanska.webp\",\"contentUrl\":\"https:\\\/\\\/www.it-dev.eu\\\/wp-content\\\/uploads\\\/2023\\\/09\\\/cs-1-skanska.webp\",\"width\":1080,\"height\":720},{\"@type\":\"BreadcrumbList\",\"@id\":\"https:\\\/\\\/www.it-dev.eu\\\/de\\\/unsere-kunden\\\/skanska\\\/#breadcrumb\",\"itemListElement\":[{\"@type\":\"ListItem\",\"position\":1,\"name\":\"Strona g\u0142\u00f3wna\",\"item\":\"https:\\\/\\\/www.it-dev.eu\\\/de\\\/\"},{\"@type\":\"ListItem\",\"position\":2,\"name\":\"Kunden\",\"item\":\"https:\\\/\\\/www.it-dev.eu\\\/de\\\/unsere-kunden\\\/\"},{\"@type\":\"ListItem\",\"position\":3,\"name\":\"Skanska\"}]},{\"@type\":\"WebSite\",\"@id\":\"https:\\\/\\\/www.it-dev.eu\\\/de\\\/#website\",\"url\":\"https:\\\/\\\/www.it-dev.eu\\\/de\\\/\",\"name\":\"IT-Dev - Limitless Digital Workplace\",\"description\":\"We create limitless Digital Workplaces\",\"publisher\":{\"@id\":\"https:\\\/\\\/www.it-dev.eu\\\/de\\\/#organization\"},\"potentialAction\":[{\"@type\":\"SearchAction\",\"target\":{\"@type\":\"EntryPoint\",\"urlTemplate\":\"https:\\\/\\\/www.it-dev.eu\\\/de\\\/?s={search_term_string}\"},\"query-input\":{\"@type\":\"PropertyValueSpecification\",\"valueRequired\":true,\"valueName\":\"search_term_string\"}}],\"inLanguage\":\"de\"},{\"@type\":\"Organization\",\"@id\":\"https:\\\/\\\/www.it-dev.eu\\\/de\\\/#organization\",\"name\":\"IT-Dev - Limitless Digital Workplace\",\"url\":\"https:\\\/\\\/www.it-dev.eu\\\/de\\\/\",\"logo\":{\"@type\":\"ImageObject\",\"inLanguage\":\"de\",\"@id\":\"https:\\\/\\\/www.it-dev.eu\\\/de\\\/#\\\/schema\\\/logo\\\/image\\\/\",\"url\":\"https:\\\/\\\/www.it-dev.eu\\\/wp-content\\\/uploads\\\/2023\\\/12\\\/it-dev-logo-696x696-1.png\",\"contentUrl\":\"https:\\\/\\\/www.it-dev.eu\\\/wp-content\\\/uploads\\\/2023\\\/12\\\/it-dev-logo-696x696-1.png\",\"width\":696,\"height\":696,\"caption\":\"IT-Dev - Limitless Digital Workplace\"},\"image\":{\"@id\":\"https:\\\/\\\/www.it-dev.eu\\\/de\\\/#\\\/schema\\\/logo\\\/image\\\/\"},\"sameAs\":[\"https:\\\/\\\/www.facebook.com\\\/ITDevWroc\\\/\",\"https:\\\/\\\/x.com\\\/IT_Dev\",\"https:\\\/\\\/www.linkedin.com\\\/company\\\/it-dev\\\/\",\"https:\\\/\\\/www.youtube.com\\\/user\\\/biuroitdev\"]}]}<\/script>\n<!-- \/ Yoast SEO plugin. -->","yoast_head_json":{"title":"Skanska | IT-Dev","description":"Dzi\u0119ki platformie Microsoft 365 Power Platform Skanska poprawi\u0142a bezpiecze\u0144stwo pracownik\u00f3w oraz usprawni\u0142a proces raportowania incydent\u00f3w!","robots":{"index":"index","follow":"follow","max-snippet":"max-snippet:-1","max-image-preview":"max-image-preview:large","max-video-preview":"max-video-preview:-1"},"canonical":"https:\/\/www.it-dev.eu\/de\/unsere-kunden\/skanska\/","og_locale":"de_DE","og_type":"article","og_title":"Skanska | IT-Dev","og_description":"Dzi\u0119ki platformie Microsoft 365 Power Platform Skanska poprawi\u0142a bezpiecze\u0144stwo pracownik\u00f3w oraz usprawni\u0142a proces raportowania incydent\u00f3w!","og_url":"https:\/\/www.it-dev.eu\/de\/unsere-kunden\/skanska\/","og_site_name":"IT-Dev","article_publisher":"https:\/\/www.facebook.com\/ITDevWroc\/","article_modified_time":"2026-04-15T08:37:44+00:00","og_image":[{"width":1080,"height":720,"url":"https:\/\/www.it-dev.eu\/wp-content\/uploads\/2023\/09\/cs-1-skanska.webp","type":"image\/webp"}],"twitter_card":"summary_large_image","twitter_site":"@IT_Dev","twitter_misc":{"Gesch\u00e4tzte Lesezeit":"3\u00a0Minuten"},"schema":{"@context":"https:\/\/schema.org","@graph":[{"@type":"WebPage","@id":"https:\/\/www.it-dev.eu\/de\/unsere-kunden\/skanska\/","url":"https:\/\/www.it-dev.eu\/de\/unsere-kunden\/skanska\/","name":"Skanska | IT-Dev","isPartOf":{"@id":"https:\/\/www.it-dev.eu\/de\/#website"},"primaryImageOfPage":{"@id":"https:\/\/www.it-dev.eu\/de\/unsere-kunden\/skanska\/#primaryimage"},"image":{"@id":"https:\/\/www.it-dev.eu\/de\/unsere-kunden\/skanska\/#primaryimage"},"thumbnailUrl":"https:\/\/www.it-dev.eu\/wp-content\/uploads\/2023\/09\/cs-1-skanska.webp","datePublished":"2023-07-27T08:29:45+00:00","dateModified":"2026-04-15T08:37:44+00:00","description":"Dzi\u0119ki platformie Microsoft 365 Power Platform Skanska poprawi\u0142a bezpiecze\u0144stwo pracownik\u00f3w oraz usprawni\u0142a proces raportowania incydent\u00f3w!","breadcrumb":{"@id":"https:\/\/www.it-dev.eu\/de\/unsere-kunden\/skanska\/#breadcrumb"},"inLanguage":"de","potentialAction":[{"@type":"ReadAction","target":["https:\/\/www.it-dev.eu\/de\/unsere-kunden\/skanska\/"]}]},{"@type":"ImageObject","inLanguage":"de","@id":"https:\/\/www.it-dev.eu\/de\/unsere-kunden\/skanska\/#primaryimage","url":"https:\/\/www.it-dev.eu\/wp-content\/uploads\/2023\/09\/cs-1-skanska.webp","contentUrl":"https:\/\/www.it-dev.eu\/wp-content\/uploads\/2023\/09\/cs-1-skanska.webp","width":1080,"height":720},{"@type":"BreadcrumbList","@id":"https:\/\/www.it-dev.eu\/de\/unsere-kunden\/skanska\/#breadcrumb","itemListElement":[{"@type":"ListItem","position":1,"name":"Strona g\u0142\u00f3wna","item":"https:\/\/www.it-dev.eu\/de\/"},{"@type":"ListItem","position":2,"name":"Kunden","item":"https:\/\/www.it-dev.eu\/de\/unsere-kunden\/"},{"@type":"ListItem","position":3,"name":"Skanska"}]},{"@type":"WebSite","@id":"https:\/\/www.it-dev.eu\/de\/#website","url":"https:\/\/www.it-dev.eu\/de\/","name":"IT-Dev - Limitless Digital Workplace","description":"We create limitless Digital Workplaces","publisher":{"@id":"https:\/\/www.it-dev.eu\/de\/#organization"},"potentialAction":[{"@type":"SearchAction","target":{"@type":"EntryPoint","urlTemplate":"https:\/\/www.it-dev.eu\/de\/?s={search_term_string}"},"query-input":{"@type":"PropertyValueSpecification","valueRequired":true,"valueName":"search_term_string"}}],"inLanguage":"de"},{"@type":"Organization","@id":"https:\/\/www.it-dev.eu\/de\/#organization","name":"IT-Dev - Limitless Digital Workplace","url":"https:\/\/www.it-dev.eu\/de\/","logo":{"@type":"ImageObject","inLanguage":"de","@id":"https:\/\/www.it-dev.eu\/de\/#\/schema\/logo\/image\/","url":"https:\/\/www.it-dev.eu\/wp-content\/uploads\/2023\/12\/it-dev-logo-696x696-1.png","contentUrl":"https:\/\/www.it-dev.eu\/wp-content\/uploads\/2023\/12\/it-dev-logo-696x696-1.png","width":696,"height":696,"caption":"IT-Dev - Limitless Digital Workplace"},"image":{"@id":"https:\/\/www.it-dev.eu\/de\/#\/schema\/logo\/image\/"},"sameAs":["https:\/\/www.facebook.com\/ITDevWroc\/","https:\/\/x.com\/IT_Dev","https:\/\/www.linkedin.com\/company\/it-dev\/","https:\/\/www.youtube.com\/user\/biuroitdev"]}]}},"_links":{"self":[{"href":"https:\/\/www.it-dev.eu\/de\/wp-json\/wp\/v2\/pages\/7272","targetHints":{"allow":["GET"]}}],"collection":[{"href":"https:\/\/www.it-dev.eu\/de\/wp-json\/wp\/v2\/pages"}],"about":[{"href":"https:\/\/www.it-dev.eu\/de\/wp-json\/wp\/v2\/types\/page"}],"author":[{"embeddable":true,"href":"https:\/\/www.it-dev.eu\/de\/wp-json\/wp\/v2\/users\/7"}],"replies":[{"embeddable":true,"href":"https:\/\/www.it-dev.eu\/de\/wp-json\/wp\/v2\/comments?post=7272"}],"version-history":[{"count":5,"href":"https:\/\/www.it-dev.eu\/de\/wp-json\/wp\/v2\/pages\/7272\/revisions"}],"predecessor-version":[{"id":11583,"href":"https:\/\/www.it-dev.eu\/de\/wp-json\/wp\/v2\/pages\/7272\/revisions\/11583"}],"up":[{"embeddable":true,"href":"https:\/\/www.it-dev.eu\/de\/wp-json\/wp\/v2\/pages\/7022"}],"wp:featuredmedia":[{"embeddable":true,"href":"https:\/\/www.it-dev.eu\/de\/wp-json\/wp\/v2\/media\/7027"}],"wp:attachment":[{"href":"https:\/\/www.it-dev.eu\/de\/wp-json\/wp\/v2\/media?parent=7272"}],"curies":[{"name":"wp","href":"https:\/\/api.w.org\/{rel}","templated":true}]}}