{"id":7300,"date":"2024-07-25T09:26:41","date_gmt":"2024-07-25T07:26:41","guid":{"rendered":"https:\/\/www.it-dev.eu\/klienci\/taxxo\/"},"modified":"2026-04-15T10:39:55","modified_gmt":"2026-04-15T08:39:55","slug":"taxxo","status":"publish","type":"page","link":"https:\/\/www.it-dev.eu\/de\/unsere-kunden\/taxxo\/","title":{"rendered":"TAXXO"},"content":{"rendered":"\n<h2 class=\"wp-block-heading icon-warning\">Zersplitterte Tools, unklare Markenidentit\u00e4t<\/h2>\n\n\n\n<p>Unser Kunde erkannte, wie wichtig eine starke Verbindung zur Markenidentit\u00e4t und zu den Werten ist, insbesondere bei einer verteilten Belegschaft, und machte sich daran, seinen eigenen digitalen Arbeitsplatz zu revolutionieren.<\/p>\n\n\n\n<p>Die gr\u00f6\u00dfte Herausforderung f\u00fcr das Unternehmen bestand darin, eine integrierte digitale Umgebung zu schaffen, die mit der Marke \u00fcbereinstimmt und den Mitarbeitern einen einfachen Zugang zu den notwendigen Informationen, Dokumenten und Anwendungen erm\u00f6glicht, die sie f\u00fcr die Erf\u00fcllung ihrer t\u00e4glichen Aufgaben ben\u00f6tigen. Das Fehlen einer solchen L\u00f6sung zwang die Mitarbeiter, sich auf verschiedenen Plattformen und Tools zurechtzufinden, was das Markenimage verw\u00e4sserte und die Erledigung von Aufgaben erschwerte.<\/p>\n\n\n\n<p>Dar\u00fcber hinaus wollte das Unternehmen sicherstellen, dass auch Mitarbeiter, die von unterwegs aus arbeiten, eine starke Verbindung zur Marke sp\u00fcren und den digitalen Arbeitsplatz nicht nur als eine Sammlung von Tools, sondern als eine personalisierte und konsistente Erfahrung wahrnehmen. Die L\u00f6sung dieser Herausforderungen war der Schl\u00fcssel zur Verringerung der Mitarbeiterfluktuation, zur Steigerung des Markenbewusstseins und zur Verbesserung der Gesamtproduktivit\u00e4t.<\/p>\n\n\n\n<div style=\"height:80px\" aria-hidden=\"true\" class=\"wp-block-spacer\"><\/div>\n\n\n\n<h2 class=\"wp-block-heading icon-bulb\">Visuelles Branding in SharePoint<\/h2>\n\n\n\n<p>Als Antwort auf diese Herausforderungen hat Columb Technologies in Zusammenarbeit mit IT-Dev bahnbrechende L\u00f6sungen implementiert, die durch unseren Limitless Digital Workplace Branding Service verbessert wurden. Dieser innovative Service macht sich die Kraft des visuellen Engagements zunutze und verwandelt SharePoint-basierte digitale Arbeitspl\u00e4tze in visuell ansprechende Umgebungen, die die Mitarbeiter auf einer tieferen Ebene ansprechen.<\/p>\n\n\n\n<p>Da mehr als 80 Prozent der Informationen, die unser Gehirn verarbeitet, visuell sind, kann die Bedeutung eines visuell ansprechenden digitalen Arbeitsplatzes nicht hoch genug eingesch\u00e4tzt werden. Limitless Digital Workplace Branding, ein Service, der nahtlos in Microsoft 365 integriert ist, hat es Columb Technologies erm\u00f6glicht, saisonale Overlays nahtlos auf das Intranet anzuwenden und den digitalen Arbeitsplatz mit einer einheitlichen visuellen Ebene zu versehen, die mit dem Corporate Branding des Unternehmens \u00fcbereinstimmt. Die L\u00f6sung bietet Flexibilit\u00e4t mit einer Reihe von verf\u00fcgbaren Themen innerhalb des Brandings sowie einem Master-Thema, das auf die spezifischen Anforderungen von Columb Technologies zugeschnitten ist.<\/p>\n\n\n\n<div style=\"height:80px\" aria-hidden=\"true\" class=\"wp-block-spacer\"><\/div>\n\n\n\n<h2 class=\"wp-block-heading icon-chartup\">Schnelleres Onboarding und h\u00f6here Akzeptanz<\/h2>\n\n\n\n<p>Die Einf\u00fchrung eines visuell ansprechenden und markenkonformen digitalen Arbeitsplatzes hat die Akzeptanz bei den Mitarbeitern deutlich erh\u00f6ht. Die Mitarbeiter von Columb Technologies haben nun einen vereinfachten Zugang zu wichtigen Informationen, Dokumenten und Tools f\u00fcr die Zusammenarbeit \u2013 und das alles in einer markenkonformen Umgebung. Der so konzipierte zentrale digitale Arbeitsplatz hat dazu beigetragen, den Einf\u00fchrungsprozess f\u00fcr neue Mitarbeiter zu vereinfachen, indem er ihnen das Verst\u00e4ndnis f\u00fcr die Werte, die Mission und die Vision des Unternehmens erleichtert und ihnen gleichzeitig Zeit beim Erlernen der Unternehmens- und Gesch\u00e4ftsprozesse erspart.<\/p>\n\n\n\n<div style=\"height:80px\" aria-hidden=\"true\" class=\"wp-block-spacer\"><\/div>\n\n\n\n<h2 class=\"wp-block-heading\">Die Marke auf jedem Bildschirm sichtbar<\/h2>\n\n\n\n<div class=\"wp-block-group itdev-icon-row is-nowrap is-layout-flex wp-container-core-group-is-layout-ad2f72ca wp-block-group-is-layout-flex\">\n<figure class=\"wp-block-image size-full\"><img decoding=\"async\" src=\"https:\/\/www.it-dev.eu\/wp-content\/uploads\/2026\/02\/icon-viva-portal-orange.svg\" alt=\"\" class=\"wp-image-10670\"\/><\/figure>\n\n\n\n<p>Verst\u00e4rkte Nutzung des zentralisierten digitalen Arbeitsplatzes.<\/p>\n<\/div>\n\n\n\n<div class=\"wp-block-group itdev-icon-row is-nowrap is-layout-flex wp-container-core-group-is-layout-ad2f72ca wp-block-group-is-layout-flex\">\n<figure class=\"wp-block-image size-full\"><img decoding=\"async\" src=\"https:\/\/www.it-dev.eu\/wp-content\/uploads\/2026\/02\/icon-clock-orange.svg\" alt=\"\" class=\"wp-image-10688\"\/><\/figure>\n\n\n\n<p>Geringerer Zeitaufwand f\u00fcr die Suche nach Informationen.<\/p>\n<\/div>\n\n\n\n<div class=\"wp-block-group itdev-icon-row is-nowrap is-layout-flex wp-container-core-group-is-layout-ad2f72ca wp-block-group-is-layout-flex\">\n<figure class=\"wp-block-image size-full\"><img decoding=\"async\" src=\"https:\/\/www.it-dev.eu\/wp-content\/uploads\/2026\/02\/icon-viva-web-app-orange.svg\" alt=\"\" class=\"wp-image-10631\"\/><\/figure>\n\n\n\n<p>Erh\u00f6hte Besch\u00e4ftigung mit den verf\u00fcgbaren Tools und Anwendungen.<\/p>\n<\/div>\n\n\n\n<div class=\"wp-block-group itdev-icon-row is-nowrap is-layout-flex wp-container-core-group-is-layout-ad2f72ca wp-block-group-is-layout-flex\">\n<figure class=\"wp-block-image size-full\"><img decoding=\"async\" src=\"https:\/\/www.it-dev.eu\/wp-content\/uploads\/2026\/02\/icon-viva-user-chat-orange.svg\" alt=\"\" class=\"wp-image-10682\"\/><\/figure>\n\n\n\n<p>Gesteigerte Markenbekanntheit bei den Mitarbeitern.<\/p>\n<\/div>\n\n\n\n<div class=\"wp-block-group itdev-icon-row is-nowrap is-layout-flex wp-container-core-group-is-layout-ad2f72ca wp-block-group-is-layout-flex\">\n<figure class=\"wp-block-image size-full\"><img decoding=\"async\" src=\"https:\/\/www.it-dev.eu\/wp-content\/uploads\/2026\/02\/icon-viva-2-users-orange.svg\" alt=\"\" class=\"wp-image-10634\"\/><\/figure>\n\n\n\n<p>Erh\u00f6htes Engagement und Zugeh\u00f6rigkeitsgef\u00fchl der Mitarbeiter.<\/p>\n<\/div>\n\n\n\n<div style=\"height:80px\" aria-hidden=\"true\" class=\"wp-block-spacer\"><\/div>\n\n\n\n<h2 class=\"wp-block-heading\">\u00c4sthetik f\u00f6rdert das Engagement der Mitarbeiter<\/h2>\n\n\n\n<ul class=\"wp-block-list arrow-list\">\n<li>Optisch ansprechende Arbeitspl\u00e4tze erh\u00f6hen die Besucherzahlen erheblich.<\/li>\n\n\n\n<li>Investitionen in UX\/UI f\u00fchren zu k\u00fcrzeren Zugriffszeiten auf Informationen, Dokumente und Anwendungen.<\/li>\n\n\n\n<li>Eine einheitliche Benutzererfahrung minimiert die Lernkurve f\u00fcr neue Tools und erh\u00f6ht die Gesamtproduktivit\u00e4t.<\/li>\n<\/ul>\n\n\n\n<p>Durch eine strategische Partnerschaft mit IT-Dev hat Columb Technologies seinen digitalen Arbeitsplatz erfolgreich umgestaltet und so eine engagiertere, produktivere und markenkonsistentere Erfahrung f\u00fcr seine Mitarbeiter geschaffen.<\/p>\n\n\n\n<p>Dieses Beispiel zeigt die wahre Kraft der digitalen Innovation bei der Organisation eines Arbeitsplatzes, der nicht nur die funktionalen Anforderungen erf\u00fcllt.<\/p>\n","protected":false},"excerpt":{"rendered":"<p>Zersplitterte Tools, unklare Markenidentit\u00e4t Unser Kunde erkannte, wie wichtig eine starke Verbindung zur Markenidentit\u00e4t und zu den Werten ist, insbesondere bei einer verteilten Belegschaft, und machte sich daran, seinen eigenen digitalen Arbeitsplatz zu revolutionieren. Die gr\u00f6\u00dfte Herausforderung f\u00fcr das Unternehmen bestand darin, eine integrierte digitale Umgebung zu schaffen, die mit der Marke \u00fcbereinstimmt und den<a class=\"excerpt-read-more\" href=\"https:\/\/www.it-dev.eu\/de\/unsere-kunden\/taxxo\/\" title=\"ReadTAXXO\">&#8230; Read more &raquo;<\/a><\/p>\n","protected":false},"author":4,"featured_media":7034,"parent":7022,"menu_order":0,"comment_status":"closed","ping_status":"closed","template":"templates\/page-case-study.php","meta":{"_acf_changed":false,"inline_featured_image":false,"footnotes":""},"class_list":["post-7300","page","type-page","status-publish","has-post-thumbnail","hentry"],"acf":[],"yoast_head":"<!-- This site is optimized with the Yoast SEO plugin v27.5 - https:\/\/yoast.com\/product\/yoast-seo-wordpress\/ -->\n<title>TAXXO | IT-Dev<\/title>\n<meta name=\"robots\" content=\"index, follow, max-snippet:-1, max-image-preview:large, max-video-preview:-1\" \/>\n<link rel=\"canonical\" href=\"https:\/\/www.it-dev.eu\/de\/unsere-kunden\/taxxo\/\" \/>\n<meta property=\"og:locale\" content=\"de_DE\" \/>\n<meta property=\"og:type\" content=\"article\" \/>\n<meta property=\"og:title\" content=\"TAXXO | IT-Dev\" \/>\n<meta property=\"og:description\" content=\"Zersplitterte Tools, unklare Markenidentit\u00e4t Unser Kunde erkannte, wie wichtig eine starke Verbindung zur Markenidentit\u00e4t und zu den Werten ist, insbesondere bei einer verteilten Belegschaft, und machte sich daran, seinen eigenen digitalen Arbeitsplatz zu revolutionieren. Die gr\u00f6\u00dfte Herausforderung f\u00fcr das Unternehmen bestand darin, eine integrierte digitale Umgebung zu schaffen, die mit der Marke \u00fcbereinstimmt und den... Read more &raquo;\" \/>\n<meta property=\"og:url\" content=\"https:\/\/www.it-dev.eu\/de\/unsere-kunden\/taxxo\/\" \/>\n<meta property=\"og:site_name\" content=\"IT-Dev\" \/>\n<meta property=\"article:publisher\" content=\"https:\/\/www.facebook.com\/ITDevWroc\/\" \/>\n<meta property=\"article:modified_time\" content=\"2026-04-15T08:39:55+00:00\" \/>\n<meta property=\"og:image\" content=\"https:\/\/www.it-dev.eu\/wp-content\/uploads\/2024\/07\/taxxo-thumb.webp\" \/>\n\t<meta property=\"og:image:width\" content=\"1080\" \/>\n\t<meta property=\"og:image:height\" content=\"720\" \/>\n\t<meta property=\"og:image:type\" content=\"image\/webp\" \/>\n<meta name=\"twitter:card\" content=\"summary_large_image\" \/>\n<meta name=\"twitter:site\" content=\"@IT_Dev\" \/>\n<meta name=\"twitter:label1\" content=\"Gesch\u00e4tzte Lesezeit\" \/>\n\t<meta name=\"twitter:data1\" content=\"4\u00a0Minuten\" \/>\n<script type=\"application\/ld+json\" class=\"yoast-schema-graph\">{\"@context\":\"https:\\\/\\\/schema.org\",\"@graph\":[{\"@type\":\"WebPage\",\"@id\":\"https:\\\/\\\/www.it-dev.eu\\\/de\\\/unsere-kunden\\\/taxxo\\\/\",\"url\":\"https:\\\/\\\/www.it-dev.eu\\\/de\\\/unsere-kunden\\\/taxxo\\\/\",\"name\":\"TAXXO | IT-Dev\",\"isPartOf\":{\"@id\":\"https:\\\/\\\/www.it-dev.eu\\\/de\\\/#website\"},\"primaryImageOfPage\":{\"@id\":\"https:\\\/\\\/www.it-dev.eu\\\/de\\\/unsere-kunden\\\/taxxo\\\/#primaryimage\"},\"image\":{\"@id\":\"https:\\\/\\\/www.it-dev.eu\\\/de\\\/unsere-kunden\\\/taxxo\\\/#primaryimage\"},\"thumbnailUrl\":\"https:\\\/\\\/www.it-dev.eu\\\/wp-content\\\/uploads\\\/2024\\\/07\\\/taxxo-thumb.webp\",\"datePublished\":\"2024-07-25T07:26:41+00:00\",\"dateModified\":\"2026-04-15T08:39:55+00:00\",\"breadcrumb\":{\"@id\":\"https:\\\/\\\/www.it-dev.eu\\\/de\\\/unsere-kunden\\\/taxxo\\\/#breadcrumb\"},\"inLanguage\":\"de\",\"potentialAction\":[{\"@type\":\"ReadAction\",\"target\":[\"https:\\\/\\\/www.it-dev.eu\\\/de\\\/unsere-kunden\\\/taxxo\\\/\"]}]},{\"@type\":\"ImageObject\",\"inLanguage\":\"de\",\"@id\":\"https:\\\/\\\/www.it-dev.eu\\\/de\\\/unsere-kunden\\\/taxxo\\\/#primaryimage\",\"url\":\"https:\\\/\\\/www.it-dev.eu\\\/wp-content\\\/uploads\\\/2024\\\/07\\\/taxxo-thumb.webp\",\"contentUrl\":\"https:\\\/\\\/www.it-dev.eu\\\/wp-content\\\/uploads\\\/2024\\\/07\\\/taxxo-thumb.webp\",\"width\":1080,\"height\":720},{\"@type\":\"BreadcrumbList\",\"@id\":\"https:\\\/\\\/www.it-dev.eu\\\/de\\\/unsere-kunden\\\/taxxo\\\/#breadcrumb\",\"itemListElement\":[{\"@type\":\"ListItem\",\"position\":1,\"name\":\"Strona g\u0142\u00f3wna\",\"item\":\"https:\\\/\\\/www.it-dev.eu\\\/de\\\/\"},{\"@type\":\"ListItem\",\"position\":2,\"name\":\"Kunden\",\"item\":\"https:\\\/\\\/www.it-dev.eu\\\/de\\\/unsere-kunden\\\/\"},{\"@type\":\"ListItem\",\"position\":3,\"name\":\"TAXXO\"}]},{\"@type\":\"WebSite\",\"@id\":\"https:\\\/\\\/www.it-dev.eu\\\/de\\\/#website\",\"url\":\"https:\\\/\\\/www.it-dev.eu\\\/de\\\/\",\"name\":\"IT-Dev - Limitless Digital Workplace\",\"description\":\"We create limitless Digital Workplaces\",\"publisher\":{\"@id\":\"https:\\\/\\\/www.it-dev.eu\\\/de\\\/#organization\"},\"potentialAction\":[{\"@type\":\"SearchAction\",\"target\":{\"@type\":\"EntryPoint\",\"urlTemplate\":\"https:\\\/\\\/www.it-dev.eu\\\/de\\\/?s={search_term_string}\"},\"query-input\":{\"@type\":\"PropertyValueSpecification\",\"valueRequired\":true,\"valueName\":\"search_term_string\"}}],\"inLanguage\":\"de\"},{\"@type\":\"Organization\",\"@id\":\"https:\\\/\\\/www.it-dev.eu\\\/de\\\/#organization\",\"name\":\"IT-Dev - Limitless Digital Workplace\",\"url\":\"https:\\\/\\\/www.it-dev.eu\\\/de\\\/\",\"logo\":{\"@type\":\"ImageObject\",\"inLanguage\":\"de\",\"@id\":\"https:\\\/\\\/www.it-dev.eu\\\/de\\\/#\\\/schema\\\/logo\\\/image\\\/\",\"url\":\"https:\\\/\\\/www.it-dev.eu\\\/wp-content\\\/uploads\\\/2023\\\/12\\\/it-dev-logo-696x696-1.png\",\"contentUrl\":\"https:\\\/\\\/www.it-dev.eu\\\/wp-content\\\/uploads\\\/2023\\\/12\\\/it-dev-logo-696x696-1.png\",\"width\":696,\"height\":696,\"caption\":\"IT-Dev - Limitless Digital Workplace\"},\"image\":{\"@id\":\"https:\\\/\\\/www.it-dev.eu\\\/de\\\/#\\\/schema\\\/logo\\\/image\\\/\"},\"sameAs\":[\"https:\\\/\\\/www.facebook.com\\\/ITDevWroc\\\/\",\"https:\\\/\\\/x.com\\\/IT_Dev\",\"https:\\\/\\\/www.linkedin.com\\\/company\\\/it-dev\\\/\",\"https:\\\/\\\/www.youtube.com\\\/user\\\/biuroitdev\"]}]}<\/script>\n<!-- \/ Yoast SEO plugin. -->","yoast_head_json":{"title":"TAXXO | IT-Dev","robots":{"index":"index","follow":"follow","max-snippet":"max-snippet:-1","max-image-preview":"max-image-preview:large","max-video-preview":"max-video-preview:-1"},"canonical":"https:\/\/www.it-dev.eu\/de\/unsere-kunden\/taxxo\/","og_locale":"de_DE","og_type":"article","og_title":"TAXXO | IT-Dev","og_description":"Zersplitterte Tools, unklare Markenidentit\u00e4t Unser Kunde erkannte, wie wichtig eine starke Verbindung zur Markenidentit\u00e4t und zu den Werten ist, insbesondere bei einer verteilten Belegschaft, und machte sich daran, seinen eigenen digitalen Arbeitsplatz zu revolutionieren. Die gr\u00f6\u00dfte Herausforderung f\u00fcr das Unternehmen bestand darin, eine integrierte digitale Umgebung zu schaffen, die mit der Marke \u00fcbereinstimmt und den... Read more &raquo;","og_url":"https:\/\/www.it-dev.eu\/de\/unsere-kunden\/taxxo\/","og_site_name":"IT-Dev","article_publisher":"https:\/\/www.facebook.com\/ITDevWroc\/","article_modified_time":"2026-04-15T08:39:55+00:00","og_image":[{"width":1080,"height":720,"url":"https:\/\/www.it-dev.eu\/wp-content\/uploads\/2024\/07\/taxxo-thumb.webp","type":"image\/webp"}],"twitter_card":"summary_large_image","twitter_site":"@IT_Dev","twitter_misc":{"Gesch\u00e4tzte Lesezeit":"4\u00a0Minuten"},"schema":{"@context":"https:\/\/schema.org","@graph":[{"@type":"WebPage","@id":"https:\/\/www.it-dev.eu\/de\/unsere-kunden\/taxxo\/","url":"https:\/\/www.it-dev.eu\/de\/unsere-kunden\/taxxo\/","name":"TAXXO | IT-Dev","isPartOf":{"@id":"https:\/\/www.it-dev.eu\/de\/#website"},"primaryImageOfPage":{"@id":"https:\/\/www.it-dev.eu\/de\/unsere-kunden\/taxxo\/#primaryimage"},"image":{"@id":"https:\/\/www.it-dev.eu\/de\/unsere-kunden\/taxxo\/#primaryimage"},"thumbnailUrl":"https:\/\/www.it-dev.eu\/wp-content\/uploads\/2024\/07\/taxxo-thumb.webp","datePublished":"2024-07-25T07:26:41+00:00","dateModified":"2026-04-15T08:39:55+00:00","breadcrumb":{"@id":"https:\/\/www.it-dev.eu\/de\/unsere-kunden\/taxxo\/#breadcrumb"},"inLanguage":"de","potentialAction":[{"@type":"ReadAction","target":["https:\/\/www.it-dev.eu\/de\/unsere-kunden\/taxxo\/"]}]},{"@type":"ImageObject","inLanguage":"de","@id":"https:\/\/www.it-dev.eu\/de\/unsere-kunden\/taxxo\/#primaryimage","url":"https:\/\/www.it-dev.eu\/wp-content\/uploads\/2024\/07\/taxxo-thumb.webp","contentUrl":"https:\/\/www.it-dev.eu\/wp-content\/uploads\/2024\/07\/taxxo-thumb.webp","width":1080,"height":720},{"@type":"BreadcrumbList","@id":"https:\/\/www.it-dev.eu\/de\/unsere-kunden\/taxxo\/#breadcrumb","itemListElement":[{"@type":"ListItem","position":1,"name":"Strona g\u0142\u00f3wna","item":"https:\/\/www.it-dev.eu\/de\/"},{"@type":"ListItem","position":2,"name":"Kunden","item":"https:\/\/www.it-dev.eu\/de\/unsere-kunden\/"},{"@type":"ListItem","position":3,"name":"TAXXO"}]},{"@type":"WebSite","@id":"https:\/\/www.it-dev.eu\/de\/#website","url":"https:\/\/www.it-dev.eu\/de\/","name":"IT-Dev - Limitless Digital Workplace","description":"We create limitless Digital Workplaces","publisher":{"@id":"https:\/\/www.it-dev.eu\/de\/#organization"},"potentialAction":[{"@type":"SearchAction","target":{"@type":"EntryPoint","urlTemplate":"https:\/\/www.it-dev.eu\/de\/?s={search_term_string}"},"query-input":{"@type":"PropertyValueSpecification","valueRequired":true,"valueName":"search_term_string"}}],"inLanguage":"de"},{"@type":"Organization","@id":"https:\/\/www.it-dev.eu\/de\/#organization","name":"IT-Dev - Limitless Digital Workplace","url":"https:\/\/www.it-dev.eu\/de\/","logo":{"@type":"ImageObject","inLanguage":"de","@id":"https:\/\/www.it-dev.eu\/de\/#\/schema\/logo\/image\/","url":"https:\/\/www.it-dev.eu\/wp-content\/uploads\/2023\/12\/it-dev-logo-696x696-1.png","contentUrl":"https:\/\/www.it-dev.eu\/wp-content\/uploads\/2023\/12\/it-dev-logo-696x696-1.png","width":696,"height":696,"caption":"IT-Dev - Limitless Digital Workplace"},"image":{"@id":"https:\/\/www.it-dev.eu\/de\/#\/schema\/logo\/image\/"},"sameAs":["https:\/\/www.facebook.com\/ITDevWroc\/","https:\/\/x.com\/IT_Dev","https:\/\/www.linkedin.com\/company\/it-dev\/","https:\/\/www.youtube.com\/user\/biuroitdev"]}]}},"_links":{"self":[{"href":"https:\/\/www.it-dev.eu\/de\/wp-json\/wp\/v2\/pages\/7300","targetHints":{"allow":["GET"]}}],"collection":[{"href":"https:\/\/www.it-dev.eu\/de\/wp-json\/wp\/v2\/pages"}],"about":[{"href":"https:\/\/www.it-dev.eu\/de\/wp-json\/wp\/v2\/types\/page"}],"author":[{"embeddable":true,"href":"https:\/\/www.it-dev.eu\/de\/wp-json\/wp\/v2\/users\/4"}],"replies":[{"embeddable":true,"href":"https:\/\/www.it-dev.eu\/de\/wp-json\/wp\/v2\/comments?post=7300"}],"version-history":[{"count":4,"href":"https:\/\/www.it-dev.eu\/de\/wp-json\/wp\/v2\/pages\/7300\/revisions"}],"predecessor-version":[{"id":11585,"href":"https:\/\/www.it-dev.eu\/de\/wp-json\/wp\/v2\/pages\/7300\/revisions\/11585"}],"up":[{"embeddable":true,"href":"https:\/\/www.it-dev.eu\/de\/wp-json\/wp\/v2\/pages\/7022"}],"wp:featuredmedia":[{"embeddable":true,"href":"https:\/\/www.it-dev.eu\/de\/wp-json\/wp\/v2\/media\/7034"}],"wp:attachment":[{"href":"https:\/\/www.it-dev.eu\/de\/wp-json\/wp\/v2\/media?parent=7300"}],"curies":[{"name":"wp","href":"https:\/\/api.w.org\/{rel}","templated":true}]}}