{"id":7307,"date":"2023-07-27T10:30:06","date_gmt":"2023-07-27T08:30:06","guid":{"rendered":"https:\/\/www.it-dev.eu\/klienci\/vision-express\/"},"modified":"2026-04-15T10:36:49","modified_gmt":"2026-04-15T08:36:49","slug":"vision-express-de","status":"publish","type":"page","link":"https:\/\/www.it-dev.eu\/de\/unsere-kunden\/vision-express-de\/","title":{"rendered":"Vision Express"},"content":{"rendered":"\n<h2 class=\"wp-block-heading icon-warning\">Manuelle Audits in \u00fcber 200 Filialen<\/h2>\n\n\n\n<p>Vision Express ist stolz darauf, datengesteuerte Entscheidungen zu treffen. Da jedoch viele Gesch\u00e4fte \u00fcber das ganze Land verteilt sind, war die manuelle Erfassung und Verwaltung von Audit-Daten (mit Excel- und PDF-Dateien) zeitaufw\u00e4ndig und fehleranf\u00e4llig. Vision Express sah sich mit der Herausforderung konfrontiert, die Daten seiner Optikergesch\u00e4fte effizient zu erfassen, zu organisieren und zu analysieren.<\/p>\n\n\n\n<p>Auch die Kommunikation zwischen der Zentrale und den Gesch\u00e4ften musste verbessert werden. Mehr Engagement der Mitarbeiter, Zusammenarbeit und Informationsaustausch waren erforderlich, um Effizienz zu gew\u00e4hrleisten.<\/p>\n\n\n\n<ul class=\"wp-block-list arrow-list\">\n<li>Ineffiziente und fehleranf\u00e4llige Datenverwaltung<\/li>\n\n\n\n<li>Schwierigkeiten bei der Organisation und Analyse von Daten aus mehreren Standorten<\/li>\n\n\n\n<li>Unzureichende Kommunikation zwischen der Zentrale und den Filialen<\/li>\n<\/ul>\n\n\n\n<div style=\"height:80px\" aria-hidden=\"true\" class=\"wp-block-spacer\"><\/div>\n\n\n\n<h2 class=\"wp-block-heading icon-bulb\">Digitaler STORE-CHECK auf Azure<\/h2>\n\n\n\n<p>IT-Dev schlug vor, eine benutzerdefinierte Anwendung namens \u201eSTORE-CHECK\u201c zu entwickeln, um das Problem der Datenerfassung in nicht digitalisierter Form zu l\u00f6sen. Die Anwendung wurde auf der Azure-Plattform entwickelt und bot den Mitarbeitern eine intuitive Schnittstelle zum digitalen Ausf\u00fcllen von Umfragen. Die Antworten wurden sofort in einer zentralen Datenbank gespeichert, so dass die manuelle Eingabe von Informationen entfiel und das Fehlerrisiko minimiert wurde.<\/p>\n\n\n\n<p>Dar\u00fcber hinaus erm\u00f6glichte die Anwendung das Hochladen von Fotos, was den Detailgrad der Dokumentation erh\u00f6hte. Das System ordnete die Empfehlungen automatisch bestimmten Gesch\u00e4ften zu und erinnerte an anstehende Korrekturma\u00dfnahmen. Dar\u00fcber hinaus wurde die Anwendung in das Intranet des Unternehmens integriert, so dass der Zugriff mit einem Mausklick m\u00f6glich war.<\/p>\n\n\n\n<p>IT-Dev setzte Microsoft-Technologien ein, um die Kommunikation und das Engagement der Mitarbeiter zu verbessern. Sie f\u00fchrten Kollaborationstools wie Microsoft Teams ein, die eine nahtlose Kommunikation zwischen der Zentrale und den Niederlassungen erm\u00f6glichten. Dies erm\u00f6glichte den Informationsaustausch in Echtzeit, die gemeinsame Arbeit an Dokumenten und eine effektive Teamarbeit. Die L\u00f6sung umfasste auch Funktionen zur Mitarbeiterbindung wie Belohnungsprogramme f\u00fcr Mitarbeiter und interaktive Feedback-Mechanismen, um ein positives Arbeitsumfeld zu f\u00f6rdern.<\/p>\n\n\n\n<div style=\"height:80px\" aria-hidden=\"true\" class=\"wp-block-spacer\"><\/div>\n\n\n\n<h2 class=\"wp-block-heading icon-chartup\">Entscheidungen auf der Grundlage qualitativ hochwertiger Daten<\/h2>\n\n\n\n<p>Die von IT Dev eingef\u00fchrten \u00c4nderungen haben es Vision Express erm\u00f6glicht, datengest\u00fctzte Entscheidungen zu treffen und Wachstumsmuster, Trends und Bereiche, die zus\u00e4tzliche Aufmerksamkeit erfordern, kontinuierlich zu \u00fcberwachen.<\/p>\n\n\n\n<p>Der Auditprozess ist nun transparenter und einfacher in der t\u00e4glichen Anwendung. Die Einf\u00fchrung digitaler Tools f\u00fcr Betriebspr\u00fcfungen hat dazu beigetragen, den Zeitaufwand f\u00fcr diese T\u00e4tigkeiten zu verringern und den \u00fcberm\u00e4\u00dfigen Einsatz von B\u00fcromaterial zu vermeiden.<\/p>\n\n\n\n<p>Die Integration von Microsoft Teams und anderen Tools zur Zusammenarbeit hat die Kommunikation und den Informationsaustausch zwischen der Zentrale und den Gesch\u00e4ften verbessert. Die Mitarbeiter k\u00f6nnen nun gemeinsam an Projekten arbeiten, bew\u00e4hrte Verfahren austauschen und problemlos um Unterst\u00fctzung bitten.<\/p>\n\n\n\n<p>Vision Express nutzt die Dienste von IT-Dev bereits seit mehr als 10 Jahren. Die Zusammenarbeit zwischen den beiden Unternehmen hat eine Schl\u00fcsselrolle dabei gespielt, die digitale Transformation bei Vision Express voranzutreiben und Technologie zu nutzen, um Abl\u00e4ufe zu optimieren, den Kundenservice zu verbessern und zuk\u00fcnftiges Wachstum zu unterst\u00fctzen.<\/p>\n","protected":false},"excerpt":{"rendered":"<p>Manuelle Audits in \u00fcber 200 Filialen Vision Express ist stolz darauf, datengesteuerte Entscheidungen zu treffen. Da jedoch viele Gesch\u00e4fte \u00fcber das ganze Land verteilt sind, war die manuelle Erfassung und Verwaltung von Audit-Daten (mit Excel- und PDF-Dateien) zeitaufw\u00e4ndig und fehleranf\u00e4llig. Vision Express sah sich mit der Herausforderung konfrontiert, die Daten seiner Optikergesch\u00e4fte effizient zu erfassen,<a class=\"excerpt-read-more\" href=\"https:\/\/www.it-dev.eu\/de\/unsere-kunden\/vision-express-de\/\" title=\"ReadVision Express\">&#8230; Read more &raquo;<\/a><\/p>\n","protected":false},"author":7,"featured_media":7030,"parent":7022,"menu_order":0,"comment_status":"closed","ping_status":"closed","template":"templates\/page-case-study.php","meta":{"_acf_changed":false,"inline_featured_image":false,"footnotes":""},"class_list":["post-7307","page","type-page","status-publish","has-post-thumbnail","hentry"],"acf":[],"yoast_head":"<!-- This site is optimized with the Yoast SEO plugin v27.5 - https:\/\/yoast.com\/product\/yoast-seo-wordpress\/ -->\n<title>Vision Express | IT-Dev<\/title>\n<meta name=\"description\" content=\"Vision Express optymalizuje operacje dzi\u0119ki niestandardowej aplikacji od IT-Dev i technologii Microsoft, usprawniaj\u0105c audyty i komunikacj\u0119!\" \/>\n<meta name=\"robots\" content=\"index, follow, max-snippet:-1, max-image-preview:large, max-video-preview:-1\" \/>\n<link rel=\"canonical\" href=\"https:\/\/www.it-dev.eu\/de\/unsere-kunden\/vision-express-de\/\" \/>\n<meta property=\"og:locale\" content=\"de_DE\" \/>\n<meta property=\"og:type\" content=\"article\" \/>\n<meta property=\"og:title\" content=\"Vision Express | IT-Dev\" \/>\n<meta property=\"og:description\" content=\"Vision Express optymalizuje operacje dzi\u0119ki niestandardowej aplikacji od IT-Dev i technologii Microsoft, usprawniaj\u0105c audyty i komunikacj\u0119!\" \/>\n<meta property=\"og:url\" content=\"https:\/\/www.it-dev.eu\/de\/unsere-kunden\/vision-express-de\/\" \/>\n<meta property=\"og:site_name\" content=\"IT-Dev\" \/>\n<meta property=\"article:publisher\" content=\"https:\/\/www.facebook.com\/ITDevWroc\/\" \/>\n<meta property=\"article:modified_time\" content=\"2026-04-15T08:36:49+00:00\" \/>\n<meta property=\"og:image\" content=\"https:\/\/www.it-dev.eu\/wp-content\/uploads\/2023\/09\/cs-4-vision-express.webp\" \/>\n\t<meta property=\"og:image:width\" content=\"1080\" \/>\n\t<meta property=\"og:image:height\" content=\"720\" \/>\n\t<meta property=\"og:image:type\" content=\"image\/webp\" \/>\n<meta name=\"twitter:card\" content=\"summary_large_image\" \/>\n<meta name=\"twitter:site\" content=\"@IT_Dev\" \/>\n<meta name=\"twitter:label1\" content=\"Gesch\u00e4tzte Lesezeit\" \/>\n\t<meta name=\"twitter:data1\" content=\"3\u00a0Minuten\" \/>\n<script type=\"application\/ld+json\" class=\"yoast-schema-graph\">{\"@context\":\"https:\\\/\\\/schema.org\",\"@graph\":[{\"@type\":\"WebPage\",\"@id\":\"https:\\\/\\\/www.it-dev.eu\\\/de\\\/unsere-kunden\\\/vision-express-de\\\/\",\"url\":\"https:\\\/\\\/www.it-dev.eu\\\/de\\\/unsere-kunden\\\/vision-express-de\\\/\",\"name\":\"Vision Express | IT-Dev\",\"isPartOf\":{\"@id\":\"https:\\\/\\\/www.it-dev.eu\\\/de\\\/#website\"},\"primaryImageOfPage\":{\"@id\":\"https:\\\/\\\/www.it-dev.eu\\\/de\\\/unsere-kunden\\\/vision-express-de\\\/#primaryimage\"},\"image\":{\"@id\":\"https:\\\/\\\/www.it-dev.eu\\\/de\\\/unsere-kunden\\\/vision-express-de\\\/#primaryimage\"},\"thumbnailUrl\":\"https:\\\/\\\/www.it-dev.eu\\\/wp-content\\\/uploads\\\/2023\\\/09\\\/cs-4-vision-express.webp\",\"datePublished\":\"2023-07-27T08:30:06+00:00\",\"dateModified\":\"2026-04-15T08:36:49+00:00\",\"description\":\"Vision Express optymalizuje operacje dzi\u0119ki niestandardowej aplikacji od IT-Dev i technologii Microsoft, usprawniaj\u0105c audyty i komunikacj\u0119!\",\"breadcrumb\":{\"@id\":\"https:\\\/\\\/www.it-dev.eu\\\/de\\\/unsere-kunden\\\/vision-express-de\\\/#breadcrumb\"},\"inLanguage\":\"de\",\"potentialAction\":[{\"@type\":\"ReadAction\",\"target\":[\"https:\\\/\\\/www.it-dev.eu\\\/de\\\/unsere-kunden\\\/vision-express-de\\\/\"]}]},{\"@type\":\"ImageObject\",\"inLanguage\":\"de\",\"@id\":\"https:\\\/\\\/www.it-dev.eu\\\/de\\\/unsere-kunden\\\/vision-express-de\\\/#primaryimage\",\"url\":\"https:\\\/\\\/www.it-dev.eu\\\/wp-content\\\/uploads\\\/2023\\\/09\\\/cs-4-vision-express.webp\",\"contentUrl\":\"https:\\\/\\\/www.it-dev.eu\\\/wp-content\\\/uploads\\\/2023\\\/09\\\/cs-4-vision-express.webp\",\"width\":1080,\"height\":720},{\"@type\":\"BreadcrumbList\",\"@id\":\"https:\\\/\\\/www.it-dev.eu\\\/de\\\/unsere-kunden\\\/vision-express-de\\\/#breadcrumb\",\"itemListElement\":[{\"@type\":\"ListItem\",\"position\":1,\"name\":\"Strona g\u0142\u00f3wna\",\"item\":\"https:\\\/\\\/www.it-dev.eu\\\/de\\\/\"},{\"@type\":\"ListItem\",\"position\":2,\"name\":\"Kunden\",\"item\":\"https:\\\/\\\/www.it-dev.eu\\\/de\\\/unsere-kunden\\\/\"},{\"@type\":\"ListItem\",\"position\":3,\"name\":\"Vision Express\"}]},{\"@type\":\"WebSite\",\"@id\":\"https:\\\/\\\/www.it-dev.eu\\\/de\\\/#website\",\"url\":\"https:\\\/\\\/www.it-dev.eu\\\/de\\\/\",\"name\":\"IT-Dev - Limitless Digital Workplace\",\"description\":\"We create limitless Digital Workplaces\",\"publisher\":{\"@id\":\"https:\\\/\\\/www.it-dev.eu\\\/de\\\/#organization\"},\"potentialAction\":[{\"@type\":\"SearchAction\",\"target\":{\"@type\":\"EntryPoint\",\"urlTemplate\":\"https:\\\/\\\/www.it-dev.eu\\\/de\\\/?s={search_term_string}\"},\"query-input\":{\"@type\":\"PropertyValueSpecification\",\"valueRequired\":true,\"valueName\":\"search_term_string\"}}],\"inLanguage\":\"de\"},{\"@type\":\"Organization\",\"@id\":\"https:\\\/\\\/www.it-dev.eu\\\/de\\\/#organization\",\"name\":\"IT-Dev - Limitless Digital Workplace\",\"url\":\"https:\\\/\\\/www.it-dev.eu\\\/de\\\/\",\"logo\":{\"@type\":\"ImageObject\",\"inLanguage\":\"de\",\"@id\":\"https:\\\/\\\/www.it-dev.eu\\\/de\\\/#\\\/schema\\\/logo\\\/image\\\/\",\"url\":\"https:\\\/\\\/www.it-dev.eu\\\/wp-content\\\/uploads\\\/2023\\\/12\\\/it-dev-logo-696x696-1.png\",\"contentUrl\":\"https:\\\/\\\/www.it-dev.eu\\\/wp-content\\\/uploads\\\/2023\\\/12\\\/it-dev-logo-696x696-1.png\",\"width\":696,\"height\":696,\"caption\":\"IT-Dev - Limitless Digital Workplace\"},\"image\":{\"@id\":\"https:\\\/\\\/www.it-dev.eu\\\/de\\\/#\\\/schema\\\/logo\\\/image\\\/\"},\"sameAs\":[\"https:\\\/\\\/www.facebook.com\\\/ITDevWroc\\\/\",\"https:\\\/\\\/x.com\\\/IT_Dev\",\"https:\\\/\\\/www.linkedin.com\\\/company\\\/it-dev\\\/\",\"https:\\\/\\\/www.youtube.com\\\/user\\\/biuroitdev\"]}]}<\/script>\n<!-- \/ Yoast SEO plugin. -->","yoast_head_json":{"title":"Vision Express | IT-Dev","description":"Vision Express optymalizuje operacje dzi\u0119ki niestandardowej aplikacji od IT-Dev i technologii Microsoft, usprawniaj\u0105c audyty i komunikacj\u0119!","robots":{"index":"index","follow":"follow","max-snippet":"max-snippet:-1","max-image-preview":"max-image-preview:large","max-video-preview":"max-video-preview:-1"},"canonical":"https:\/\/www.it-dev.eu\/de\/unsere-kunden\/vision-express-de\/","og_locale":"de_DE","og_type":"article","og_title":"Vision Express | IT-Dev","og_description":"Vision Express optymalizuje operacje dzi\u0119ki niestandardowej aplikacji od IT-Dev i technologii Microsoft, usprawniaj\u0105c audyty i komunikacj\u0119!","og_url":"https:\/\/www.it-dev.eu\/de\/unsere-kunden\/vision-express-de\/","og_site_name":"IT-Dev","article_publisher":"https:\/\/www.facebook.com\/ITDevWroc\/","article_modified_time":"2026-04-15T08:36:49+00:00","og_image":[{"width":1080,"height":720,"url":"https:\/\/www.it-dev.eu\/wp-content\/uploads\/2023\/09\/cs-4-vision-express.webp","type":"image\/webp"}],"twitter_card":"summary_large_image","twitter_site":"@IT_Dev","twitter_misc":{"Gesch\u00e4tzte Lesezeit":"3\u00a0Minuten"},"schema":{"@context":"https:\/\/schema.org","@graph":[{"@type":"WebPage","@id":"https:\/\/www.it-dev.eu\/de\/unsere-kunden\/vision-express-de\/","url":"https:\/\/www.it-dev.eu\/de\/unsere-kunden\/vision-express-de\/","name":"Vision Express | IT-Dev","isPartOf":{"@id":"https:\/\/www.it-dev.eu\/de\/#website"},"primaryImageOfPage":{"@id":"https:\/\/www.it-dev.eu\/de\/unsere-kunden\/vision-express-de\/#primaryimage"},"image":{"@id":"https:\/\/www.it-dev.eu\/de\/unsere-kunden\/vision-express-de\/#primaryimage"},"thumbnailUrl":"https:\/\/www.it-dev.eu\/wp-content\/uploads\/2023\/09\/cs-4-vision-express.webp","datePublished":"2023-07-27T08:30:06+00:00","dateModified":"2026-04-15T08:36:49+00:00","description":"Vision Express optymalizuje operacje dzi\u0119ki niestandardowej aplikacji od IT-Dev i technologii Microsoft, usprawniaj\u0105c audyty i komunikacj\u0119!","breadcrumb":{"@id":"https:\/\/www.it-dev.eu\/de\/unsere-kunden\/vision-express-de\/#breadcrumb"},"inLanguage":"de","potentialAction":[{"@type":"ReadAction","target":["https:\/\/www.it-dev.eu\/de\/unsere-kunden\/vision-express-de\/"]}]},{"@type":"ImageObject","inLanguage":"de","@id":"https:\/\/www.it-dev.eu\/de\/unsere-kunden\/vision-express-de\/#primaryimage","url":"https:\/\/www.it-dev.eu\/wp-content\/uploads\/2023\/09\/cs-4-vision-express.webp","contentUrl":"https:\/\/www.it-dev.eu\/wp-content\/uploads\/2023\/09\/cs-4-vision-express.webp","width":1080,"height":720},{"@type":"BreadcrumbList","@id":"https:\/\/www.it-dev.eu\/de\/unsere-kunden\/vision-express-de\/#breadcrumb","itemListElement":[{"@type":"ListItem","position":1,"name":"Strona g\u0142\u00f3wna","item":"https:\/\/www.it-dev.eu\/de\/"},{"@type":"ListItem","position":2,"name":"Kunden","item":"https:\/\/www.it-dev.eu\/de\/unsere-kunden\/"},{"@type":"ListItem","position":3,"name":"Vision Express"}]},{"@type":"WebSite","@id":"https:\/\/www.it-dev.eu\/de\/#website","url":"https:\/\/www.it-dev.eu\/de\/","name":"IT-Dev - Limitless Digital Workplace","description":"We create limitless Digital Workplaces","publisher":{"@id":"https:\/\/www.it-dev.eu\/de\/#organization"},"potentialAction":[{"@type":"SearchAction","target":{"@type":"EntryPoint","urlTemplate":"https:\/\/www.it-dev.eu\/de\/?s={search_term_string}"},"query-input":{"@type":"PropertyValueSpecification","valueRequired":true,"valueName":"search_term_string"}}],"inLanguage":"de"},{"@type":"Organization","@id":"https:\/\/www.it-dev.eu\/de\/#organization","name":"IT-Dev - Limitless Digital Workplace","url":"https:\/\/www.it-dev.eu\/de\/","logo":{"@type":"ImageObject","inLanguage":"de","@id":"https:\/\/www.it-dev.eu\/de\/#\/schema\/logo\/image\/","url":"https:\/\/www.it-dev.eu\/wp-content\/uploads\/2023\/12\/it-dev-logo-696x696-1.png","contentUrl":"https:\/\/www.it-dev.eu\/wp-content\/uploads\/2023\/12\/it-dev-logo-696x696-1.png","width":696,"height":696,"caption":"IT-Dev - Limitless Digital Workplace"},"image":{"@id":"https:\/\/www.it-dev.eu\/de\/#\/schema\/logo\/image\/"},"sameAs":["https:\/\/www.facebook.com\/ITDevWroc\/","https:\/\/x.com\/IT_Dev","https:\/\/www.linkedin.com\/company\/it-dev\/","https:\/\/www.youtube.com\/user\/biuroitdev"]}]}},"_links":{"self":[{"href":"https:\/\/www.it-dev.eu\/de\/wp-json\/wp\/v2\/pages\/7307","targetHints":{"allow":["GET"]}}],"collection":[{"href":"https:\/\/www.it-dev.eu\/de\/wp-json\/wp\/v2\/pages"}],"about":[{"href":"https:\/\/www.it-dev.eu\/de\/wp-json\/wp\/v2\/types\/page"}],"author":[{"embeddable":true,"href":"https:\/\/www.it-dev.eu\/de\/wp-json\/wp\/v2\/users\/7"}],"replies":[{"embeddable":true,"href":"https:\/\/www.it-dev.eu\/de\/wp-json\/wp\/v2\/comments?post=7307"}],"version-history":[{"count":5,"href":"https:\/\/www.it-dev.eu\/de\/wp-json\/wp\/v2\/pages\/7307\/revisions"}],"predecessor-version":[{"id":11582,"href":"https:\/\/www.it-dev.eu\/de\/wp-json\/wp\/v2\/pages\/7307\/revisions\/11582"}],"up":[{"embeddable":true,"href":"https:\/\/www.it-dev.eu\/de\/wp-json\/wp\/v2\/pages\/7022"}],"wp:featuredmedia":[{"embeddable":true,"href":"https:\/\/www.it-dev.eu\/de\/wp-json\/wp\/v2\/media\/7030"}],"wp:attachment":[{"href":"https:\/\/www.it-dev.eu\/de\/wp-json\/wp\/v2\/media?parent=7307"}],"curies":[{"name":"wp","href":"https:\/\/api.w.org\/{rel}","templated":true}]}}