{"id":9821,"date":"2025-11-18T10:30:39","date_gmt":"2025-11-18T09:30:39","guid":{"rendered":"https:\/\/www.it-dev.eu\/klienci\/danone\/"},"modified":"2026-04-15T10:42:07","modified_gmt":"2026-04-15T08:42:07","slug":"danone","status":"publish","type":"page","link":"https:\/\/www.it-dev.eu\/de\/unsere-kunden\/danone\/","title":{"rendered":"Danone"},"content":{"rendered":"\n<h2 class=\"wp-block-heading icon-warning\">Manuelle Bestandsaufnahme von Tausenden von Artikeln<\/h2>\n\n\n\n<p>Eine der wesentlichen operativen Herausforderungen f\u00fcr den Kunden war die effiziente Verwaltung Tausender von Sachanlagen, die \u00fcber das riesige Produktionsgel\u00e4nde verteilt waren. Der bisherige Inventarisierungsprozess basierte auf manuellen Methoden, die das manuelle Erfassen und Durchsehen von Papierdokumenten umfassten.<\/p>\n\n\n\n<p>Die Schwierigkeiten bei der Lokalisierung, Identifizierung und Aktualisierung der Beschreibungen verursachten Hunderte von Stunden zus\u00e4tzlicher Arbeit. Dar\u00fcber hinaus war die manuelle Dateneingabe mit einem hohen Fehlerrisiko verbunden.<\/p>\n\n\n\n<p>Es bestand die M\u00f6glichkeit, eine fertige L\u00f6sung in Form eines ERP-Moduls zu nutzen, das diese Probleme l\u00f6sen k\u00f6nnte, jedoch war diese Option mit hohen zus\u00e4tzlichen Lizenzkosten verbunden, was eine m\u00f6gliche Investition unrentabel machte. Dar\u00fcber hinaus h\u00e4tte diese Option die Einbeziehung der globalen IT-Abteilung erfordert, was die Zeit bis zur L\u00f6sung des Problems verl\u00e4ngert h\u00e4tte.<\/p>\n\n\n\n<p>Das Unternehmen ben\u00f6tigte eine L\u00f6sung, die nicht nur effektiv, sondern auch kosteng\u00fcnstig war und eine schnelle Umsetzung und Kapitalrendite garantierte.<\/p>\n\n\n\n<div style=\"height:80px\" aria-hidden=\"true\" class=\"wp-block-spacer\"><\/div>\n\n\n\n<h2 class=\"wp-block-heading icon-bulb\">Mobile App mit QR-Codes<\/h2>\n\n\n\n<p>Da die Microsoft Power Platform-Umgebung auf Konzernebene bei DANONE zugelassen ist, haben wir als Antwort auf diese Herausforderungen die Entwicklung einer ma\u00dfgeschneiderten Anwendung vorgeschlagen, die genau auf dieser Umgebung basiert. Anstatt in teure, vorgefertigte Module zu investieren, haben wir die Technologien, f\u00fcr die der Kunde bereits Lizenzen besa\u00df, kreativ genutzt.<\/p>\n\n\n\n<p>Unsere L\u00f6sung ist ein umfassendes System, das aus drei integrierten Modulen besteht:<\/p>\n\n\n\n<ul class=\"wp-block-list arrow-list\">\n<li><strong>Datenimportmodul<\/strong>. Eine Webanwendung, mit der Mitarbeiter der Buchhaltung Daten zu Sachanlagen einfach aus Excel-Dateien importieren k\u00f6nnen. Das System verarbeitet, bereinigt und standardisiert die Informationen automatisch, sodass keine manuelle Formatierung erforderlich ist.<\/li>\n\n\n\n<li><strong>Modul zum Drucken von Etiketten<\/strong>. Nach dem Import der Daten erm\u00f6glicht das System die sofortige Erstellung von Etiketten mit QR-Codes f\u00fcr jede Anlage.<\/li>\n\n\n\n<li><strong>Mobile Anwendung. <\/strong>Ein intuitives Tool f\u00fcr Au\u00dfendienstmitarbeiter, mit dem QR-Codes mit Standard-Mobilger\u00e4ten gescannt werden k\u00f6nnen. Nach dem Scannen des Etiketts sieht der Mitarbeiter alle Daten der Sachanlage auf dem Bildschirm, kann Fotos und Kommentare hinzuf\u00fcgen, und der Status der Anlage wird automatisch in der Datenbank aktualisiert.<\/li>\n<\/ul>\n\n\n\n<p>Das System wurde mit Blick auf eine einfache Bedienung unter Ber\u00fccksichtigung der besten UX\/UI-Praktiken f\u00fcr Webanwendungen und mobile Ger\u00e4te entwickelt. So kann jeder Mitarbeiter, unabh\u00e4ngig von seinen technischen Kenntnissen, es problemlos nutzen.<\/p>\n\n\n\n<div style=\"height:80px\" aria-hidden=\"true\" class=\"wp-block-spacer\"><\/div>\n\n\n\n<h2 class=\"wp-block-heading icon-chartup\">Zuverl\u00e4ssige Daten zu jedem Artikel<\/h2>\n\n\n\n<p>Die Einf\u00fchrung der Anwendung hat den Prozess der Verwaltung von Sachanlagen v\u00f6llig ver\u00e4ndert. Die m\u00fchsame manuelle Erstellung von Listen entf\u00e4llt nun, und der gesamte Prozess ist reibungslos und transparent geworden.<\/p>\n\n\n\n<p>Der gr\u00f6\u00dfte Vorteil ist jedoch die Zuverl\u00e4ssigkeit und Genauigkeit der Daten. Das Unternehmen hat nun einen vollst\u00e4ndigen, aktuellen \u00dcberblick \u00fcber seine Ressourcen, was insbesondere bei Audits und der Planung von Bedeutung ist.<\/p>\n\n\n\n<div style=\"height:80px\" aria-hidden=\"true\" class=\"wp-block-spacer\"><\/div>\n\n\n\n<h2 class=\"wp-block-heading\">Bestandsaufnahme in wenigen Minuten statt in Stunden<\/h2>\n\n\n\n<div class=\"wp-block-group itdev-icon-row is-nowrap is-layout-flex wp-container-core-group-is-layout-ad2f72ca wp-block-group-is-layout-flex\">\n<figure class=\"wp-block-image size-full\"><img decoding=\"async\" src=\"https:\/\/www.it-dev.eu\/wp-content\/uploads\/2026\/02\/icon-clock-orange.svg\" alt=\"\" class=\"wp-image-10689\"\/><\/figure>\n\n\n\n<p>Verk\u00fcrzung der Zeit f\u00fcr die Erstellung von Anlagenlisten von mehreren Stunden auf nur wenige Minuten.<\/p>\n<\/div>\n\n\n\n<div class=\"wp-block-group itdev-icon-row is-nowrap is-layout-flex wp-container-core-group-is-layout-ad2f72ca wp-block-group-is-layout-flex\">\n<figure class=\"wp-block-image size-large\"><img loading=\"lazy\" decoding=\"async\" width=\"60\" height=\"60\" src=\"https:\/\/www.it-dev.eu\/wp-content\/uploads\/2026\/02\/icon-DollarCircle.svg\" alt=\"\" class=\"wp-image-10706\"\/><\/figure>\n\n\n\n<p>Durch die Digitalisierung des Inventurprozesses lassen sich j\u00e4hrlich Hunderte von Arbeitsstunden einsparen.<\/p>\n<\/div>\n\n\n\n<div class=\"wp-block-group itdev-icon-row is-nowrap is-layout-flex wp-container-core-group-is-layout-ad2f72ca wp-block-group-is-layout-flex\">\n<figure class=\"wp-block-image size-large\"><img loading=\"lazy\" decoding=\"async\" width=\"60\" height=\"59\" src=\"https:\/\/www.it-dev.eu\/wp-content\/uploads\/2026\/02\/icon-viva-user-gear-orange.svg\" alt=\"\" class=\"wp-image-10623\"\/><\/figure>\n\n\n\n<p>Eliminierung menschlicher Fehler und der mit ihrer Korrektur verbundenen Kosten.<\/p>\n<\/div>\n\n\n\n<div class=\"wp-block-group itdev-icon-row is-nowrap is-layout-flex wp-container-core-group-is-layout-ad2f72ca wp-block-group-is-layout-flex\">\n<figure class=\"wp-block-image size-large\"><img loading=\"lazy\" decoding=\"async\" width=\"60\" height=\"60\" src=\"https:\/\/www.it-dev.eu\/wp-content\/uploads\/2026\/02\/icon-viva-graph-orange.svg\" alt=\"\" class=\"wp-image-10659\"\/><\/figure>\n\n\n\n<p>Erhebliche finanzielle Einsparungen durch Vermeidung zus\u00e4tzlicher Lizenzgeb\u00fchren f\u00fcr ERP-Module.<\/p>\n<\/div>\n\n\n\n<div class=\"wp-block-group itdev-icon-row is-nowrap is-layout-flex wp-container-core-group-is-layout-ad2f72ca wp-block-group-is-layout-flex\">\n<figure class=\"wp-block-image size-large\"><img loading=\"lazy\" decoding=\"async\" width=\"60\" height=\"60\" src=\"https:\/\/www.it-dev.eu\/wp-content\/uploads\/2026\/02\/icon-HandCoins.svg\" alt=\"\" class=\"wp-image-10709\"\/><\/figure>\n\n\n\n<p>Sofortige Lokalisierung und \u00dcberpr\u00fcfung von Sachanlagen im Werk mithilfe einer mobilen Anwendung.<\/p>\n<\/div>\n\n\n\n<div class=\"wp-block-group itdev-icon-row is-nowrap is-layout-flex wp-container-core-group-is-layout-ad2f72ca wp-block-group-is-layout-flex\">\n<figure class=\"wp-block-image size-large\"><img loading=\"lazy\" decoding=\"async\" width=\"60\" height=\"59\" src=\"https:\/\/www.it-dev.eu\/wp-content\/uploads\/2026\/02\/icon-viva-cloud-check-orange.svg\" alt=\"\" class=\"wp-image-10635\"\/><\/figure>\n\n\n\n<p>Volle Kontrolle \u00fcber Prozesse und Daten, alle Informationen \u00fcber das Unternehmensverm\u00f6gen in Echtzeit verf\u00fcgbar.<\/p>\n<\/div>\n\n\n\n<div style=\"height:80px\" aria-hidden=\"true\" class=\"wp-block-spacer\"><\/div>\n\n\n\n<h2 class=\"wp-block-heading\">M365-Lizenzen statt teurer ERP-Systeme<\/h2>\n\n\n\n<p>Diese Zusammenarbeit beweist, dass innovatives Denken und der kreative Einsatz von Technologien messbare Ergebnisse bringen. Investitionen in dedizierte Anwendungen, die auf flexiblen Plattformen und vorhandenen Lizenzen basieren, k\u00f6nnen wesentlich kosteng\u00fcnstiger sein als die Implementierung teurer, vorgefertigter Systeme.<\/p>\n\n\n\n<p>Dar\u00fcber hinaus war der Erfolg dieses Projekts f\u00fcr den Kunden ein Ansto\u00df zur weiteren Digitalisierung seiner Prozesse. Es ebnete den Weg f\u00fcr die Implementierung fortschrittlicher Analysen und den kreativen Einsatz weiterer Tools aus der Microsoft 365-Umgebung, insbesondere der M\u00f6glichkeiten der k\u00fcnstlichen Intelligenz. Bei der Entwicklung einer Strategie f\u00fcr den Einsatz von KI-Diensten in der Microsoft 365-Umgebung unterst\u00fctzt das IT-Dev-Team den Kunden im Rahmen seines propriet\u00e4ren Programms <a href=\"https:\/\/www.it-dev.eu\/landings\/ai-strategy\/\">Successful AI strategy in three steps<\/a>.<\/p>\n","protected":false},"excerpt":{"rendered":"<p>Manuelle Bestandsaufnahme von Tausenden von Artikeln Eine der wesentlichen operativen Herausforderungen f\u00fcr den Kunden war die effiziente Verwaltung Tausender von Sachanlagen, die \u00fcber das riesige Produktionsgel\u00e4nde verteilt waren. Der bisherige Inventarisierungsprozess basierte auf manuellen Methoden, die das manuelle Erfassen und Durchsehen von Papierdokumenten umfassten. Die Schwierigkeiten bei der Lokalisierung, Identifizierung und Aktualisierung der Beschreibungen verursachten<a class=\"excerpt-read-more\" href=\"https:\/\/www.it-dev.eu\/de\/unsere-kunden\/danone\/\" title=\"ReadDanone\">&#8230; Read more &raquo;<\/a><\/p>\n","protected":false},"author":3,"featured_media":10933,"parent":7022,"menu_order":0,"comment_status":"closed","ping_status":"closed","template":"templates\/page-case-study.php","meta":{"_acf_changed":false,"inline_featured_image":false,"footnotes":""},"class_list":["post-9821","page","type-page","status-publish","has-post-thumbnail","hentry"],"acf":[],"yoast_head":"<!-- This site is optimized with the Yoast SEO plugin v27.5 - https:\/\/yoast.com\/product\/yoast-seo-wordpress\/ -->\n<title>Danone | IT-Dev<\/title>\n<meta name=\"description\" content=\"Wie hat die Power Platform die Bestandsaufnahme bei NUTRICIA verbessert? Die mobile App hat die Arbeitszeit verk\u00fcrzt und Fehler beseitigt.\" \/>\n<meta name=\"robots\" content=\"index, follow, max-snippet:-1, max-image-preview:large, max-video-preview:-1\" \/>\n<link rel=\"canonical\" href=\"https:\/\/www.it-dev.eu\/de\/unsere-kunden\/danone\/\" \/>\n<meta property=\"og:locale\" content=\"de_DE\" \/>\n<meta property=\"og:type\" content=\"article\" \/>\n<meta property=\"og:title\" content=\"Danone | IT-Dev\" \/>\n<meta property=\"og:description\" content=\"Wie hat die Power Platform die Bestandsaufnahme bei NUTRICIA verbessert? Die mobile App hat die Arbeitszeit verk\u00fcrzt und Fehler beseitigt.\" \/>\n<meta property=\"og:url\" content=\"https:\/\/www.it-dev.eu\/de\/unsere-kunden\/danone\/\" \/>\n<meta property=\"og:site_name\" content=\"IT-Dev\" \/>\n<meta property=\"article:publisher\" content=\"https:\/\/www.facebook.com\/ITDevWroc\/\" \/>\n<meta property=\"article:modified_time\" content=\"2026-04-15T08:42:07+00:00\" \/>\n<meta property=\"og:image\" content=\"https:\/\/www.it-dev.eu\/wp-content\/uploads\/2026\/03\/danone-case-study-1.webp\" \/>\n\t<meta property=\"og:image:width\" content=\"720\" \/>\n\t<meta property=\"og:image:height\" content=\"720\" \/>\n\t<meta property=\"og:image:type\" content=\"image\/webp\" \/>\n<meta name=\"twitter:card\" content=\"summary_large_image\" \/>\n<meta name=\"twitter:site\" content=\"@IT_Dev\" \/>\n<meta name=\"twitter:label1\" content=\"Gesch\u00e4tzte Lesezeit\" \/>\n\t<meta name=\"twitter:data1\" content=\"5\u00a0Minuten\" \/>\n<script type=\"application\/ld+json\" class=\"yoast-schema-graph\">{\"@context\":\"https:\\\/\\\/schema.org\",\"@graph\":[{\"@type\":\"WebPage\",\"@id\":\"https:\\\/\\\/www.it-dev.eu\\\/de\\\/unsere-kunden\\\/danone\\\/\",\"url\":\"https:\\\/\\\/www.it-dev.eu\\\/de\\\/unsere-kunden\\\/danone\\\/\",\"name\":\"Danone | IT-Dev\",\"isPartOf\":{\"@id\":\"https:\\\/\\\/www.it-dev.eu\\\/de\\\/#website\"},\"primaryImageOfPage\":{\"@id\":\"https:\\\/\\\/www.it-dev.eu\\\/de\\\/unsere-kunden\\\/danone\\\/#primaryimage\"},\"image\":{\"@id\":\"https:\\\/\\\/www.it-dev.eu\\\/de\\\/unsere-kunden\\\/danone\\\/#primaryimage\"},\"thumbnailUrl\":\"https:\\\/\\\/www.it-dev.eu\\\/wp-content\\\/uploads\\\/2026\\\/03\\\/danone-case-study-1.webp\",\"datePublished\":\"2025-11-18T09:30:39+00:00\",\"dateModified\":\"2026-04-15T08:42:07+00:00\",\"description\":\"Wie hat die Power Platform die Bestandsaufnahme bei NUTRICIA verbessert? Die mobile App hat die Arbeitszeit verk\u00fcrzt und Fehler beseitigt.\",\"breadcrumb\":{\"@id\":\"https:\\\/\\\/www.it-dev.eu\\\/de\\\/unsere-kunden\\\/danone\\\/#breadcrumb\"},\"inLanguage\":\"de\",\"potentialAction\":[{\"@type\":\"ReadAction\",\"target\":[\"https:\\\/\\\/www.it-dev.eu\\\/de\\\/unsere-kunden\\\/danone\\\/\"]}]},{\"@type\":\"ImageObject\",\"inLanguage\":\"de\",\"@id\":\"https:\\\/\\\/www.it-dev.eu\\\/de\\\/unsere-kunden\\\/danone\\\/#primaryimage\",\"url\":\"https:\\\/\\\/www.it-dev.eu\\\/wp-content\\\/uploads\\\/2026\\\/03\\\/danone-case-study-1.webp\",\"contentUrl\":\"https:\\\/\\\/www.it-dev.eu\\\/wp-content\\\/uploads\\\/2026\\\/03\\\/danone-case-study-1.webp\",\"width\":720,\"height\":720},{\"@type\":\"BreadcrumbList\",\"@id\":\"https:\\\/\\\/www.it-dev.eu\\\/de\\\/unsere-kunden\\\/danone\\\/#breadcrumb\",\"itemListElement\":[{\"@type\":\"ListItem\",\"position\":1,\"name\":\"Strona g\u0142\u00f3wna\",\"item\":\"https:\\\/\\\/www.it-dev.eu\\\/de\\\/\"},{\"@type\":\"ListItem\",\"position\":2,\"name\":\"Kunden\",\"item\":\"https:\\\/\\\/www.it-dev.eu\\\/de\\\/unsere-kunden\\\/\"},{\"@type\":\"ListItem\",\"position\":3,\"name\":\"Danone\"}]},{\"@type\":\"WebSite\",\"@id\":\"https:\\\/\\\/www.it-dev.eu\\\/de\\\/#website\",\"url\":\"https:\\\/\\\/www.it-dev.eu\\\/de\\\/\",\"name\":\"IT-Dev - Limitless Digital Workplace\",\"description\":\"We create limitless Digital Workplaces\",\"publisher\":{\"@id\":\"https:\\\/\\\/www.it-dev.eu\\\/de\\\/#organization\"},\"potentialAction\":[{\"@type\":\"SearchAction\",\"target\":{\"@type\":\"EntryPoint\",\"urlTemplate\":\"https:\\\/\\\/www.it-dev.eu\\\/de\\\/?s={search_term_string}\"},\"query-input\":{\"@type\":\"PropertyValueSpecification\",\"valueRequired\":true,\"valueName\":\"search_term_string\"}}],\"inLanguage\":\"de\"},{\"@type\":\"Organization\",\"@id\":\"https:\\\/\\\/www.it-dev.eu\\\/de\\\/#organization\",\"name\":\"IT-Dev - Limitless Digital Workplace\",\"url\":\"https:\\\/\\\/www.it-dev.eu\\\/de\\\/\",\"logo\":{\"@type\":\"ImageObject\",\"inLanguage\":\"de\",\"@id\":\"https:\\\/\\\/www.it-dev.eu\\\/de\\\/#\\\/schema\\\/logo\\\/image\\\/\",\"url\":\"https:\\\/\\\/www.it-dev.eu\\\/wp-content\\\/uploads\\\/2023\\\/12\\\/it-dev-logo-696x696-1.png\",\"contentUrl\":\"https:\\\/\\\/www.it-dev.eu\\\/wp-content\\\/uploads\\\/2023\\\/12\\\/it-dev-logo-696x696-1.png\",\"width\":696,\"height\":696,\"caption\":\"IT-Dev - Limitless Digital Workplace\"},\"image\":{\"@id\":\"https:\\\/\\\/www.it-dev.eu\\\/de\\\/#\\\/schema\\\/logo\\\/image\\\/\"},\"sameAs\":[\"https:\\\/\\\/www.facebook.com\\\/ITDevWroc\\\/\",\"https:\\\/\\\/x.com\\\/IT_Dev\",\"https:\\\/\\\/www.linkedin.com\\\/company\\\/it-dev\\\/\",\"https:\\\/\\\/www.youtube.com\\\/user\\\/biuroitdev\"]}]}<\/script>\n<!-- \/ Yoast SEO plugin. -->","yoast_head_json":{"title":"Danone | IT-Dev","description":"Wie hat die Power Platform die Bestandsaufnahme bei NUTRICIA verbessert? Die mobile App hat die Arbeitszeit verk\u00fcrzt und Fehler beseitigt.","robots":{"index":"index","follow":"follow","max-snippet":"max-snippet:-1","max-image-preview":"max-image-preview:large","max-video-preview":"max-video-preview:-1"},"canonical":"https:\/\/www.it-dev.eu\/de\/unsere-kunden\/danone\/","og_locale":"de_DE","og_type":"article","og_title":"Danone | IT-Dev","og_description":"Wie hat die Power Platform die Bestandsaufnahme bei NUTRICIA verbessert? Die mobile App hat die Arbeitszeit verk\u00fcrzt und Fehler beseitigt.","og_url":"https:\/\/www.it-dev.eu\/de\/unsere-kunden\/danone\/","og_site_name":"IT-Dev","article_publisher":"https:\/\/www.facebook.com\/ITDevWroc\/","article_modified_time":"2026-04-15T08:42:07+00:00","og_image":[{"width":720,"height":720,"url":"https:\/\/www.it-dev.eu\/wp-content\/uploads\/2026\/03\/danone-case-study-1.webp","type":"image\/webp"}],"twitter_card":"summary_large_image","twitter_site":"@IT_Dev","twitter_misc":{"Gesch\u00e4tzte Lesezeit":"5\u00a0Minuten"},"schema":{"@context":"https:\/\/schema.org","@graph":[{"@type":"WebPage","@id":"https:\/\/www.it-dev.eu\/de\/unsere-kunden\/danone\/","url":"https:\/\/www.it-dev.eu\/de\/unsere-kunden\/danone\/","name":"Danone | IT-Dev","isPartOf":{"@id":"https:\/\/www.it-dev.eu\/de\/#website"},"primaryImageOfPage":{"@id":"https:\/\/www.it-dev.eu\/de\/unsere-kunden\/danone\/#primaryimage"},"image":{"@id":"https:\/\/www.it-dev.eu\/de\/unsere-kunden\/danone\/#primaryimage"},"thumbnailUrl":"https:\/\/www.it-dev.eu\/wp-content\/uploads\/2026\/03\/danone-case-study-1.webp","datePublished":"2025-11-18T09:30:39+00:00","dateModified":"2026-04-15T08:42:07+00:00","description":"Wie hat die Power Platform die Bestandsaufnahme bei NUTRICIA verbessert? Die mobile App hat die Arbeitszeit verk\u00fcrzt und Fehler beseitigt.","breadcrumb":{"@id":"https:\/\/www.it-dev.eu\/de\/unsere-kunden\/danone\/#breadcrumb"},"inLanguage":"de","potentialAction":[{"@type":"ReadAction","target":["https:\/\/www.it-dev.eu\/de\/unsere-kunden\/danone\/"]}]},{"@type":"ImageObject","inLanguage":"de","@id":"https:\/\/www.it-dev.eu\/de\/unsere-kunden\/danone\/#primaryimage","url":"https:\/\/www.it-dev.eu\/wp-content\/uploads\/2026\/03\/danone-case-study-1.webp","contentUrl":"https:\/\/www.it-dev.eu\/wp-content\/uploads\/2026\/03\/danone-case-study-1.webp","width":720,"height":720},{"@type":"BreadcrumbList","@id":"https:\/\/www.it-dev.eu\/de\/unsere-kunden\/danone\/#breadcrumb","itemListElement":[{"@type":"ListItem","position":1,"name":"Strona g\u0142\u00f3wna","item":"https:\/\/www.it-dev.eu\/de\/"},{"@type":"ListItem","position":2,"name":"Kunden","item":"https:\/\/www.it-dev.eu\/de\/unsere-kunden\/"},{"@type":"ListItem","position":3,"name":"Danone"}]},{"@type":"WebSite","@id":"https:\/\/www.it-dev.eu\/de\/#website","url":"https:\/\/www.it-dev.eu\/de\/","name":"IT-Dev - Limitless Digital Workplace","description":"We create limitless Digital Workplaces","publisher":{"@id":"https:\/\/www.it-dev.eu\/de\/#organization"},"potentialAction":[{"@type":"SearchAction","target":{"@type":"EntryPoint","urlTemplate":"https:\/\/www.it-dev.eu\/de\/?s={search_term_string}"},"query-input":{"@type":"PropertyValueSpecification","valueRequired":true,"valueName":"search_term_string"}}],"inLanguage":"de"},{"@type":"Organization","@id":"https:\/\/www.it-dev.eu\/de\/#organization","name":"IT-Dev - Limitless Digital Workplace","url":"https:\/\/www.it-dev.eu\/de\/","logo":{"@type":"ImageObject","inLanguage":"de","@id":"https:\/\/www.it-dev.eu\/de\/#\/schema\/logo\/image\/","url":"https:\/\/www.it-dev.eu\/wp-content\/uploads\/2023\/12\/it-dev-logo-696x696-1.png","contentUrl":"https:\/\/www.it-dev.eu\/wp-content\/uploads\/2023\/12\/it-dev-logo-696x696-1.png","width":696,"height":696,"caption":"IT-Dev - Limitless Digital Workplace"},"image":{"@id":"https:\/\/www.it-dev.eu\/de\/#\/schema\/logo\/image\/"},"sameAs":["https:\/\/www.facebook.com\/ITDevWroc\/","https:\/\/x.com\/IT_Dev","https:\/\/www.linkedin.com\/company\/it-dev\/","https:\/\/www.youtube.com\/user\/biuroitdev"]}]}},"_links":{"self":[{"href":"https:\/\/www.it-dev.eu\/de\/wp-json\/wp\/v2\/pages\/9821","targetHints":{"allow":["GET"]}}],"collection":[{"href":"https:\/\/www.it-dev.eu\/de\/wp-json\/wp\/v2\/pages"}],"about":[{"href":"https:\/\/www.it-dev.eu\/de\/wp-json\/wp\/v2\/types\/page"}],"author":[{"embeddable":true,"href":"https:\/\/www.it-dev.eu\/de\/wp-json\/wp\/v2\/users\/3"}],"replies":[{"embeddable":true,"href":"https:\/\/www.it-dev.eu\/de\/wp-json\/wp\/v2\/comments?post=9821"}],"version-history":[{"count":9,"href":"https:\/\/www.it-dev.eu\/de\/wp-json\/wp\/v2\/pages\/9821\/revisions"}],"predecessor-version":[{"id":11587,"href":"https:\/\/www.it-dev.eu\/de\/wp-json\/wp\/v2\/pages\/9821\/revisions\/11587"}],"up":[{"embeddable":true,"href":"https:\/\/www.it-dev.eu\/de\/wp-json\/wp\/v2\/pages\/7022"}],"wp:featuredmedia":[{"embeddable":true,"href":"https:\/\/www.it-dev.eu\/de\/wp-json\/wp\/v2\/media\/10933"}],"wp:attachment":[{"href":"https:\/\/www.it-dev.eu\/de\/wp-json\/wp\/v2\/media?parent=9821"}],"curies":[{"name":"wp","href":"https:\/\/api.w.org\/{rel}","templated":true}]}}