{"id":9830,"date":"2025-11-18T10:20:07","date_gmt":"2025-11-18T09:20:07","guid":{"rendered":"https:\/\/www.it-dev.eu\/klienci\/mbank\/"},"modified":"2026-04-15T10:40:57","modified_gmt":"2026-04-15T08:40:57","slug":"mbank","status":"publish","type":"page","link":"https:\/\/www.it-dev.eu\/de\/unsere-kunden\/mbank\/","title":{"rendered":"mBank"},"content":{"rendered":"\n<h2 class=\"wp-block-heading icon-warning\">Das Intranet als Engpass<\/h2>\n\n\n\n<p>Mit der Entwicklung des Unternehmens wurde das bisherige Intranet zu einem technologischen und kommunikativen Engpass der Organisation. Das Unternehmen stand vor einer Reihe von Herausforderungen:<\/p>\n\n\n\n<ul class=\"wp-block-list arrow-list\">\n<li>Die Verwaltung komplexer Informationsarchitekturen wird immer schwieriger.<\/li>\n\n\n\n<li>Verstreute Informationsquellen und das Fehlen einer zentralen Suchstelle.<\/li>\n\n\n\n<li>Schwierigkeiten beim schnellen Zugriff auf aktuelle Dokumente, Verfahren und Mitteilungen.<\/li>\n\n\n\n<li>Geringes Engagement der Mitarbeiter f\u00fcr das Unternehmen und die interne Kommunikation.<\/li>\n\n\n\n<li>Fehlende Instrumente zum Aufbau einer Gemeinschaft und zur St\u00e4rkung der Unternehmenskultur.<\/li>\n\n\n\n<li>Die Notwendigkeit, technologische Risiken im Zusammenhang mit veralteten On-Premise-Technologien zu beseitigen.<\/li>\n<\/ul>\n\n\n\n<div style=\"height:80px\" aria-hidden=\"true\" class=\"wp-block-spacer\"><\/div>\n\n\n\n<h2 class=\"wp-block-heading icon-bulb\">Das digitale Herzst\u00fcck des Unternehmens in der Cloud<\/h2>\n\n\n\n<p>Der Kunde hat sich f\u00fcr den Aufbau eines neuen Intranets auf Basis der Cloud-Technologie Microsoft 365 entschieden. Wir haben daher ein modernes Intranetportal implementiert, das zum digitalen Herzst\u00fcck des Unternehmens geworden ist. Das Projekt umfasste nicht nur die Schaffung einer neuen Kommunikationsplattform, sondern auch den Aufbau eines funktionalen Arbeitsbereichs. Das neue Intranet wurde als zentraler Hub konzipiert, der wichtige Informationen, Tools und Kommunikation an einem einzigen, leicht zug\u00e4nglichen Ort zusammenf\u00fchrt.<\/p>\n\n\n\n<div style=\"height:80px\" aria-hidden=\"true\" class=\"wp-block-spacer\"><\/div>\n\n\n\n<h2 class=\"wp-block-heading icon-chartup\">Die Mitarbeiter lieben das neue Intranet<\/h2>\n\n\n\n<p>Die neue Intranetplattform wurde von den Mitarbeitern begeistert aufgenommen, die von Anfang an betonten, wie dringend diese Ver\u00e4nderung notwendig war. Das Intranet ist nicht mehr nur ein schwarzes Brett, sondern ein lebendiges, interaktives Arbeitsumfeld, das die Mitarbeiter bei ihren t\u00e4glichen Aufgaben unterst\u00fctzt. Die Implementierung hat das Informationschaos beseitigt und den Mitarbeitern eine zuverl\u00e4ssige Wissensquelle gegeben.<\/p>\n\n\n\n<p>Hier finden Sie alle Meinungen der Bankmitarbeiter zur Einf\u00fchrung des neuen Intranets:<\/p>\n\n\n\n<iframe loading=\"lazy\" src=\"https:\/\/www.linkedin.com\/embed\/feed\/update\/urn:li:ugcPost:7346867708954570753?collapsed=1\" height=\"549\" width=\"504\" frameborder=\"0\" allowfullscreen=\"\" title=\"Osadzona publikacja\"><\/iframe>\n\n\n\n<div style=\"height:80px\" aria-hidden=\"true\" class=\"wp-block-spacer\"><\/div>\n\n\n\n<div class=\"wp-block-group itdev-quote-panel\"><div class=\"wp-block-group__inner-container is-layout-constrained wp-block-group-is-layout-constrained\">\n<blockquote class=\"wp-block-quote is-layout-flow wp-block-quote-is-layout-flow\">\n<p><em>Wir liefern unseren Kunden unsere eigenen Technologien, daher verdienen auch unsere Mitarbeiter ihre eigenen innovativen Technologien. Dank des neuen Intranets haben wir unseren Mitarbeitern eine angemessene Arbeitsumgebung geschaffen, in der sie sich besser konzentrieren und leichter in neue Aufgaben einarbeiten k\u00f6nnen.<\/em><\/p>\n<\/blockquote>\n\n\n\n<p class=\"itdev-quote-author\">Eliza Stasi\u0144ska<\/p>\n\n\n\n<p class=\"itdev-quote-position\">Direktorin der Abteilung f\u00fcr die Entwicklung von organisationsweiten Dienstleistungen<\/p>\n<\/div><\/div>\n\n\n\n<div style=\"height:80px\" aria-hidden=\"true\" class=\"wp-block-spacer\"><\/div>\n\n\n\n<h2 class=\"wp-block-heading\">Schluss mit dem Informationschaos in der Bank<\/h2>\n\n\n\n<div class=\"wp-block-group itdev-icon-row is-nowrap is-layout-flex wp-container-core-group-is-layout-ad2f72ca wp-block-group-is-layout-flex\">\n<figure class=\"wp-block-image size-large\"><img loading=\"lazy\" decoding=\"async\" width=\"60\" height=\"59\" src=\"https:\/\/www.it-dev.eu\/wp-content\/uploads\/2026\/02\/icon-viva-cloud-check-orange.svg\" alt=\"\" class=\"wp-image-10635\"\/><\/figure>\n\n\n\n<p>Zentralisierung von Informationen und Strukturierung der internen Kommunikation innerhalb der Organisation.<\/p>\n<\/div>\n\n\n\n<div class=\"wp-block-group itdev-icon-row is-nowrap is-layout-flex wp-container-core-group-is-layout-ad2f72ca wp-block-group-is-layout-flex\">\n<figure class=\"wp-block-image size-large\"><img loading=\"lazy\" decoding=\"async\" width=\"60\" height=\"59\" src=\"https:\/\/www.it-dev.eu\/wp-content\/uploads\/2026\/02\/icon-viva-portal-orange.svg\" alt=\"\" class=\"wp-image-10668\"\/><\/figure>\n\n\n\n<p>Schneller und intuitiver Zugriff auf aktuelle Dokumente, Verfahren und Nachrichten.<\/p>\n<\/div>\n\n\n\n<div class=\"wp-block-group itdev-icon-row is-nowrap is-layout-flex wp-container-core-group-is-layout-ad2f72ca wp-block-group-is-layout-flex\">\n<figure class=\"wp-block-image size-large\"><img loading=\"lazy\" decoding=\"async\" width=\"60\" height=\"59\" src=\"https:\/\/www.it-dev.eu\/wp-content\/uploads\/2026\/02\/icon-viva-processor-orange.svg\" alt=\"\" class=\"wp-image-10671\"\/><\/figure>\n\n\n\n<p>Eliminierung der Risiken, die mit veralteter On-Premise-Technologie verbunden sind.<\/p>\n<\/div>\n\n\n\n<div class=\"wp-block-group itdev-icon-row is-nowrap is-layout-flex wp-container-core-group-is-layout-ad2f72ca wp-block-group-is-layout-flex\">\n<figure class=\"wp-block-image size-large\"><img loading=\"lazy\" decoding=\"async\" width=\"60\" height=\"59\" src=\"https:\/\/www.it-dev.eu\/wp-content\/uploads\/2026\/02\/icon-viva-2-users-orange.svg\" alt=\"\" class=\"wp-image-10632\"\/><\/figure>\n\n\n\n<p>Steigerung des Engagements der Mitarbeiter in der internen Kommunikation.<\/p>\n<\/div>\n\n\n\n<div style=\"height:80px\" aria-hidden=\"true\" class=\"wp-block-spacer\"><\/div>\n\n\n\n<div class=\"wp-block-group itdev-quote-panel\"><div class=\"wp-block-group__inner-container is-layout-constrained wp-block-group-is-layout-constrained\">\n<blockquote class=\"wp-block-quote is-layout-flow wp-block-quote-is-layout-flow\">\n<p><em>Ich bin der Meinung, dass wir eines <strong>der besten Intranets<\/strong> haben, das die digitale Arbeitsumgebung der Mitarbeiter verbindet. In einer hybriden Welt ist es extrem wichtig, dass Mitarbeiter alle ihre Aufgaben von zu Hause aus erledigen k\u00f6nnen.<\/em><\/p>\n<\/blockquote>\n\n\n\n<p class=\"itdev-quote-author\">Katarzyna Sitnicka<\/p>\n\n\n\n<p class=\"itdev-quote-position\">Senior IT-Managerin<\/p>\n<\/div><\/div>\n\n\n\n<div style=\"height:80px\" aria-hidden=\"true\" class=\"wp-block-spacer\"><\/div>\n\n\n\n<h2 class=\"wp-block-heading\">Das Intranet f\u00f6rdert die Unternehmenskultur<\/h2>\n\n\n\n<p>Die Investition in ein modernes Intranet ist eine strategische Entscheidung, deren Vorteile weit \u00fcber die Technologie selbst hinausgehen. Dieses Projekt hat gezeigt, dass eine auf die Bed\u00fcrfnisse der Nutzer zugeschnittene Plattform ein wichtiges Instrument ist, um das Engagement zu st\u00e4rken und den Informationsfluss in einem gro\u00dfen, verstreuten Unternehmen zu verbessern.<\/p>\n\n\n\n<div style=\"height:80px\" aria-hidden=\"true\" class=\"wp-block-spacer\"><\/div>\n\n\n\n<div class=\"wp-block-group itdev-quote-panel\"><div class=\"wp-block-group__inner-container is-layout-constrained wp-block-group-is-layout-constrained\">\n<blockquote class=\"wp-block-quote is-layout-flow wp-block-quote-is-layout-flow\">\n<p><em><em>Unser Intranet ist jetzt nicht mehr nur ein Ort, an dem Dokumente gesammelt und Beitr\u00e4ge gepostet werden. Es ist vielmehr <strong>das Herzst\u00fcck unseres Systems<\/strong> aller mBank-Anwendungen: interner, gesch\u00e4ftlicher und HR-Anwendungen.<\/em><\/em><\/p>\n<\/blockquote>\n\n\n\n<p class=\"itdev-quote-author\">Konrad Policewicz<\/p>\n\n\n\n<p class=\"itdev-quote-position\">Direktor der Abteilung f\u00fcr Mitarbeiterbeziehungen und Unternehmenskultur<\/p>\n<\/div><\/div>\n","protected":false},"excerpt":{"rendered":"<p>Das Intranet als Engpass Mit der Entwicklung des Unternehmens wurde das bisherige Intranet zu einem technologischen und kommunikativen Engpass der Organisation. Das Unternehmen stand vor einer Reihe von Herausforderungen: Das digitale Herzst\u00fcck des Unternehmens in der Cloud Der Kunde hat sich f\u00fcr den Aufbau eines neuen Intranets auf Basis der Cloud-Technologie Microsoft 365 entschieden. Wir<a class=\"excerpt-read-more\" href=\"https:\/\/www.it-dev.eu\/de\/unsere-kunden\/mbank\/\" title=\"ReadmBank\">&#8230; Read more &raquo;<\/a><\/p>\n","protected":false},"author":3,"featured_media":9396,"parent":7022,"menu_order":0,"comment_status":"closed","ping_status":"closed","template":"templates\/page-case-study.php","meta":{"_acf_changed":false,"inline_featured_image":false,"footnotes":""},"class_list":["post-9830","page","type-page","status-publish","has-post-thumbnail","hentry"],"acf":[],"yoast_head":"<!-- This site is optimized with the Yoast SEO plugin v27.5 - https:\/\/yoast.com\/product\/yoast-seo-wordpress\/ -->\n<title>mBank | IT-Dev<\/title>\n<meta name=\"description\" content=\"Das moderne Intranet bei mBank: das digitale Herzst\u00fcck des Unternehmens, das die Kommunikation organisiert und das Engagement von \u00fcber 8.500 Mitarbeitern f\u00f6rdert.\" \/>\n<meta name=\"robots\" content=\"index, follow, max-snippet:-1, max-image-preview:large, max-video-preview:-1\" \/>\n<link rel=\"canonical\" href=\"https:\/\/www.it-dev.eu\/de\/unsere-kunden\/mbank\/\" \/>\n<meta property=\"og:locale\" content=\"de_DE\" \/>\n<meta property=\"og:type\" content=\"article\" \/>\n<meta property=\"og:title\" content=\"mBank | IT-Dev\" \/>\n<meta property=\"og:description\" content=\"Das moderne Intranet bei mBank: das digitale Herzst\u00fcck des Unternehmens, das die Kommunikation organisiert und das Engagement von \u00fcber 8.500 Mitarbeitern f\u00f6rdert.\" \/>\n<meta property=\"og:url\" content=\"https:\/\/www.it-dev.eu\/de\/unsere-kunden\/mbank\/\" \/>\n<meta property=\"og:site_name\" content=\"IT-Dev\" \/>\n<meta property=\"article:publisher\" content=\"https:\/\/www.facebook.com\/ITDevWroc\/\" \/>\n<meta property=\"article:modified_time\" content=\"2026-04-15T08:40:57+00:00\" \/>\n<meta property=\"og:image\" content=\"https:\/\/www.it-dev.eu\/wp-content\/uploads\/2025\/11\/Case-study-mBank.png\" \/>\n\t<meta property=\"og:image:width\" content=\"1080\" \/>\n\t<meta property=\"og:image:height\" content=\"720\" \/>\n\t<meta property=\"og:image:type\" content=\"image\/png\" \/>\n<meta name=\"twitter:card\" content=\"summary_large_image\" \/>\n<meta name=\"twitter:site\" content=\"@IT_Dev\" \/>\n<meta name=\"twitter:label1\" content=\"Gesch\u00e4tzte Lesezeit\" \/>\n\t<meta name=\"twitter:data1\" content=\"3\u00a0Minuten\" \/>\n<script type=\"application\/ld+json\" class=\"yoast-schema-graph\">{\"@context\":\"https:\\\/\\\/schema.org\",\"@graph\":[{\"@type\":\"WebPage\",\"@id\":\"https:\\\/\\\/www.it-dev.eu\\\/de\\\/unsere-kunden\\\/mbank\\\/\",\"url\":\"https:\\\/\\\/www.it-dev.eu\\\/de\\\/unsere-kunden\\\/mbank\\\/\",\"name\":\"mBank | IT-Dev\",\"isPartOf\":{\"@id\":\"https:\\\/\\\/www.it-dev.eu\\\/de\\\/#website\"},\"primaryImageOfPage\":{\"@id\":\"https:\\\/\\\/www.it-dev.eu\\\/de\\\/unsere-kunden\\\/mbank\\\/#primaryimage\"},\"image\":{\"@id\":\"https:\\\/\\\/www.it-dev.eu\\\/de\\\/unsere-kunden\\\/mbank\\\/#primaryimage\"},\"thumbnailUrl\":\"https:\\\/\\\/www.it-dev.eu\\\/wp-content\\\/uploads\\\/2025\\\/11\\\/Case-study-mBank.png\",\"datePublished\":\"2025-11-18T09:20:07+00:00\",\"dateModified\":\"2026-04-15T08:40:57+00:00\",\"description\":\"Das moderne Intranet bei mBank: das digitale Herzst\u00fcck des Unternehmens, das die Kommunikation organisiert und das Engagement von \u00fcber 8.500 Mitarbeitern f\u00f6rdert.\",\"breadcrumb\":{\"@id\":\"https:\\\/\\\/www.it-dev.eu\\\/de\\\/unsere-kunden\\\/mbank\\\/#breadcrumb\"},\"inLanguage\":\"de\",\"potentialAction\":[{\"@type\":\"ReadAction\",\"target\":[\"https:\\\/\\\/www.it-dev.eu\\\/de\\\/unsere-kunden\\\/mbank\\\/\"]}]},{\"@type\":\"ImageObject\",\"inLanguage\":\"de\",\"@id\":\"https:\\\/\\\/www.it-dev.eu\\\/de\\\/unsere-kunden\\\/mbank\\\/#primaryimage\",\"url\":\"https:\\\/\\\/www.it-dev.eu\\\/wp-content\\\/uploads\\\/2025\\\/11\\\/Case-study-mBank.png\",\"contentUrl\":\"https:\\\/\\\/www.it-dev.eu\\\/wp-content\\\/uploads\\\/2025\\\/11\\\/Case-study-mBank.png\",\"width\":1080,\"height\":720},{\"@type\":\"BreadcrumbList\",\"@id\":\"https:\\\/\\\/www.it-dev.eu\\\/de\\\/unsere-kunden\\\/mbank\\\/#breadcrumb\",\"itemListElement\":[{\"@type\":\"ListItem\",\"position\":1,\"name\":\"Strona g\u0142\u00f3wna\",\"item\":\"https:\\\/\\\/www.it-dev.eu\\\/de\\\/\"},{\"@type\":\"ListItem\",\"position\":2,\"name\":\"Kunden\",\"item\":\"https:\\\/\\\/www.it-dev.eu\\\/de\\\/unsere-kunden\\\/\"},{\"@type\":\"ListItem\",\"position\":3,\"name\":\"mBank\"}]},{\"@type\":\"WebSite\",\"@id\":\"https:\\\/\\\/www.it-dev.eu\\\/de\\\/#website\",\"url\":\"https:\\\/\\\/www.it-dev.eu\\\/de\\\/\",\"name\":\"IT-Dev - Limitless Digital Workplace\",\"description\":\"We create limitless Digital Workplaces\",\"publisher\":{\"@id\":\"https:\\\/\\\/www.it-dev.eu\\\/de\\\/#organization\"},\"potentialAction\":[{\"@type\":\"SearchAction\",\"target\":{\"@type\":\"EntryPoint\",\"urlTemplate\":\"https:\\\/\\\/www.it-dev.eu\\\/de\\\/?s={search_term_string}\"},\"query-input\":{\"@type\":\"PropertyValueSpecification\",\"valueRequired\":true,\"valueName\":\"search_term_string\"}}],\"inLanguage\":\"de\"},{\"@type\":\"Organization\",\"@id\":\"https:\\\/\\\/www.it-dev.eu\\\/de\\\/#organization\",\"name\":\"IT-Dev - Limitless Digital Workplace\",\"url\":\"https:\\\/\\\/www.it-dev.eu\\\/de\\\/\",\"logo\":{\"@type\":\"ImageObject\",\"inLanguage\":\"de\",\"@id\":\"https:\\\/\\\/www.it-dev.eu\\\/de\\\/#\\\/schema\\\/logo\\\/image\\\/\",\"url\":\"https:\\\/\\\/www.it-dev.eu\\\/wp-content\\\/uploads\\\/2023\\\/12\\\/it-dev-logo-696x696-1.png\",\"contentUrl\":\"https:\\\/\\\/www.it-dev.eu\\\/wp-content\\\/uploads\\\/2023\\\/12\\\/it-dev-logo-696x696-1.png\",\"width\":696,\"height\":696,\"caption\":\"IT-Dev - Limitless Digital Workplace\"},\"image\":{\"@id\":\"https:\\\/\\\/www.it-dev.eu\\\/de\\\/#\\\/schema\\\/logo\\\/image\\\/\"},\"sameAs\":[\"https:\\\/\\\/www.facebook.com\\\/ITDevWroc\\\/\",\"https:\\\/\\\/x.com\\\/IT_Dev\",\"https:\\\/\\\/www.linkedin.com\\\/company\\\/it-dev\\\/\",\"https:\\\/\\\/www.youtube.com\\\/user\\\/biuroitdev\"]}]}<\/script>\n<!-- \/ Yoast SEO plugin. -->","yoast_head_json":{"title":"mBank | IT-Dev","description":"Das moderne Intranet bei mBank: das digitale Herzst\u00fcck des Unternehmens, das die Kommunikation organisiert und das Engagement von \u00fcber 8.500 Mitarbeitern f\u00f6rdert.","robots":{"index":"index","follow":"follow","max-snippet":"max-snippet:-1","max-image-preview":"max-image-preview:large","max-video-preview":"max-video-preview:-1"},"canonical":"https:\/\/www.it-dev.eu\/de\/unsere-kunden\/mbank\/","og_locale":"de_DE","og_type":"article","og_title":"mBank | IT-Dev","og_description":"Das moderne Intranet bei mBank: das digitale Herzst\u00fcck des Unternehmens, das die Kommunikation organisiert und das Engagement von \u00fcber 8.500 Mitarbeitern f\u00f6rdert.","og_url":"https:\/\/www.it-dev.eu\/de\/unsere-kunden\/mbank\/","og_site_name":"IT-Dev","article_publisher":"https:\/\/www.facebook.com\/ITDevWroc\/","article_modified_time":"2026-04-15T08:40:57+00:00","og_image":[{"width":1080,"height":720,"url":"https:\/\/www.it-dev.eu\/wp-content\/uploads\/2025\/11\/Case-study-mBank.png","type":"image\/png"}],"twitter_card":"summary_large_image","twitter_site":"@IT_Dev","twitter_misc":{"Gesch\u00e4tzte Lesezeit":"3\u00a0Minuten"},"schema":{"@context":"https:\/\/schema.org","@graph":[{"@type":"WebPage","@id":"https:\/\/www.it-dev.eu\/de\/unsere-kunden\/mbank\/","url":"https:\/\/www.it-dev.eu\/de\/unsere-kunden\/mbank\/","name":"mBank | IT-Dev","isPartOf":{"@id":"https:\/\/www.it-dev.eu\/de\/#website"},"primaryImageOfPage":{"@id":"https:\/\/www.it-dev.eu\/de\/unsere-kunden\/mbank\/#primaryimage"},"image":{"@id":"https:\/\/www.it-dev.eu\/de\/unsere-kunden\/mbank\/#primaryimage"},"thumbnailUrl":"https:\/\/www.it-dev.eu\/wp-content\/uploads\/2025\/11\/Case-study-mBank.png","datePublished":"2025-11-18T09:20:07+00:00","dateModified":"2026-04-15T08:40:57+00:00","description":"Das moderne Intranet bei mBank: das digitale Herzst\u00fcck des Unternehmens, das die Kommunikation organisiert und das Engagement von \u00fcber 8.500 Mitarbeitern f\u00f6rdert.","breadcrumb":{"@id":"https:\/\/www.it-dev.eu\/de\/unsere-kunden\/mbank\/#breadcrumb"},"inLanguage":"de","potentialAction":[{"@type":"ReadAction","target":["https:\/\/www.it-dev.eu\/de\/unsere-kunden\/mbank\/"]}]},{"@type":"ImageObject","inLanguage":"de","@id":"https:\/\/www.it-dev.eu\/de\/unsere-kunden\/mbank\/#primaryimage","url":"https:\/\/www.it-dev.eu\/wp-content\/uploads\/2025\/11\/Case-study-mBank.png","contentUrl":"https:\/\/www.it-dev.eu\/wp-content\/uploads\/2025\/11\/Case-study-mBank.png","width":1080,"height":720},{"@type":"BreadcrumbList","@id":"https:\/\/www.it-dev.eu\/de\/unsere-kunden\/mbank\/#breadcrumb","itemListElement":[{"@type":"ListItem","position":1,"name":"Strona g\u0142\u00f3wna","item":"https:\/\/www.it-dev.eu\/de\/"},{"@type":"ListItem","position":2,"name":"Kunden","item":"https:\/\/www.it-dev.eu\/de\/unsere-kunden\/"},{"@type":"ListItem","position":3,"name":"mBank"}]},{"@type":"WebSite","@id":"https:\/\/www.it-dev.eu\/de\/#website","url":"https:\/\/www.it-dev.eu\/de\/","name":"IT-Dev - Limitless Digital Workplace","description":"We create limitless Digital Workplaces","publisher":{"@id":"https:\/\/www.it-dev.eu\/de\/#organization"},"potentialAction":[{"@type":"SearchAction","target":{"@type":"EntryPoint","urlTemplate":"https:\/\/www.it-dev.eu\/de\/?s={search_term_string}"},"query-input":{"@type":"PropertyValueSpecification","valueRequired":true,"valueName":"search_term_string"}}],"inLanguage":"de"},{"@type":"Organization","@id":"https:\/\/www.it-dev.eu\/de\/#organization","name":"IT-Dev - Limitless Digital Workplace","url":"https:\/\/www.it-dev.eu\/de\/","logo":{"@type":"ImageObject","inLanguage":"de","@id":"https:\/\/www.it-dev.eu\/de\/#\/schema\/logo\/image\/","url":"https:\/\/www.it-dev.eu\/wp-content\/uploads\/2023\/12\/it-dev-logo-696x696-1.png","contentUrl":"https:\/\/www.it-dev.eu\/wp-content\/uploads\/2023\/12\/it-dev-logo-696x696-1.png","width":696,"height":696,"caption":"IT-Dev - Limitless Digital Workplace"},"image":{"@id":"https:\/\/www.it-dev.eu\/de\/#\/schema\/logo\/image\/"},"sameAs":["https:\/\/www.facebook.com\/ITDevWroc\/","https:\/\/x.com\/IT_Dev","https:\/\/www.linkedin.com\/company\/it-dev\/","https:\/\/www.youtube.com\/user\/biuroitdev"]}]}},"_links":{"self":[{"href":"https:\/\/www.it-dev.eu\/de\/wp-json\/wp\/v2\/pages\/9830","targetHints":{"allow":["GET"]}}],"collection":[{"href":"https:\/\/www.it-dev.eu\/de\/wp-json\/wp\/v2\/pages"}],"about":[{"href":"https:\/\/www.it-dev.eu\/de\/wp-json\/wp\/v2\/types\/page"}],"author":[{"embeddable":true,"href":"https:\/\/www.it-dev.eu\/de\/wp-json\/wp\/v2\/users\/3"}],"replies":[{"embeddable":true,"href":"https:\/\/www.it-dev.eu\/de\/wp-json\/wp\/v2\/comments?post=9830"}],"version-history":[{"count":5,"href":"https:\/\/www.it-dev.eu\/de\/wp-json\/wp\/v2\/pages\/9830\/revisions"}],"predecessor-version":[{"id":11586,"href":"https:\/\/www.it-dev.eu\/de\/wp-json\/wp\/v2\/pages\/9830\/revisions\/11586"}],"up":[{"embeddable":true,"href":"https:\/\/www.it-dev.eu\/de\/wp-json\/wp\/v2\/pages\/7022"}],"wp:featuredmedia":[{"embeddable":true,"href":"https:\/\/www.it-dev.eu\/de\/wp-json\/wp\/v2\/media\/9396"}],"wp:attachment":[{"href":"https:\/\/www.it-dev.eu\/de\/wp-json\/wp\/v2\/media?parent=9830"}],"curies":[{"name":"wp","href":"https:\/\/api.w.org\/{rel}","templated":true}]}}