{"id":9988,"date":"2025-12-08T09:02:08","date_gmt":"2025-12-08T08:02:08","guid":{"rendered":"https:\/\/www.it-dev.eu\/klienci\/gci\/"},"modified":"2026-04-15T10:43:18","modified_gmt":"2026-04-15T08:43:18","slug":"gci","status":"publish","type":"page","link":"https:\/\/www.it-dev.eu\/de\/unsere-kunden\/gci\/","title":{"rendered":"GCI"},"content":{"rendered":"\n<h2 class=\"wp-block-heading icon-warning\">\u00d6ffentliche Beschaffung im Datenchaos<\/h2>\n\n\n\n<p>Die gr\u00f6\u00dfte Herausforderung f\u00fcr das IT-Zentrum in Danzig bestand darin, komplexe Beschaffungsprozesse auf der Grundlage von Informationen durchzuf\u00fchren, die \u00fcber mehrere Systeme und Quellen verteilt waren \u2013 darunter E-Mails und Telefonate. Die Verwaltung von Projekten im Wert von mehreren hunderttausend Zloty erforderte von den Mitarbeitern die manuelle Erfassung von Daten aus verschiedenen, oft inkonsistenten Quellen. Es fehlte ein zentrales Repository f\u00fcr die wichtigsten Informationen, die f\u00fcr die Beschaffungsprozesse und deren Abrechnung ben\u00f6tigt wurden, was die Zusammenarbeit erschwerte, die Prozesse verlangsamte und das Risiko von Fehlern erh\u00f6hte. Das GCI ben\u00f6tigte daher eine L\u00f6sung, die den Informations- und Dokumentenfluss vereinheitlichen, beschleunigen und ordnen w\u00fcrde.<\/p>\n\n\n\n<div style=\"height:80px\" aria-hidden=\"true\" class=\"wp-block-spacer\"><\/div>\n\n\n\n<h2 class=\"wp-block-heading icon-bulb\">Zentrale Verwaltung von Auftr\u00e4gen und Vertr\u00e4gen<\/h2>\n\n\n\n<p>Das IT-Dev-Team hat in enger Zusammenarbeit mit GCI ein System zur Verwaltung des Einkaufsprozesses und des Vertragsflusses entwickelt und implementiert, das vollst\u00e4ndig in der Microsoft 365-Umgebung l\u00e4uft. Diese Plattform war den Mitarbeitern bereits gut bekannt, was die Einf\u00fchrung des neuen Systems und die Einarbeitung in die neue L\u00f6sung erheblich erleichterte.<\/p>\n\n\n\n<p>Im Rahmen der Arbeiten haben wir die Microsoft 365-Plattform an die Bed\u00fcrfnisse des Gda\u0144skie Centrum Informatyczne (Gda\u0144skie IT-Zentrum) angepasst: Wir haben ein System spezieller Websites eingef\u00fchrt, die als zentrale, gemeinsam genutzte Arbeitsbereiche f\u00fcr die Teams dienen, die f\u00fcr den Einkauf und die Vertragsabwicklung zust\u00e4ndig sind. Die L\u00f6sung wurde genau auf die internen Prozesse des GCI und der Stadtverwaltung abgestimmt. Das Projekt wurde nach der SCRUM-Methodik durchgef\u00fchrt \u2013 das System wurde in zweiw\u00f6chigen Sprints schrittweise entwickelt, sodass das Business-Team laufend funktionierende Teile der Anwendung erhielt und einen realen Einfluss auf deren endg\u00fcltige Form hatte. Das dreiseitige Kooperationsmodell, an dem das Business (Auftraggeber), GCI (internes IT-Team) und IT-Dev (Technologiepartner) beteiligt waren, hat sich hier hervorragend bew\u00e4hrt.<\/p>\n\n\n\n<div style=\"height:80px\" aria-hidden=\"true\" class=\"wp-block-spacer\"><\/div>\n\n\n\n<h2 class=\"wp-block-heading icon-chartup\">Eine einzige Quelle f\u00fcr verl\u00e4ssliche Informationen zur Beschaffung<\/h2>\n\n\n\n<ul class=\"wp-block-list arrow-list\">\n<li>Zentralisierung der Daten und eine einzige \u201eQuelle der Wahrheit\u201c. Alle Dokumente, Daten und Festlegungen zu Beschaffungsverfahren und Vertr\u00e4gen werden nun an einem einzigen, \u00fcbersichtlichen Ort gesammelt, wodurch Informationschaos vermieden und die Konsistenz der Daten gew\u00e4hrleistet wird.<\/li>\n\n\n\n<li>Optimierung und reibungsloser Ablauf von Prozessen. Die Einf\u00fchrung eines elektronischen Dokumentenflusses und von Tools f\u00fcr das Team- und Verantwortungsmanagement hat die Umsetzung von Aufgaben erheblich verbessert und beschleunigt.<\/li>\n\n\n\n<li>Volle Kontrolle und Sicherheit. Das System gew\u00e4hrleistet eine strenge Kontrolle des Zugriffs auf Informationen und garantiert, dass vertrauliche Daten nur f\u00fcr berechtigte Personen zug\u00e4nglich sind.<\/li>\n\n\n\n<li>Nutzung vorhandener Ressourcen. Die gesamte L\u00f6sung wurde im Rahmen der bereits bei GCI vorhandenen Microsoft 365-Lizenzen realisiert. Es entstanden keine zus\u00e4tzlichen Kosten f\u00fcr neue Software.<\/li>\n\n\n\n<li>Ein gesch\u00e4ftsorientiertes Kooperationsmodell. Das Projekt wurde als Gesch\u00e4ftsinitiative mit IT-Unterst\u00fctzung durchgef\u00fchrt und nicht umgekehrt. Die Anforderungen wurden von Vertretern der Wirtschaft definiert, wodurch sichergestellt wurde, dass das endg\u00fcltige Tool ihren tats\u00e4chlichen Bed\u00fcrfnissen perfekt entspricht.<\/li>\n<\/ul>\n","protected":false},"excerpt":{"rendered":"<p>\u00d6ffentliche Beschaffung im Datenchaos Die gr\u00f6\u00dfte Herausforderung f\u00fcr das IT-Zentrum in Danzig bestand darin, komplexe Beschaffungsprozesse auf der Grundlage von Informationen durchzuf\u00fchren, die \u00fcber mehrere Systeme und Quellen verteilt waren \u2013 darunter E-Mails und Telefonate. Die Verwaltung von Projekten im Wert von mehreren hunderttausend Zloty erforderte von den Mitarbeitern die manuelle Erfassung von Daten aus<a class=\"excerpt-read-more\" href=\"https:\/\/www.it-dev.eu\/de\/unsere-kunden\/gci\/\" title=\"ReadGCI\">&#8230; Read more &raquo;<\/a><\/p>\n","protected":false},"author":8,"featured_media":9531,"parent":7022,"menu_order":0,"comment_status":"closed","ping_status":"closed","template":"templates\/page-case-study.php","meta":{"_acf_changed":false,"inline_featured_image":false,"footnotes":""},"class_list":["post-9988","page","type-page","status-publish","has-post-thumbnail","hentry"],"acf":[],"yoast_head":"<!-- This site is optimized with the Yoast SEO plugin v27.5 - https:\/\/yoast.com\/product\/yoast-seo-wordpress\/ -->\n<title>GCI | IT-Dev<\/title>\n<meta name=\"description\" content=\"Wie hat GCI dank der Microsoft 365-Plattform und der Zusammenarbeit mit IT-Dev die Verwaltung von Eink\u00e4ufen und Vertr\u00e4gen in der \u00f6ffentlichen Verwaltung vereinfacht?\" \/>\n<meta name=\"robots\" content=\"index, follow, max-snippet:-1, max-image-preview:large, max-video-preview:-1\" \/>\n<link rel=\"canonical\" href=\"https:\/\/www.it-dev.eu\/de\/unsere-kunden\/gci\/\" \/>\n<meta property=\"og:locale\" content=\"de_DE\" \/>\n<meta property=\"og:type\" content=\"article\" \/>\n<meta property=\"og:title\" content=\"GCI | IT-Dev\" \/>\n<meta property=\"og:description\" content=\"Wie hat GCI dank der Microsoft 365-Plattform und der Zusammenarbeit mit IT-Dev die Verwaltung von Eink\u00e4ufen und Vertr\u00e4gen in der \u00f6ffentlichen Verwaltung vereinfacht?\" \/>\n<meta property=\"og:url\" content=\"https:\/\/www.it-dev.eu\/de\/unsere-kunden\/gci\/\" \/>\n<meta property=\"og:site_name\" content=\"IT-Dev\" \/>\n<meta property=\"article:publisher\" content=\"https:\/\/www.facebook.com\/ITDevWroc\/\" \/>\n<meta property=\"article:modified_time\" content=\"2026-04-15T08:43:18+00:00\" \/>\n<meta property=\"og:image\" content=\"https:\/\/www.it-dev.eu\/wp-content\/uploads\/2025\/12\/GCI.png\" \/>\n\t<meta property=\"og:image:width\" content=\"1080\" \/>\n\t<meta property=\"og:image:height\" content=\"720\" \/>\n\t<meta property=\"og:image:type\" content=\"image\/png\" \/>\n<meta name=\"twitter:card\" content=\"summary_large_image\" \/>\n<meta name=\"twitter:site\" content=\"@IT_Dev\" \/>\n<meta name=\"twitter:label1\" content=\"Gesch\u00e4tzte Lesezeit\" \/>\n\t<meta name=\"twitter:data1\" content=\"3\u00a0Minuten\" \/>\n<script type=\"application\/ld+json\" class=\"yoast-schema-graph\">{\"@context\":\"https:\\\/\\\/schema.org\",\"@graph\":[{\"@type\":\"WebPage\",\"@id\":\"https:\\\/\\\/www.it-dev.eu\\\/de\\\/unsere-kunden\\\/gci\\\/\",\"url\":\"https:\\\/\\\/www.it-dev.eu\\\/de\\\/unsere-kunden\\\/gci\\\/\",\"name\":\"GCI | IT-Dev\",\"isPartOf\":{\"@id\":\"https:\\\/\\\/www.it-dev.eu\\\/de\\\/#website\"},\"primaryImageOfPage\":{\"@id\":\"https:\\\/\\\/www.it-dev.eu\\\/de\\\/unsere-kunden\\\/gci\\\/#primaryimage\"},\"image\":{\"@id\":\"https:\\\/\\\/www.it-dev.eu\\\/de\\\/unsere-kunden\\\/gci\\\/#primaryimage\"},\"thumbnailUrl\":\"https:\\\/\\\/www.it-dev.eu\\\/wp-content\\\/uploads\\\/2025\\\/12\\\/GCI.png\",\"datePublished\":\"2025-12-08T08:02:08+00:00\",\"dateModified\":\"2026-04-15T08:43:18+00:00\",\"description\":\"Wie hat GCI dank der Microsoft 365-Plattform und der Zusammenarbeit mit IT-Dev die Verwaltung von Eink\u00e4ufen und Vertr\u00e4gen in der \u00f6ffentlichen Verwaltung vereinfacht?\",\"breadcrumb\":{\"@id\":\"https:\\\/\\\/www.it-dev.eu\\\/de\\\/unsere-kunden\\\/gci\\\/#breadcrumb\"},\"inLanguage\":\"de\",\"potentialAction\":[{\"@type\":\"ReadAction\",\"target\":[\"https:\\\/\\\/www.it-dev.eu\\\/de\\\/unsere-kunden\\\/gci\\\/\"]}]},{\"@type\":\"ImageObject\",\"inLanguage\":\"de\",\"@id\":\"https:\\\/\\\/www.it-dev.eu\\\/de\\\/unsere-kunden\\\/gci\\\/#primaryimage\",\"url\":\"https:\\\/\\\/www.it-dev.eu\\\/wp-content\\\/uploads\\\/2025\\\/12\\\/GCI.png\",\"contentUrl\":\"https:\\\/\\\/www.it-dev.eu\\\/wp-content\\\/uploads\\\/2025\\\/12\\\/GCI.png\",\"width\":1080,\"height\":720},{\"@type\":\"BreadcrumbList\",\"@id\":\"https:\\\/\\\/www.it-dev.eu\\\/de\\\/unsere-kunden\\\/gci\\\/#breadcrumb\",\"itemListElement\":[{\"@type\":\"ListItem\",\"position\":1,\"name\":\"Strona g\u0142\u00f3wna\",\"item\":\"https:\\\/\\\/www.it-dev.eu\\\/de\\\/\"},{\"@type\":\"ListItem\",\"position\":2,\"name\":\"Kunden\",\"item\":\"https:\\\/\\\/www.it-dev.eu\\\/de\\\/unsere-kunden\\\/\"},{\"@type\":\"ListItem\",\"position\":3,\"name\":\"GCI\"}]},{\"@type\":\"WebSite\",\"@id\":\"https:\\\/\\\/www.it-dev.eu\\\/de\\\/#website\",\"url\":\"https:\\\/\\\/www.it-dev.eu\\\/de\\\/\",\"name\":\"IT-Dev - Limitless Digital Workplace\",\"description\":\"We create limitless Digital Workplaces\",\"publisher\":{\"@id\":\"https:\\\/\\\/www.it-dev.eu\\\/de\\\/#organization\"},\"potentialAction\":[{\"@type\":\"SearchAction\",\"target\":{\"@type\":\"EntryPoint\",\"urlTemplate\":\"https:\\\/\\\/www.it-dev.eu\\\/de\\\/?s={search_term_string}\"},\"query-input\":{\"@type\":\"PropertyValueSpecification\",\"valueRequired\":true,\"valueName\":\"search_term_string\"}}],\"inLanguage\":\"de\"},{\"@type\":\"Organization\",\"@id\":\"https:\\\/\\\/www.it-dev.eu\\\/de\\\/#organization\",\"name\":\"IT-Dev - Limitless Digital Workplace\",\"url\":\"https:\\\/\\\/www.it-dev.eu\\\/de\\\/\",\"logo\":{\"@type\":\"ImageObject\",\"inLanguage\":\"de\",\"@id\":\"https:\\\/\\\/www.it-dev.eu\\\/de\\\/#\\\/schema\\\/logo\\\/image\\\/\",\"url\":\"https:\\\/\\\/www.it-dev.eu\\\/wp-content\\\/uploads\\\/2023\\\/12\\\/it-dev-logo-696x696-1.png\",\"contentUrl\":\"https:\\\/\\\/www.it-dev.eu\\\/wp-content\\\/uploads\\\/2023\\\/12\\\/it-dev-logo-696x696-1.png\",\"width\":696,\"height\":696,\"caption\":\"IT-Dev - Limitless Digital Workplace\"},\"image\":{\"@id\":\"https:\\\/\\\/www.it-dev.eu\\\/de\\\/#\\\/schema\\\/logo\\\/image\\\/\"},\"sameAs\":[\"https:\\\/\\\/www.facebook.com\\\/ITDevWroc\\\/\",\"https:\\\/\\\/x.com\\\/IT_Dev\",\"https:\\\/\\\/www.linkedin.com\\\/company\\\/it-dev\\\/\",\"https:\\\/\\\/www.youtube.com\\\/user\\\/biuroitdev\"]}]}<\/script>\n<!-- \/ Yoast SEO plugin. -->","yoast_head_json":{"title":"GCI | IT-Dev","description":"Wie hat GCI dank der Microsoft 365-Plattform und der Zusammenarbeit mit IT-Dev die Verwaltung von Eink\u00e4ufen und Vertr\u00e4gen in der \u00f6ffentlichen Verwaltung vereinfacht?","robots":{"index":"index","follow":"follow","max-snippet":"max-snippet:-1","max-image-preview":"max-image-preview:large","max-video-preview":"max-video-preview:-1"},"canonical":"https:\/\/www.it-dev.eu\/de\/unsere-kunden\/gci\/","og_locale":"de_DE","og_type":"article","og_title":"GCI | IT-Dev","og_description":"Wie hat GCI dank der Microsoft 365-Plattform und der Zusammenarbeit mit IT-Dev die Verwaltung von Eink\u00e4ufen und Vertr\u00e4gen in der \u00f6ffentlichen Verwaltung vereinfacht?","og_url":"https:\/\/www.it-dev.eu\/de\/unsere-kunden\/gci\/","og_site_name":"IT-Dev","article_publisher":"https:\/\/www.facebook.com\/ITDevWroc\/","article_modified_time":"2026-04-15T08:43:18+00:00","og_image":[{"width":1080,"height":720,"url":"https:\/\/www.it-dev.eu\/wp-content\/uploads\/2025\/12\/GCI.png","type":"image\/png"}],"twitter_card":"summary_large_image","twitter_site":"@IT_Dev","twitter_misc":{"Gesch\u00e4tzte Lesezeit":"3\u00a0Minuten"},"schema":{"@context":"https:\/\/schema.org","@graph":[{"@type":"WebPage","@id":"https:\/\/www.it-dev.eu\/de\/unsere-kunden\/gci\/","url":"https:\/\/www.it-dev.eu\/de\/unsere-kunden\/gci\/","name":"GCI | IT-Dev","isPartOf":{"@id":"https:\/\/www.it-dev.eu\/de\/#website"},"primaryImageOfPage":{"@id":"https:\/\/www.it-dev.eu\/de\/unsere-kunden\/gci\/#primaryimage"},"image":{"@id":"https:\/\/www.it-dev.eu\/de\/unsere-kunden\/gci\/#primaryimage"},"thumbnailUrl":"https:\/\/www.it-dev.eu\/wp-content\/uploads\/2025\/12\/GCI.png","datePublished":"2025-12-08T08:02:08+00:00","dateModified":"2026-04-15T08:43:18+00:00","description":"Wie hat GCI dank der Microsoft 365-Plattform und der Zusammenarbeit mit IT-Dev die Verwaltung von Eink\u00e4ufen und Vertr\u00e4gen in der \u00f6ffentlichen Verwaltung vereinfacht?","breadcrumb":{"@id":"https:\/\/www.it-dev.eu\/de\/unsere-kunden\/gci\/#breadcrumb"},"inLanguage":"de","potentialAction":[{"@type":"ReadAction","target":["https:\/\/www.it-dev.eu\/de\/unsere-kunden\/gci\/"]}]},{"@type":"ImageObject","inLanguage":"de","@id":"https:\/\/www.it-dev.eu\/de\/unsere-kunden\/gci\/#primaryimage","url":"https:\/\/www.it-dev.eu\/wp-content\/uploads\/2025\/12\/GCI.png","contentUrl":"https:\/\/www.it-dev.eu\/wp-content\/uploads\/2025\/12\/GCI.png","width":1080,"height":720},{"@type":"BreadcrumbList","@id":"https:\/\/www.it-dev.eu\/de\/unsere-kunden\/gci\/#breadcrumb","itemListElement":[{"@type":"ListItem","position":1,"name":"Strona g\u0142\u00f3wna","item":"https:\/\/www.it-dev.eu\/de\/"},{"@type":"ListItem","position":2,"name":"Kunden","item":"https:\/\/www.it-dev.eu\/de\/unsere-kunden\/"},{"@type":"ListItem","position":3,"name":"GCI"}]},{"@type":"WebSite","@id":"https:\/\/www.it-dev.eu\/de\/#website","url":"https:\/\/www.it-dev.eu\/de\/","name":"IT-Dev - Limitless Digital Workplace","description":"We create limitless Digital Workplaces","publisher":{"@id":"https:\/\/www.it-dev.eu\/de\/#organization"},"potentialAction":[{"@type":"SearchAction","target":{"@type":"EntryPoint","urlTemplate":"https:\/\/www.it-dev.eu\/de\/?s={search_term_string}"},"query-input":{"@type":"PropertyValueSpecification","valueRequired":true,"valueName":"search_term_string"}}],"inLanguage":"de"},{"@type":"Organization","@id":"https:\/\/www.it-dev.eu\/de\/#organization","name":"IT-Dev - Limitless Digital Workplace","url":"https:\/\/www.it-dev.eu\/de\/","logo":{"@type":"ImageObject","inLanguage":"de","@id":"https:\/\/www.it-dev.eu\/de\/#\/schema\/logo\/image\/","url":"https:\/\/www.it-dev.eu\/wp-content\/uploads\/2023\/12\/it-dev-logo-696x696-1.png","contentUrl":"https:\/\/www.it-dev.eu\/wp-content\/uploads\/2023\/12\/it-dev-logo-696x696-1.png","width":696,"height":696,"caption":"IT-Dev - Limitless Digital Workplace"},"image":{"@id":"https:\/\/www.it-dev.eu\/de\/#\/schema\/logo\/image\/"},"sameAs":["https:\/\/www.facebook.com\/ITDevWroc\/","https:\/\/x.com\/IT_Dev","https:\/\/www.linkedin.com\/company\/it-dev\/","https:\/\/www.youtube.com\/user\/biuroitdev"]}]}},"_links":{"self":[{"href":"https:\/\/www.it-dev.eu\/de\/wp-json\/wp\/v2\/pages\/9988","targetHints":{"allow":["GET"]}}],"collection":[{"href":"https:\/\/www.it-dev.eu\/de\/wp-json\/wp\/v2\/pages"}],"about":[{"href":"https:\/\/www.it-dev.eu\/de\/wp-json\/wp\/v2\/types\/page"}],"author":[{"embeddable":true,"href":"https:\/\/www.it-dev.eu\/de\/wp-json\/wp\/v2\/users\/8"}],"replies":[{"embeddable":true,"href":"https:\/\/www.it-dev.eu\/de\/wp-json\/wp\/v2\/comments?post=9988"}],"version-history":[{"count":8,"href":"https:\/\/www.it-dev.eu\/de\/wp-json\/wp\/v2\/pages\/9988\/revisions"}],"predecessor-version":[{"id":11588,"href":"https:\/\/www.it-dev.eu\/de\/wp-json\/wp\/v2\/pages\/9988\/revisions\/11588"}],"up":[{"embeddable":true,"href":"https:\/\/www.it-dev.eu\/de\/wp-json\/wp\/v2\/pages\/7022"}],"wp:featuredmedia":[{"embeddable":true,"href":"https:\/\/www.it-dev.eu\/de\/wp-json\/wp\/v2\/media\/9531"}],"wp:attachment":[{"href":"https:\/\/www.it-dev.eu\/de\/wp-json\/wp\/v2\/media?parent=9988"}],"curies":[{"name":"wp","href":"https:\/\/api.w.org\/{rel}","templated":true}]}}