{"id":10038,"date":"2024-04-12T08:39:12","date_gmt":"2024-04-12T06:39:12","guid":{"rendered":"https:\/\/www.it-dev.eu\/klienci\/morrison-energy\/"},"modified":"2026-04-15T10:05:13","modified_gmt":"2026-04-15T08:05:13","slug":"morrison-energy","status":"publish","type":"page","link":"https:\/\/www.it-dev.eu\/pl\/klienci\/morrison-energy\/","title":{"rendered":"Morrison Energy"},"content":{"rendered":"\n<h2 class=\"wp-block-heading icon-warning\">Silosy danych w sektorze energetycznym<\/h2>\n\n\n\n<p>Klient stan\u0105\u0142 przed powa\u017cnymi wyzwaniami w zakresie zarz\u0105dzania danymi i komunikacji operacyjnej w wysoce regulowanej i dynamicznej bran\u017cy. Kluczowe problemy obejmowa\u0142y fragmentaryczne i odizolowane systemy informatyczne, zb\u0119dne i zduplikowane dane, nieaktualne tre\u015bci oraz utrudnienia w skutecznym podejmowaniu decyzji spowodowane brakiem ujednoliconego, wiarygodnego \u017ar\u00f3d\u0142a danych. Segmentacja system\u00f3w utrudnia\u0142a r\u00f3wnie\u017c standaryzacj\u0119 wsp\u00f3\u0142pracy mi\u0119dzynarodowej, kt\u00f3ra ma kluczowe znaczenie dla utrzymania bezpiecze\u0144stwa i zgodno\u015bci z przepisami.<\/p>\n\n\n\n<div style=\"height:80px\" aria-hidden=\"true\" class=\"wp-block-spacer\"><\/div>\n\n\n\n<h2 class=\"wp-block-heading icon-bulb\">Migracja i jedno \u017ar\u00f3d\u0142o prawdy<\/h2>\n\n\n\n<p>Klient podj\u0105\u0142 systematyczne, etapowe dzia\u0142ania maj\u0105ce na celu popraw\u0119 bezpiecze\u0144stwa, wydajno\u015bci i optymalizacj\u0119 koszt\u00f3w. Zaanga\u017cowa\u0142 firm\u0119 IT-Dev, partnera w zakresie transformacji chmury i jednego z pierwszych u\u017cytkownik\u00f3w rozwi\u0105zania Microsoft Modern Workplace, aby wykorzysta\u0107 niewykorzystane inwestycje w M365. Rozwi\u0105zanie obejmowa\u0142o:<\/p>\n\n\n\n<ul class=\"wp-block-list arrow-list\">\n<li><strong>Zarz\u0105dzanie danymi:<\/strong> Ocena danych przed migracj\u0105, czyszczenie w celu ustanowienia jednego \u017ar\u00f3d\u0142a informacji oraz kompleksowa migracja danych z plik\u00f3w projekt\u00f3w.<\/li>\n\n\n\n<li><strong>Zarz\u0105dzanie zmianami i wdra\u017canie:<\/strong> skoordynowane kampanie wdro\u017ceniowe, podnoszenie kwalifikacji technicznych, warsztaty dotycz\u0105ce us\u0142ug Microsoft oraz samoobs\u0142uga oparta na rolach w MS Teams.<\/li>\n\n\n\n<li><strong>Zautomatyzowane bezpiecze\u0144stwo i zgodno\u015b\u0107 z przepisami:<\/strong> wdro\u017cenie dyskretnych \u015brodk\u00f3w bezpiecze\u0144stwa i automatyzacja zarz\u0105dzania.<\/li>\n\n\n\n<li><strong>Aplikacje niestandardowe:<\/strong> Tworzenie aplikacji na zam\u00f3wienie, takich jak ReqApp, oraz zmodernizowana baza wiedzy.<\/li>\n\n\n\n<li><strong>Rozw\u00f3j intranetu:<\/strong> strona docelowa intranetu z tre\u015bciami dostosowanymi do r\u00f3l oraz niestandardowy pulpit KPI zintegrowany z aplikacj\u0105 Teams za po\u015brednictwem Viva Connections.<\/li>\n<\/ul>\n\n\n\n<div style=\"height:80px\" aria-hidden=\"true\" class=\"wp-block-spacer\"><\/div>\n\n\n\n<h2 class=\"wp-block-heading icon-chartup\">Fundament cyfrowej transformacji energetyki<\/h2>\n\n\n\n<p>Ta strategiczna interwencja usprawni\u0142a systemy danych i komunikacji klienta, tworz\u0105c solidne ramy dla ci\u0105g\u0142ej transformacji cyfrowej. Projekt zwi\u0119kszy\u0142 wydajno\u015b\u0107 operacyjn\u0105, bezpiecze\u0144stwo i zgodno\u015b\u0107 z przepisami, przygotowuj\u0105c grunt pod zr\u00f3wnowa\u017con\u0105 i dochodow\u0105 przysz\u0142o\u015b\u0107 w cyfrowej podr\u00f3\u017cy klienta.<\/p>\n","protected":false},"excerpt":{"rendered":"<p>Silosy danych w sektorze energetycznym Klient stan\u0105\u0142 przed powa\u017cnymi wyzwaniami w zakresie zarz\u0105dzania danymi i komunikacji operacyjnej w wysoce regulowanej i dynamicznej bran\u017cy. Kluczowe problemy obejmowa\u0142y fragmentaryczne i odizolowane systemy informatyczne, zb\u0119dne i zduplikowane dane, nieaktualne tre\u015bci oraz utrudnienia w skutecznym podejmowaniu decyzji spowodowane brakiem ujednoliconego, wiarygodnego \u017ar\u00f3d\u0142a danych. Segmentacja system\u00f3w utrudnia\u0142a r\u00f3wnie\u017c standaryzacj\u0119 wsp\u00f3\u0142pracy<a class=\"excerpt-read-more\" href=\"https:\/\/www.it-dev.eu\/pl\/klienci\/morrison-energy\/\" title=\"ReadMorrison Energy\">&#8230; Read more &raquo;<\/a><\/p>\n","protected":false},"author":3,"featured_media":3855,"parent":2553,"menu_order":0,"comment_status":"closed","ping_status":"closed","template":"templates\/page-case-study.php","meta":{"_acf_changed":false,"inline_featured_image":false,"footnotes":""},"class_list":["post-10038","page","type-page","status-publish","has-post-thumbnail","hentry"],"acf":[],"yoast_head":"<!-- This site is optimized with the Yoast SEO plugin v27.5 - https:\/\/yoast.com\/product\/yoast-seo-wordpress\/ -->\n<title>Morrison Energy - IT-Dev<\/title>\n<meta name=\"description\" content=\"Morrison Energy to kompleksowa firma \u015bwiadcz\u0105ca us\u0142ugi in\u017cynieryjne i budowlane w bran\u017cy naftowej i gazowej.\" \/>\n<meta name=\"robots\" content=\"index, follow, max-snippet:-1, max-image-preview:large, max-video-preview:-1\" \/>\n<link rel=\"canonical\" href=\"https:\/\/www.it-dev.eu\/pl\/klienci\/morrison-energy\/\" \/>\n<meta property=\"og:locale\" content=\"pl_PL\" \/>\n<meta property=\"og:type\" content=\"article\" \/>\n<meta property=\"og:title\" content=\"Morrison Energy - IT-Dev\" \/>\n<meta property=\"og:description\" content=\"Morrison Energy to kompleksowa firma \u015bwiadcz\u0105ca us\u0142ugi in\u017cynieryjne i budowlane w bran\u017cy naftowej i gazowej.\" \/>\n<meta property=\"og:url\" content=\"https:\/\/www.it-dev.eu\/pl\/klienci\/morrison-energy\/\" \/>\n<meta property=\"og:site_name\" content=\"IT-Dev\" \/>\n<meta property=\"article:publisher\" content=\"https:\/\/www.facebook.com\/ITDevWroc\/\" \/>\n<meta property=\"article:modified_time\" content=\"2026-04-15T08:05:13+00:00\" \/>\n<meta property=\"og:image\" content=\"https:\/\/www.it-dev.eu\/wp-content\/uploads\/2024\/04\/morrison-energy-thumb.webp\" \/>\n\t<meta property=\"og:image:width\" content=\"1080\" \/>\n\t<meta property=\"og:image:height\" content=\"720\" \/>\n\t<meta property=\"og:image:type\" content=\"image\/webp\" \/>\n<meta name=\"twitter:card\" content=\"summary_large_image\" \/>\n<meta name=\"twitter:site\" content=\"@IT_Dev\" \/>\n<meta name=\"twitter:label1\" content=\"Szacowany czas czytania\" \/>\n\t<meta name=\"twitter:data1\" content=\"2 minuty\" \/>\n<script type=\"application\/ld+json\" class=\"yoast-schema-graph\">{\"@context\":\"https:\\\/\\\/schema.org\",\"@graph\":[{\"@type\":\"WebPage\",\"@id\":\"https:\\\/\\\/www.it-dev.eu\\\/pl\\\/klienci\\\/morrison-energy\\\/\",\"url\":\"https:\\\/\\\/www.it-dev.eu\\\/pl\\\/klienci\\\/morrison-energy\\\/\",\"name\":\"Morrison Energy - IT-Dev\",\"isPartOf\":{\"@id\":\"https:\\\/\\\/www.it-dev.eu\\\/pl\\\/#website\"},\"primaryImageOfPage\":{\"@id\":\"https:\\\/\\\/www.it-dev.eu\\\/pl\\\/klienci\\\/morrison-energy\\\/#primaryimage\"},\"image\":{\"@id\":\"https:\\\/\\\/www.it-dev.eu\\\/pl\\\/klienci\\\/morrison-energy\\\/#primaryimage\"},\"thumbnailUrl\":\"https:\\\/\\\/www.it-dev.eu\\\/wp-content\\\/uploads\\\/2024\\\/04\\\/morrison-energy-thumb.webp\",\"datePublished\":\"2024-04-12T06:39:12+00:00\",\"dateModified\":\"2026-04-15T08:05:13+00:00\",\"description\":\"Morrison Energy to kompleksowa firma \u015bwiadcz\u0105ca us\u0142ugi in\u017cynieryjne i budowlane w bran\u017cy naftowej i gazowej.\",\"breadcrumb\":{\"@id\":\"https:\\\/\\\/www.it-dev.eu\\\/pl\\\/klienci\\\/morrison-energy\\\/#breadcrumb\"},\"inLanguage\":\"pl-PL\",\"potentialAction\":[{\"@type\":\"ReadAction\",\"target\":[\"https:\\\/\\\/www.it-dev.eu\\\/pl\\\/klienci\\\/morrison-energy\\\/\"]}]},{\"@type\":\"ImageObject\",\"inLanguage\":\"pl-PL\",\"@id\":\"https:\\\/\\\/www.it-dev.eu\\\/pl\\\/klienci\\\/morrison-energy\\\/#primaryimage\",\"url\":\"https:\\\/\\\/www.it-dev.eu\\\/wp-content\\\/uploads\\\/2024\\\/04\\\/morrison-energy-thumb.webp\",\"contentUrl\":\"https:\\\/\\\/www.it-dev.eu\\\/wp-content\\\/uploads\\\/2024\\\/04\\\/morrison-energy-thumb.webp\",\"width\":1080,\"height\":720},{\"@type\":\"BreadcrumbList\",\"@id\":\"https:\\\/\\\/www.it-dev.eu\\\/pl\\\/klienci\\\/morrison-energy\\\/#breadcrumb\",\"itemListElement\":[{\"@type\":\"ListItem\",\"position\":1,\"name\":\"Strona g\u0142\u00f3wna\",\"item\":\"https:\\\/\\\/www.it-dev.eu\\\/pl\\\/\"},{\"@type\":\"ListItem\",\"position\":2,\"name\":\"Klienci\",\"item\":\"https:\\\/\\\/www.it-dev.eu\\\/pl\\\/klienci\\\/\"},{\"@type\":\"ListItem\",\"position\":3,\"name\":\"Morrison Energy\"}]},{\"@type\":\"WebSite\",\"@id\":\"https:\\\/\\\/www.it-dev.eu\\\/pl\\\/#website\",\"url\":\"https:\\\/\\\/www.it-dev.eu\\\/pl\\\/\",\"name\":\"IT-Dev - Limitless Digital Workplace\",\"description\":\"We create limitless Digital Workplaces\",\"publisher\":{\"@id\":\"https:\\\/\\\/www.it-dev.eu\\\/pl\\\/#organization\"},\"potentialAction\":[{\"@type\":\"SearchAction\",\"target\":{\"@type\":\"EntryPoint\",\"urlTemplate\":\"https:\\\/\\\/www.it-dev.eu\\\/pl\\\/?s={search_term_string}\"},\"query-input\":{\"@type\":\"PropertyValueSpecification\",\"valueRequired\":true,\"valueName\":\"search_term_string\"}}],\"inLanguage\":\"pl-PL\"},{\"@type\":\"Organization\",\"@id\":\"https:\\\/\\\/www.it-dev.eu\\\/pl\\\/#organization\",\"name\":\"IT-Dev - Limitless Digital Workplace\",\"url\":\"https:\\\/\\\/www.it-dev.eu\\\/pl\\\/\",\"logo\":{\"@type\":\"ImageObject\",\"inLanguage\":\"pl-PL\",\"@id\":\"https:\\\/\\\/www.it-dev.eu\\\/pl\\\/#\\\/schema\\\/logo\\\/image\\\/\",\"url\":\"https:\\\/\\\/www.it-dev.eu\\\/wp-content\\\/uploads\\\/2023\\\/12\\\/it-dev-logo-696x696-1.png\",\"contentUrl\":\"https:\\\/\\\/www.it-dev.eu\\\/wp-content\\\/uploads\\\/2023\\\/12\\\/it-dev-logo-696x696-1.png\",\"width\":696,\"height\":696,\"caption\":\"IT-Dev - Limitless Digital Workplace\"},\"image\":{\"@id\":\"https:\\\/\\\/www.it-dev.eu\\\/pl\\\/#\\\/schema\\\/logo\\\/image\\\/\"},\"sameAs\":[\"https:\\\/\\\/www.facebook.com\\\/ITDevWroc\\\/\",\"https:\\\/\\\/x.com\\\/IT_Dev\",\"https:\\\/\\\/www.linkedin.com\\\/company\\\/it-dev\\\/\",\"https:\\\/\\\/www.youtube.com\\\/user\\\/biuroitdev\"]}]}<\/script>\n<!-- \/ Yoast SEO plugin. -->","yoast_head_json":{"title":"Morrison Energy - IT-Dev","description":"Morrison Energy to kompleksowa firma \u015bwiadcz\u0105ca us\u0142ugi in\u017cynieryjne i budowlane w bran\u017cy naftowej i gazowej.","robots":{"index":"index","follow":"follow","max-snippet":"max-snippet:-1","max-image-preview":"max-image-preview:large","max-video-preview":"max-video-preview:-1"},"canonical":"https:\/\/www.it-dev.eu\/pl\/klienci\/morrison-energy\/","og_locale":"pl_PL","og_type":"article","og_title":"Morrison Energy - IT-Dev","og_description":"Morrison Energy to kompleksowa firma \u015bwiadcz\u0105ca us\u0142ugi in\u017cynieryjne i budowlane w bran\u017cy naftowej i gazowej.","og_url":"https:\/\/www.it-dev.eu\/pl\/klienci\/morrison-energy\/","og_site_name":"IT-Dev","article_publisher":"https:\/\/www.facebook.com\/ITDevWroc\/","article_modified_time":"2026-04-15T08:05:13+00:00","og_image":[{"width":1080,"height":720,"url":"https:\/\/www.it-dev.eu\/wp-content\/uploads\/2024\/04\/morrison-energy-thumb.webp","type":"image\/webp"}],"twitter_card":"summary_large_image","twitter_site":"@IT_Dev","twitter_misc":{"Szacowany czas czytania":"2 minuty"},"schema":{"@context":"https:\/\/schema.org","@graph":[{"@type":"WebPage","@id":"https:\/\/www.it-dev.eu\/pl\/klienci\/morrison-energy\/","url":"https:\/\/www.it-dev.eu\/pl\/klienci\/morrison-energy\/","name":"Morrison Energy - IT-Dev","isPartOf":{"@id":"https:\/\/www.it-dev.eu\/pl\/#website"},"primaryImageOfPage":{"@id":"https:\/\/www.it-dev.eu\/pl\/klienci\/morrison-energy\/#primaryimage"},"image":{"@id":"https:\/\/www.it-dev.eu\/pl\/klienci\/morrison-energy\/#primaryimage"},"thumbnailUrl":"https:\/\/www.it-dev.eu\/wp-content\/uploads\/2024\/04\/morrison-energy-thumb.webp","datePublished":"2024-04-12T06:39:12+00:00","dateModified":"2026-04-15T08:05:13+00:00","description":"Morrison Energy to kompleksowa firma \u015bwiadcz\u0105ca us\u0142ugi in\u017cynieryjne i budowlane w bran\u017cy naftowej i gazowej.","breadcrumb":{"@id":"https:\/\/www.it-dev.eu\/pl\/klienci\/morrison-energy\/#breadcrumb"},"inLanguage":"pl-PL","potentialAction":[{"@type":"ReadAction","target":["https:\/\/www.it-dev.eu\/pl\/klienci\/morrison-energy\/"]}]},{"@type":"ImageObject","inLanguage":"pl-PL","@id":"https:\/\/www.it-dev.eu\/pl\/klienci\/morrison-energy\/#primaryimage","url":"https:\/\/www.it-dev.eu\/wp-content\/uploads\/2024\/04\/morrison-energy-thumb.webp","contentUrl":"https:\/\/www.it-dev.eu\/wp-content\/uploads\/2024\/04\/morrison-energy-thumb.webp","width":1080,"height":720},{"@type":"BreadcrumbList","@id":"https:\/\/www.it-dev.eu\/pl\/klienci\/morrison-energy\/#breadcrumb","itemListElement":[{"@type":"ListItem","position":1,"name":"Strona g\u0142\u00f3wna","item":"https:\/\/www.it-dev.eu\/pl\/"},{"@type":"ListItem","position":2,"name":"Klienci","item":"https:\/\/www.it-dev.eu\/pl\/klienci\/"},{"@type":"ListItem","position":3,"name":"Morrison Energy"}]},{"@type":"WebSite","@id":"https:\/\/www.it-dev.eu\/pl\/#website","url":"https:\/\/www.it-dev.eu\/pl\/","name":"IT-Dev - Limitless Digital Workplace","description":"We create limitless Digital Workplaces","publisher":{"@id":"https:\/\/www.it-dev.eu\/pl\/#organization"},"potentialAction":[{"@type":"SearchAction","target":{"@type":"EntryPoint","urlTemplate":"https:\/\/www.it-dev.eu\/pl\/?s={search_term_string}"},"query-input":{"@type":"PropertyValueSpecification","valueRequired":true,"valueName":"search_term_string"}}],"inLanguage":"pl-PL"},{"@type":"Organization","@id":"https:\/\/www.it-dev.eu\/pl\/#organization","name":"IT-Dev - Limitless Digital Workplace","url":"https:\/\/www.it-dev.eu\/pl\/","logo":{"@type":"ImageObject","inLanguage":"pl-PL","@id":"https:\/\/www.it-dev.eu\/pl\/#\/schema\/logo\/image\/","url":"https:\/\/www.it-dev.eu\/wp-content\/uploads\/2023\/12\/it-dev-logo-696x696-1.png","contentUrl":"https:\/\/www.it-dev.eu\/wp-content\/uploads\/2023\/12\/it-dev-logo-696x696-1.png","width":696,"height":696,"caption":"IT-Dev - Limitless Digital Workplace"},"image":{"@id":"https:\/\/www.it-dev.eu\/pl\/#\/schema\/logo\/image\/"},"sameAs":["https:\/\/www.facebook.com\/ITDevWroc\/","https:\/\/x.com\/IT_Dev","https:\/\/www.linkedin.com\/company\/it-dev\/","https:\/\/www.youtube.com\/user\/biuroitdev"]}]}},"_links":{"self":[{"href":"https:\/\/www.it-dev.eu\/pl\/wp-json\/wp\/v2\/pages\/10038","targetHints":{"allow":["GET"]}}],"collection":[{"href":"https:\/\/www.it-dev.eu\/pl\/wp-json\/wp\/v2\/pages"}],"about":[{"href":"https:\/\/www.it-dev.eu\/pl\/wp-json\/wp\/v2\/types\/page"}],"author":[{"embeddable":true,"href":"https:\/\/www.it-dev.eu\/pl\/wp-json\/wp\/v2\/users\/3"}],"replies":[{"embeddable":true,"href":"https:\/\/www.it-dev.eu\/pl\/wp-json\/wp\/v2\/comments?post=10038"}],"version-history":[{"count":5,"href":"https:\/\/www.it-dev.eu\/pl\/wp-json\/wp\/v2\/pages\/10038\/revisions"}],"predecessor-version":[{"id":11563,"href":"https:\/\/www.it-dev.eu\/pl\/wp-json\/wp\/v2\/pages\/10038\/revisions\/11563"}],"up":[{"embeddable":true,"href":"https:\/\/www.it-dev.eu\/pl\/wp-json\/wp\/v2\/pages\/2553"}],"wp:featuredmedia":[{"embeddable":true,"href":"https:\/\/www.it-dev.eu\/pl\/wp-json\/wp\/v2\/media\/3855"}],"wp:attachment":[{"href":"https:\/\/www.it-dev.eu\/pl\/wp-json\/wp\/v2\/media?parent=10038"}],"curies":[{"name":"wp","href":"https:\/\/api.w.org\/{rel}","templated":true}]}}