{"id":10151,"date":"2026-01-13T10:03:14","date_gmt":"2026-01-13T09:03:14","guid":{"rendered":"https:\/\/www.it-dev.eu\/?page_id=10151"},"modified":"2026-03-03T09:16:38","modified_gmt":"2026-03-03T08:16:38","slug":"pko-leasing","status":"publish","type":"page","link":"https:\/\/www.it-dev.eu\/pl\/klienci\/pko-leasing\/","title":{"rendered":"PKO Leasing\u00a0"},"content":{"rendered":"\n<h2 class=\"wp-block-heading icon-warning\">Wyzwanie<\/h2>\n\n\n\n<p>PKO Leasing, jako sp\u00f3\u0142ka rynku finansowego, dzia\u0142a w silnie regulowanym otoczeniu, w kt\u00f3rym liczne decyzje i procesy musz\u0105 by\u0107 zgodne z rygorystycznymi procedurami oraz przepisami bran\u017cowymi. Wyzwania, z jakimi mierzy\u0142a si\u0119 organizacja, wykracza\u0142y wi\u0119c poza standardowe potrzeby komunikacyjne. Dotychczasowy intranet nie odpowiada\u0142 ju\u017c na oczekiwania nowoczesnej, dynamicznie rozwijaj\u0105cej si\u0119 firmy, w kt\u00f3rej kluczowe znaczenie ma nie tylko szybko\u015b\u0107, ale i zgodno\u015b\u0107 dzia\u0142a\u0144 z regulacjami oraz polityk\u0105 bezpiecze\u0144stwa.<\/p>\n\n\n\n<p>PKO Leasing inwestuje w rozw\u00f3j nowoczesnego \u015brodowiska pracy \u2013 z tego wzgl\u0119du firma zdecydowa\u0142a o zmianie intranetu, tak aby by\u0142 kompatybilny z rozwijanym \u015brodowiskiem pracy opartym na narz\u0119dziach Microsoft365. Poprzedni intranet nie dawa\u0142 mo\u017cliwo\u015bci dalszego rozwoju zgodnego z polityk\u0105 firmy, a u\u017cytkownicy napotykali coraz wi\u0119ksze trudno\u015bci w korzystaniu z narz\u0119dzia. G\u0142\u00f3wnym problemem by\u0142o wyszukiwanie informacji \u2013 takich jak wiadomo\u015bci, procedury, czy dokumenty produktowe. . W sektorze finansowym, gdzie b\u0142yskawiczny dost\u0119p do rzetelnej wiedzy i obowi\u0105zuj\u0105cych wytycznych jest fundamentem odpowiedzialnej obs\u0142ugi klienta oraz zgodno\u015bci z regulacjami, takie trudno\u015bci mog\u0142y istotnie wp\u0142ywa\u0107 na obni\u017cenie efektywno\u015bci pracy.<\/p>\n\n\n\n<p>Przestarza\u0142y interfejs i ograniczone mo\u017cliwo\u015bci wyszukiwarki nie pozwala\u0142y na sprawne zarz\u0105dzanie cyklem \u017cycia informacji \u2014 od publikacji, przez aktualizacj\u0119, po archiwizacj\u0119 lub wycofanie tre\u015bci.<\/p>\n\n\n\n<p>Platforma nie by\u0142a te\u017c dostosowana do nowoczesnego, mobilnego stylu pracy. Konieczno\u015b\u0107 logowania przez VPN uniemo\u017cliwia\u0142a korzystanie z narz\u0119dzia za po\u015brednictwem telefonu kom\u00f3rkowego, co ogranicza\u0142o elastyczno\u015b\u0107 dzia\u0142ania pracownik\u00f3w pracuj\u0105cych zdalnie \u2013 m.in. z klientami. Utrudnia\u0142o to szybkie dotarcie do aktualnych dokument\u00f3w produktowych, instrukcji czy regulamin\u00f3w, kt\u00f3re s\u0105 niezb\u0119dne do prawid\u0142owego wykonywania obowi\u0105zk\u00f3w w sektorze finansowym. Zapewnienie pracownikom \u0142atwego, bezpiecznego i intuicyjnego dost\u0119pu do wiedzy produktowej oraz procedur sta\u0142o si\u0119 wi\u0119c jednym z priorytet\u00f3w.<\/p>\n\n\n\n<div style=\"height:80px\" aria-hidden=\"true\" class=\"wp-block-spacer\"><\/div>\n\n\n\n<h2 class=\"wp-block-heading icon-bulb\">Rozwi\u0105zanie<\/h2>\n\n\n\n<p>Zesp\u00f3\u0142 IT-Dev, w \u015bcis\u0142ej wsp\u00f3\u0142pracy z PKO Leasing, zaprojektowa\u0142 i wdro\u017cy\u0142 now\u0105 platform\u0119 intranetow\u0105, b\u0119d\u0105c\u0105 odpowiedzi\u0105 na zdiagnozowane wyzwania. W oparciu o nowoczesn\u0105 i skalowaln\u0105 technologi\u0119 powsta\u0142o intuicyjne i w pe\u0142ni responsywne cyfrowe miejsce pracy.<\/p>\n\n\n\n<p>Projekt obejmowa\u0142 nie tylko wdro\u017cenie technologiczne, ale r\u00f3wnie\u017c seri\u0119 warsztat\u00f3w z kluczowymi interesariuszami. Pozwoli\u0142o to precyzyjnie zdefiniowa\u0107 architektur\u0119 informacji, zaprojektowa\u0107 najwa\u017cniejsze funkcjonalno\u015bci i dostosowa\u0107 narz\u0119dzie do realnych potrzeb pracownik\u00f3w. G\u0142\u00f3wnym celem by\u0142o stworzenie jednego, sp\u00f3jnego i wiarygodnego \u017ar\u00f3d\u0142a informacji dla ca\u0142ej Grupy PKO Leasing, dost\u0119pnego z ka\u017cdego urz\u0105dzenia.<\/p>\n\n\n\n<p>Aby skutecznie odpowiedzie\u0107 na opisane wyzwania \u2013 wynikaj\u0105ce z dzia\u0142alno\u015bci PKO Leasing w silnie regulowanym \u015brodowisku finansowym, gdzie kluczowe znaczenie maj\u0105 zgodno\u015b\u0107 z procedurami, bezpiecze\u0144stwo oraz szybki dost\u0119p do aktualnych informacji \u2013 zesp\u00f3\u0142 IT-Dev, we wsp\u00f3\u0142pracy z PKO Leasing, zaprojektowa\u0142 i wdro\u017cy\u0142 now\u0105 platform\u0119 intranetow\u0105, kt\u00f3ra stanowi centralne, zaufane \u017ar\u00f3d\u0142o wiedzy dla ca\u0142ej organizacji.<\/p>\n\n\n\n<p>Nowa platforma powsta\u0142a w oparciu o nowoczesne, skalowalne technologie, zapewniaj\u0105ce pe\u0142n\u0105 responsywno\u015b\u0107 oraz intuicyjno\u015b\u0107 obs\u0142ugi, niezale\u017cnie od wykorzystywanego urz\u0105dzenia. By wyeliminowa\u0107 problem rozproszenia i nieaktualno\u015bci tre\u015bci, wdro\u017cono centralne repozytorium dokument\u00f3w z zaawansowanymi narz\u0119dziami do kategoryzacji, tagowania oraz kontroli dost\u0119pu, co minimalizuje ryzyko naruszenia procedur i u\u0142atwia monitorowanie zgodno\u015bci z bran\u017cowymi regulacjami.<\/p>\n\n\n\n<p>Projekt platformy obj\u0105\u0142 r\u00f3wnie\u017c cykl warsztat\u00f3w z kluczowymi interesariuszami, dzi\u0119ki czemu architektura informacji oraz funkcjonalno\u015bci zosta\u0142y precyzyjnie dostosowane do realnych potrzeb pracownik\u00f3w. Szczeg\u00f3lny nacisk po\u0142o\u017cono na usprawnienie wyszukiwania dokument\u00f3w, procedur i regulamin\u00f3w oraz na zapewnienie bezpiecznego, \u0142atwego dost\u0119pu do wiedzy produktowej \u2013 zar\u00f3wno w biurze, jak i podczas pracy zdalnej czy terenowej, bez konieczno\u015bci logowania przez VPN.<\/p>\n\n\n\n<p>Dzi\u0119ki temu rozwi\u0105zaniu PKO Leasing zyska\u0142o nowoczesne, sp\u00f3jne i wiarygodne narz\u0119dzie wspieraj\u0105ce nie tylko komunikacj\u0119, ale tak\u017ce zgodno\u015b\u0107 dzia\u0142a\u0144 z regulacjami i polityk\u0105 bezpiecze\u0144stwa, zapewniaj\u0105c pracownikom szybki dost\u0119p do aktualnych, zweryfikowanych informacji niezb\u0119dnych do efektywnego i odpowiedzialnego wykonywania obowi\u0105zk\u00f3w w sektorze finansowym.<\/p>\n\n\n\n<p>Co wi\u0119cej, platforma jest przystosowana do dalszego rozwoju w oparciu o rozwi\u0105zania Microsoft365 \u2013 daje to mo\u017cliwo\u015b\u0107 kreowania w pe\u0142ni cyfrowego, nowoczesnego \u015brodowiska pracy, kt\u00f3re spe\u0142nia oczekiwania organizacji oraz wspiera pracownik\u00f3w w wykonywaniu codziennych obowi\u0105zk\u00f3w.<\/p>\n\n\n\n<div style=\"height:80px\" aria-hidden=\"true\" class=\"wp-block-spacer\"><\/div>\n\n\n\n<h2 class=\"wp-block-heading icon-chartup\">Warto\u015b\u0107 i korzy\u015bci<\/h2>\n\n\n\n<ul class=\"wp-block-list arrow-list\">\n<li><strong>Usprawniony dost\u0119p do informacji.<\/strong> Dzi\u0119ki nowej architekturze, profilowaniu tre\u015bci i zaawansowanej wyszukiwarce pracownicy znacznie szybciej docieraj\u0105 do istotnych dla nich informacji i dokument\u00f3w. Dzi\u0119ki temu oszcz\u0119dzaj\u0105 czas, znika te\u017c frustracja zwi\u0105zana z chaosem informacyjnym.<\/li>\n\n\n\n<li><strong>Wsparcie procesu zarz\u0105dzania informacj\u0105.<\/strong> W ramach projektu zaprojektowano i wdro\u017cono mechanizmy pozwalaj\u0105ce na efektywne zarz\u0105dzenie cyklem \u017cycia informacji, dzi\u0119ki czemu uzyskano pewno\u015b\u0107, \u017ce u\u017cytkownicy maj\u0105 dost\u0119p do zawsze aktualnej wersji informacji.<\/li>\n\n\n\n<li><strong>Centralna baza dokument\u00f3w.<\/strong> Wszystkie og\u00f3lnofirmowe pliki, procedury i regulaminy zosta\u0142y zebrane w jednym miejscu. Mo\u017cliwo\u015b\u0107 kategoryzacji, tagowania i wyszukiwania pe\u0142notekstowego sprawi\u0142a, \u017ce odnalezienie potrzebnego dokumentu zajmuje teraz kilka sekund.<\/li>\n\n\n\n<li><strong>Pe\u0142na mobilno\u015b\u0107 i elastyczno\u015b\u0107.<\/strong> Nowy intranet jest dost\u0119pny z ka\u017cdego miejsca i urz\u0105dzenia, w tym ze smartfon\u00f3w, bez konieczno\u015bci logowania do VPN. Pracownicy mog\u0105 sprawdza\u0107 aktualno\u015bci czy pobiera\u0107 pliki w dowolnym momencie, co realnie wspiera elastyczny model pracy.<\/li>\n\n\n\n<li><strong>Wi\u0119ksze zaanga\u017cowanie i interakcja.<\/strong> Platforma wprowadzi\u0142a funkcje znane z medi\u00f3w spo\u0142eczno\u015bciowych, takie jak komentowanie i polubienia, co sprzyja budowaniu zaanga\u017cowania pracownik\u00f3w i u\u0142atwia dwukierunkow\u0105 komunikacj\u0119 wewn\u0105trz organizacji.<\/li>\n\n\n\n<li><strong>Usprawnienie proces\u00f3w redakcyjnych.<\/strong> Poszczeg\u00f3lne dzia\u0142y zyska\u0142y mo\u017cliwo\u015b\u0107 samodzielnego tworzenia i publikowania tre\u015bci \u2013 na przyk\u0142ad aktualno\u015bci HR-owych. To zdecentralizowa\u0142o zarz\u0105dzanie tre\u015bci\u0105 i da\u0142o pracownikom wi\u0119ksz\u0105 odpowiedzialno\u015b\u0107 za swoje obszary.<\/li>\n<\/ul>\n\n\n\n<div style=\"height:80px\" aria-hidden=\"true\" class=\"wp-block-spacer\"><\/div>\n\n\n\n<h2 class=\"wp-block-heading\">Plany na przysz\u0142o\u015b\u0107<\/h2>\n\n\n\n<p>Wdro\u017cenie nowego intranetu to dopiero pocz\u0105tek ewolucji cyfrowego \u015brodowiska pracy w PKO Leasing. Organizacja planuje dalszy, dynamiczny rozw\u00f3j platformy w oparciu o sta\u0142y dialog z u\u017cytkownikami: przedstawicielami centrali i sieci sprzeda\u017cy. W planach jest m.in. wprowadzenie kolejnych automatyzacji i narz\u0119dzi wspieraj\u0105cych pracownik\u00f3w, jak i mened\u017cer\u00f3w. Celem jest, aby intranet nieustannie si\u0119 rozwija\u0142 poprzez testowanie i wdra\u017canie nowych rozwi\u0105za\u0144, kt\u00f3re b\u0119d\u0105 jeszcze lepiej odpowiada\u0107 na bie\u017c\u0105ce i przysz\u0142e potrzeby organizacji.<\/p>\n","protected":false},"excerpt":{"rendered":"<p>Wyzwanie PKO Leasing, jako sp\u00f3\u0142ka rynku finansowego, dzia\u0142a w silnie regulowanym otoczeniu, w kt\u00f3rym liczne decyzje i procesy musz\u0105 by\u0107 zgodne z rygorystycznymi procedurami oraz przepisami bran\u017cowymi. Wyzwania, z jakimi mierzy\u0142a si\u0119 organizacja, wykracza\u0142y wi\u0119c poza standardowe potrzeby komunikacyjne. Dotychczasowy intranet nie odpowiada\u0142 ju\u017c na oczekiwania nowoczesnej, dynamicznie rozwijaj\u0105cej si\u0119 firmy, w kt\u00f3rej kluczowe znaczenie<a class=\"excerpt-read-more\" href=\"https:\/\/www.it-dev.eu\/pl\/klienci\/pko-leasing\/\" title=\"ReadPKO Leasing\u00a0\">&#8230; Read more &raquo;<\/a><\/p>\n","protected":false},"author":8,"featured_media":10154,"parent":2553,"menu_order":0,"comment_status":"closed","ping_status":"closed","template":"templates\/page-case-study.php","meta":{"_acf_changed":false,"inline_featured_image":false,"footnotes":""},"class_list":["post-10151","page","type-page","status-publish","has-post-thumbnail","hentry"],"acf":[],"yoast_head":"<!-- This site is optimized with the Yoast SEO plugin v27.3 - https:\/\/yoast.com\/product\/yoast-seo-wordpress\/ -->\n<title>PKO Leasing\u00a0 - IT-Dev<\/title>\n<meta name=\"description\" content=\"Jak nowy intranet w PKO Leasing poprawi\u0142 komunikacj\u0119 i zgodno\u015b\u0107 z regulacjami? Poznaj wdro\u017cenie IT-Dev oparte na Microsoft 365.\" \/>\n<meta name=\"robots\" content=\"index, follow, max-snippet:-1, max-image-preview:large, max-video-preview:-1\" \/>\n<link rel=\"canonical\" href=\"https:\/\/www.it-dev.eu\/pl\/klienci\/pko-leasing\/\" \/>\n<meta property=\"og:locale\" content=\"pl_PL\" \/>\n<meta property=\"og:type\" content=\"article\" \/>\n<meta property=\"og:title\" content=\"PKO Leasing\u00a0 - IT-Dev\" \/>\n<meta property=\"og:description\" content=\"Jak nowy intranet w PKO Leasing poprawi\u0142 komunikacj\u0119 i zgodno\u015b\u0107 z regulacjami? Poznaj wdro\u017cenie IT-Dev oparte na Microsoft 365.\" \/>\n<meta property=\"og:url\" content=\"https:\/\/www.it-dev.eu\/pl\/klienci\/pko-leasing\/\" \/>\n<meta property=\"og:site_name\" content=\"IT-Dev\" \/>\n<meta property=\"article:publisher\" content=\"https:\/\/www.facebook.com\/ITDevWroc\/\" \/>\n<meta property=\"article:modified_time\" content=\"2026-03-03T08:16:38+00:00\" \/>\n<meta property=\"og:image\" content=\"https:\/\/www.it-dev.eu\/wp-content\/uploads\/2026\/01\/PKOL-case-study.png\" \/>\n\t<meta property=\"og:image:width\" content=\"1080\" \/>\n\t<meta property=\"og:image:height\" content=\"720\" \/>\n\t<meta property=\"og:image:type\" content=\"image\/png\" \/>\n<meta name=\"twitter:card\" content=\"summary_large_image\" \/>\n<meta name=\"twitter:site\" content=\"@IT_Dev\" \/>\n<meta name=\"twitter:label1\" content=\"Szacowany czas czytania\" \/>\n\t<meta name=\"twitter:data1\" content=\"4 minuty\" \/>\n<script type=\"application\/ld+json\" class=\"yoast-schema-graph\">{\"@context\":\"https:\\\/\\\/schema.org\",\"@graph\":[{\"@type\":\"WebPage\",\"@id\":\"https:\\\/\\\/www.it-dev.eu\\\/pl\\\/klienci\\\/pko-leasing\\\/\",\"url\":\"https:\\\/\\\/www.it-dev.eu\\\/pl\\\/klienci\\\/pko-leasing\\\/\",\"name\":\"PKO Leasing\u00a0 - IT-Dev\",\"isPartOf\":{\"@id\":\"https:\\\/\\\/www.it-dev.eu\\\/pl\\\/#website\"},\"primaryImageOfPage\":{\"@id\":\"https:\\\/\\\/www.it-dev.eu\\\/pl\\\/klienci\\\/pko-leasing\\\/#primaryimage\"},\"image\":{\"@id\":\"https:\\\/\\\/www.it-dev.eu\\\/pl\\\/klienci\\\/pko-leasing\\\/#primaryimage\"},\"thumbnailUrl\":\"https:\\\/\\\/www.it-dev.eu\\\/wp-content\\\/uploads\\\/2026\\\/01\\\/PKOL-case-study.png\",\"datePublished\":\"2026-01-13T09:03:14+00:00\",\"dateModified\":\"2026-03-03T08:16:38+00:00\",\"description\":\"Jak nowy intranet w PKO Leasing poprawi\u0142 komunikacj\u0119 i zgodno\u015b\u0107 z regulacjami? Poznaj wdro\u017cenie IT-Dev oparte na Microsoft 365.\",\"breadcrumb\":{\"@id\":\"https:\\\/\\\/www.it-dev.eu\\\/pl\\\/klienci\\\/pko-leasing\\\/#breadcrumb\"},\"inLanguage\":\"pl-PL\",\"potentialAction\":[{\"@type\":\"ReadAction\",\"target\":[\"https:\\\/\\\/www.it-dev.eu\\\/pl\\\/klienci\\\/pko-leasing\\\/\"]}]},{\"@type\":\"ImageObject\",\"inLanguage\":\"pl-PL\",\"@id\":\"https:\\\/\\\/www.it-dev.eu\\\/pl\\\/klienci\\\/pko-leasing\\\/#primaryimage\",\"url\":\"https:\\\/\\\/www.it-dev.eu\\\/wp-content\\\/uploads\\\/2026\\\/01\\\/PKOL-case-study.png\",\"contentUrl\":\"https:\\\/\\\/www.it-dev.eu\\\/wp-content\\\/uploads\\\/2026\\\/01\\\/PKOL-case-study.png\",\"width\":1080,\"height\":720},{\"@type\":\"BreadcrumbList\",\"@id\":\"https:\\\/\\\/www.it-dev.eu\\\/pl\\\/klienci\\\/pko-leasing\\\/#breadcrumb\",\"itemListElement\":[{\"@type\":\"ListItem\",\"position\":1,\"name\":\"Strona g\u0142\u00f3wna\",\"item\":\"https:\\\/\\\/www.it-dev.eu\\\/pl\\\/\"},{\"@type\":\"ListItem\",\"position\":2,\"name\":\"Klienci\",\"item\":\"https:\\\/\\\/www.it-dev.eu\\\/pl\\\/klienci\\\/\"},{\"@type\":\"ListItem\",\"position\":3,\"name\":\"PKO Leasing\u00a0\"}]},{\"@type\":\"WebSite\",\"@id\":\"https:\\\/\\\/www.it-dev.eu\\\/pl\\\/#website\",\"url\":\"https:\\\/\\\/www.it-dev.eu\\\/pl\\\/\",\"name\":\"IT-Dev - Limitless Digital Workplace\",\"description\":\"We create limitless Digital Workplaces\",\"publisher\":{\"@id\":\"https:\\\/\\\/www.it-dev.eu\\\/pl\\\/#organization\"},\"potentialAction\":[{\"@type\":\"SearchAction\",\"target\":{\"@type\":\"EntryPoint\",\"urlTemplate\":\"https:\\\/\\\/www.it-dev.eu\\\/pl\\\/?s={search_term_string}\"},\"query-input\":{\"@type\":\"PropertyValueSpecification\",\"valueRequired\":true,\"valueName\":\"search_term_string\"}}],\"inLanguage\":\"pl-PL\"},{\"@type\":\"Organization\",\"@id\":\"https:\\\/\\\/www.it-dev.eu\\\/pl\\\/#organization\",\"name\":\"IT-Dev - Limitless Digital Workplace\",\"url\":\"https:\\\/\\\/www.it-dev.eu\\\/pl\\\/\",\"logo\":{\"@type\":\"ImageObject\",\"inLanguage\":\"pl-PL\",\"@id\":\"https:\\\/\\\/www.it-dev.eu\\\/pl\\\/#\\\/schema\\\/logo\\\/image\\\/\",\"url\":\"https:\\\/\\\/www.it-dev.eu\\\/wp-content\\\/uploads\\\/2023\\\/12\\\/it-dev-logo-696x696-1.png\",\"contentUrl\":\"https:\\\/\\\/www.it-dev.eu\\\/wp-content\\\/uploads\\\/2023\\\/12\\\/it-dev-logo-696x696-1.png\",\"width\":696,\"height\":696,\"caption\":\"IT-Dev - Limitless Digital Workplace\"},\"image\":{\"@id\":\"https:\\\/\\\/www.it-dev.eu\\\/pl\\\/#\\\/schema\\\/logo\\\/image\\\/\"},\"sameAs\":[\"https:\\\/\\\/www.facebook.com\\\/ITDevWroc\\\/\",\"https:\\\/\\\/x.com\\\/IT_Dev\",\"https:\\\/\\\/www.linkedin.com\\\/company\\\/it-dev\\\/\",\"https:\\\/\\\/www.youtube.com\\\/user\\\/biuroitdev\"]}]}<\/script>\n<!-- \/ Yoast SEO plugin. -->","yoast_head_json":{"title":"PKO Leasing\u00a0 - IT-Dev","description":"Jak nowy intranet w PKO Leasing poprawi\u0142 komunikacj\u0119 i zgodno\u015b\u0107 z regulacjami? Poznaj wdro\u017cenie IT-Dev oparte na Microsoft 365.","robots":{"index":"index","follow":"follow","max-snippet":"max-snippet:-1","max-image-preview":"max-image-preview:large","max-video-preview":"max-video-preview:-1"},"canonical":"https:\/\/www.it-dev.eu\/pl\/klienci\/pko-leasing\/","og_locale":"pl_PL","og_type":"article","og_title":"PKO Leasing\u00a0 - IT-Dev","og_description":"Jak nowy intranet w PKO Leasing poprawi\u0142 komunikacj\u0119 i zgodno\u015b\u0107 z regulacjami? Poznaj wdro\u017cenie IT-Dev oparte na Microsoft 365.","og_url":"https:\/\/www.it-dev.eu\/pl\/klienci\/pko-leasing\/","og_site_name":"IT-Dev","article_publisher":"https:\/\/www.facebook.com\/ITDevWroc\/","article_modified_time":"2026-03-03T08:16:38+00:00","og_image":[{"width":1080,"height":720,"url":"https:\/\/www.it-dev.eu\/wp-content\/uploads\/2026\/01\/PKOL-case-study.png","type":"image\/png"}],"twitter_card":"summary_large_image","twitter_site":"@IT_Dev","twitter_misc":{"Szacowany czas czytania":"4 minuty"},"schema":{"@context":"https:\/\/schema.org","@graph":[{"@type":"WebPage","@id":"https:\/\/www.it-dev.eu\/pl\/klienci\/pko-leasing\/","url":"https:\/\/www.it-dev.eu\/pl\/klienci\/pko-leasing\/","name":"PKO Leasing\u00a0 - IT-Dev","isPartOf":{"@id":"https:\/\/www.it-dev.eu\/pl\/#website"},"primaryImageOfPage":{"@id":"https:\/\/www.it-dev.eu\/pl\/klienci\/pko-leasing\/#primaryimage"},"image":{"@id":"https:\/\/www.it-dev.eu\/pl\/klienci\/pko-leasing\/#primaryimage"},"thumbnailUrl":"https:\/\/www.it-dev.eu\/wp-content\/uploads\/2026\/01\/PKOL-case-study.png","datePublished":"2026-01-13T09:03:14+00:00","dateModified":"2026-03-03T08:16:38+00:00","description":"Jak nowy intranet w PKO Leasing poprawi\u0142 komunikacj\u0119 i zgodno\u015b\u0107 z regulacjami? Poznaj wdro\u017cenie IT-Dev oparte na Microsoft 365.","breadcrumb":{"@id":"https:\/\/www.it-dev.eu\/pl\/klienci\/pko-leasing\/#breadcrumb"},"inLanguage":"pl-PL","potentialAction":[{"@type":"ReadAction","target":["https:\/\/www.it-dev.eu\/pl\/klienci\/pko-leasing\/"]}]},{"@type":"ImageObject","inLanguage":"pl-PL","@id":"https:\/\/www.it-dev.eu\/pl\/klienci\/pko-leasing\/#primaryimage","url":"https:\/\/www.it-dev.eu\/wp-content\/uploads\/2026\/01\/PKOL-case-study.png","contentUrl":"https:\/\/www.it-dev.eu\/wp-content\/uploads\/2026\/01\/PKOL-case-study.png","width":1080,"height":720},{"@type":"BreadcrumbList","@id":"https:\/\/www.it-dev.eu\/pl\/klienci\/pko-leasing\/#breadcrumb","itemListElement":[{"@type":"ListItem","position":1,"name":"Strona g\u0142\u00f3wna","item":"https:\/\/www.it-dev.eu\/pl\/"},{"@type":"ListItem","position":2,"name":"Klienci","item":"https:\/\/www.it-dev.eu\/pl\/klienci\/"},{"@type":"ListItem","position":3,"name":"PKO Leasing\u00a0"}]},{"@type":"WebSite","@id":"https:\/\/www.it-dev.eu\/pl\/#website","url":"https:\/\/www.it-dev.eu\/pl\/","name":"IT-Dev - Limitless Digital Workplace","description":"We create limitless Digital Workplaces","publisher":{"@id":"https:\/\/www.it-dev.eu\/pl\/#organization"},"potentialAction":[{"@type":"SearchAction","target":{"@type":"EntryPoint","urlTemplate":"https:\/\/www.it-dev.eu\/pl\/?s={search_term_string}"},"query-input":{"@type":"PropertyValueSpecification","valueRequired":true,"valueName":"search_term_string"}}],"inLanguage":"pl-PL"},{"@type":"Organization","@id":"https:\/\/www.it-dev.eu\/pl\/#organization","name":"IT-Dev - Limitless Digital Workplace","url":"https:\/\/www.it-dev.eu\/pl\/","logo":{"@type":"ImageObject","inLanguage":"pl-PL","@id":"https:\/\/www.it-dev.eu\/pl\/#\/schema\/logo\/image\/","url":"https:\/\/www.it-dev.eu\/wp-content\/uploads\/2023\/12\/it-dev-logo-696x696-1.png","contentUrl":"https:\/\/www.it-dev.eu\/wp-content\/uploads\/2023\/12\/it-dev-logo-696x696-1.png","width":696,"height":696,"caption":"IT-Dev - Limitless Digital Workplace"},"image":{"@id":"https:\/\/www.it-dev.eu\/pl\/#\/schema\/logo\/image\/"},"sameAs":["https:\/\/www.facebook.com\/ITDevWroc\/","https:\/\/x.com\/IT_Dev","https:\/\/www.linkedin.com\/company\/it-dev\/","https:\/\/www.youtube.com\/user\/biuroitdev"]}]}},"_links":{"self":[{"href":"https:\/\/www.it-dev.eu\/pl\/wp-json\/wp\/v2\/pages\/10151","targetHints":{"allow":["GET"]}}],"collection":[{"href":"https:\/\/www.it-dev.eu\/pl\/wp-json\/wp\/v2\/pages"}],"about":[{"href":"https:\/\/www.it-dev.eu\/pl\/wp-json\/wp\/v2\/types\/page"}],"author":[{"embeddable":true,"href":"https:\/\/www.it-dev.eu\/pl\/wp-json\/wp\/v2\/users\/8"}],"replies":[{"embeddable":true,"href":"https:\/\/www.it-dev.eu\/pl\/wp-json\/wp\/v2\/comments?post=10151"}],"version-history":[{"count":12,"href":"https:\/\/www.it-dev.eu\/pl\/wp-json\/wp\/v2\/pages\/10151\/revisions"}],"predecessor-version":[{"id":10744,"href":"https:\/\/www.it-dev.eu\/pl\/wp-json\/wp\/v2\/pages\/10151\/revisions\/10744"}],"up":[{"embeddable":true,"href":"https:\/\/www.it-dev.eu\/pl\/wp-json\/wp\/v2\/pages\/2553"}],"wp:featuredmedia":[{"embeddable":true,"href":"https:\/\/www.it-dev.eu\/pl\/wp-json\/wp\/v2\/media\/10154"}],"wp:attachment":[{"href":"https:\/\/www.it-dev.eu\/pl\/wp-json\/wp\/v2\/media?parent=10151"}],"curies":[{"name":"wp","href":"https:\/\/api.w.org\/{rel}","templated":true}]}}