{"id":10181,"date":"2026-01-13T10:59:25","date_gmt":"2026-01-13T09:59:25","guid":{"rendered":"https:\/\/www.it-dev.eu\/?page_id=10181"},"modified":"2026-04-15T09:58:02","modified_gmt":"2026-04-15T07:58:02","slug":"vw","status":"publish","type":"page","link":"https:\/\/www.it-dev.eu\/pl\/klienci\/vw\/","title":{"rendered":"VW"},"content":{"rendered":"\n<h2 class=\"wp-block-heading icon-warning\">Cyfryzacja poza dzia\u0142em IT<\/h2>\n\n\n\n<p>W ramach swojej strategicznej inicjatywy #MissionDigitalization Volkswagen Pozna\u0144 postawi\u0142 na ambitny cel: sprawi\u0107, by tworzenie profesjonalnych rozwi\u0105za\u0144 cyfrowych by\u0142o dost\u0119pne dla szerokiego grona pracownik\u00f3w. R\u00f3wnie\u017c tych spoza dzia\u0142\u00f3w IT. I w ten spos\u00f3b uwolni\u0107 potencja\u0142 innowacyjno\u015bci drzemi\u0105cy w organizacji oraz wesprze\u0107 cyfryzacj\u0119 proces\u00f3w.<\/p>\n\n\n\n<p>Wyzwanie polega\u0142o na znalezieniu sposobu na masowe przeszkolenie personelu, zainspirowanie go do dzia\u0142ania i dostarczenie narz\u0119dzi, kt\u00f3re pozwol\u0105 na szybkie i efektywne wdra\u017canie w\u0142asnych pomys\u0142\u00f3w.<\/p>\n\n\n\n<div style=\"height:80px\" aria-hidden=\"true\" class=\"wp-block-spacer\"><\/div>\n\n\n\n<h2 class=\"wp-block-heading icon-bulb\">Power Week dla 400+ pracownik\u00f3w<\/h2>\n\n\n\n<p>Zesp\u00f3\u0142 ITDev, we wsp\u00f3\u0142pracy z Volkswagen Pozna\u0144, zaprojektowa\u0142 i pom\u00f3g\u0142 zrealizowa\u0107 unikalne w skali firmy wydarzenie, czyli immersyjny Power Week 2023. By\u0142 to intensywny tydzie\u0144 w ca\u0142o\u015bci po\u015bwi\u0119cony narz\u0119dziom low code z rodziny Microsoft Power Platform: Power Apps, Power Automate, Power BI, Power Virtual Agents.<\/p>\n\n\n\n<p>Nasi eksperci, wsp\u00f3lnie z prelegentami z Volkswagen Pozna\u0144, poprowadzili cykl sesji szkoleniowych online. G\u0142\u00f3wnym za\u0142o\u017ceniem inicjatywy by\u0142o przekazanie teoretycznej i praktycznej wiedzy, a nast\u0119pnie zach\u0119cenie uczestnik\u00f3w do wykorzystywania narz\u0119dzi Power Platform na co dzie\u0144.<\/p>\n\n\n\n<p>Zapoznaj si\u0119 z relacj\u0105 z hakatonu:<\/p>\n\n\n\n<iframe loading=\"lazy\" src=\"https:\/\/www.linkedin.com\/embed\/feed\/update\/urn:li:ugcPost:7142460318152122369?collapsed=1\" height=\"549\" width=\"504\" frameborder=\"0\" allowfullscreen=\"\" title=\"relacja z hakatonu\"><\/iframe>\n\n\n\n<div style=\"height:80px\" aria-hidden=\"true\" class=\"wp-block-spacer\"><\/div>\n\n\n\n<h2 class=\"wp-block-heading icon-chartup\">Innowacyjno\u015b\u0107 uwolniona w fabryce<\/h2>\n\n\n\n<ul class=\"wp-block-list arrow-list\">\n<li>Du\u017ce zainteresowanie i zaanga\u017cowanie uczestnik\u00f3w. W ci\u0105gu tygodnia a\u017c 409 pracownik\u00f3w wzi\u0119\u0142o udzia\u0142 w 25 sesjach szkoleniowych online.<\/li>\n\n\n\n<li>Test nowo nabytych umiej\u0119tno\u015bci. Zwie\u0144czeniem tygodnia by\u0142 konkurs programistyczny Hack&amp;Roll. Trzy zespo\u0142y z\u0142o\u017cone z 13 uczestnik\u00f3w stan\u0119\u0142y przed zadaniem stworzenia w ci\u0105gu zaledwie 6 godzin aplikacji i raport\u00f3w w \u015brodowisku Power Platform.<\/li>\n\n\n\n<li>Pozytywny odbi\u00f3r wydarzenia. Potwierdzi\u0142y to informacje zwrotne od uczestnik\u00f3w: \u201eMega robota \u2013 gratulacje!\u201d, \u201ewydarzenie, z ogromn\u0105 dawk\u0105 praktycznej wiedzy!\u201d.<\/li>\n\n\n\n<li>Uznanie na najwy\u017cszym szczeblu. Osobiste gratulacje przekazane uczestnikom i organizatorom przez Prezesk\u0119 Zarz\u0105du VWP, Stefanie Hegels, podkre\u015bli\u0142y strategiczne znaczenie inicjatywy dla ca\u0142ej firmy.<\/li>\n\n\n\n<li>Krok milowy w cyfryzacji firmy. Wydarzenie by\u0142o wa\u017cnym elementem inicjatywy strategicznej #MissionDigitalization. Udowodni\u0142o, \u017ce pracownicy wyposa\u017ceni w odpowiednie narz\u0119dzia i wiedz\u0119 mog\u0105 sta\u0107 si\u0119 si\u0142\u0105 nap\u0119dow\u0105 transformacji cyfrowej.<\/li>\n<\/ul>\n","protected":false},"excerpt":{"rendered":"<p>Cyfryzacja poza dzia\u0142em IT W ramach swojej strategicznej inicjatywy #MissionDigitalization Volkswagen Pozna\u0144 postawi\u0142 na ambitny cel: sprawi\u0107, by tworzenie profesjonalnych rozwi\u0105za\u0144 cyfrowych by\u0142o dost\u0119pne dla szerokiego grona pracownik\u00f3w. R\u00f3wnie\u017c tych spoza dzia\u0142\u00f3w IT. I w ten spos\u00f3b uwolni\u0107 potencja\u0142 innowacyjno\u015bci drzemi\u0105cy w organizacji oraz wesprze\u0107 cyfryzacj\u0119 proces\u00f3w. Wyzwanie polega\u0142o na znalezieniu sposobu na masowe przeszkolenie<a class=\"excerpt-read-more\" href=\"https:\/\/www.it-dev.eu\/pl\/klienci\/vw\/\" title=\"ReadVW\">&#8230; Read more &raquo;<\/a><\/p>\n","protected":false},"author":8,"featured_media":10186,"parent":2553,"menu_order":0,"comment_status":"closed","ping_status":"closed","template":"templates\/page-case-study.php","meta":{"_acf_changed":false,"inline_featured_image":false,"footnotes":""},"class_list":["post-10181","page","type-page","status-publish","has-post-thumbnail","hentry"],"acf":[],"yoast_head":"<!-- This site is optimized with the Yoast SEO plugin v27.4 - https:\/\/yoast.com\/product\/yoast-seo-wordpress\/ -->\n<title>VW - IT-Dev<\/title>\n<meta name=\"robots\" content=\"index, follow, max-snippet:-1, max-image-preview:large, max-video-preview:-1\" \/>\n<link rel=\"canonical\" href=\"https:\/\/www.it-dev.eu\/pl\/klienci\/vw\/\" \/>\n<meta property=\"og:locale\" content=\"pl_PL\" \/>\n<meta property=\"og:type\" content=\"article\" \/>\n<meta property=\"og:title\" content=\"VW - IT-Dev\" \/>\n<meta property=\"og:description\" content=\"Cyfryzacja poza dzia\u0142em IT W ramach swojej strategicznej inicjatywy #MissionDigitalization Volkswagen Pozna\u0144 postawi\u0142 na ambitny cel: sprawi\u0107, by tworzenie profesjonalnych rozwi\u0105za\u0144 cyfrowych by\u0142o dost\u0119pne dla szerokiego grona pracownik\u00f3w. R\u00f3wnie\u017c tych spoza dzia\u0142\u00f3w IT. I w ten spos\u00f3b uwolni\u0107 potencja\u0142 innowacyjno\u015bci drzemi\u0105cy w organizacji oraz wesprze\u0107 cyfryzacj\u0119 proces\u00f3w. Wyzwanie polega\u0142o na znalezieniu sposobu na masowe przeszkolenie... Read more &raquo;\" \/>\n<meta property=\"og:url\" content=\"https:\/\/www.it-dev.eu\/pl\/klienci\/vw\/\" \/>\n<meta property=\"og:site_name\" content=\"IT-Dev\" \/>\n<meta property=\"article:publisher\" content=\"https:\/\/www.facebook.com\/ITDevWroc\/\" \/>\n<meta property=\"article:modified_time\" content=\"2026-04-15T07:58:02+00:00\" \/>\n<meta property=\"og:image\" content=\"https:\/\/www.it-dev.eu\/wp-content\/uploads\/2026\/01\/VW-case-study.png\" \/>\n\t<meta property=\"og:image:width\" content=\"1080\" \/>\n\t<meta property=\"og:image:height\" content=\"720\" \/>\n\t<meta property=\"og:image:type\" content=\"image\/png\" \/>\n<meta name=\"twitter:card\" content=\"summary_large_image\" \/>\n<meta name=\"twitter:site\" content=\"@IT_Dev\" \/>\n<meta name=\"twitter:label1\" content=\"Szacowany czas czytania\" \/>\n\t<meta name=\"twitter:data1\" content=\"2 minuty\" \/>\n<script type=\"application\/ld+json\" class=\"yoast-schema-graph\">{\"@context\":\"https:\\\/\\\/schema.org\",\"@graph\":[{\"@type\":\"WebPage\",\"@id\":\"https:\\\/\\\/www.it-dev.eu\\\/pl\\\/klienci\\\/vw\\\/\",\"url\":\"https:\\\/\\\/www.it-dev.eu\\\/pl\\\/klienci\\\/vw\\\/\",\"name\":\"VW - IT-Dev\",\"isPartOf\":{\"@id\":\"https:\\\/\\\/www.it-dev.eu\\\/pl\\\/#website\"},\"primaryImageOfPage\":{\"@id\":\"https:\\\/\\\/www.it-dev.eu\\\/pl\\\/klienci\\\/vw\\\/#primaryimage\"},\"image\":{\"@id\":\"https:\\\/\\\/www.it-dev.eu\\\/pl\\\/klienci\\\/vw\\\/#primaryimage\"},\"thumbnailUrl\":\"https:\\\/\\\/www.it-dev.eu\\\/wp-content\\\/uploads\\\/2026\\\/01\\\/VW-case-study.png\",\"datePublished\":\"2026-01-13T09:59:25+00:00\",\"dateModified\":\"2026-04-15T07:58:02+00:00\",\"breadcrumb\":{\"@id\":\"https:\\\/\\\/www.it-dev.eu\\\/pl\\\/klienci\\\/vw\\\/#breadcrumb\"},\"inLanguage\":\"pl-PL\",\"potentialAction\":[{\"@type\":\"ReadAction\",\"target\":[\"https:\\\/\\\/www.it-dev.eu\\\/pl\\\/klienci\\\/vw\\\/\"]}]},{\"@type\":\"ImageObject\",\"inLanguage\":\"pl-PL\",\"@id\":\"https:\\\/\\\/www.it-dev.eu\\\/pl\\\/klienci\\\/vw\\\/#primaryimage\",\"url\":\"https:\\\/\\\/www.it-dev.eu\\\/wp-content\\\/uploads\\\/2026\\\/01\\\/VW-case-study.png\",\"contentUrl\":\"https:\\\/\\\/www.it-dev.eu\\\/wp-content\\\/uploads\\\/2026\\\/01\\\/VW-case-study.png\",\"width\":1080,\"height\":720},{\"@type\":\"BreadcrumbList\",\"@id\":\"https:\\\/\\\/www.it-dev.eu\\\/pl\\\/klienci\\\/vw\\\/#breadcrumb\",\"itemListElement\":[{\"@type\":\"ListItem\",\"position\":1,\"name\":\"Strona g\u0142\u00f3wna\",\"item\":\"https:\\\/\\\/www.it-dev.eu\\\/pl\\\/\"},{\"@type\":\"ListItem\",\"position\":2,\"name\":\"Klienci\",\"item\":\"https:\\\/\\\/www.it-dev.eu\\\/pl\\\/klienci\\\/\"},{\"@type\":\"ListItem\",\"position\":3,\"name\":\"VW\"}]},{\"@type\":\"WebSite\",\"@id\":\"https:\\\/\\\/www.it-dev.eu\\\/pl\\\/#website\",\"url\":\"https:\\\/\\\/www.it-dev.eu\\\/pl\\\/\",\"name\":\"IT-Dev - Limitless Digital Workplace\",\"description\":\"We create limitless Digital Workplaces\",\"publisher\":{\"@id\":\"https:\\\/\\\/www.it-dev.eu\\\/pl\\\/#organization\"},\"potentialAction\":[{\"@type\":\"SearchAction\",\"target\":{\"@type\":\"EntryPoint\",\"urlTemplate\":\"https:\\\/\\\/www.it-dev.eu\\\/pl\\\/?s={search_term_string}\"},\"query-input\":{\"@type\":\"PropertyValueSpecification\",\"valueRequired\":true,\"valueName\":\"search_term_string\"}}],\"inLanguage\":\"pl-PL\"},{\"@type\":\"Organization\",\"@id\":\"https:\\\/\\\/www.it-dev.eu\\\/pl\\\/#organization\",\"name\":\"IT-Dev - Limitless Digital Workplace\",\"url\":\"https:\\\/\\\/www.it-dev.eu\\\/pl\\\/\",\"logo\":{\"@type\":\"ImageObject\",\"inLanguage\":\"pl-PL\",\"@id\":\"https:\\\/\\\/www.it-dev.eu\\\/pl\\\/#\\\/schema\\\/logo\\\/image\\\/\",\"url\":\"https:\\\/\\\/www.it-dev.eu\\\/wp-content\\\/uploads\\\/2023\\\/12\\\/it-dev-logo-696x696-1.png\",\"contentUrl\":\"https:\\\/\\\/www.it-dev.eu\\\/wp-content\\\/uploads\\\/2023\\\/12\\\/it-dev-logo-696x696-1.png\",\"width\":696,\"height\":696,\"caption\":\"IT-Dev - Limitless Digital Workplace\"},\"image\":{\"@id\":\"https:\\\/\\\/www.it-dev.eu\\\/pl\\\/#\\\/schema\\\/logo\\\/image\\\/\"},\"sameAs\":[\"https:\\\/\\\/www.facebook.com\\\/ITDevWroc\\\/\",\"https:\\\/\\\/x.com\\\/IT_Dev\",\"https:\\\/\\\/www.linkedin.com\\\/company\\\/it-dev\\\/\",\"https:\\\/\\\/www.youtube.com\\\/user\\\/biuroitdev\"]}]}<\/script>\n<!-- \/ Yoast SEO plugin. -->","yoast_head_json":{"title":"VW - IT-Dev","robots":{"index":"index","follow":"follow","max-snippet":"max-snippet:-1","max-image-preview":"max-image-preview:large","max-video-preview":"max-video-preview:-1"},"canonical":"https:\/\/www.it-dev.eu\/pl\/klienci\/vw\/","og_locale":"pl_PL","og_type":"article","og_title":"VW - IT-Dev","og_description":"Cyfryzacja poza dzia\u0142em IT W ramach swojej strategicznej inicjatywy #MissionDigitalization Volkswagen Pozna\u0144 postawi\u0142 na ambitny cel: sprawi\u0107, by tworzenie profesjonalnych rozwi\u0105za\u0144 cyfrowych by\u0142o dost\u0119pne dla szerokiego grona pracownik\u00f3w. R\u00f3wnie\u017c tych spoza dzia\u0142\u00f3w IT. I w ten spos\u00f3b uwolni\u0107 potencja\u0142 innowacyjno\u015bci drzemi\u0105cy w organizacji oraz wesprze\u0107 cyfryzacj\u0119 proces\u00f3w. Wyzwanie polega\u0142o na znalezieniu sposobu na masowe przeszkolenie... Read more &raquo;","og_url":"https:\/\/www.it-dev.eu\/pl\/klienci\/vw\/","og_site_name":"IT-Dev","article_publisher":"https:\/\/www.facebook.com\/ITDevWroc\/","article_modified_time":"2026-04-15T07:58:02+00:00","og_image":[{"width":1080,"height":720,"url":"https:\/\/www.it-dev.eu\/wp-content\/uploads\/2026\/01\/VW-case-study.png","type":"image\/png"}],"twitter_card":"summary_large_image","twitter_site":"@IT_Dev","twitter_misc":{"Szacowany czas czytania":"2 minuty"},"schema":{"@context":"https:\/\/schema.org","@graph":[{"@type":"WebPage","@id":"https:\/\/www.it-dev.eu\/pl\/klienci\/vw\/","url":"https:\/\/www.it-dev.eu\/pl\/klienci\/vw\/","name":"VW - IT-Dev","isPartOf":{"@id":"https:\/\/www.it-dev.eu\/pl\/#website"},"primaryImageOfPage":{"@id":"https:\/\/www.it-dev.eu\/pl\/klienci\/vw\/#primaryimage"},"image":{"@id":"https:\/\/www.it-dev.eu\/pl\/klienci\/vw\/#primaryimage"},"thumbnailUrl":"https:\/\/www.it-dev.eu\/wp-content\/uploads\/2026\/01\/VW-case-study.png","datePublished":"2026-01-13T09:59:25+00:00","dateModified":"2026-04-15T07:58:02+00:00","breadcrumb":{"@id":"https:\/\/www.it-dev.eu\/pl\/klienci\/vw\/#breadcrumb"},"inLanguage":"pl-PL","potentialAction":[{"@type":"ReadAction","target":["https:\/\/www.it-dev.eu\/pl\/klienci\/vw\/"]}]},{"@type":"ImageObject","inLanguage":"pl-PL","@id":"https:\/\/www.it-dev.eu\/pl\/klienci\/vw\/#primaryimage","url":"https:\/\/www.it-dev.eu\/wp-content\/uploads\/2026\/01\/VW-case-study.png","contentUrl":"https:\/\/www.it-dev.eu\/wp-content\/uploads\/2026\/01\/VW-case-study.png","width":1080,"height":720},{"@type":"BreadcrumbList","@id":"https:\/\/www.it-dev.eu\/pl\/klienci\/vw\/#breadcrumb","itemListElement":[{"@type":"ListItem","position":1,"name":"Strona g\u0142\u00f3wna","item":"https:\/\/www.it-dev.eu\/pl\/"},{"@type":"ListItem","position":2,"name":"Klienci","item":"https:\/\/www.it-dev.eu\/pl\/klienci\/"},{"@type":"ListItem","position":3,"name":"VW"}]},{"@type":"WebSite","@id":"https:\/\/www.it-dev.eu\/pl\/#website","url":"https:\/\/www.it-dev.eu\/pl\/","name":"IT-Dev - Limitless Digital Workplace","description":"We create limitless Digital Workplaces","publisher":{"@id":"https:\/\/www.it-dev.eu\/pl\/#organization"},"potentialAction":[{"@type":"SearchAction","target":{"@type":"EntryPoint","urlTemplate":"https:\/\/www.it-dev.eu\/pl\/?s={search_term_string}"},"query-input":{"@type":"PropertyValueSpecification","valueRequired":true,"valueName":"search_term_string"}}],"inLanguage":"pl-PL"},{"@type":"Organization","@id":"https:\/\/www.it-dev.eu\/pl\/#organization","name":"IT-Dev - Limitless Digital Workplace","url":"https:\/\/www.it-dev.eu\/pl\/","logo":{"@type":"ImageObject","inLanguage":"pl-PL","@id":"https:\/\/www.it-dev.eu\/pl\/#\/schema\/logo\/image\/","url":"https:\/\/www.it-dev.eu\/wp-content\/uploads\/2023\/12\/it-dev-logo-696x696-1.png","contentUrl":"https:\/\/www.it-dev.eu\/wp-content\/uploads\/2023\/12\/it-dev-logo-696x696-1.png","width":696,"height":696,"caption":"IT-Dev - Limitless Digital Workplace"},"image":{"@id":"https:\/\/www.it-dev.eu\/pl\/#\/schema\/logo\/image\/"},"sameAs":["https:\/\/www.facebook.com\/ITDevWroc\/","https:\/\/x.com\/IT_Dev","https:\/\/www.linkedin.com\/company\/it-dev\/","https:\/\/www.youtube.com\/user\/biuroitdev"]}]}},"_links":{"self":[{"href":"https:\/\/www.it-dev.eu\/pl\/wp-json\/wp\/v2\/pages\/10181","targetHints":{"allow":["GET"]}}],"collection":[{"href":"https:\/\/www.it-dev.eu\/pl\/wp-json\/wp\/v2\/pages"}],"about":[{"href":"https:\/\/www.it-dev.eu\/pl\/wp-json\/wp\/v2\/types\/page"}],"author":[{"embeddable":true,"href":"https:\/\/www.it-dev.eu\/pl\/wp-json\/wp\/v2\/users\/8"}],"replies":[{"embeddable":true,"href":"https:\/\/www.it-dev.eu\/pl\/wp-json\/wp\/v2\/comments?post=10181"}],"version-history":[{"count":7,"href":"https:\/\/www.it-dev.eu\/pl\/wp-json\/wp\/v2\/pages\/10181\/revisions"}],"predecessor-version":[{"id":11558,"href":"https:\/\/www.it-dev.eu\/pl\/wp-json\/wp\/v2\/pages\/10181\/revisions\/11558"}],"up":[{"embeddable":true,"href":"https:\/\/www.it-dev.eu\/pl\/wp-json\/wp\/v2\/pages\/2553"}],"wp:featuredmedia":[{"embeddable":true,"href":"https:\/\/www.it-dev.eu\/pl\/wp-json\/wp\/v2\/media\/10186"}],"wp:attachment":[{"href":"https:\/\/www.it-dev.eu\/pl\/wp-json\/wp\/v2\/media?parent=10181"}],"curies":[{"name":"wp","href":"https:\/\/api.w.org\/{rel}","templated":true}]}}