{"id":10540,"date":"2026-02-17T09:29:58","date_gmt":"2026-02-17T08:29:58","guid":{"rendered":"https:\/\/www.it-dev.eu\/?page_id=10540"},"modified":"2026-03-04T10:05:45","modified_gmt":"2026-03-04T09:05:45","slug":"poradniki-ebook","status":"publish","type":"page","link":"https:\/\/www.it-dev.eu\/pl\/poradniki-ebook\/","title":{"rendered":"Poradniki ebook"},"content":{"rendered":"\n<h2 class=\"wp-block-heading\">Darmowe ebookie, poradniki, przewodniki do pobrania<\/h2>\n\n\n\n<p>Odkryj nasz\u0105 bibliotek\u0119 ebook\u00f3w, pe\u0142n\u0105 praktycznych poradnik\u00f3w i technicznych przewodnik\u00f3w. Znajdziesz tu m.in. materia\u0142y o&nbsp;<strong>Copilot<\/strong>, wymaganiach&nbsp;<strong>NIS2<\/strong>, optymalnym wykorzystaniu&nbsp;<strong>intranetu firmowego<\/strong>&nbsp;oraz zarz\u0105dzaniu danymi. Ka\u017cdy ebook zosta\u0142 stworzony, aby u\u0142atwi\u0107 wdro\u017cenia, zwi\u0119kszy\u0107 efektywno\u015b\u0107 pracy i pokaza\u0107 realne korzy\u015bci dla Twojej organizacji. Poznaj wiedz\u0119 ekspert\u00f3w w jednym miejscu i rozwijaj kompetencje zespo\u0142u krok po kroku.<\/p>\n","protected":false},"excerpt":{"rendered":"<p>Darmowe ebookie, poradniki, przewodniki do pobrania Odkryj nasz\u0105 bibliotek\u0119 ebook\u00f3w, pe\u0142n\u0105 praktycznych poradnik\u00f3w i technicznych przewodnik\u00f3w. Znajdziesz tu m.in. materia\u0142y o&nbsp;Copilot, wymaganiach&nbsp;NIS2, optymalnym wykorzystaniu&nbsp;intranetu firmowego&nbsp;oraz zarz\u0105dzaniu danymi. Ka\u017cdy ebook zosta\u0142 stworzony, aby u\u0142atwi\u0107 wdro\u017cenia, zwi\u0119kszy\u0107 efektywno\u015b\u0107 pracy i pokaza\u0107 realne korzy\u015bci dla Twojej organizacji. Poznaj wiedz\u0119 ekspert\u00f3w w jednym miejscu i rozwijaj kompetencje zespo\u0142u krok<a class=\"excerpt-read-more\" href=\"https:\/\/www.it-dev.eu\/pl\/poradniki-ebook\/\" title=\"ReadPoradniki ebook\">&#8230; Read more &raquo;<\/a><\/p>\n","protected":false},"author":16,"featured_media":0,"parent":0,"menu_order":0,"comment_status":"closed","ping_status":"closed","template":"templates\/page-ebooks.php","meta":{"_acf_changed":false,"inline_featured_image":false,"footnotes":""},"class_list":["post-10540","page","type-page","status-publish","hentry"],"acf":[],"yoast_head":"<!-- This site is optimized with the Yoast SEO plugin v27.4 - https:\/\/yoast.com\/product\/yoast-seo-wordpress\/ -->\n<title>Poradniki ebook - IT-Dev<\/title>\n<meta name=\"robots\" content=\"index, follow, max-snippet:-1, max-image-preview:large, max-video-preview:-1\" \/>\n<link rel=\"canonical\" href=\"https:\/\/www.it-dev.eu\/pl\/poradniki-ebook\/\" \/>\n<meta property=\"og:locale\" content=\"pl_PL\" \/>\n<meta property=\"og:type\" content=\"article\" \/>\n<meta property=\"og:title\" content=\"Poradniki ebook - IT-Dev\" \/>\n<meta property=\"og:description\" content=\"Darmowe ebookie, poradniki, przewodniki do pobrania Odkryj nasz\u0105 bibliotek\u0119 ebook\u00f3w, pe\u0142n\u0105 praktycznych poradnik\u00f3w i technicznych przewodnik\u00f3w. Znajdziesz tu m.in. materia\u0142y o&nbsp;Copilot, wymaganiach&nbsp;NIS2, optymalnym wykorzystaniu&nbsp;intranetu firmowego&nbsp;oraz zarz\u0105dzaniu danymi. Ka\u017cdy ebook zosta\u0142 stworzony, aby u\u0142atwi\u0107 wdro\u017cenia, zwi\u0119kszy\u0107 efektywno\u015b\u0107 pracy i pokaza\u0107 realne korzy\u015bci dla Twojej organizacji. Poznaj wiedz\u0119 ekspert\u00f3w w jednym miejscu i rozwijaj kompetencje zespo\u0142u krok... Read more &raquo;\" \/>\n<meta property=\"og:url\" content=\"https:\/\/www.it-dev.eu\/pl\/poradniki-ebook\/\" \/>\n<meta property=\"og:site_name\" content=\"IT-Dev\" \/>\n<meta property=\"article:publisher\" content=\"https:\/\/www.facebook.com\/ITDevWroc\/\" \/>\n<meta property=\"article:modified_time\" content=\"2026-03-04T09:05:45+00:00\" \/>\n<meta name=\"twitter:card\" content=\"summary_large_image\" \/>\n<meta name=\"twitter:site\" content=\"@IT_Dev\" \/>\n<meta name=\"twitter:label1\" content=\"Szacowany czas czytania\" \/>\n\t<meta name=\"twitter:data1\" content=\"1 minuta\" \/>\n<script type=\"application\/ld+json\" class=\"yoast-schema-graph\">{\"@context\":\"https:\\\/\\\/schema.org\",\"@graph\":[{\"@type\":\"WebPage\",\"@id\":\"https:\\\/\\\/www.it-dev.eu\\\/pl\\\/poradniki-ebook\\\/\",\"url\":\"https:\\\/\\\/www.it-dev.eu\\\/pl\\\/poradniki-ebook\\\/\",\"name\":\"Poradniki ebook - IT-Dev\",\"isPartOf\":{\"@id\":\"https:\\\/\\\/www.it-dev.eu\\\/pl\\\/#website\"},\"datePublished\":\"2026-02-17T08:29:58+00:00\",\"dateModified\":\"2026-03-04T09:05:45+00:00\",\"breadcrumb\":{\"@id\":\"https:\\\/\\\/www.it-dev.eu\\\/pl\\\/poradniki-ebook\\\/#breadcrumb\"},\"inLanguage\":\"pl-PL\",\"potentialAction\":[{\"@type\":\"ReadAction\",\"target\":[\"https:\\\/\\\/www.it-dev.eu\\\/pl\\\/poradniki-ebook\\\/\"]}]},{\"@type\":\"BreadcrumbList\",\"@id\":\"https:\\\/\\\/www.it-dev.eu\\\/pl\\\/poradniki-ebook\\\/#breadcrumb\",\"itemListElement\":[{\"@type\":\"ListItem\",\"position\":1,\"name\":\"Strona g\u0142\u00f3wna\",\"item\":\"https:\\\/\\\/www.it-dev.eu\\\/pl\\\/\"},{\"@type\":\"ListItem\",\"position\":2,\"name\":\"Poradniki ebook\"}]},{\"@type\":\"WebSite\",\"@id\":\"https:\\\/\\\/www.it-dev.eu\\\/pl\\\/#website\",\"url\":\"https:\\\/\\\/www.it-dev.eu\\\/pl\\\/\",\"name\":\"IT-Dev - Limitless Digital Workplace\",\"description\":\"We create limitless Digital Workplaces\",\"publisher\":{\"@id\":\"https:\\\/\\\/www.it-dev.eu\\\/pl\\\/#organization\"},\"potentialAction\":[{\"@type\":\"SearchAction\",\"target\":{\"@type\":\"EntryPoint\",\"urlTemplate\":\"https:\\\/\\\/www.it-dev.eu\\\/pl\\\/?s={search_term_string}\"},\"query-input\":{\"@type\":\"PropertyValueSpecification\",\"valueRequired\":true,\"valueName\":\"search_term_string\"}}],\"inLanguage\":\"pl-PL\"},{\"@type\":\"Organization\",\"@id\":\"https:\\\/\\\/www.it-dev.eu\\\/pl\\\/#organization\",\"name\":\"IT-Dev - Limitless Digital Workplace\",\"url\":\"https:\\\/\\\/www.it-dev.eu\\\/pl\\\/\",\"logo\":{\"@type\":\"ImageObject\",\"inLanguage\":\"pl-PL\",\"@id\":\"https:\\\/\\\/www.it-dev.eu\\\/pl\\\/#\\\/schema\\\/logo\\\/image\\\/\",\"url\":\"https:\\\/\\\/www.it-dev.eu\\\/wp-content\\\/uploads\\\/2023\\\/12\\\/it-dev-logo-696x696-1.png\",\"contentUrl\":\"https:\\\/\\\/www.it-dev.eu\\\/wp-content\\\/uploads\\\/2023\\\/12\\\/it-dev-logo-696x696-1.png\",\"width\":696,\"height\":696,\"caption\":\"IT-Dev - Limitless Digital Workplace\"},\"image\":{\"@id\":\"https:\\\/\\\/www.it-dev.eu\\\/pl\\\/#\\\/schema\\\/logo\\\/image\\\/\"},\"sameAs\":[\"https:\\\/\\\/www.facebook.com\\\/ITDevWroc\\\/\",\"https:\\\/\\\/x.com\\\/IT_Dev\",\"https:\\\/\\\/www.linkedin.com\\\/company\\\/it-dev\\\/\",\"https:\\\/\\\/www.youtube.com\\\/user\\\/biuroitdev\"]}]}<\/script>\n<!-- \/ Yoast SEO plugin. -->","yoast_head_json":{"title":"Poradniki ebook - IT-Dev","robots":{"index":"index","follow":"follow","max-snippet":"max-snippet:-1","max-image-preview":"max-image-preview:large","max-video-preview":"max-video-preview:-1"},"canonical":"https:\/\/www.it-dev.eu\/pl\/poradniki-ebook\/","og_locale":"pl_PL","og_type":"article","og_title":"Poradniki ebook - IT-Dev","og_description":"Darmowe ebookie, poradniki, przewodniki do pobrania Odkryj nasz\u0105 bibliotek\u0119 ebook\u00f3w, pe\u0142n\u0105 praktycznych poradnik\u00f3w i technicznych przewodnik\u00f3w. Znajdziesz tu m.in. materia\u0142y o&nbsp;Copilot, wymaganiach&nbsp;NIS2, optymalnym wykorzystaniu&nbsp;intranetu firmowego&nbsp;oraz zarz\u0105dzaniu danymi. Ka\u017cdy ebook zosta\u0142 stworzony, aby u\u0142atwi\u0107 wdro\u017cenia, zwi\u0119kszy\u0107 efektywno\u015b\u0107 pracy i pokaza\u0107 realne korzy\u015bci dla Twojej organizacji. Poznaj wiedz\u0119 ekspert\u00f3w w jednym miejscu i rozwijaj kompetencje zespo\u0142u krok... Read more &raquo;","og_url":"https:\/\/www.it-dev.eu\/pl\/poradniki-ebook\/","og_site_name":"IT-Dev","article_publisher":"https:\/\/www.facebook.com\/ITDevWroc\/","article_modified_time":"2026-03-04T09:05:45+00:00","twitter_card":"summary_large_image","twitter_site":"@IT_Dev","twitter_misc":{"Szacowany czas czytania":"1 minuta"},"schema":{"@context":"https:\/\/schema.org","@graph":[{"@type":"WebPage","@id":"https:\/\/www.it-dev.eu\/pl\/poradniki-ebook\/","url":"https:\/\/www.it-dev.eu\/pl\/poradniki-ebook\/","name":"Poradniki ebook - IT-Dev","isPartOf":{"@id":"https:\/\/www.it-dev.eu\/pl\/#website"},"datePublished":"2026-02-17T08:29:58+00:00","dateModified":"2026-03-04T09:05:45+00:00","breadcrumb":{"@id":"https:\/\/www.it-dev.eu\/pl\/poradniki-ebook\/#breadcrumb"},"inLanguage":"pl-PL","potentialAction":[{"@type":"ReadAction","target":["https:\/\/www.it-dev.eu\/pl\/poradniki-ebook\/"]}]},{"@type":"BreadcrumbList","@id":"https:\/\/www.it-dev.eu\/pl\/poradniki-ebook\/#breadcrumb","itemListElement":[{"@type":"ListItem","position":1,"name":"Strona g\u0142\u00f3wna","item":"https:\/\/www.it-dev.eu\/pl\/"},{"@type":"ListItem","position":2,"name":"Poradniki ebook"}]},{"@type":"WebSite","@id":"https:\/\/www.it-dev.eu\/pl\/#website","url":"https:\/\/www.it-dev.eu\/pl\/","name":"IT-Dev - Limitless Digital Workplace","description":"We create limitless Digital Workplaces","publisher":{"@id":"https:\/\/www.it-dev.eu\/pl\/#organization"},"potentialAction":[{"@type":"SearchAction","target":{"@type":"EntryPoint","urlTemplate":"https:\/\/www.it-dev.eu\/pl\/?s={search_term_string}"},"query-input":{"@type":"PropertyValueSpecification","valueRequired":true,"valueName":"search_term_string"}}],"inLanguage":"pl-PL"},{"@type":"Organization","@id":"https:\/\/www.it-dev.eu\/pl\/#organization","name":"IT-Dev - Limitless Digital Workplace","url":"https:\/\/www.it-dev.eu\/pl\/","logo":{"@type":"ImageObject","inLanguage":"pl-PL","@id":"https:\/\/www.it-dev.eu\/pl\/#\/schema\/logo\/image\/","url":"https:\/\/www.it-dev.eu\/wp-content\/uploads\/2023\/12\/it-dev-logo-696x696-1.png","contentUrl":"https:\/\/www.it-dev.eu\/wp-content\/uploads\/2023\/12\/it-dev-logo-696x696-1.png","width":696,"height":696,"caption":"IT-Dev - Limitless Digital Workplace"},"image":{"@id":"https:\/\/www.it-dev.eu\/pl\/#\/schema\/logo\/image\/"},"sameAs":["https:\/\/www.facebook.com\/ITDevWroc\/","https:\/\/x.com\/IT_Dev","https:\/\/www.linkedin.com\/company\/it-dev\/","https:\/\/www.youtube.com\/user\/biuroitdev"]}]}},"_links":{"self":[{"href":"https:\/\/www.it-dev.eu\/pl\/wp-json\/wp\/v2\/pages\/10540","targetHints":{"allow":["GET"]}}],"collection":[{"href":"https:\/\/www.it-dev.eu\/pl\/wp-json\/wp\/v2\/pages"}],"about":[{"href":"https:\/\/www.it-dev.eu\/pl\/wp-json\/wp\/v2\/types\/page"}],"author":[{"embeddable":true,"href":"https:\/\/www.it-dev.eu\/pl\/wp-json\/wp\/v2\/users\/16"}],"replies":[{"embeddable":true,"href":"https:\/\/www.it-dev.eu\/pl\/wp-json\/wp\/v2\/comments?post=10540"}],"version-history":[{"count":13,"href":"https:\/\/www.it-dev.eu\/pl\/wp-json\/wp\/v2\/pages\/10540\/revisions"}],"predecessor-version":[{"id":10894,"href":"https:\/\/www.it-dev.eu\/pl\/wp-json\/wp\/v2\/pages\/10540\/revisions\/10894"}],"wp:attachment":[{"href":"https:\/\/www.it-dev.eu\/pl\/wp-json\/wp\/v2\/media?parent=10540"}],"curies":[{"name":"wp","href":"https:\/\/api.w.org\/{rel}","templated":true}]}}