{"id":10936,"date":"2026-03-10T13:51:43","date_gmt":"2026-03-10T12:51:43","guid":{"rendered":"https:\/\/www.it-dev.eu\/?page_id=10936"},"modified":"2026-04-15T09:55:34","modified_gmt":"2026-04-15T07:55:34","slug":"mediamarkt","status":"publish","type":"page","link":"https:\/\/www.it-dev.eu\/pl\/klienci\/mediamarkt\/","title":{"rendered":"MediaMarkt"},"content":{"rendered":"\n<h2 class=\"wp-block-heading icon-warning\">Tysi\u0105ce aktyw\u00f3w, utrudniona kontrola<\/h2>\n\n\n\n<p><strong>MediaMarkt Polska<\/strong> zarz\u0105dza tysi\u0105cami aktyw\u00f3w. Od komputer\u00f3w i telefon\u00f3w, po zaawansowan\u0105 infrastruktur\u0119 sieciow\u0105. Wraz z dynamicznym rozwojem firmy, dotychczas wykorzystywane rozwi\u0105zania systemowe przesta\u0142y wystarcza\u0107 do realizacji ambitnych cel\u00f3w operacyjnych.<\/p>\n\n\n\n<p>Najwa\u017cniejszym wyzwaniem firmy sta\u0142a si\u0119 potrzeba wi\u0119kszej elastyczno\u015bci i centralizacji danych. Rozproszona architektura narz\u0119dzi sprawia\u0142a, \u017ce procesy inwentaryzacyjne oraz przep\u0142yw informacji mi\u0119dzy dzia\u0142ami IT a ksi\u0119gowo\u015bci\u0105 by\u0142y czasoch\u0142onne. Organizacja o takiej skali potrzebowa\u0142a narz\u0119dzia, kt\u00f3re nie tylko uszczelni procesy i skr\u00f3ci czas obs\u0142ugi zg\u0142osze\u0144 (SLA), ale r\u00f3wnie\u017c zapewni pe\u0142n\u0105 transparentno\u015b\u0107 danych w czasie rzeczywistym.<\/p>\n\n\n\n<p>Celem by\u0142o stworzenie nowoczesnego, zintegrowanego \u015brodowiska (\u201eSingle Source of Truth\u201d), kt\u00f3re wyeliminuje konieczno\u015b\u0107 manualnego przetwarzania danych i stanie si\u0119 fundamentem dla dalszej cyfryzacji proces\u00f3w back-office.<\/p>\n\n\n\n<div style=\"height:80px\" aria-hidden=\"true\" class=\"wp-block-spacer\"><\/div>\n\n\n\n<h2 class=\"wp-block-heading icon-bulb\">Wirtualny Magazyn na Power Platform<\/h2>\n\n\n\n<p>We wsp\u00f3\u0142pracy z zespo\u0142em MediaMarkt Polska, specjali\u015bci IT-Dev zaprojektowali i wdro\u017cyli szyty na miar\u0119 ekosystem aplikacji Assets Management, oparty w ca\u0142o\u015bci na technologii Microsoft Power Platform. Rozwi\u0105zanie to zast\u0105pi\u0142o sztywne ramy poprzednich narz\u0119dzi elastyczn\u0105 architektur\u0105 low-code, kt\u00f3ra p\u0142ynnie \u0142\u0105czy procesy logistyczne, finansowe i kadrowe.<\/p>\n\n\n\n<p>Sercem systemu jest Wirtualny Magazyn, czyli centralny modu\u0142, kt\u00f3ry w czasie rzeczywistym gromadzi dane o cyklu \u017cycia ka\u017cdego urz\u0105dzenia w firmie.<\/p>\n\n\n\n<p><strong>System zosta\u0142 podzielony na trzy obszary:<\/strong><\/p>\n\n\n\n<ol class=\"wp-block-list\">\n<li>Strefa IT i Administracji to centrum zarz\u0105dzania pe\u0142nym cyklem \u017cycia sprz\u0119tu: od przyj\u0119cia na magazyn, przez alokacj\u0119, a\u017c po utylizacj\u0119. Zaawansowane widoki raportowe umo\u017cliwiaj\u0105 natychmiastow\u0105 weryfikacj\u0119 zasob\u00f3w wed\u0142ug typ\u00f3w, status\u00f3w i lokalizacji.<\/li>\n\n\n\n<li>Strefa Finansowa to modu\u0142 wspieraj\u0105cy dzia\u0142 ksi\u0119gowo\u015bci poprzez automatyzacj\u0119 proces\u00f3w amortyzacji i precyzyjne przypisywanie koszt\u00f3w do odpowiednich MPK (Miejsc Powstawania Koszt\u00f3w). Gwarantuje to sp\u00f3jno\u015b\u0107 danych operacyjnych z finansowymi.<\/li>\n\n\n\n<li>Strefa Pracownika to intuicyjny interfejs self-service, kt\u00f3ry umo\u017cliwia pracownikom samodzielne sk\u0142adanie wniosk\u00f3w o sprz\u0119t czy zg\u0142aszanie zwrot\u00f3w, co eliminuje czasoch\u0142onn\u0105 korespondencj\u0119 mailow\u0105.<\/li>\n<\/ol>\n\n\n\n<p>Istotnym elementem transformacji by\u0142a pe\u0142na cyfryzacja dokumentacji. Dzi\u0119ki Power Automate system automatycznie generuje, dystrybuuje i archiwizuje protoko\u0142y przekazania sprz\u0119tu. I w ten spos\u00f3b ca\u0142kowicie eliminuje obieg papierowy.<\/p>\n\n\n\n<div style=\"height:80px\" aria-hidden=\"true\" class=\"wp-block-spacer\"><\/div>\n\n\n\n<h2 class=\"wp-block-heading icon-chartup\">Pe\u0142na przejrzysto\u015b\u0107 zasob\u00f3w IT<\/h2>\n\n\n\n<ul class=\"wp-block-list arrow-list\">\n<li><strong>Pe\u0142na kontrola i centralizacja danych.<\/strong> Wirtualny Magazyn zapewnia kadrze zarz\u0105dzaj\u0105cej natychmiastowy wgl\u0105d w stan posiadania firmy oraz histori\u0119 ka\u017cdego urz\u0105dzenia. Eliminuje dzi\u0119ki temu rozproszenie informacji.<\/li>\n\n\n\n<li><strong>Doskona\u0142o\u015b\u0107 operacyjna.<\/strong> Automatyzacja powtarzalnych czynno\u015bci (generowanie dokument\u00f3w, powiadomienia o gwarancjach) znacz\u0105co odci\u0105\u017cy\u0142a dzia\u0142y IT i administracji. Zespo\u0142y mog\u0142y wreszcie skupi\u0107 si\u0119 na zadaniach strategicznych.<\/li>\n\n\n\n<li><strong>Sp\u00f3jno\u015b\u0107 finansowa.<\/strong> \u015acis\u0142a integracja danych operacyjnych z ksi\u0119gowymi zapewnia, \u017ce stan faktyczny sprz\u0119tu ma pe\u0142ne odzwierciedlenie w ewidencji \u015brodk\u00f3w trwa\u0142ych.<\/li>\n\n\n\n<li><strong>Efektywno\u015b\u0107 kosztowa.<\/strong> Wykorzystanie potencja\u0142u posiadanego ju\u017c \u015brodowiska Microsoft 365, zamiast utrzymywania zewn\u0119trznych system\u00f3w, pozwoli\u0142o na optymalizacj\u0119 bud\u017cetu IT i lepsze wykorzystanie licencji.<\/li>\n<\/ul>\n\n\n\n<div style=\"height:80px\" aria-hidden=\"true\" class=\"wp-block-spacer\"><\/div>\n\n\n\n<h2 class=\"wp-block-heading\">Wizja rozwoju i innowacje<\/h2>\n\n\n\n<p>Wdro\u017cenie systemu Assets Management zbudowa\u0142o solidny fundament danych, kt\u00f3ry MediaMarkt Polska planuje wykorzysta\u0107 do dalszych innowacji w obszarze Business Intelligence i AI.<\/p>\n\n\n\n<p>Kolejnym krokiem jest rozbudowa warstwy analitycznej. Dashboardy zarz\u0105dcze pozwol\u0105 na:<\/p>\n\n\n\n<div class=\"wp-block-group itdev-icon-row is-nowrap is-layout-flex wp-container-core-group-is-layout-ad2f72ca wp-block-group-is-layout-flex\">\n<figure class=\"wp-block-image size-large\"><img loading=\"lazy\" decoding=\"async\" width=\"64\" height=\"65\" src=\"https:\/\/www.it-dev.eu\/wp-content\/uploads\/2024\/03\/ankieta-wstepna.svg\" alt=\"\" class=\"wp-image-3554\"\/><\/figure>\n\n\n\n<p>precyzyjne prognozowanie zapotrzebowania na sprz\u0119t w oparciu o trendy zu\u017cycia,<\/p>\n<\/div>\n\n\n\n<div class=\"wp-block-group itdev-icon-row is-nowrap is-layout-flex wp-container-core-group-is-layout-ad2f72ca wp-block-group-is-layout-flex\">\n<figure class=\"wp-block-image size-large\"><img loading=\"lazy\" decoding=\"async\" width=\"64\" height=\"64\" src=\"https:\/\/www.it-dev.eu\/wp-content\/uploads\/2024\/05\/1-przygotowanie-danych.svg\" alt=\"\" class=\"wp-image-4248\"\/><\/figure>\n\n\n\n<p>wieloletni\u0105 analiz\u0119 koszt\u00f3w amortyzacji i TCO (Total Cost of Ownership),<\/p>\n<\/div>\n\n\n\n<div class=\"wp-block-group itdev-icon-row is-nowrap is-layout-flex wp-container-core-group-is-layout-ad2f72ca wp-block-group-is-layout-flex\">\n<figure class=\"wp-block-image size-large\"><img loading=\"lazy\" decoding=\"async\" width=\"64\" height=\"64\" src=\"https:\/\/www.it-dev.eu\/wp-content\/uploads\/2024\/05\/3-optymalizacja-operacji.svg\" alt=\"\" class=\"wp-image-4252\"\/><\/figure>\n\n\n\n<p>monitorowanie dynamiki rotacji sprz\u0119tu w poszczeg\u00f3lnych jednostkach biznesowych.<\/p>\n<\/div>\n\n\n\n<div style=\"height:80px\" aria-hidden=\"true\" class=\"wp-block-spacer\"><\/div>\n\n\n\n<h2 class=\"wp-block-heading\">Sztuczna Inteligencja w s\u0142u\u017cbie efektywno\u015bci<\/h2>\n\n\n\n<p>Organizacja planuje r\u00f3wnie\u017c implementacj\u0119 Agenta AI (np. w oparciu o Copilot Studio), kt\u00f3ry zrewolucjonizuje interakcj\u0119 z systemem. Dzi\u0119ki temu MediaMarkt Polska zyska takie rozwi\u0105zania jak:<\/p>\n\n\n\n<ul class=\"wp-block-list arrow-list\">\n<li><strong>Inteligentny Asystent<\/strong>, czyli chatbot wspieraj\u0105cy pracownik\u00f3w w procesach obs\u0142ugowych (np. \u201eJak wymieni\u0107 uszkodzony sprz\u0119t?\u201d), kt\u00f3ry prowadzi u\u017cytkownika przez procedury krok po kroku.<\/li>\n\n\n\n<li><strong>Automatyzacja wprowadzania danych (OCR)<\/strong>, czyli inteligentne skanowanie dokument\u00f3w dostaw, kt\u00f3re automatyzuje proces przyjmowania sprz\u0119tu na stan.<\/li>\n\n\n\n<li><strong>Analityka predykcyjna<\/strong>, czyli algorytmy AI monitoruj\u0105ce stany magazynowe i sugeruj\u0105ce dzia\u0142ania z wyprzedzeniem (np. dom\u00f3wienie sprz\u0119tu w zwi\u0105zku z planowan\u0105 rekrutacj\u0105 czy rekomendacja wymiany urz\u0105dze\u0144 o wysokiej awaryjno\u015bci).<\/li>\n<\/ul>\n","protected":false},"excerpt":{"rendered":"<p>Tysi\u0105ce aktyw\u00f3w, utrudniona kontrola MediaMarkt Polska zarz\u0105dza tysi\u0105cami aktyw\u00f3w. Od komputer\u00f3w i telefon\u00f3w, po zaawansowan\u0105 infrastruktur\u0119 sieciow\u0105. Wraz z dynamicznym rozwojem firmy, dotychczas wykorzystywane rozwi\u0105zania systemowe przesta\u0142y wystarcza\u0107 do realizacji ambitnych cel\u00f3w operacyjnych. Najwa\u017cniejszym wyzwaniem firmy sta\u0142a si\u0119 potrzeba wi\u0119kszej elastyczno\u015bci i centralizacji danych. Rozproszona architektura narz\u0119dzi sprawia\u0142a, \u017ce procesy inwentaryzacyjne oraz przep\u0142yw informacji mi\u0119dzy<a class=\"excerpt-read-more\" href=\"https:\/\/www.it-dev.eu\/pl\/klienci\/mediamarkt\/\" title=\"ReadMediaMarkt\">&#8230; Read more &raquo;<\/a><\/p>\n","protected":false},"author":16,"featured_media":10937,"parent":2553,"menu_order":0,"comment_status":"closed","ping_status":"closed","template":"templates\/page-case-study.php","meta":{"_acf_changed":false,"inline_featured_image":false,"footnotes":""},"class_list":["post-10936","page","type-page","status-publish","has-post-thumbnail","hentry"],"acf":[],"yoast_head":"<!-- This site is optimized with the Yoast SEO plugin v27.5 - https:\/\/yoast.com\/product\/yoast-seo-wordpress\/ -->\n<title>MediaMarkt - IT-Dev<\/title>\n<meta name=\"robots\" content=\"index, follow, max-snippet:-1, max-image-preview:large, max-video-preview:-1\" \/>\n<link rel=\"canonical\" href=\"https:\/\/www.it-dev.eu\/pl\/klienci\/mediamarkt\/\" \/>\n<meta property=\"og:locale\" content=\"pl_PL\" \/>\n<meta property=\"og:type\" content=\"article\" \/>\n<meta property=\"og:title\" content=\"MediaMarkt - IT-Dev\" \/>\n<meta property=\"og:description\" content=\"Tysi\u0105ce aktyw\u00f3w, utrudniona kontrola MediaMarkt Polska zarz\u0105dza tysi\u0105cami aktyw\u00f3w. Od komputer\u00f3w i telefon\u00f3w, po zaawansowan\u0105 infrastruktur\u0119 sieciow\u0105. Wraz z dynamicznym rozwojem firmy, dotychczas wykorzystywane rozwi\u0105zania systemowe przesta\u0142y wystarcza\u0107 do realizacji ambitnych cel\u00f3w operacyjnych. Najwa\u017cniejszym wyzwaniem firmy sta\u0142a si\u0119 potrzeba wi\u0119kszej elastyczno\u015bci i centralizacji danych. Rozproszona architektura narz\u0119dzi sprawia\u0142a, \u017ce procesy inwentaryzacyjne oraz przep\u0142yw informacji mi\u0119dzy... Read more &raquo;\" \/>\n<meta property=\"og:url\" content=\"https:\/\/www.it-dev.eu\/pl\/klienci\/mediamarkt\/\" \/>\n<meta property=\"og:site_name\" content=\"IT-Dev\" \/>\n<meta property=\"article:publisher\" content=\"https:\/\/www.facebook.com\/ITDevWroc\/\" \/>\n<meta property=\"article:modified_time\" content=\"2026-04-15T07:55:34+00:00\" \/>\n<meta property=\"og:image\" content=\"https:\/\/www.it-dev.eu\/wp-content\/uploads\/2026\/03\/Media-Markt-post.png\" \/>\n\t<meta property=\"og:image:width\" content=\"1080\" \/>\n\t<meta property=\"og:image:height\" content=\"720\" \/>\n\t<meta property=\"og:image:type\" content=\"image\/png\" \/>\n<meta name=\"twitter:card\" content=\"summary_large_image\" \/>\n<meta name=\"twitter:site\" content=\"@IT_Dev\" \/>\n<meta name=\"twitter:label1\" content=\"Szacowany czas czytania\" \/>\n\t<meta name=\"twitter:data1\" content=\"4 minuty\" \/>\n<script type=\"application\/ld+json\" class=\"yoast-schema-graph\">{\"@context\":\"https:\\\/\\\/schema.org\",\"@graph\":[{\"@type\":\"WebPage\",\"@id\":\"https:\\\/\\\/www.it-dev.eu\\\/pl\\\/klienci\\\/mediamarkt\\\/\",\"url\":\"https:\\\/\\\/www.it-dev.eu\\\/pl\\\/klienci\\\/mediamarkt\\\/\",\"name\":\"MediaMarkt - IT-Dev\",\"isPartOf\":{\"@id\":\"https:\\\/\\\/www.it-dev.eu\\\/pl\\\/#website\"},\"primaryImageOfPage\":{\"@id\":\"https:\\\/\\\/www.it-dev.eu\\\/pl\\\/klienci\\\/mediamarkt\\\/#primaryimage\"},\"image\":{\"@id\":\"https:\\\/\\\/www.it-dev.eu\\\/pl\\\/klienci\\\/mediamarkt\\\/#primaryimage\"},\"thumbnailUrl\":\"https:\\\/\\\/www.it-dev.eu\\\/wp-content\\\/uploads\\\/2026\\\/03\\\/Media-Markt-post.png\",\"datePublished\":\"2026-03-10T12:51:43+00:00\",\"dateModified\":\"2026-04-15T07:55:34+00:00\",\"breadcrumb\":{\"@id\":\"https:\\\/\\\/www.it-dev.eu\\\/pl\\\/klienci\\\/mediamarkt\\\/#breadcrumb\"},\"inLanguage\":\"pl-PL\",\"potentialAction\":[{\"@type\":\"ReadAction\",\"target\":[\"https:\\\/\\\/www.it-dev.eu\\\/pl\\\/klienci\\\/mediamarkt\\\/\"]}]},{\"@type\":\"ImageObject\",\"inLanguage\":\"pl-PL\",\"@id\":\"https:\\\/\\\/www.it-dev.eu\\\/pl\\\/klienci\\\/mediamarkt\\\/#primaryimage\",\"url\":\"https:\\\/\\\/www.it-dev.eu\\\/wp-content\\\/uploads\\\/2026\\\/03\\\/Media-Markt-post.png\",\"contentUrl\":\"https:\\\/\\\/www.it-dev.eu\\\/wp-content\\\/uploads\\\/2026\\\/03\\\/Media-Markt-post.png\",\"width\":1080,\"height\":720},{\"@type\":\"BreadcrumbList\",\"@id\":\"https:\\\/\\\/www.it-dev.eu\\\/pl\\\/klienci\\\/mediamarkt\\\/#breadcrumb\",\"itemListElement\":[{\"@type\":\"ListItem\",\"position\":1,\"name\":\"Strona g\u0142\u00f3wna\",\"item\":\"https:\\\/\\\/www.it-dev.eu\\\/pl\\\/\"},{\"@type\":\"ListItem\",\"position\":2,\"name\":\"Klienci\",\"item\":\"https:\\\/\\\/www.it-dev.eu\\\/pl\\\/klienci\\\/\"},{\"@type\":\"ListItem\",\"position\":3,\"name\":\"MediaMarkt\"}]},{\"@type\":\"WebSite\",\"@id\":\"https:\\\/\\\/www.it-dev.eu\\\/pl\\\/#website\",\"url\":\"https:\\\/\\\/www.it-dev.eu\\\/pl\\\/\",\"name\":\"IT-Dev - Limitless Digital Workplace\",\"description\":\"We create limitless Digital Workplaces\",\"publisher\":{\"@id\":\"https:\\\/\\\/www.it-dev.eu\\\/pl\\\/#organization\"},\"potentialAction\":[{\"@type\":\"SearchAction\",\"target\":{\"@type\":\"EntryPoint\",\"urlTemplate\":\"https:\\\/\\\/www.it-dev.eu\\\/pl\\\/?s={search_term_string}\"},\"query-input\":{\"@type\":\"PropertyValueSpecification\",\"valueRequired\":true,\"valueName\":\"search_term_string\"}}],\"inLanguage\":\"pl-PL\"},{\"@type\":\"Organization\",\"@id\":\"https:\\\/\\\/www.it-dev.eu\\\/pl\\\/#organization\",\"name\":\"IT-Dev - Limitless Digital Workplace\",\"url\":\"https:\\\/\\\/www.it-dev.eu\\\/pl\\\/\",\"logo\":{\"@type\":\"ImageObject\",\"inLanguage\":\"pl-PL\",\"@id\":\"https:\\\/\\\/www.it-dev.eu\\\/pl\\\/#\\\/schema\\\/logo\\\/image\\\/\",\"url\":\"https:\\\/\\\/www.it-dev.eu\\\/wp-content\\\/uploads\\\/2023\\\/12\\\/it-dev-logo-696x696-1.png\",\"contentUrl\":\"https:\\\/\\\/www.it-dev.eu\\\/wp-content\\\/uploads\\\/2023\\\/12\\\/it-dev-logo-696x696-1.png\",\"width\":696,\"height\":696,\"caption\":\"IT-Dev - Limitless Digital Workplace\"},\"image\":{\"@id\":\"https:\\\/\\\/www.it-dev.eu\\\/pl\\\/#\\\/schema\\\/logo\\\/image\\\/\"},\"sameAs\":[\"https:\\\/\\\/www.facebook.com\\\/ITDevWroc\\\/\",\"https:\\\/\\\/x.com\\\/IT_Dev\",\"https:\\\/\\\/www.linkedin.com\\\/company\\\/it-dev\\\/\",\"https:\\\/\\\/www.youtube.com\\\/user\\\/biuroitdev\"]}]}<\/script>\n<!-- \/ Yoast SEO plugin. -->","yoast_head_json":{"title":"MediaMarkt - IT-Dev","robots":{"index":"index","follow":"follow","max-snippet":"max-snippet:-1","max-image-preview":"max-image-preview:large","max-video-preview":"max-video-preview:-1"},"canonical":"https:\/\/www.it-dev.eu\/pl\/klienci\/mediamarkt\/","og_locale":"pl_PL","og_type":"article","og_title":"MediaMarkt - IT-Dev","og_description":"Tysi\u0105ce aktyw\u00f3w, utrudniona kontrola MediaMarkt Polska zarz\u0105dza tysi\u0105cami aktyw\u00f3w. Od komputer\u00f3w i telefon\u00f3w, po zaawansowan\u0105 infrastruktur\u0119 sieciow\u0105. Wraz z dynamicznym rozwojem firmy, dotychczas wykorzystywane rozwi\u0105zania systemowe przesta\u0142y wystarcza\u0107 do realizacji ambitnych cel\u00f3w operacyjnych. Najwa\u017cniejszym wyzwaniem firmy sta\u0142a si\u0119 potrzeba wi\u0119kszej elastyczno\u015bci i centralizacji danych. Rozproszona architektura narz\u0119dzi sprawia\u0142a, \u017ce procesy inwentaryzacyjne oraz przep\u0142yw informacji mi\u0119dzy... Read more &raquo;","og_url":"https:\/\/www.it-dev.eu\/pl\/klienci\/mediamarkt\/","og_site_name":"IT-Dev","article_publisher":"https:\/\/www.facebook.com\/ITDevWroc\/","article_modified_time":"2026-04-15T07:55:34+00:00","og_image":[{"width":1080,"height":720,"url":"https:\/\/www.it-dev.eu\/wp-content\/uploads\/2026\/03\/Media-Markt-post.png","type":"image\/png"}],"twitter_card":"summary_large_image","twitter_site":"@IT_Dev","twitter_misc":{"Szacowany czas czytania":"4 minuty"},"schema":{"@context":"https:\/\/schema.org","@graph":[{"@type":"WebPage","@id":"https:\/\/www.it-dev.eu\/pl\/klienci\/mediamarkt\/","url":"https:\/\/www.it-dev.eu\/pl\/klienci\/mediamarkt\/","name":"MediaMarkt - IT-Dev","isPartOf":{"@id":"https:\/\/www.it-dev.eu\/pl\/#website"},"primaryImageOfPage":{"@id":"https:\/\/www.it-dev.eu\/pl\/klienci\/mediamarkt\/#primaryimage"},"image":{"@id":"https:\/\/www.it-dev.eu\/pl\/klienci\/mediamarkt\/#primaryimage"},"thumbnailUrl":"https:\/\/www.it-dev.eu\/wp-content\/uploads\/2026\/03\/Media-Markt-post.png","datePublished":"2026-03-10T12:51:43+00:00","dateModified":"2026-04-15T07:55:34+00:00","breadcrumb":{"@id":"https:\/\/www.it-dev.eu\/pl\/klienci\/mediamarkt\/#breadcrumb"},"inLanguage":"pl-PL","potentialAction":[{"@type":"ReadAction","target":["https:\/\/www.it-dev.eu\/pl\/klienci\/mediamarkt\/"]}]},{"@type":"ImageObject","inLanguage":"pl-PL","@id":"https:\/\/www.it-dev.eu\/pl\/klienci\/mediamarkt\/#primaryimage","url":"https:\/\/www.it-dev.eu\/wp-content\/uploads\/2026\/03\/Media-Markt-post.png","contentUrl":"https:\/\/www.it-dev.eu\/wp-content\/uploads\/2026\/03\/Media-Markt-post.png","width":1080,"height":720},{"@type":"BreadcrumbList","@id":"https:\/\/www.it-dev.eu\/pl\/klienci\/mediamarkt\/#breadcrumb","itemListElement":[{"@type":"ListItem","position":1,"name":"Strona g\u0142\u00f3wna","item":"https:\/\/www.it-dev.eu\/pl\/"},{"@type":"ListItem","position":2,"name":"Klienci","item":"https:\/\/www.it-dev.eu\/pl\/klienci\/"},{"@type":"ListItem","position":3,"name":"MediaMarkt"}]},{"@type":"WebSite","@id":"https:\/\/www.it-dev.eu\/pl\/#website","url":"https:\/\/www.it-dev.eu\/pl\/","name":"IT-Dev - Limitless Digital Workplace","description":"We create limitless Digital Workplaces","publisher":{"@id":"https:\/\/www.it-dev.eu\/pl\/#organization"},"potentialAction":[{"@type":"SearchAction","target":{"@type":"EntryPoint","urlTemplate":"https:\/\/www.it-dev.eu\/pl\/?s={search_term_string}"},"query-input":{"@type":"PropertyValueSpecification","valueRequired":true,"valueName":"search_term_string"}}],"inLanguage":"pl-PL"},{"@type":"Organization","@id":"https:\/\/www.it-dev.eu\/pl\/#organization","name":"IT-Dev - Limitless Digital Workplace","url":"https:\/\/www.it-dev.eu\/pl\/","logo":{"@type":"ImageObject","inLanguage":"pl-PL","@id":"https:\/\/www.it-dev.eu\/pl\/#\/schema\/logo\/image\/","url":"https:\/\/www.it-dev.eu\/wp-content\/uploads\/2023\/12\/it-dev-logo-696x696-1.png","contentUrl":"https:\/\/www.it-dev.eu\/wp-content\/uploads\/2023\/12\/it-dev-logo-696x696-1.png","width":696,"height":696,"caption":"IT-Dev - Limitless Digital Workplace"},"image":{"@id":"https:\/\/www.it-dev.eu\/pl\/#\/schema\/logo\/image\/"},"sameAs":["https:\/\/www.facebook.com\/ITDevWroc\/","https:\/\/x.com\/IT_Dev","https:\/\/www.linkedin.com\/company\/it-dev\/","https:\/\/www.youtube.com\/user\/biuroitdev"]}]}},"_links":{"self":[{"href":"https:\/\/www.it-dev.eu\/pl\/wp-json\/wp\/v2\/pages\/10936","targetHints":{"allow":["GET"]}}],"collection":[{"href":"https:\/\/www.it-dev.eu\/pl\/wp-json\/wp\/v2\/pages"}],"about":[{"href":"https:\/\/www.it-dev.eu\/pl\/wp-json\/wp\/v2\/types\/page"}],"author":[{"embeddable":true,"href":"https:\/\/www.it-dev.eu\/pl\/wp-json\/wp\/v2\/users\/16"}],"replies":[{"embeddable":true,"href":"https:\/\/www.it-dev.eu\/pl\/wp-json\/wp\/v2\/comments?post=10936"}],"version-history":[{"count":11,"href":"https:\/\/www.it-dev.eu\/pl\/wp-json\/wp\/v2\/pages\/10936\/revisions"}],"predecessor-version":[{"id":11556,"href":"https:\/\/www.it-dev.eu\/pl\/wp-json\/wp\/v2\/pages\/10936\/revisions\/11556"}],"up":[{"embeddable":true,"href":"https:\/\/www.it-dev.eu\/pl\/wp-json\/wp\/v2\/pages\/2553"}],"wp:featuredmedia":[{"embeddable":true,"href":"https:\/\/www.it-dev.eu\/pl\/wp-json\/wp\/v2\/media\/10937"}],"wp:attachment":[{"href":"https:\/\/www.it-dev.eu\/pl\/wp-json\/wp\/v2\/media?parent=10936"}],"curies":[{"name":"wp","href":"https:\/\/api.w.org\/{rel}","templated":true}]}}