{"id":2365,"date":"2023-09-13T09:49:00","date_gmt":"2023-09-13T07:49:00","guid":{"rendered":"https:\/\/www.it-dev.eu\/?page_id=2365"},"modified":"2025-03-12T13:39:25","modified_gmt":"2025-03-12T12:39:25","slug":"kontakt","status":"publish","type":"page","link":"https:\/\/www.it-dev.eu\/pl\/kontakt\/","title":{"rendered":"Kontakt"},"content":{"rendered":"\n<div class=\"wpcf7 no-js\" id=\"wpcf7-f2375-o1\" lang=\"pl-PL\" dir=\"ltr\" data-wpcf7-id=\"2375\">\n<div class=\"screen-reader-response\"><p role=\"status\" aria-live=\"polite\" aria-atomic=\"true\"><\/p> <ul><\/ul><\/div>\n<form action=\"\/pl\/wp-json\/wp\/v2\/pages\/2365#wpcf7-f2375-o1\" method=\"post\" class=\"wpcf7-form init\" aria-label=\"Formularz kontaktowy\" novalidate=\"novalidate\" data-status=\"init\">\n<fieldset class=\"hidden-fields-container\"><input type=\"hidden\" name=\"_wpcf7\" value=\"2375\" \/><input type=\"hidden\" name=\"_wpcf7_version\" value=\"6.1.5\" \/><input type=\"hidden\" name=\"_wpcf7_locale\" value=\"pl_PL\" \/><input type=\"hidden\" name=\"_wpcf7_unit_tag\" value=\"wpcf7-f2375-o1\" \/><input type=\"hidden\" name=\"_wpcf7_container_post\" value=\"0\" \/><input type=\"hidden\" name=\"_wpcf7_posted_data_hash\" value=\"\" \/><input type=\"hidden\" name=\"_wpcf7dtx_version\" value=\"5.0.5\" \/>\n<\/fieldset>\n<p><span class=\"wpcf7-form-control-wrap\" data-name=\"your-firstname\"><input size=\"40\" maxlength=\"400\" class=\"wpcf7-form-control wpcf7-text wpcf7-validates-as-required\" autocomplete=\"name\" aria-required=\"true\" aria-invalid=\"false\" placeholder=\"Imi\u0119 i Nazwisko *\" value=\"\" type=\"text\" name=\"your-firstname\" \/><\/span>\n<\/p>\n<div class=\"container col-gap-40\">\n\t<div class=\"cell-gap-6 cell-gap-m-4 cell-gap-s-4\">\n\t\t<p><span class=\"wpcf7-form-control-wrap\" data-name=\"your-role\"><input size=\"40\" maxlength=\"400\" class=\"wpcf7-form-control wpcf7-text\" autocomplete=\"organization-title\" aria-invalid=\"false\" placeholder=\"Stanowisko\" value=\"\" type=\"text\" name=\"your-role\" \/><\/span>\n\t\t<\/p>\n\t<\/div>\n\t<div class=\"cell-gap-6 cell-gap-m-4 cell-gap-s-4\">\n\t\t<p><span class=\"wpcf7-form-control-wrap\" data-name=\"your-company\"><input size=\"40\" maxlength=\"400\" class=\"wpcf7-form-control wpcf7-text\" autocomplete=\"organization\" aria-invalid=\"false\" placeholder=\"Firma\" value=\"\" type=\"text\" name=\"your-company\" \/><\/span>\n\t\t<\/p>\n\t<\/div>\n<\/div>\n<div class=\"container col-gap-40\">\n\t<div class=\"cell-gap-6 cell-gap-m-4 cell-gap-s-4\">\n\t\t<p><span class=\"wpcf7-form-control-wrap\" data-name=\"your-email\"><input size=\"40\" maxlength=\"400\" class=\"wpcf7-form-control wpcf7-email wpcf7-validates-as-required wpcf7-text wpcf7-validates-as-email\" autocomplete=\"email\" aria-required=\"true\" aria-invalid=\"false\" placeholder=\"Adres email *\" value=\"\" type=\"email\" name=\"your-email\" \/><\/span>\n\t\t<\/p>\n\t<\/div>\n\t<div class=\"cell-gap-6 cell-gap-m-4 cell-gap-s-4\">\n\t\t<p><span class=\"wpcf7-form-control-wrap\" data-name=\"your-phone\"><input size=\"40\" maxlength=\"400\" class=\"wpcf7-form-control wpcf7-tel wpcf7-text wpcf7-validates-as-tel\" autocomplete=\"tel\" aria-invalid=\"false\" placeholder=\"Telefon\" value=\"\" type=\"tel\" name=\"your-phone\" \/><\/span>\n\t\t<\/p>\n\t<\/div>\n<\/div>\n<p><span class=\"wpcf7-form-control-wrap\" data-name=\"your-message\"><textarea cols=\"40\" rows=\"5\" maxlength=\"2000\" class=\"wpcf7-form-control wpcf7-textarea wpcf7-validates-as-required\" aria-required=\"true\" aria-invalid=\"false\" placeholder=\"Wiadomo\u015b\u0107 *\" name=\"your-message\"><\/textarea><\/span>\n<\/p>\n<p><span class=\"wpcf7-form-control-wrap\" data-name=\"acceptance\"><span class=\"wpcf7-form-control wpcf7-acceptance\"><span class=\"wpcf7-list-item\"><label><input type=\"checkbox\" name=\"acceptance\" value=\"1\" aria-invalid=\"false\" \/><span class=\"wpcf7-list-item-label\">O\u015bwiadczam, \u017ce zapozna\u0142em si\u0119 z <a href=\"https:\/\/www.it-dev.eu\/pl\/regulamin\/\" target=\"_blank\" class=\"link\">Regulaminem<\/a> i akceptuj\u0119 jego tre\u015b\u0107.<\/span><\/label><\/span><\/span><\/span>\n<\/p>\n<span class=\"wpcf7-form-control-wrap post_id\" data-name=\"post_id\"><input type=\"hidden\" name=\"post_id\" class=\"wpcf7-form-control wpcf7-hidden wpcf7dtx wpcf7dtx-hidden\" aria-invalid=\"false\"><\/span>\n<span class=\"wpcf7-form-control-wrap path\" data-name=\"path\"><input type=\"hidden\" name=\"path\" class=\"wpcf7-form-control wpcf7-hidden wpcf7dtx wpcf7dtx-hidden\" aria-invalid=\"false\" value=\"\/pl\/wp-json\/wp\/v2\/pages\/2365\"><\/span>\n<input class=\"wpcf7-form-control wpcf7-hidden\" value=\"\" type=\"hidden\" name=\"utm_id\" \/>\n<span class=\"wpcf7-form-control-wrap c_utm_id\" data-name=\"c_utm_id\"><input type=\"hidden\" name=\"c_utm_id\" class=\"wpcf7-form-control wpcf7-hidden wpcf7dtx wpcf7dtx-hidden\" aria-invalid=\"false\"><\/span>\n<input class=\"wpcf7-form-control wpcf7-hidden\" value=\"\" type=\"hidden\" name=\"utm_source\" \/>\n<span class=\"wpcf7-form-control-wrap c_utm_source\" data-name=\"c_utm_source\"><input type=\"hidden\" name=\"c_utm_source\" class=\"wpcf7-form-control wpcf7-hidden wpcf7dtx wpcf7dtx-hidden\" aria-invalid=\"false\"><\/span>\n<input class=\"wpcf7-form-control wpcf7-hidden\" value=\"\" type=\"hidden\" name=\"utm_medium\" \/>\n<span class=\"wpcf7-form-control-wrap c_utm_medium\" data-name=\"c_utm_medium\"><input type=\"hidden\" name=\"c_utm_medium\" class=\"wpcf7-form-control wpcf7-hidden wpcf7dtx wpcf7dtx-hidden\" aria-invalid=\"false\"><\/span>\n<input class=\"wpcf7-form-control wpcf7-hidden\" value=\"\" type=\"hidden\" name=\"utm_term\" \/>\n<span class=\"wpcf7-form-control-wrap c_utm_term\" data-name=\"c_utm_term\"><input type=\"hidden\" name=\"c_utm_term\" class=\"wpcf7-form-control wpcf7-hidden wpcf7dtx wpcf7dtx-hidden\" aria-invalid=\"false\"><\/span>\n<input class=\"wpcf7-form-control wpcf7-hidden\" value=\"\" type=\"hidden\" name=\"utm_content\" \/>\n<span class=\"wpcf7-form-control-wrap c_utm_content\" data-name=\"c_utm_content\"><input type=\"hidden\" name=\"c_utm_content\" class=\"wpcf7-form-control wpcf7-hidden wpcf7dtx wpcf7dtx-hidden\" aria-invalid=\"false\"><\/span>\n<div class=\"wpcf7-turnstile cf-turnstile\" data-sitekey=\"0x4AAAAAACC0VMSn1FLgpz2y\" data-response-field-name=\"_wpcf7_turnstile_response\" data-size=\"flexible\" data-theme=\"light\" data-language=\"pl\"><\/div>\n<p><input class=\"wpcf7-form-control wpcf7-submit has-spinner button glass\" type=\"submit\" value=\"Wy\u015blij\" \/>\n<\/p><div class=\"wpcf7-response-output\" aria-hidden=\"true\"><\/div>\n<\/form>\n<\/div>\n\n","protected":false},"excerpt":{"rendered":"","protected":false},"author":7,"featured_media":0,"parent":0,"menu_order":0,"comment_status":"closed","ping_status":"closed","template":"templates\/page-contact-us.php","meta":{"_acf_changed":false,"inline_featured_image":false,"footnotes":""},"class_list":["post-2365","page","type-page","status-publish","hentry"],"acf":[],"yoast_head":"<!-- This site is optimized with the Yoast SEO plugin v27.3 - https:\/\/yoast.com\/product\/yoast-seo-wordpress\/ -->\n<title>Kontakt | IT-Dev<\/title>\n<meta name=\"description\" content=\"Odkryj, jak nasza wiedza mo\u017ce wzmocni\u0107 Tw\u00f3j biznes. Skontaktuj si\u0119 z IT-Dev i odkryj, co mo\u017cemy razem osi\u0105gn\u0105\u0107!\" \/>\n<meta name=\"robots\" content=\"index, follow, max-snippet:-1, max-image-preview:large, max-video-preview:-1\" \/>\n<link rel=\"canonical\" href=\"https:\/\/www.it-dev.eu\/pl\/kontakt\/\" \/>\n<meta property=\"og:locale\" content=\"pl_PL\" \/>\n<meta property=\"og:type\" content=\"article\" \/>\n<meta property=\"og:title\" content=\"Kontakt | IT-Dev\" \/>\n<meta property=\"og:description\" content=\"Odkryj, jak nasza wiedza mo\u017ce wzmocni\u0107 Tw\u00f3j biznes. Skontaktuj si\u0119 z IT-Dev i odkryj, co mo\u017cemy razem osi\u0105gn\u0105\u0107!\" \/>\n<meta property=\"og:url\" content=\"https:\/\/www.it-dev.eu\/pl\/kontakt\/\" \/>\n<meta property=\"og:site_name\" content=\"IT-Dev\" \/>\n<meta property=\"article:publisher\" content=\"https:\/\/www.facebook.com\/ITDevWroc\/\" \/>\n<meta property=\"article:modified_time\" content=\"2025-03-12T12:39:25+00:00\" \/>\n<meta name=\"twitter:card\" content=\"summary_large_image\" \/>\n<meta name=\"twitter:site\" content=\"@IT_Dev\" \/>\n<meta name=\"twitter:label1\" content=\"Szacowany czas czytania\" \/>\n\t<meta name=\"twitter:data1\" content=\"1 minuta\" \/>\n<script type=\"application\/ld+json\" class=\"yoast-schema-graph\">{\"@context\":\"https:\\\/\\\/schema.org\",\"@graph\":[{\"@type\":\"WebPage\",\"@id\":\"https:\\\/\\\/www.it-dev.eu\\\/pl\\\/kontakt\\\/\",\"url\":\"https:\\\/\\\/www.it-dev.eu\\\/pl\\\/kontakt\\\/\",\"name\":\"Kontakt | IT-Dev\",\"isPartOf\":{\"@id\":\"https:\\\/\\\/www.it-dev.eu\\\/pl\\\/#website\"},\"datePublished\":\"2023-09-13T07:49:00+00:00\",\"dateModified\":\"2025-03-12T12:39:25+00:00\",\"description\":\"Odkryj, jak nasza wiedza mo\u017ce wzmocni\u0107 Tw\u00f3j biznes. Skontaktuj si\u0119 z IT-Dev i odkryj, co mo\u017cemy razem osi\u0105gn\u0105\u0107!\",\"breadcrumb\":{\"@id\":\"https:\\\/\\\/www.it-dev.eu\\\/pl\\\/kontakt\\\/#breadcrumb\"},\"inLanguage\":\"pl-PL\",\"potentialAction\":[{\"@type\":\"ReadAction\",\"target\":[\"https:\\\/\\\/www.it-dev.eu\\\/pl\\\/kontakt\\\/\"]}]},{\"@type\":\"BreadcrumbList\",\"@id\":\"https:\\\/\\\/www.it-dev.eu\\\/pl\\\/kontakt\\\/#breadcrumb\",\"itemListElement\":[{\"@type\":\"ListItem\",\"position\":1,\"name\":\"Strona g\u0142\u00f3wna\",\"item\":\"https:\\\/\\\/www.it-dev.eu\\\/pl\\\/\"},{\"@type\":\"ListItem\",\"position\":2,\"name\":\"Kontakt\"}]},{\"@type\":\"WebSite\",\"@id\":\"https:\\\/\\\/www.it-dev.eu\\\/pl\\\/#website\",\"url\":\"https:\\\/\\\/www.it-dev.eu\\\/pl\\\/\",\"name\":\"IT-Dev - Limitless Digital Workplace\",\"description\":\"We create limitless Digital Workplaces\",\"publisher\":{\"@id\":\"https:\\\/\\\/www.it-dev.eu\\\/pl\\\/#organization\"},\"potentialAction\":[{\"@type\":\"SearchAction\",\"target\":{\"@type\":\"EntryPoint\",\"urlTemplate\":\"https:\\\/\\\/www.it-dev.eu\\\/pl\\\/?s={search_term_string}\"},\"query-input\":{\"@type\":\"PropertyValueSpecification\",\"valueRequired\":true,\"valueName\":\"search_term_string\"}}],\"inLanguage\":\"pl-PL\"},{\"@type\":\"Organization\",\"@id\":\"https:\\\/\\\/www.it-dev.eu\\\/pl\\\/#organization\",\"name\":\"IT-Dev - Limitless Digital Workplace\",\"url\":\"https:\\\/\\\/www.it-dev.eu\\\/pl\\\/\",\"logo\":{\"@type\":\"ImageObject\",\"inLanguage\":\"pl-PL\",\"@id\":\"https:\\\/\\\/www.it-dev.eu\\\/pl\\\/#\\\/schema\\\/logo\\\/image\\\/\",\"url\":\"https:\\\/\\\/www.it-dev.eu\\\/wp-content\\\/uploads\\\/2023\\\/12\\\/it-dev-logo-696x696-1.png\",\"contentUrl\":\"https:\\\/\\\/www.it-dev.eu\\\/wp-content\\\/uploads\\\/2023\\\/12\\\/it-dev-logo-696x696-1.png\",\"width\":696,\"height\":696,\"caption\":\"IT-Dev - Limitless Digital Workplace\"},\"image\":{\"@id\":\"https:\\\/\\\/www.it-dev.eu\\\/pl\\\/#\\\/schema\\\/logo\\\/image\\\/\"},\"sameAs\":[\"https:\\\/\\\/www.facebook.com\\\/ITDevWroc\\\/\",\"https:\\\/\\\/x.com\\\/IT_Dev\",\"https:\\\/\\\/www.linkedin.com\\\/company\\\/it-dev\\\/\",\"https:\\\/\\\/www.youtube.com\\\/user\\\/biuroitdev\"]}]}<\/script>\n<!-- \/ Yoast SEO plugin. -->","yoast_head_json":{"title":"Kontakt | IT-Dev","description":"Odkryj, jak nasza wiedza mo\u017ce wzmocni\u0107 Tw\u00f3j biznes. Skontaktuj si\u0119 z IT-Dev i odkryj, co mo\u017cemy razem osi\u0105gn\u0105\u0107!","robots":{"index":"index","follow":"follow","max-snippet":"max-snippet:-1","max-image-preview":"max-image-preview:large","max-video-preview":"max-video-preview:-1"},"canonical":"https:\/\/www.it-dev.eu\/pl\/kontakt\/","og_locale":"pl_PL","og_type":"article","og_title":"Kontakt | IT-Dev","og_description":"Odkryj, jak nasza wiedza mo\u017ce wzmocni\u0107 Tw\u00f3j biznes. Skontaktuj si\u0119 z IT-Dev i odkryj, co mo\u017cemy razem osi\u0105gn\u0105\u0107!","og_url":"https:\/\/www.it-dev.eu\/pl\/kontakt\/","og_site_name":"IT-Dev","article_publisher":"https:\/\/www.facebook.com\/ITDevWroc\/","article_modified_time":"2025-03-12T12:39:25+00:00","twitter_card":"summary_large_image","twitter_site":"@IT_Dev","twitter_misc":{"Szacowany czas czytania":"1 minuta"},"schema":{"@context":"https:\/\/schema.org","@graph":[{"@type":"WebPage","@id":"https:\/\/www.it-dev.eu\/pl\/kontakt\/","url":"https:\/\/www.it-dev.eu\/pl\/kontakt\/","name":"Kontakt | IT-Dev","isPartOf":{"@id":"https:\/\/www.it-dev.eu\/pl\/#website"},"datePublished":"2023-09-13T07:49:00+00:00","dateModified":"2025-03-12T12:39:25+00:00","description":"Odkryj, jak nasza wiedza mo\u017ce wzmocni\u0107 Tw\u00f3j biznes. Skontaktuj si\u0119 z IT-Dev i odkryj, co mo\u017cemy razem osi\u0105gn\u0105\u0107!","breadcrumb":{"@id":"https:\/\/www.it-dev.eu\/pl\/kontakt\/#breadcrumb"},"inLanguage":"pl-PL","potentialAction":[{"@type":"ReadAction","target":["https:\/\/www.it-dev.eu\/pl\/kontakt\/"]}]},{"@type":"BreadcrumbList","@id":"https:\/\/www.it-dev.eu\/pl\/kontakt\/#breadcrumb","itemListElement":[{"@type":"ListItem","position":1,"name":"Strona g\u0142\u00f3wna","item":"https:\/\/www.it-dev.eu\/pl\/"},{"@type":"ListItem","position":2,"name":"Kontakt"}]},{"@type":"WebSite","@id":"https:\/\/www.it-dev.eu\/pl\/#website","url":"https:\/\/www.it-dev.eu\/pl\/","name":"IT-Dev - Limitless Digital Workplace","description":"We create limitless Digital Workplaces","publisher":{"@id":"https:\/\/www.it-dev.eu\/pl\/#organization"},"potentialAction":[{"@type":"SearchAction","target":{"@type":"EntryPoint","urlTemplate":"https:\/\/www.it-dev.eu\/pl\/?s={search_term_string}"},"query-input":{"@type":"PropertyValueSpecification","valueRequired":true,"valueName":"search_term_string"}}],"inLanguage":"pl-PL"},{"@type":"Organization","@id":"https:\/\/www.it-dev.eu\/pl\/#organization","name":"IT-Dev - Limitless Digital Workplace","url":"https:\/\/www.it-dev.eu\/pl\/","logo":{"@type":"ImageObject","inLanguage":"pl-PL","@id":"https:\/\/www.it-dev.eu\/pl\/#\/schema\/logo\/image\/","url":"https:\/\/www.it-dev.eu\/wp-content\/uploads\/2023\/12\/it-dev-logo-696x696-1.png","contentUrl":"https:\/\/www.it-dev.eu\/wp-content\/uploads\/2023\/12\/it-dev-logo-696x696-1.png","width":696,"height":696,"caption":"IT-Dev - Limitless Digital Workplace"},"image":{"@id":"https:\/\/www.it-dev.eu\/pl\/#\/schema\/logo\/image\/"},"sameAs":["https:\/\/www.facebook.com\/ITDevWroc\/","https:\/\/x.com\/IT_Dev","https:\/\/www.linkedin.com\/company\/it-dev\/","https:\/\/www.youtube.com\/user\/biuroitdev"]}]}},"_links":{"self":[{"href":"https:\/\/www.it-dev.eu\/pl\/wp-json\/wp\/v2\/pages\/2365","targetHints":{"allow":["GET"]}}],"collection":[{"href":"https:\/\/www.it-dev.eu\/pl\/wp-json\/wp\/v2\/pages"}],"about":[{"href":"https:\/\/www.it-dev.eu\/pl\/wp-json\/wp\/v2\/types\/page"}],"author":[{"embeddable":true,"href":"https:\/\/www.it-dev.eu\/pl\/wp-json\/wp\/v2\/users\/7"}],"replies":[{"embeddable":true,"href":"https:\/\/www.it-dev.eu\/pl\/wp-json\/wp\/v2\/comments?post=2365"}],"version-history":[{"count":8,"href":"https:\/\/www.it-dev.eu\/pl\/wp-json\/wp\/v2\/pages\/2365\/revisions"}],"predecessor-version":[{"id":3442,"href":"https:\/\/www.it-dev.eu\/pl\/wp-json\/wp\/v2\/pages\/2365\/revisions\/3442"}],"wp:attachment":[{"href":"https:\/\/www.it-dev.eu\/pl\/wp-json\/wp\/v2\/media?parent=2365"}],"curies":[{"name":"wp","href":"https:\/\/api.w.org\/{rel}","templated":true}]}}