{"id":2559,"date":"2023-07-27T10:28:22","date_gmt":"2023-07-27T08:28:22","guid":{"rendered":"https:\/\/www.it-dev.eu\/?page_id=2559"},"modified":"2026-04-15T10:07:48","modified_gmt":"2026-04-15T08:07:48","slug":"ardent","status":"publish","type":"page","link":"https:\/\/www.it-dev.eu\/pl\/klienci\/ardent\/","title":{"rendered":"Ardent"},"content":{"rendered":"\n<h2 class=\"wp-block-heading icon-warning\">Fuzja bez wsp\u00f3lnych narz\u0119dzi pracy<\/h2>\n\n\n\n<p>Po fuzji i ekspansji Ardent Global stan\u0119\u0142o przed kilkoma kluczowymi wyzwaniami. Po\u0142\u0105czenie dw\u00f3ch dzia\u0142\u00f3w odzysku, kt\u00f3re mia\u0142y r\u00f3\u017cne procesy i systemy, by\u0142o jednym z g\u0142\u00f3wnych problem\u00f3w. Brak efektywnego narz\u0119dzia do wsp\u00f3\u0142pracy i komunikacji utrudnia\u0142 p\u0142ynn\u0105 prac\u0119 zespo\u0142\u00f3w zlokalizowanych na r\u00f3\u017cnych obszarach oraz skuteczn\u0105 koordynacj\u0119 dzia\u0142a\u0144.<\/p>\n\n\n\n<p>Poniewa\u017c firma Ardent dzia\u0142a\u0142a na r\u00f3\u017cnych kontynentach, napotyka\u0142a trudno\u015bci z przekazaniem misji, wizji, strategii i priorytet\u00f3w pracownikom w r\u00f3\u017cnych j\u0119zykach i strefach czasowych. Utrudnia\u0142o to skuteczn\u0105 komunikacj\u0119 i zgodno\u015b\u0107 w\u015br\u00f3d pracownik\u00f3w.<\/p>\n\n\n\n<p>Ardentowi brakowa\u0142o sp\u00f3jnej strategii dost\u0119pu do istotnych informacji bran\u017cowych. Brak bie\u017c\u0105cych danych dotycz\u0105cych przepis\u00f3w, regulacji i incydent\u00f3w morskich m\u00f3g\u0142 bezpo\u015brednio wp\u0142ywa\u0107 na ich projekty. Szybki i \u0142atwy dost\u0119p do kluczowych informacji by\u0142 niezb\u0119dny do usprawnienia procesu podejmowania decyzji oraz bycia na bie\u017c\u0105co.<\/p>\n\n\n\n<p>Proces identyfikacji potrzeb wyra\u017anie podkre\u015bli\u0142 konieczno\u015b\u0107 stworzenia wszechstronnej cyfrowej przestrzeni roboczej, kt\u00f3ra poprawi\u0142aby wydajno\u015b\u0107 i komunikacj\u0119 we wszystkich obszarach organizacji. Taka przestrze\u0144 zapewni\u0142aby jednolit\u0105 platform\u0119 do wsp\u00f3\u0142pracy, usprawni\u0142a procesy wewn\u0119trzne oraz u\u0142atwi\u0142a efektywn\u0105 komunikacj\u0119 mi\u0119dzy zespo\u0142ami i r\u00f3\u017cnymi lokalizacjami.<\/p>\n\n\n\n<div style=\"height:80px\" aria-hidden=\"true\" class=\"wp-block-spacer\"><\/div>\n\n\n\n<h2 class=\"wp-block-heading icon-bulb\">Globalna przestrze\u0144 pracy w chmurze<\/h2>\n\n\n\n<p>Ardent nawi\u0105za\u0142 wsp\u00f3\u0142prac\u0119 z IT-Dev, aby skonfrontowa\u0107 si\u0119 z przedstawionymi wyzwaniami, wykorzystuj\u0105c technologie Microsoft. W ramach tej wsp\u00f3\u0142pracy planowano stworzy\u0107 kompleksow\u0105 baz\u0119 wiedzy, zintegrowane rozwi\u0105zania przep\u0142ywu pracy oraz przestrzenie robocze dla projekt\u00f3w z komunikacj\u0105 opart\u0105 na dyskusji.<\/p>\n\n\n\n<p>Firma dostosowa\u0142a dane swojego portalu do konkretnych region\u00f3w, umo\u017cliwiaj\u0105c kierownikom projekt\u00f3w \u0142atwe znalezienie kontakt\u00f3w do zespo\u0142\u00f3w. Wykorzystano wid\u017cety zegara \u015bwiatowego i znaczniki obecno\u015bci, aby zapewni\u0107 efektywn\u0105 komunikacj\u0119 w odpowiednich strefach czasowych.<\/p>\n\n\n\n<p>W ramach swojego systemu intranetowego SharePoint utworzyli przestrze\u0144, gdzie skupiono dokumenty dotycz\u0105ce wizji i misji, a tak\u017ce prowadzono komunikacj\u0119 zewn\u0119trzn\u0105. Umo\u017cliwi\u0142o to \u0142atwiejszy dost\u0119p do odpowiednich plik\u00f3w oraz wsp\u00f3\u0142prac\u0119 ze stronami trzecimi.<\/p>\n\n\n\n<p>Adopcja Viva Engage znacz\u0105co poprawi\u0142a komunikacj\u0119 wewn\u0119trzn\u0105. Fora dyskusyjne przyspieszaj\u0105 udzielanie odpowiedzi, a artyku\u0142y i og\u0142oszenia przekazuj\u0105 istotne informacje.<\/p>\n\n\n\n<p>Ardent za po\u015brednictwem swojego systemu intranetowego zsynchronizowa\u0142 procesy biznesowe, integruj\u0105c listy, zadania, kalendarze i harmonogramy w celu usprawnienia przegl\u0105d\u00f3w projekt\u00f3w oraz poprawy procesu podejmowania decyzji.<\/p>\n\n\n\n<div style=\"height:80px\" aria-hidden=\"true\" class=\"wp-block-spacer\"><\/div>\n\n\n\n<h2 class=\"wp-block-heading icon-chartup\">Wsp\u00f3\u0142praca bez granic i stref czasowych<\/h2>\n\n\n\n<p>Wdro\u017cenie dostosowanych danych w portalu, wid\u017cet\u00f3w zegara \u015bwiatowego, znacznik\u00f3w obecno\u015bci, aplikacji SharePoint do komunikacji zewn\u0119trznej, us\u0142ugi Yammera do scentralizowanej komunikacji oraz zsynchronizowanego systemu intranetowego mia\u0142o istotny wp\u0142yw na Ardent.<\/p>\n\n\n\n<p>Dzi\u0119ki oko\u0142o 200 aktywnym u\u017cytkownikom dziennie, rozlokowanym w r\u00f3\u017cnych lokalizacjach, pracownicy mog\u0105 \u0142atwo si\u0119 komunikowa\u0107, dzieli\u0107 si\u0119 informacjami i wsp\u00f3\u0142pracowa\u0107, pomimo odleg\u0142ych lokalizacji. Kontrola uprawnie\u0144 i spersonalizowane pulpity nawigacyjne zapewniaj\u0105 ka\u017cdemu u\u017cytkownikowi dost\u0119p do odpowiednich danych, co zwi\u0119ksza produktywno\u015b\u0107 i efektywno\u015b\u0107.<\/p>\n\n\n\n<p>Funkcja dost\u0119pu offline jest szczeg\u00f3lnie cenna dla pracownik\u00f3w zdalnych. Tak naprawd\u0119, systemy usprawni\u0142y praktyki biznesowe, poprawi\u0142y komunikacj\u0119 i stworzy\u0142y p\u0142ynn\u0105 globaln\u0105 przestrze\u0144 robocz\u0105, aby u\u0142atwi\u0107 zarz\u0105dzanie projektami.<\/p>\n","protected":false},"excerpt":{"rendered":"<p>Fuzja bez wsp\u00f3lnych narz\u0119dzi pracy Po fuzji i ekspansji Ardent Global stan\u0119\u0142o przed kilkoma kluczowymi wyzwaniami. Po\u0142\u0105czenie dw\u00f3ch dzia\u0142\u00f3w odzysku, kt\u00f3re mia\u0142y r\u00f3\u017cne procesy i systemy, by\u0142o jednym z g\u0142\u00f3wnych problem\u00f3w. Brak efektywnego narz\u0119dzia do wsp\u00f3\u0142pracy i komunikacji utrudnia\u0142 p\u0142ynn\u0105 prac\u0119 zespo\u0142\u00f3w zlokalizowanych na r\u00f3\u017cnych obszarach oraz skuteczn\u0105 koordynacj\u0119 dzia\u0142a\u0144. Poniewa\u017c firma Ardent dzia\u0142a\u0142a na<a class=\"excerpt-read-more\" href=\"https:\/\/www.it-dev.eu\/pl\/klienci\/ardent\/\" title=\"ReadArdent\">&#8230; Read more &raquo;<\/a><\/p>\n","protected":false},"author":7,"featured_media":10922,"parent":2553,"menu_order":0,"comment_status":"closed","ping_status":"closed","template":"templates\/page-case-study.php","meta":{"_acf_changed":false,"inline_featured_image":false,"footnotes":""},"class_list":["post-2559","page","type-page","status-publish","has-post-thumbnail","hentry"],"acf":[],"yoast_head":"<!-- This site is optimized with the Yoast SEO plugin v27.5 - https:\/\/yoast.com\/product\/yoast-seo-wordpress\/ -->\n<title>Case Study - Ardent | IT-Dev<\/title>\n<meta name=\"description\" content=\"Cyfrowa transformacja Ardent Global: Pionierska wsp\u00f3\u0142praca i komunikacja z rozwi\u0105zaniami Microsoft i IT-Dev w celu zapewnienia globalnej wydajno\u015bci.\" \/>\n<meta name=\"robots\" content=\"index, follow, max-snippet:-1, max-image-preview:large, max-video-preview:-1\" \/>\n<link rel=\"canonical\" href=\"https:\/\/www.it-dev.eu\/pl\/klienci\/ardent\/\" \/>\n<meta property=\"og:locale\" content=\"pl_PL\" \/>\n<meta property=\"og:type\" content=\"article\" \/>\n<meta property=\"og:title\" content=\"Case Study - Ardent | IT-Dev\" \/>\n<meta property=\"og:description\" content=\"Cyfrowa transformacja Ardent Global: Pionierska wsp\u00f3\u0142praca i komunikacja z rozwi\u0105zaniami Microsoft i IT-Dev w celu zapewnienia globalnej wydajno\u015bci.\" \/>\n<meta property=\"og:url\" content=\"https:\/\/www.it-dev.eu\/pl\/klienci\/ardent\/\" \/>\n<meta property=\"og:site_name\" content=\"IT-Dev\" \/>\n<meta property=\"article:publisher\" content=\"https:\/\/www.facebook.com\/ITDevWroc\/\" \/>\n<meta property=\"article:modified_time\" content=\"2026-04-15T08:07:48+00:00\" \/>\n<meta property=\"og:image\" content=\"https:\/\/www.it-dev.eu\/wp-content\/uploads\/2026\/03\/ardent-case-study.webp\" \/>\n\t<meta property=\"og:image:width\" content=\"720\" \/>\n\t<meta property=\"og:image:height\" content=\"720\" \/>\n\t<meta property=\"og:image:type\" content=\"image\/webp\" \/>\n<meta name=\"twitter:card\" content=\"summary_large_image\" \/>\n<meta name=\"twitter:site\" content=\"@IT_Dev\" \/>\n<meta name=\"twitter:label1\" content=\"Szacowany czas czytania\" \/>\n\t<meta name=\"twitter:data1\" content=\"2 minuty\" \/>\n<script type=\"application\/ld+json\" class=\"yoast-schema-graph\">{\"@context\":\"https:\\\/\\\/schema.org\",\"@graph\":[{\"@type\":\"WebPage\",\"@id\":\"https:\\\/\\\/www.it-dev.eu\\\/pl\\\/klienci\\\/ardent\\\/\",\"url\":\"https:\\\/\\\/www.it-dev.eu\\\/pl\\\/klienci\\\/ardent\\\/\",\"name\":\"Case Study - Ardent | IT-Dev\",\"isPartOf\":{\"@id\":\"https:\\\/\\\/www.it-dev.eu\\\/pl\\\/#website\"},\"primaryImageOfPage\":{\"@id\":\"https:\\\/\\\/www.it-dev.eu\\\/pl\\\/klienci\\\/ardent\\\/#primaryimage\"},\"image\":{\"@id\":\"https:\\\/\\\/www.it-dev.eu\\\/pl\\\/klienci\\\/ardent\\\/#primaryimage\"},\"thumbnailUrl\":\"https:\\\/\\\/www.it-dev.eu\\\/wp-content\\\/uploads\\\/2026\\\/03\\\/ardent-case-study.webp\",\"datePublished\":\"2023-07-27T08:28:22+00:00\",\"dateModified\":\"2026-04-15T08:07:48+00:00\",\"description\":\"Cyfrowa transformacja Ardent Global: Pionierska wsp\u00f3\u0142praca i komunikacja z rozwi\u0105zaniami Microsoft i IT-Dev w celu zapewnienia globalnej wydajno\u015bci.\",\"breadcrumb\":{\"@id\":\"https:\\\/\\\/www.it-dev.eu\\\/pl\\\/klienci\\\/ardent\\\/#breadcrumb\"},\"inLanguage\":\"pl-PL\",\"potentialAction\":[{\"@type\":\"ReadAction\",\"target\":[\"https:\\\/\\\/www.it-dev.eu\\\/pl\\\/klienci\\\/ardent\\\/\"]}]},{\"@type\":\"ImageObject\",\"inLanguage\":\"pl-PL\",\"@id\":\"https:\\\/\\\/www.it-dev.eu\\\/pl\\\/klienci\\\/ardent\\\/#primaryimage\",\"url\":\"https:\\\/\\\/www.it-dev.eu\\\/wp-content\\\/uploads\\\/2026\\\/03\\\/ardent-case-study.webp\",\"contentUrl\":\"https:\\\/\\\/www.it-dev.eu\\\/wp-content\\\/uploads\\\/2026\\\/03\\\/ardent-case-study.webp\",\"width\":720,\"height\":720},{\"@type\":\"BreadcrumbList\",\"@id\":\"https:\\\/\\\/www.it-dev.eu\\\/pl\\\/klienci\\\/ardent\\\/#breadcrumb\",\"itemListElement\":[{\"@type\":\"ListItem\",\"position\":1,\"name\":\"Strona g\u0142\u00f3wna\",\"item\":\"https:\\\/\\\/www.it-dev.eu\\\/pl\\\/\"},{\"@type\":\"ListItem\",\"position\":2,\"name\":\"Klienci\",\"item\":\"https:\\\/\\\/www.it-dev.eu\\\/pl\\\/klienci\\\/\"},{\"@type\":\"ListItem\",\"position\":3,\"name\":\"Ardent\"}]},{\"@type\":\"WebSite\",\"@id\":\"https:\\\/\\\/www.it-dev.eu\\\/pl\\\/#website\",\"url\":\"https:\\\/\\\/www.it-dev.eu\\\/pl\\\/\",\"name\":\"IT-Dev - Limitless Digital Workplace\",\"description\":\"We create limitless Digital Workplaces\",\"publisher\":{\"@id\":\"https:\\\/\\\/www.it-dev.eu\\\/pl\\\/#organization\"},\"potentialAction\":[{\"@type\":\"SearchAction\",\"target\":{\"@type\":\"EntryPoint\",\"urlTemplate\":\"https:\\\/\\\/www.it-dev.eu\\\/pl\\\/?s={search_term_string}\"},\"query-input\":{\"@type\":\"PropertyValueSpecification\",\"valueRequired\":true,\"valueName\":\"search_term_string\"}}],\"inLanguage\":\"pl-PL\"},{\"@type\":\"Organization\",\"@id\":\"https:\\\/\\\/www.it-dev.eu\\\/pl\\\/#organization\",\"name\":\"IT-Dev - Limitless Digital Workplace\",\"url\":\"https:\\\/\\\/www.it-dev.eu\\\/pl\\\/\",\"logo\":{\"@type\":\"ImageObject\",\"inLanguage\":\"pl-PL\",\"@id\":\"https:\\\/\\\/www.it-dev.eu\\\/pl\\\/#\\\/schema\\\/logo\\\/image\\\/\",\"url\":\"https:\\\/\\\/www.it-dev.eu\\\/wp-content\\\/uploads\\\/2023\\\/12\\\/it-dev-logo-696x696-1.png\",\"contentUrl\":\"https:\\\/\\\/www.it-dev.eu\\\/wp-content\\\/uploads\\\/2023\\\/12\\\/it-dev-logo-696x696-1.png\",\"width\":696,\"height\":696,\"caption\":\"IT-Dev - Limitless Digital Workplace\"},\"image\":{\"@id\":\"https:\\\/\\\/www.it-dev.eu\\\/pl\\\/#\\\/schema\\\/logo\\\/image\\\/\"},\"sameAs\":[\"https:\\\/\\\/www.facebook.com\\\/ITDevWroc\\\/\",\"https:\\\/\\\/x.com\\\/IT_Dev\",\"https:\\\/\\\/www.linkedin.com\\\/company\\\/it-dev\\\/\",\"https:\\\/\\\/www.youtube.com\\\/user\\\/biuroitdev\"]}]}<\/script>\n<!-- \/ Yoast SEO plugin. -->","yoast_head_json":{"title":"Case Study - Ardent | IT-Dev","description":"Cyfrowa transformacja Ardent Global: Pionierska wsp\u00f3\u0142praca i komunikacja z rozwi\u0105zaniami Microsoft i IT-Dev w celu zapewnienia globalnej wydajno\u015bci.","robots":{"index":"index","follow":"follow","max-snippet":"max-snippet:-1","max-image-preview":"max-image-preview:large","max-video-preview":"max-video-preview:-1"},"canonical":"https:\/\/www.it-dev.eu\/pl\/klienci\/ardent\/","og_locale":"pl_PL","og_type":"article","og_title":"Case Study - Ardent | IT-Dev","og_description":"Cyfrowa transformacja Ardent Global: Pionierska wsp\u00f3\u0142praca i komunikacja z rozwi\u0105zaniami Microsoft i IT-Dev w celu zapewnienia globalnej wydajno\u015bci.","og_url":"https:\/\/www.it-dev.eu\/pl\/klienci\/ardent\/","og_site_name":"IT-Dev","article_publisher":"https:\/\/www.facebook.com\/ITDevWroc\/","article_modified_time":"2026-04-15T08:07:48+00:00","og_image":[{"width":720,"height":720,"url":"https:\/\/www.it-dev.eu\/wp-content\/uploads\/2026\/03\/ardent-case-study.webp","type":"image\/webp"}],"twitter_card":"summary_large_image","twitter_site":"@IT_Dev","twitter_misc":{"Szacowany czas czytania":"2 minuty"},"schema":{"@context":"https:\/\/schema.org","@graph":[{"@type":"WebPage","@id":"https:\/\/www.it-dev.eu\/pl\/klienci\/ardent\/","url":"https:\/\/www.it-dev.eu\/pl\/klienci\/ardent\/","name":"Case Study - Ardent | IT-Dev","isPartOf":{"@id":"https:\/\/www.it-dev.eu\/pl\/#website"},"primaryImageOfPage":{"@id":"https:\/\/www.it-dev.eu\/pl\/klienci\/ardent\/#primaryimage"},"image":{"@id":"https:\/\/www.it-dev.eu\/pl\/klienci\/ardent\/#primaryimage"},"thumbnailUrl":"https:\/\/www.it-dev.eu\/wp-content\/uploads\/2026\/03\/ardent-case-study.webp","datePublished":"2023-07-27T08:28:22+00:00","dateModified":"2026-04-15T08:07:48+00:00","description":"Cyfrowa transformacja Ardent Global: Pionierska wsp\u00f3\u0142praca i komunikacja z rozwi\u0105zaniami Microsoft i IT-Dev w celu zapewnienia globalnej wydajno\u015bci.","breadcrumb":{"@id":"https:\/\/www.it-dev.eu\/pl\/klienci\/ardent\/#breadcrumb"},"inLanguage":"pl-PL","potentialAction":[{"@type":"ReadAction","target":["https:\/\/www.it-dev.eu\/pl\/klienci\/ardent\/"]}]},{"@type":"ImageObject","inLanguage":"pl-PL","@id":"https:\/\/www.it-dev.eu\/pl\/klienci\/ardent\/#primaryimage","url":"https:\/\/www.it-dev.eu\/wp-content\/uploads\/2026\/03\/ardent-case-study.webp","contentUrl":"https:\/\/www.it-dev.eu\/wp-content\/uploads\/2026\/03\/ardent-case-study.webp","width":720,"height":720},{"@type":"BreadcrumbList","@id":"https:\/\/www.it-dev.eu\/pl\/klienci\/ardent\/#breadcrumb","itemListElement":[{"@type":"ListItem","position":1,"name":"Strona g\u0142\u00f3wna","item":"https:\/\/www.it-dev.eu\/pl\/"},{"@type":"ListItem","position":2,"name":"Klienci","item":"https:\/\/www.it-dev.eu\/pl\/klienci\/"},{"@type":"ListItem","position":3,"name":"Ardent"}]},{"@type":"WebSite","@id":"https:\/\/www.it-dev.eu\/pl\/#website","url":"https:\/\/www.it-dev.eu\/pl\/","name":"IT-Dev - Limitless Digital Workplace","description":"We create limitless Digital Workplaces","publisher":{"@id":"https:\/\/www.it-dev.eu\/pl\/#organization"},"potentialAction":[{"@type":"SearchAction","target":{"@type":"EntryPoint","urlTemplate":"https:\/\/www.it-dev.eu\/pl\/?s={search_term_string}"},"query-input":{"@type":"PropertyValueSpecification","valueRequired":true,"valueName":"search_term_string"}}],"inLanguage":"pl-PL"},{"@type":"Organization","@id":"https:\/\/www.it-dev.eu\/pl\/#organization","name":"IT-Dev - Limitless Digital Workplace","url":"https:\/\/www.it-dev.eu\/pl\/","logo":{"@type":"ImageObject","inLanguage":"pl-PL","@id":"https:\/\/www.it-dev.eu\/pl\/#\/schema\/logo\/image\/","url":"https:\/\/www.it-dev.eu\/wp-content\/uploads\/2023\/12\/it-dev-logo-696x696-1.png","contentUrl":"https:\/\/www.it-dev.eu\/wp-content\/uploads\/2023\/12\/it-dev-logo-696x696-1.png","width":696,"height":696,"caption":"IT-Dev - Limitless Digital Workplace"},"image":{"@id":"https:\/\/www.it-dev.eu\/pl\/#\/schema\/logo\/image\/"},"sameAs":["https:\/\/www.facebook.com\/ITDevWroc\/","https:\/\/x.com\/IT_Dev","https:\/\/www.linkedin.com\/company\/it-dev\/","https:\/\/www.youtube.com\/user\/biuroitdev"]}]}},"_links":{"self":[{"href":"https:\/\/www.it-dev.eu\/pl\/wp-json\/wp\/v2\/pages\/2559","targetHints":{"allow":["GET"]}}],"collection":[{"href":"https:\/\/www.it-dev.eu\/pl\/wp-json\/wp\/v2\/pages"}],"about":[{"href":"https:\/\/www.it-dev.eu\/pl\/wp-json\/wp\/v2\/types\/page"}],"author":[{"embeddable":true,"href":"https:\/\/www.it-dev.eu\/pl\/wp-json\/wp\/v2\/users\/7"}],"replies":[{"embeddable":true,"href":"https:\/\/www.it-dev.eu\/pl\/wp-json\/wp\/v2\/comments?post=2559"}],"version-history":[{"count":13,"href":"https:\/\/www.it-dev.eu\/pl\/wp-json\/wp\/v2\/pages\/2559\/revisions"}],"predecessor-version":[{"id":11566,"href":"https:\/\/www.it-dev.eu\/pl\/wp-json\/wp\/v2\/pages\/2559\/revisions\/11566"}],"up":[{"embeddable":true,"href":"https:\/\/www.it-dev.eu\/pl\/wp-json\/wp\/v2\/pages\/2553"}],"wp:featuredmedia":[{"embeddable":true,"href":"https:\/\/www.it-dev.eu\/pl\/wp-json\/wp\/v2\/media\/10922"}],"wp:attachment":[{"href":"https:\/\/www.it-dev.eu\/pl\/wp-json\/wp\/v2\/media?parent=2559"}],"curies":[{"name":"wp","href":"https:\/\/api.w.org\/{rel}","templated":true}]}}