{"id":2569,"date":"2023-07-27T10:30:06","date_gmt":"2023-07-27T08:30:06","guid":{"rendered":"https:\/\/www.it-dev.eu\/?page_id=2569"},"modified":"2026-04-15T10:06:59","modified_gmt":"2026-04-15T08:06:59","slug":"vision-express","status":"publish","type":"page","link":"https:\/\/www.it-dev.eu\/pl\/klienci\/vision-express\/","title":{"rendered":"Vision Express"},"content":{"rendered":"\n<h2 class=\"wp-block-heading icon-warning\">R\u0119czne audyty w 200+ salonach<\/h2>\n\n\n\n<p>Vision Express z dum\u0105 podejmuje decyzje oparte na danych. Jednak przy wielu sklepach rozmieszczonych na terenie ca\u0142ej Polski, r\u0119czne gromadzenie i zarz\u0105dzanie danymi audytowymi (przy u\u017cyciu plik\u00f3w Excel i PDF) by\u0142o czasoch\u0142onne i nara\u017cone na b\u0142\u0119dy. Firma Vision Express stan\u0119\u0142a przed wyzwaniami zwi\u0105zanymi z efektywnym gromadzeniem, organizacj\u0105 i analiz\u0105 danych pochodz\u0105cych z jej punkt\u00f3w sprzeda\u017cy optycznych.<\/p>\n\n\n\n<p>Poprawy wymaga\u0142a r\u00f3wnie\u017c komunikacja pomi\u0119dzy central\u0105 a sklepami. Aby zapewni\u0107 efektywno\u015b\u0107, konieczne by\u0142o zwi\u0119kszenie zaanga\u017cowania pracownik\u00f3w, wsp\u00f3\u0142pracy i wymiany informacji.<\/p>\n\n\n\n<ul class=\"wp-block-list arrow-list\">\n<li>Nieefektywne i podatne na b\u0142\u0119dy zarz\u0105dzanie danymi<\/li>\n\n\n\n<li>Trudno\u015bci w organizacji i analizie danych z wielu lokalizacji<\/li>\n\n\n\n<li>Niewystarczaj\u0105ca komunikacja mi\u0119dzy central\u0105 a sklepami<\/li>\n<\/ul>\n\n\n\n<div style=\"height:80px\" aria-hidden=\"true\" class=\"wp-block-spacer\"><\/div>\n\n\n\n<h2 class=\"wp-block-heading icon-bulb\">Cyfrowy STORE-CHECK na Azure<\/h2>\n\n\n\n<p>IT-Dev zaproponowa\u0142 stworzenie niestandardowej aplikacji o nazwie \u201eSTORE-CHECK\u201d, aby rozwi\u0105za\u0107 problem gromadzenia danych w formie niezdigitalizowanej. Aplikacja zosta\u0142a zbudowana na platformie Azure i dostarczy\u0142a pracownikom intuicyjny interfejs do cyfrowego wype\u0142niania ankiet. Odpowiedzi by\u0142y natychmiast rejestrowane w scentralizowanej bazie danych, eliminuj\u0105c konieczno\u015b\u0107 r\u0119cznego wprowadzania informacji i minimalizuj\u0105c ryzyko b\u0142\u0119d\u00f3w.<\/p>\n\n\n\n<p>Dodatkowo aplikacja pozwala\u0142a na przesy\u0142anie zdj\u0119\u0107, zwi\u0119kszaj\u0105c szczeg\u00f3\u0142owo\u015b\u0107 dokumentacji. System automatycznie przydziela\u0142 rekomendacje konkretnym sklepom i wysy\u0142a\u0142 przypomnienia o nadchodz\u0105cych dzia\u0142aniach naprawczych. Co wi\u0119cej, aplikacja by\u0142a zintegrowana z firmowym intranetem, umo\u017cliwiaj\u0105c dost\u0119p za pomoc\u0105 jednego klikni\u0119cia.<\/p>\n\n\n\n<p>IT-Dev zastosowa\u0142o technologie Microsoft w celu usprawnienia komunikacji i zaanga\u017cowania pracownik\u00f3w. Wprowadzili narz\u0119dzia do wsp\u00f3\u0142pracy, takie jak Microsoft Teams, kt\u00f3re u\u0142atwi\u0142y p\u0142ynn\u0105 komunikacj\u0119 pomi\u0119dzy central\u0105 a sklepami. To umo\u017cliwi\u0142o udost\u0119pnianie informacji w czasie rzeczywistym, wsp\u00f3ln\u0105 prac\u0119 nad dokumentami oraz efektywne dzia\u0142anie zespo\u0142owe. Rozwi\u0105zanie obejmowa\u0142o tak\u017ce funkcje anga\u017cuj\u0105ce pracownik\u00f3w, takie jak programy nagradzania pracownik\u00f3w i mechanizmy interaktywnej informacji zwrotnej, sprzyjaj\u0105ce tworzeniu pozytywnego \u015brodowiska pracy.<\/p>\n\n\n\n<div style=\"height:80px\" aria-hidden=\"true\" class=\"wp-block-spacer\"><\/div>\n\n\n\n<h2 class=\"wp-block-heading icon-chartup\">Decyzje oparte na danych jako\u015bciowych<\/h2>\n\n\n\n<p>Zmiany wprowadzone przez IT Dev umo\u017cliwi\u0142y Vision Express podejmowanie decyzji opartych na danych oraz ci\u0105g\u0142e monitorowanie wzorc\u00f3w rozwoju, trend\u00f3w i obszar\u00f3w wymagaj\u0105cych dodatkowej uwagi.<\/p>\n\n\n\n<p>Proces kontroli sta\u0142 si\u0119 teraz bardziej przejrzysty i \u0142atwiejszy w codziennej obs\u0142udze. Wprowadzenie narz\u0119dzi cyfrowych do audyt\u00f3w sklep\u00f3w przyczyni\u0142o si\u0119 do redukcji czasu potrzebnego na te dzia\u0142ania i eliminacji nadmiernego zu\u017cycia materia\u0142\u00f3w biurowych.<\/p>\n\n\n\n<p>Integracja Microsoft Teams oraz innych narz\u0119dzi do wsp\u00f3\u0142pracy usprawni\u0142a komunikacj\u0119 i wymian\u0119 informacji mi\u0119dzy central\u0105 a sklepami. Pracownicy mog\u0105 teraz wsp\u00f3lnie pracowa\u0107 nad projektami, dzieli\u0107 si\u0119 najlepszymi praktykami i \u0142atwo szuka\u0107 pomocy.<\/p>\n\n\n\n<p>Vision Express korzysta z us\u0142ug IT-Dev od ponad 10 lat. Wsp\u00f3\u0142praca mi\u0119dzy obiema firmami odegra\u0142a kluczow\u0105 rol\u0119 w nap\u0119dzaniu transformacji cyfrowej w Vision Express oraz wykorzystaniu technologii do optymalizacji operacji, poprawy obs\u0142ugi klienta i wsparcia przysz\u0142ego wzrostu. <\/p>\n","protected":false},"excerpt":{"rendered":"<p>R\u0119czne audyty w 200+ salonach Vision Express z dum\u0105 podejmuje decyzje oparte na danych. Jednak przy wielu sklepach rozmieszczonych na terenie ca\u0142ej Polski, r\u0119czne gromadzenie i zarz\u0105dzanie danymi audytowymi (przy u\u017cyciu plik\u00f3w Excel i PDF) by\u0142o czasoch\u0142onne i nara\u017cone na b\u0142\u0119dy. Firma Vision Express stan\u0119\u0142a przed wyzwaniami zwi\u0105zanymi z efektywnym gromadzeniem, organizacj\u0105 i analiz\u0105 danych<a class=\"excerpt-read-more\" href=\"https:\/\/www.it-dev.eu\/pl\/klienci\/vision-express\/\" title=\"ReadVision Express\">&#8230; Read more &raquo;<\/a><\/p>\n","protected":false},"author":7,"featured_media":2093,"parent":2553,"menu_order":0,"comment_status":"closed","ping_status":"closed","template":"templates\/page-case-study.php","meta":{"_acf_changed":false,"inline_featured_image":false,"footnotes":""},"class_list":["post-2569","page","type-page","status-publish","has-post-thumbnail","hentry"],"acf":[],"yoast_head":"<!-- This site is optimized with the Yoast SEO plugin v27.5 - https:\/\/yoast.com\/product\/yoast-seo-wordpress\/ -->\n<title>Case Study - Vision Express | IT-Dev<\/title>\n<meta name=\"description\" content=\"Vision Express optymalizuje operacje dzi\u0119ki niestandardowej aplikacji od IT-Dev i technologii Microsoft, usprawniaj\u0105c audyty i komunikacj\u0119!\" \/>\n<meta name=\"robots\" content=\"index, follow, max-snippet:-1, max-image-preview:large, max-video-preview:-1\" \/>\n<link rel=\"canonical\" href=\"https:\/\/www.it-dev.eu\/pl\/klienci\/vision-express\/\" \/>\n<meta property=\"og:locale\" content=\"pl_PL\" \/>\n<meta property=\"og:type\" content=\"article\" \/>\n<meta property=\"og:title\" content=\"Case Study - Vision Express | IT-Dev\" \/>\n<meta property=\"og:description\" content=\"Vision Express optymalizuje operacje dzi\u0119ki niestandardowej aplikacji od IT-Dev i technologii Microsoft, usprawniaj\u0105c audyty i komunikacj\u0119!\" \/>\n<meta property=\"og:url\" content=\"https:\/\/www.it-dev.eu\/pl\/klienci\/vision-express\/\" \/>\n<meta property=\"og:site_name\" content=\"IT-Dev\" \/>\n<meta property=\"article:publisher\" content=\"https:\/\/www.facebook.com\/ITDevWroc\/\" \/>\n<meta property=\"article:modified_time\" content=\"2026-04-15T08:06:59+00:00\" \/>\n<meta property=\"og:image\" content=\"https:\/\/www.it-dev.eu\/wp-content\/uploads\/2023\/09\/cs-4-vision-express.webp\" \/>\n\t<meta property=\"og:image:width\" content=\"1080\" \/>\n\t<meta property=\"og:image:height\" content=\"720\" \/>\n\t<meta property=\"og:image:type\" content=\"image\/webp\" \/>\n<meta name=\"twitter:card\" content=\"summary_large_image\" \/>\n<meta name=\"twitter:site\" content=\"@IT_Dev\" \/>\n<meta name=\"twitter:label1\" content=\"Szacowany czas czytania\" \/>\n\t<meta name=\"twitter:data1\" content=\"2 minuty\" \/>\n<script type=\"application\/ld+json\" class=\"yoast-schema-graph\">{\"@context\":\"https:\\\/\\\/schema.org\",\"@graph\":[{\"@type\":\"WebPage\",\"@id\":\"https:\\\/\\\/www.it-dev.eu\\\/pl\\\/klienci\\\/vision-express\\\/\",\"url\":\"https:\\\/\\\/www.it-dev.eu\\\/pl\\\/klienci\\\/vision-express\\\/\",\"name\":\"Case Study - Vision Express | IT-Dev\",\"isPartOf\":{\"@id\":\"https:\\\/\\\/www.it-dev.eu\\\/pl\\\/#website\"},\"primaryImageOfPage\":{\"@id\":\"https:\\\/\\\/www.it-dev.eu\\\/pl\\\/klienci\\\/vision-express\\\/#primaryimage\"},\"image\":{\"@id\":\"https:\\\/\\\/www.it-dev.eu\\\/pl\\\/klienci\\\/vision-express\\\/#primaryimage\"},\"thumbnailUrl\":\"https:\\\/\\\/www.it-dev.eu\\\/wp-content\\\/uploads\\\/2023\\\/09\\\/cs-4-vision-express.webp\",\"datePublished\":\"2023-07-27T08:30:06+00:00\",\"dateModified\":\"2026-04-15T08:06:59+00:00\",\"description\":\"Vision Express optymalizuje operacje dzi\u0119ki niestandardowej aplikacji od IT-Dev i technologii Microsoft, usprawniaj\u0105c audyty i komunikacj\u0119!\",\"breadcrumb\":{\"@id\":\"https:\\\/\\\/www.it-dev.eu\\\/pl\\\/klienci\\\/vision-express\\\/#breadcrumb\"},\"inLanguage\":\"pl-PL\",\"potentialAction\":[{\"@type\":\"ReadAction\",\"target\":[\"https:\\\/\\\/www.it-dev.eu\\\/pl\\\/klienci\\\/vision-express\\\/\"]}]},{\"@type\":\"ImageObject\",\"inLanguage\":\"pl-PL\",\"@id\":\"https:\\\/\\\/www.it-dev.eu\\\/pl\\\/klienci\\\/vision-express\\\/#primaryimage\",\"url\":\"https:\\\/\\\/www.it-dev.eu\\\/wp-content\\\/uploads\\\/2023\\\/09\\\/cs-4-vision-express.webp\",\"contentUrl\":\"https:\\\/\\\/www.it-dev.eu\\\/wp-content\\\/uploads\\\/2023\\\/09\\\/cs-4-vision-express.webp\",\"width\":1080,\"height\":720},{\"@type\":\"BreadcrumbList\",\"@id\":\"https:\\\/\\\/www.it-dev.eu\\\/pl\\\/klienci\\\/vision-express\\\/#breadcrumb\",\"itemListElement\":[{\"@type\":\"ListItem\",\"position\":1,\"name\":\"Strona g\u0142\u00f3wna\",\"item\":\"https:\\\/\\\/www.it-dev.eu\\\/pl\\\/\"},{\"@type\":\"ListItem\",\"position\":2,\"name\":\"Klienci\",\"item\":\"https:\\\/\\\/www.it-dev.eu\\\/pl\\\/klienci\\\/\"},{\"@type\":\"ListItem\",\"position\":3,\"name\":\"Vision Express\"}]},{\"@type\":\"WebSite\",\"@id\":\"https:\\\/\\\/www.it-dev.eu\\\/pl\\\/#website\",\"url\":\"https:\\\/\\\/www.it-dev.eu\\\/pl\\\/\",\"name\":\"IT-Dev - Limitless Digital Workplace\",\"description\":\"We create limitless Digital Workplaces\",\"publisher\":{\"@id\":\"https:\\\/\\\/www.it-dev.eu\\\/pl\\\/#organization\"},\"potentialAction\":[{\"@type\":\"SearchAction\",\"target\":{\"@type\":\"EntryPoint\",\"urlTemplate\":\"https:\\\/\\\/www.it-dev.eu\\\/pl\\\/?s={search_term_string}\"},\"query-input\":{\"@type\":\"PropertyValueSpecification\",\"valueRequired\":true,\"valueName\":\"search_term_string\"}}],\"inLanguage\":\"pl-PL\"},{\"@type\":\"Organization\",\"@id\":\"https:\\\/\\\/www.it-dev.eu\\\/pl\\\/#organization\",\"name\":\"IT-Dev - Limitless Digital Workplace\",\"url\":\"https:\\\/\\\/www.it-dev.eu\\\/pl\\\/\",\"logo\":{\"@type\":\"ImageObject\",\"inLanguage\":\"pl-PL\",\"@id\":\"https:\\\/\\\/www.it-dev.eu\\\/pl\\\/#\\\/schema\\\/logo\\\/image\\\/\",\"url\":\"https:\\\/\\\/www.it-dev.eu\\\/wp-content\\\/uploads\\\/2023\\\/12\\\/it-dev-logo-696x696-1.png\",\"contentUrl\":\"https:\\\/\\\/www.it-dev.eu\\\/wp-content\\\/uploads\\\/2023\\\/12\\\/it-dev-logo-696x696-1.png\",\"width\":696,\"height\":696,\"caption\":\"IT-Dev - Limitless Digital Workplace\"},\"image\":{\"@id\":\"https:\\\/\\\/www.it-dev.eu\\\/pl\\\/#\\\/schema\\\/logo\\\/image\\\/\"},\"sameAs\":[\"https:\\\/\\\/www.facebook.com\\\/ITDevWroc\\\/\",\"https:\\\/\\\/x.com\\\/IT_Dev\",\"https:\\\/\\\/www.linkedin.com\\\/company\\\/it-dev\\\/\",\"https:\\\/\\\/www.youtube.com\\\/user\\\/biuroitdev\"]}]}<\/script>\n<!-- \/ Yoast SEO plugin. -->","yoast_head_json":{"title":"Case Study - Vision Express | IT-Dev","description":"Vision Express optymalizuje operacje dzi\u0119ki niestandardowej aplikacji od IT-Dev i technologii Microsoft, usprawniaj\u0105c audyty i komunikacj\u0119!","robots":{"index":"index","follow":"follow","max-snippet":"max-snippet:-1","max-image-preview":"max-image-preview:large","max-video-preview":"max-video-preview:-1"},"canonical":"https:\/\/www.it-dev.eu\/pl\/klienci\/vision-express\/","og_locale":"pl_PL","og_type":"article","og_title":"Case Study - Vision Express | IT-Dev","og_description":"Vision Express optymalizuje operacje dzi\u0119ki niestandardowej aplikacji od IT-Dev i technologii Microsoft, usprawniaj\u0105c audyty i komunikacj\u0119!","og_url":"https:\/\/www.it-dev.eu\/pl\/klienci\/vision-express\/","og_site_name":"IT-Dev","article_publisher":"https:\/\/www.facebook.com\/ITDevWroc\/","article_modified_time":"2026-04-15T08:06:59+00:00","og_image":[{"width":1080,"height":720,"url":"https:\/\/www.it-dev.eu\/wp-content\/uploads\/2023\/09\/cs-4-vision-express.webp","type":"image\/webp"}],"twitter_card":"summary_large_image","twitter_site":"@IT_Dev","twitter_misc":{"Szacowany czas czytania":"2 minuty"},"schema":{"@context":"https:\/\/schema.org","@graph":[{"@type":"WebPage","@id":"https:\/\/www.it-dev.eu\/pl\/klienci\/vision-express\/","url":"https:\/\/www.it-dev.eu\/pl\/klienci\/vision-express\/","name":"Case Study - Vision Express | IT-Dev","isPartOf":{"@id":"https:\/\/www.it-dev.eu\/pl\/#website"},"primaryImageOfPage":{"@id":"https:\/\/www.it-dev.eu\/pl\/klienci\/vision-express\/#primaryimage"},"image":{"@id":"https:\/\/www.it-dev.eu\/pl\/klienci\/vision-express\/#primaryimage"},"thumbnailUrl":"https:\/\/www.it-dev.eu\/wp-content\/uploads\/2023\/09\/cs-4-vision-express.webp","datePublished":"2023-07-27T08:30:06+00:00","dateModified":"2026-04-15T08:06:59+00:00","description":"Vision Express optymalizuje operacje dzi\u0119ki niestandardowej aplikacji od IT-Dev i technologii Microsoft, usprawniaj\u0105c audyty i komunikacj\u0119!","breadcrumb":{"@id":"https:\/\/www.it-dev.eu\/pl\/klienci\/vision-express\/#breadcrumb"},"inLanguage":"pl-PL","potentialAction":[{"@type":"ReadAction","target":["https:\/\/www.it-dev.eu\/pl\/klienci\/vision-express\/"]}]},{"@type":"ImageObject","inLanguage":"pl-PL","@id":"https:\/\/www.it-dev.eu\/pl\/klienci\/vision-express\/#primaryimage","url":"https:\/\/www.it-dev.eu\/wp-content\/uploads\/2023\/09\/cs-4-vision-express.webp","contentUrl":"https:\/\/www.it-dev.eu\/wp-content\/uploads\/2023\/09\/cs-4-vision-express.webp","width":1080,"height":720},{"@type":"BreadcrumbList","@id":"https:\/\/www.it-dev.eu\/pl\/klienci\/vision-express\/#breadcrumb","itemListElement":[{"@type":"ListItem","position":1,"name":"Strona g\u0142\u00f3wna","item":"https:\/\/www.it-dev.eu\/pl\/"},{"@type":"ListItem","position":2,"name":"Klienci","item":"https:\/\/www.it-dev.eu\/pl\/klienci\/"},{"@type":"ListItem","position":3,"name":"Vision Express"}]},{"@type":"WebSite","@id":"https:\/\/www.it-dev.eu\/pl\/#website","url":"https:\/\/www.it-dev.eu\/pl\/","name":"IT-Dev - Limitless Digital Workplace","description":"We create limitless Digital Workplaces","publisher":{"@id":"https:\/\/www.it-dev.eu\/pl\/#organization"},"potentialAction":[{"@type":"SearchAction","target":{"@type":"EntryPoint","urlTemplate":"https:\/\/www.it-dev.eu\/pl\/?s={search_term_string}"},"query-input":{"@type":"PropertyValueSpecification","valueRequired":true,"valueName":"search_term_string"}}],"inLanguage":"pl-PL"},{"@type":"Organization","@id":"https:\/\/www.it-dev.eu\/pl\/#organization","name":"IT-Dev - Limitless Digital Workplace","url":"https:\/\/www.it-dev.eu\/pl\/","logo":{"@type":"ImageObject","inLanguage":"pl-PL","@id":"https:\/\/www.it-dev.eu\/pl\/#\/schema\/logo\/image\/","url":"https:\/\/www.it-dev.eu\/wp-content\/uploads\/2023\/12\/it-dev-logo-696x696-1.png","contentUrl":"https:\/\/www.it-dev.eu\/wp-content\/uploads\/2023\/12\/it-dev-logo-696x696-1.png","width":696,"height":696,"caption":"IT-Dev - Limitless Digital Workplace"},"image":{"@id":"https:\/\/www.it-dev.eu\/pl\/#\/schema\/logo\/image\/"},"sameAs":["https:\/\/www.facebook.com\/ITDevWroc\/","https:\/\/x.com\/IT_Dev","https:\/\/www.linkedin.com\/company\/it-dev\/","https:\/\/www.youtube.com\/user\/biuroitdev"]}]}},"_links":{"self":[{"href":"https:\/\/www.it-dev.eu\/pl\/wp-json\/wp\/v2\/pages\/2569","targetHints":{"allow":["GET"]}}],"collection":[{"href":"https:\/\/www.it-dev.eu\/pl\/wp-json\/wp\/v2\/pages"}],"about":[{"href":"https:\/\/www.it-dev.eu\/pl\/wp-json\/wp\/v2\/types\/page"}],"author":[{"embeddable":true,"href":"https:\/\/www.it-dev.eu\/pl\/wp-json\/wp\/v2\/users\/7"}],"replies":[{"embeddable":true,"href":"https:\/\/www.it-dev.eu\/pl\/wp-json\/wp\/v2\/comments?post=2569"}],"version-history":[{"count":14,"href":"https:\/\/www.it-dev.eu\/pl\/wp-json\/wp\/v2\/pages\/2569\/revisions"}],"predecessor-version":[{"id":11565,"href":"https:\/\/www.it-dev.eu\/pl\/wp-json\/wp\/v2\/pages\/2569\/revisions\/11565"}],"up":[{"embeddable":true,"href":"https:\/\/www.it-dev.eu\/pl\/wp-json\/wp\/v2\/pages\/2553"}],"wp:featuredmedia":[{"embeddable":true,"href":"https:\/\/www.it-dev.eu\/pl\/wp-json\/wp\/v2\/media\/2093"}],"wp:attachment":[{"href":"https:\/\/www.it-dev.eu\/pl\/wp-json\/wp\/v2\/media?parent=2569"}],"curies":[{"name":"wp","href":"https:\/\/api.w.org\/{rel}","templated":true}]}}