{"id":2574,"date":"2023-07-27T10:29:00","date_gmt":"2023-07-27T08:29:00","guid":{"rendered":"https:\/\/www.it-dev.eu\/?page_id=2574"},"modified":"2026-04-15T10:08:56","modified_gmt":"2026-04-15T08:08:56","slug":"cez","status":"publish","type":"page","link":"https:\/\/www.it-dev.eu\/pl\/klienci\/cez\/","title":{"rendered":"CEZ"},"content":{"rendered":"\n<h2 class=\"wp-block-heading icon-warning\">Stare systemy, rosn\u0105ce cyberzagro\u017cenia<\/h2>\n\n\n\n<p>Przez wiele lat CEZ korzysta\u0142 z narz\u0119dzi do komunikacji wewn\u0119trznej. Jednak w miar\u0119 rozwoju firmy i post\u0119pu technologicznego narz\u0119dzia te sta\u0142y si\u0119 niewystarczaj\u0105ce. Istniej\u0105ce systemy mia\u0142y ograniczone opcje dostosowywania i nieprzyjazny interfejs, co skutkowa\u0142o niskim zaanga\u017cowaniem u\u017cytkownik\u00f3w. Dodatkowo brak mo\u017cliwo\u015bci dystrybucji informacji do konkretnych pracownik\u00f3w lub grup, zgodnie z ich rol\u0105, stanowiskiem, struktur\u0105 organizacyjn\u0105 czy lokalizacj\u0105, spowodowa\u0142 chaos informacyjny i utrudni\u0142 dost\u0119p do istotnych danych.<\/p>\n\n\n\n<p>Kolejnym powa\u017cnym problemem by\u0142a przestarza\u0142a technologia istniej\u0105cych system\u00f3w, co nara\u017ca\u0142o CEZ na zagro\u017cenia cybernetyczne oraz ogranicza\u0142o produktywno\u015b\u0107. Zdaj\u0105c sobie spraw\u0119 z istotno\u015bci bezpiecze\u0144stwa danych, CEZ zauwa\u017cy\u0142o potrzeb\u0119 zaawansowanego i solidnego rozwi\u0105zania, kt\u00f3re by\u0142oby w stanie sprosta\u0107 zmieniaj\u0105cemu si\u0119 ryzyku i zapewni\u0107 wy\u017cszy poziom ochrony.<\/p>\n\n\n\n<div style=\"height:80px\" aria-hidden=\"true\" class=\"wp-block-spacer\"><\/div>\n\n\n\n<h2 class=\"wp-block-heading icon-bulb\">Intranet chmurowy z backupem AvePoint<\/h2>\n\n\n\n<p>Aby sprosta\u0107 wyzwaniom przed kt\u00f3rymi stoi CEZ, firma postanowi\u0142a wdro\u017cy\u0107 portal intranetowy w \u015brodowisku chmurowym Microsoft 365. Decyzja ta wynika\u0142a z potrzeby elastycznego i skalowalnego rozwi\u0105zania, kt\u00f3re mog\u0142oby rosn\u0105\u0107 wraz z potrzebami firmy i wykorzysta\u0107 zaawansowane funkcje oferowane przez Microsoft 365.<\/p>\n\n\n\n<p><strong>Korzystaj\u0105c z platformy chmurowej Microsoft 365<\/strong>, CEZ zyska\u0142 dost\u0119p do szerokiego zakresu zintegrowanych narz\u0119dzi i us\u0142ug, kt\u00f3re usprawni\u0142y p\u0142ynno\u015b\u0107 wsp\u00f3\u0142pracy, komunikacj\u0119 oraz zarz\u0105dzanie dokumentami. Dzi\u0119ki podej\u015bciu opartemu na chmurze, portal by\u0142 \u0142atwo dost\u0119pny z dowolnego urz\u0105dzenia i miejsca, co umo\u017cliwi\u0142o pracownikom komunikacj\u0119 i efektywno\u015b\u0107 bez wzgl\u0119du na lokalizacj\u0119.<\/p>\n\n\n\n<p>Nowy portal intranetowy umo\u017cliwi\u0142 spersonalizowane dostarczanie tre\u015bci, uwzgl\u0119dniaj\u0105ce rol\u0119, stanowisko, dzia\u0142 oraz lokalizacj\u0119 pracownika. Ta funkcja dostosowywania zapewnia\u0142a, \u017ce pracownicy otrzymywali informacje odpowiadaj\u0105ce ich konkretnym potrzebom i obowi\u0105zkom. Dodatkowo przyjazny interfejs portalu oraz intuicyjna nawigacja znacz\u0105co wp\u0142yn\u0119\u0142y na zaanga\u017cowanie u\u017cytkownik\u00f3w.<\/p>\n\n\n\n<p>Aby zapewni\u0107 bezpiecze\u0144stwo i ochron\u0119 przechowywanych danych w portalu, CEZ zdecydowa\u0142 si\u0119 na rozwi\u0105zanie Cloud Backup od AvePoint. Postanowiono stworzy\u0107 solidny system tworzenia kopii zapasowych i odzyskiwania danych, kt\u00f3ry mia\u0142 chroni\u0107 krytyczne informacje w przypadku utraty danych lub awarii systemu. Rozwi\u0105zanie Cloud Backup firmy AvePoint zapewnia\u0142o kompleksow\u0105 ochron\u0119 danych, automatyczne tworzenie kopii zapasowych oraz szybkie opcje odzyskiwania, co dawa\u0142o CEZ poczucie bezpiecze\u0144stwa i dodatkow\u0105 warstw\u0119 zabezpiecze\u0144.<br>\u0141\u0105cz\u0105c moc \u015brodowiska chmurowego Microsoft 365 z bezpiecze\u0144stwem danych oferowanym przez Cloud Backup firmy AvePoint, CEZ by\u0142 w stanie stworzy\u0107 wysoce bezpieczny i niezawodny portal intranetowy. Rozwi\u0105zanie to zapewni\u0142o firmie elastyczno\u015b\u0107 w zakresie skalowania operacji, optymalizacji produktywno\u015bci i zapewnienia integralno\u015bci danych.<\/p>\n\n\n\n<p><strong>Integracja Microsoft 365<\/strong>&nbsp;z Cloud Backup od AvePoint nie tylko zaspokoi\u0142a najbardziej pilne potrzeby CEZ, ale tak\u017ce umocni\u0142a pozycj\u0119 firmy pod k\u0105tem przysz\u0142ego wzrostu i post\u0119pu technologicznego. Dzi\u0119ki podej\u015bciu opartemu na chmurze i solidnym \u015brodkom ochrony danych, CEZ stworzy\u0142 solidne fundamenty umo\u017cliwiaj\u0105ce wykorzystanie nowych technologii oraz sprawn\u0105 adaptacj\u0119 do zmieniaj\u0105cych si\u0119 wymaga\u0144 biznesowych.<\/p>\n\n\n\n<p>Podsumowuj\u0105c, decyzja o wdro\u017ceniu portalu intranetowego na platformie chmurowej Microsoft 365 oraz wyb\u00f3r rozwi\u0105zania Cloud Backup firmy AvePoint do ochrony danych zapewni\u0142y CEZ bezpieczne, skalowalne i przysz\u0142o\u015bciowe rozwi\u0105zanie. To strategiczne podej\u015bcie usprawni\u0142o komunikacj\u0119 wewn\u0119trzn\u0105, poprawi\u0142o wygod\u0119 u\u017cytkowania i zabezpieczy\u0142o kluczowe dane, pozwalaj\u0105c CEZ skupi\u0107 si\u0119 na swojej podstawowej dzia\u0142alno\u015bci biznesowej i osi\u0105gni\u0119ciu ci\u0105g\u0142ego sukcesu.<\/p>\n\n\n\n<div style=\"height:80px\" aria-hidden=\"true\" class=\"wp-block-spacer\"><\/div>\n\n\n\n<h2 class=\"wp-block-heading icon-chartup\">Bezpieczna i spersonalizowana komunikacja<\/h2>\n\n\n\n<p>Wdro\u017cenie portalu intranetowego w CEZ mia\u0142o znacz\u0105cy wp\u0142yw na komunikacj\u0119 wewn\u0119trzn\u0105 oraz produktywno\u015b\u0107 pracownik\u00f3w. Spersonalizowany system dostarczania tre\u015bci zmniejszy\u0142 przeci\u0105\u017cenie informacyjne i poprawi\u0142 efektywno\u015b\u0107 dost\u0119pu do istotnych informacji. To usprawnione podej\u015bcie przyczyni\u0142o si\u0119 do lepszej wsp\u00f3\u0142pracy oraz skuteczniejszego podejmowania decyzji w r\u00f3\u017cnych dzia\u0142ach i lokalizacjach.<\/p>\n\n\n\n<p>Przyjazny interfejs i usprawniona nawigacja spowodowa\u0142y zwi\u0119kszone zaanga\u017cowanie u\u017cytkownik\u00f3w i pozytywne przyj\u0119cie portalu intranetowego. Pracownikom \u0142atwiej by\u0142o nawi\u0105zywa\u0107 kontakt z innymi wsp\u00f3\u0142pracownikami, dzieli\u0107 si\u0119 wiedz\u0105 i uzyskiwa\u0107 dost\u0119p do niezb\u0119dnych zasob\u00f3w. Dzi\u0119ki temu uda\u0142o si\u0119 zniwelowa\u0107 luki w komunikacji, a pracownicy poczuli wi\u0119\u017a z firm\u0105, co doprowadzi\u0142o do wy\u017cszego zadowolenia pracownik\u00f3w oraz wzrostu wska\u017anik\u00f3w retencji.<\/p>\n\n\n\n<p>Co wi\u0119cej, ulepszone \u015brodki bezpiecze\u0144stwa danych zapewni\u0142y solidn\u0105 ochron\u0119 przed zagro\u017ceniami cybernetycznymi, zabezpieczaj\u0105c wra\u017cliwe informacje firmy. Dzi\u0119ki wdro\u017ceniu zaawansowanej technologii i regularnym aktualizacjom zabezpiecze\u0144 CEZ zyska\u0142o wi\u0119ksz\u0105 odporno\u015b\u0107 na zmieniaj\u0105ce si\u0119 ryzyka, co zwi\u0119kszy\u0142o zaufanie pracownik\u00f3w i interesariuszy. Og\u00f3lnie ujmuj\u0105c, pomy\u015blne wdro\u017cenie portalu intranetowego w CEZ zrewolucjonizowa\u0142o komunikacj\u0119 wewn\u0119trzn\u0105, poprawi\u0142o wygod\u0119 u\u017cytkowania i podnios\u0142o bezpiecze\u0144stwo danych. Odpowiadaj\u0105c na wyzwania stoj\u0105ce przed firm\u0105, CEZ stworzy\u0142o nowoczesn\u0105 i wydajn\u0105 platform\u0119, kt\u00f3ra wzmocni\u0142a kompetencje pracownik\u00f3w, sprzyja\u0142a wsp\u00f3\u0142pracy i chroni\u0142a poufne informacje.<\/p>\n","protected":false},"excerpt":{"rendered":"<p>Stare systemy, rosn\u0105ce cyberzagro\u017cenia Przez wiele lat CEZ korzysta\u0142 z narz\u0119dzi do komunikacji wewn\u0119trznej. Jednak w miar\u0119 rozwoju firmy i post\u0119pu technologicznego narz\u0119dzia te sta\u0142y si\u0119 niewystarczaj\u0105ce. Istniej\u0105ce systemy mia\u0142y ograniczone opcje dostosowywania i nieprzyjazny interfejs, co skutkowa\u0142o niskim zaanga\u017cowaniem u\u017cytkownik\u00f3w. Dodatkowo brak mo\u017cliwo\u015bci dystrybucji informacji do konkretnych pracownik\u00f3w lub grup, zgodnie z ich rol\u0105,<a class=\"excerpt-read-more\" href=\"https:\/\/www.it-dev.eu\/pl\/klienci\/cez\/\" title=\"ReadCEZ\">&#8230; Read more &raquo;<\/a><\/p>\n","protected":false},"author":7,"featured_media":10925,"parent":2553,"menu_order":0,"comment_status":"closed","ping_status":"closed","template":"templates\/page-case-study.php","meta":{"_acf_changed":false,"inline_featured_image":false,"footnotes":""},"class_list":["post-2574","page","type-page","status-publish","has-post-thumbnail","hentry"],"acf":[],"yoast_head":"<!-- This site is optimized with the Yoast SEO plugin v27.5 - https:\/\/yoast.com\/product\/yoast-seo-wordpress\/ -->\n<title>Case study - CEZ | IT-Dev<\/title>\n<meta name=\"description\" content=\"Podr\u00f3\u017c CEZ od chaosu komunikacyjnego do bezpiecznego, efektywnego miejsca pracy cyfrowego z wykorzystaniem Microsoft 365 i AvePoint.\" \/>\n<meta name=\"robots\" content=\"index, follow, max-snippet:-1, max-image-preview:large, max-video-preview:-1\" \/>\n<link rel=\"canonical\" href=\"https:\/\/www.it-dev.eu\/pl\/klienci\/cez\/\" \/>\n<meta property=\"og:locale\" content=\"pl_PL\" \/>\n<meta property=\"og:type\" content=\"article\" \/>\n<meta property=\"og:title\" content=\"Case study - CEZ | IT-Dev\" \/>\n<meta property=\"og:description\" content=\"Podr\u00f3\u017c CEZ od chaosu komunikacyjnego do bezpiecznego, efektywnego miejsca pracy cyfrowego z wykorzystaniem Microsoft 365 i AvePoint.\" \/>\n<meta property=\"og:url\" content=\"https:\/\/www.it-dev.eu\/pl\/klienci\/cez\/\" \/>\n<meta property=\"og:site_name\" content=\"IT-Dev\" \/>\n<meta property=\"article:publisher\" content=\"https:\/\/www.facebook.com\/ITDevWroc\/\" \/>\n<meta property=\"article:modified_time\" content=\"2026-04-15T08:08:56+00:00\" \/>\n<meta property=\"og:image\" content=\"https:\/\/www.it-dev.eu\/wp-content\/uploads\/2026\/03\/cez-case-study.webp\" \/>\n\t<meta property=\"og:image:width\" content=\"720\" \/>\n\t<meta property=\"og:image:height\" content=\"720\" \/>\n\t<meta property=\"og:image:type\" content=\"image\/webp\" \/>\n<meta name=\"twitter:card\" content=\"summary_large_image\" \/>\n<meta name=\"twitter:site\" content=\"@IT_Dev\" \/>\n<meta name=\"twitter:label1\" content=\"Szacowany czas czytania\" \/>\n\t<meta name=\"twitter:data1\" content=\"4 minuty\" \/>\n<script type=\"application\/ld+json\" class=\"yoast-schema-graph\">{\"@context\":\"https:\\\/\\\/schema.org\",\"@graph\":[{\"@type\":\"WebPage\",\"@id\":\"https:\\\/\\\/www.it-dev.eu\\\/pl\\\/klienci\\\/cez\\\/\",\"url\":\"https:\\\/\\\/www.it-dev.eu\\\/pl\\\/klienci\\\/cez\\\/\",\"name\":\"Case study - CEZ | IT-Dev\",\"isPartOf\":{\"@id\":\"https:\\\/\\\/www.it-dev.eu\\\/pl\\\/#website\"},\"primaryImageOfPage\":{\"@id\":\"https:\\\/\\\/www.it-dev.eu\\\/pl\\\/klienci\\\/cez\\\/#primaryimage\"},\"image\":{\"@id\":\"https:\\\/\\\/www.it-dev.eu\\\/pl\\\/klienci\\\/cez\\\/#primaryimage\"},\"thumbnailUrl\":\"https:\\\/\\\/www.it-dev.eu\\\/wp-content\\\/uploads\\\/2026\\\/03\\\/cez-case-study.webp\",\"datePublished\":\"2023-07-27T08:29:00+00:00\",\"dateModified\":\"2026-04-15T08:08:56+00:00\",\"description\":\"Podr\u00f3\u017c CEZ od chaosu komunikacyjnego do bezpiecznego, efektywnego miejsca pracy cyfrowego z wykorzystaniem Microsoft 365 i AvePoint.\",\"breadcrumb\":{\"@id\":\"https:\\\/\\\/www.it-dev.eu\\\/pl\\\/klienci\\\/cez\\\/#breadcrumb\"},\"inLanguage\":\"pl-PL\",\"potentialAction\":[{\"@type\":\"ReadAction\",\"target\":[\"https:\\\/\\\/www.it-dev.eu\\\/pl\\\/klienci\\\/cez\\\/\"]}]},{\"@type\":\"ImageObject\",\"inLanguage\":\"pl-PL\",\"@id\":\"https:\\\/\\\/www.it-dev.eu\\\/pl\\\/klienci\\\/cez\\\/#primaryimage\",\"url\":\"https:\\\/\\\/www.it-dev.eu\\\/wp-content\\\/uploads\\\/2026\\\/03\\\/cez-case-study.webp\",\"contentUrl\":\"https:\\\/\\\/www.it-dev.eu\\\/wp-content\\\/uploads\\\/2026\\\/03\\\/cez-case-study.webp\",\"width\":720,\"height\":720},{\"@type\":\"BreadcrumbList\",\"@id\":\"https:\\\/\\\/www.it-dev.eu\\\/pl\\\/klienci\\\/cez\\\/#breadcrumb\",\"itemListElement\":[{\"@type\":\"ListItem\",\"position\":1,\"name\":\"Strona g\u0142\u00f3wna\",\"item\":\"https:\\\/\\\/www.it-dev.eu\\\/pl\\\/\"},{\"@type\":\"ListItem\",\"position\":2,\"name\":\"Klienci\",\"item\":\"https:\\\/\\\/www.it-dev.eu\\\/pl\\\/klienci\\\/\"},{\"@type\":\"ListItem\",\"position\":3,\"name\":\"CEZ\"}]},{\"@type\":\"WebSite\",\"@id\":\"https:\\\/\\\/www.it-dev.eu\\\/pl\\\/#website\",\"url\":\"https:\\\/\\\/www.it-dev.eu\\\/pl\\\/\",\"name\":\"IT-Dev - Limitless Digital Workplace\",\"description\":\"We create limitless Digital Workplaces\",\"publisher\":{\"@id\":\"https:\\\/\\\/www.it-dev.eu\\\/pl\\\/#organization\"},\"potentialAction\":[{\"@type\":\"SearchAction\",\"target\":{\"@type\":\"EntryPoint\",\"urlTemplate\":\"https:\\\/\\\/www.it-dev.eu\\\/pl\\\/?s={search_term_string}\"},\"query-input\":{\"@type\":\"PropertyValueSpecification\",\"valueRequired\":true,\"valueName\":\"search_term_string\"}}],\"inLanguage\":\"pl-PL\"},{\"@type\":\"Organization\",\"@id\":\"https:\\\/\\\/www.it-dev.eu\\\/pl\\\/#organization\",\"name\":\"IT-Dev - Limitless Digital Workplace\",\"url\":\"https:\\\/\\\/www.it-dev.eu\\\/pl\\\/\",\"logo\":{\"@type\":\"ImageObject\",\"inLanguage\":\"pl-PL\",\"@id\":\"https:\\\/\\\/www.it-dev.eu\\\/pl\\\/#\\\/schema\\\/logo\\\/image\\\/\",\"url\":\"https:\\\/\\\/www.it-dev.eu\\\/wp-content\\\/uploads\\\/2023\\\/12\\\/it-dev-logo-696x696-1.png\",\"contentUrl\":\"https:\\\/\\\/www.it-dev.eu\\\/wp-content\\\/uploads\\\/2023\\\/12\\\/it-dev-logo-696x696-1.png\",\"width\":696,\"height\":696,\"caption\":\"IT-Dev - Limitless Digital Workplace\"},\"image\":{\"@id\":\"https:\\\/\\\/www.it-dev.eu\\\/pl\\\/#\\\/schema\\\/logo\\\/image\\\/\"},\"sameAs\":[\"https:\\\/\\\/www.facebook.com\\\/ITDevWroc\\\/\",\"https:\\\/\\\/x.com\\\/IT_Dev\",\"https:\\\/\\\/www.linkedin.com\\\/company\\\/it-dev\\\/\",\"https:\\\/\\\/www.youtube.com\\\/user\\\/biuroitdev\"]}]}<\/script>\n<!-- \/ Yoast SEO plugin. -->","yoast_head_json":{"title":"Case study - CEZ | IT-Dev","description":"Podr\u00f3\u017c CEZ od chaosu komunikacyjnego do bezpiecznego, efektywnego miejsca pracy cyfrowego z wykorzystaniem Microsoft 365 i AvePoint.","robots":{"index":"index","follow":"follow","max-snippet":"max-snippet:-1","max-image-preview":"max-image-preview:large","max-video-preview":"max-video-preview:-1"},"canonical":"https:\/\/www.it-dev.eu\/pl\/klienci\/cez\/","og_locale":"pl_PL","og_type":"article","og_title":"Case study - CEZ | IT-Dev","og_description":"Podr\u00f3\u017c CEZ od chaosu komunikacyjnego do bezpiecznego, efektywnego miejsca pracy cyfrowego z wykorzystaniem Microsoft 365 i AvePoint.","og_url":"https:\/\/www.it-dev.eu\/pl\/klienci\/cez\/","og_site_name":"IT-Dev","article_publisher":"https:\/\/www.facebook.com\/ITDevWroc\/","article_modified_time":"2026-04-15T08:08:56+00:00","og_image":[{"width":720,"height":720,"url":"https:\/\/www.it-dev.eu\/wp-content\/uploads\/2026\/03\/cez-case-study.webp","type":"image\/webp"}],"twitter_card":"summary_large_image","twitter_site":"@IT_Dev","twitter_misc":{"Szacowany czas czytania":"4 minuty"},"schema":{"@context":"https:\/\/schema.org","@graph":[{"@type":"WebPage","@id":"https:\/\/www.it-dev.eu\/pl\/klienci\/cez\/","url":"https:\/\/www.it-dev.eu\/pl\/klienci\/cez\/","name":"Case study - CEZ | IT-Dev","isPartOf":{"@id":"https:\/\/www.it-dev.eu\/pl\/#website"},"primaryImageOfPage":{"@id":"https:\/\/www.it-dev.eu\/pl\/klienci\/cez\/#primaryimage"},"image":{"@id":"https:\/\/www.it-dev.eu\/pl\/klienci\/cez\/#primaryimage"},"thumbnailUrl":"https:\/\/www.it-dev.eu\/wp-content\/uploads\/2026\/03\/cez-case-study.webp","datePublished":"2023-07-27T08:29:00+00:00","dateModified":"2026-04-15T08:08:56+00:00","description":"Podr\u00f3\u017c CEZ od chaosu komunikacyjnego do bezpiecznego, efektywnego miejsca pracy cyfrowego z wykorzystaniem Microsoft 365 i AvePoint.","breadcrumb":{"@id":"https:\/\/www.it-dev.eu\/pl\/klienci\/cez\/#breadcrumb"},"inLanguage":"pl-PL","potentialAction":[{"@type":"ReadAction","target":["https:\/\/www.it-dev.eu\/pl\/klienci\/cez\/"]}]},{"@type":"ImageObject","inLanguage":"pl-PL","@id":"https:\/\/www.it-dev.eu\/pl\/klienci\/cez\/#primaryimage","url":"https:\/\/www.it-dev.eu\/wp-content\/uploads\/2026\/03\/cez-case-study.webp","contentUrl":"https:\/\/www.it-dev.eu\/wp-content\/uploads\/2026\/03\/cez-case-study.webp","width":720,"height":720},{"@type":"BreadcrumbList","@id":"https:\/\/www.it-dev.eu\/pl\/klienci\/cez\/#breadcrumb","itemListElement":[{"@type":"ListItem","position":1,"name":"Strona g\u0142\u00f3wna","item":"https:\/\/www.it-dev.eu\/pl\/"},{"@type":"ListItem","position":2,"name":"Klienci","item":"https:\/\/www.it-dev.eu\/pl\/klienci\/"},{"@type":"ListItem","position":3,"name":"CEZ"}]},{"@type":"WebSite","@id":"https:\/\/www.it-dev.eu\/pl\/#website","url":"https:\/\/www.it-dev.eu\/pl\/","name":"IT-Dev - Limitless Digital Workplace","description":"We create limitless Digital Workplaces","publisher":{"@id":"https:\/\/www.it-dev.eu\/pl\/#organization"},"potentialAction":[{"@type":"SearchAction","target":{"@type":"EntryPoint","urlTemplate":"https:\/\/www.it-dev.eu\/pl\/?s={search_term_string}"},"query-input":{"@type":"PropertyValueSpecification","valueRequired":true,"valueName":"search_term_string"}}],"inLanguage":"pl-PL"},{"@type":"Organization","@id":"https:\/\/www.it-dev.eu\/pl\/#organization","name":"IT-Dev - Limitless Digital Workplace","url":"https:\/\/www.it-dev.eu\/pl\/","logo":{"@type":"ImageObject","inLanguage":"pl-PL","@id":"https:\/\/www.it-dev.eu\/pl\/#\/schema\/logo\/image\/","url":"https:\/\/www.it-dev.eu\/wp-content\/uploads\/2023\/12\/it-dev-logo-696x696-1.png","contentUrl":"https:\/\/www.it-dev.eu\/wp-content\/uploads\/2023\/12\/it-dev-logo-696x696-1.png","width":696,"height":696,"caption":"IT-Dev - Limitless Digital Workplace"},"image":{"@id":"https:\/\/www.it-dev.eu\/pl\/#\/schema\/logo\/image\/"},"sameAs":["https:\/\/www.facebook.com\/ITDevWroc\/","https:\/\/x.com\/IT_Dev","https:\/\/www.linkedin.com\/company\/it-dev\/","https:\/\/www.youtube.com\/user\/biuroitdev"]}]}},"_links":{"self":[{"href":"https:\/\/www.it-dev.eu\/pl\/wp-json\/wp\/v2\/pages\/2574","targetHints":{"allow":["GET"]}}],"collection":[{"href":"https:\/\/www.it-dev.eu\/pl\/wp-json\/wp\/v2\/pages"}],"about":[{"href":"https:\/\/www.it-dev.eu\/pl\/wp-json\/wp\/v2\/types\/page"}],"author":[{"embeddable":true,"href":"https:\/\/www.it-dev.eu\/pl\/wp-json\/wp\/v2\/users\/7"}],"replies":[{"embeddable":true,"href":"https:\/\/www.it-dev.eu\/pl\/wp-json\/wp\/v2\/comments?post=2574"}],"version-history":[{"count":10,"href":"https:\/\/www.it-dev.eu\/pl\/wp-json\/wp\/v2\/pages\/2574\/revisions"}],"predecessor-version":[{"id":11567,"href":"https:\/\/www.it-dev.eu\/pl\/wp-json\/wp\/v2\/pages\/2574\/revisions\/11567"}],"up":[{"embeddable":true,"href":"https:\/\/www.it-dev.eu\/pl\/wp-json\/wp\/v2\/pages\/2553"}],"wp:featuredmedia":[{"embeddable":true,"href":"https:\/\/www.it-dev.eu\/pl\/wp-json\/wp\/v2\/media\/10925"}],"wp:attachment":[{"href":"https:\/\/www.it-dev.eu\/pl\/wp-json\/wp\/v2\/media?parent=2574"}],"curies":[{"name":"wp","href":"https:\/\/api.w.org\/{rel}","templated":true}]}}