{"id":3283,"date":"2023-09-11T14:00:23","date_gmt":"2023-09-11T12:00:23","guid":{"rendered":"https:\/\/www.it-dev.eu\/?page_id=3283"},"modified":"2024-03-13T09:21:27","modified_gmt":"2024-03-13T08:21:27","slug":"regulamin","status":"publish","type":"page","link":"https:\/\/www.it-dev.eu\/pl\/regulamin\/","title":{"rendered":"Regulamin"},"content":{"rendered":"\n<p><strong>1. Postanowienia og\u00f3lne.<\/strong>&nbsp;<\/p>\n\n\n\n<ol class=\"wp-block-list\">\n<li>Strona internetowa <a href=\"https:\/\/it-dev.eu\/pl\">https:\/\/it-dev.eu\/pl<\/a> dzia\u0142a zgodnie z zasadami okre\u015blonymi w niniejszym Regulaminie.<\/li>\n\n\n\n<li>Regulamin okre\u015bla rodzaj i zakres us\u0142ug \u015bwiadczonych drog\u0105 elektroniczn\u0105 przez stron\u0119 internetow\u0105 <a href=\"https:\/\/it-dev.eu\/pl\">https:\/\/it-dev.eu\/pl<\/a>, zasady \u015bwiadczenia tych us\u0142ug, warunki zawierania i rozwi\u0105zywania um\u00f3w o \u015bwiadczenie us\u0142ug drog\u0105 elektroniczn\u0105, a tak\u017ce procedur\u0119 sk\u0142adania reklamacji.&nbsp;<\/li>\n\n\n\n<li>Kwestie nieuregulowane niniejszym Regulaminem podlegaj\u0105 odpowiednim przepisom:&nbsp;\n<ol class=\"wp-block-list\">\n<li>Rozporz\u0105dzeniu Parlamentu Europejskiego i Rady (UE) 2016\/679 z dnia 27 kwietnia 2016 r. w sprawie ochrony os\u00f3b fizycznych w zwi\u0105zku z przetwarzaniem danych osobowych i w sprawie swobodnego przep\u0142ywu takich danych oraz uchylenia dyrektywy 95\/46\/WE (og\u00f3lne rozporz\u0105dzenie o ochronie danych)<\/li>\n\n\n\n<li>Ustawie z dnia 23 kwietnia 1964 r. \u2013 Kodeks cywilny (Dz.U. z 2020 r., poz. 17) oraz innym w\u0142a\u015bciwym polskim przepisom prawnym.<\/li>\n<\/ol>\n<\/li>\n<\/ol>\n\n\n\n<p><strong>2. Definicje.<\/strong>&nbsp;<\/p>\n\n\n\n<ol class=\"wp-block-list\">\n<li>Formularz kontaktowy \u2013 formularz dost\u0119pny na stronie internetowej <a href=\"https:\/\/it-dev.eu\/pl\"><a href=\"https:\/\/it-dev.eu\/pl\">https:\/\/it-dev.eu\/pl<\/a><\/a>, umo\u017cliwiaj\u0105cy U\u017cytkownikowi Serwisu bezpo\u015bredni kontakt z Us\u0142ugodawc\u0105.\u00a0<\/li>\n\n\n\n<li>Regulamin \u2013 niniejsze warunki korzystania ze strony internetowej.&nbsp;<\/li>\n\n\n\n<li>Us\u0142ugodawca \u2013 IT-Dev sp. z o.o. z siedzib\u0105 we Wroc\u0142awiu, Polska, przy ul. Sikorskiego 26, kod pocztowy 53-569 Wroc\u0142aw, Polska (dalej zwana IT-DEV).<\/li>\n\n\n\n<li>U\u017cytkownik Serwisu \u2013 osoba fizyczna, osoba prawna lub jednostka organizacyjna nieposiadaj\u0105ca osobowo\u015bci prawnej, kt\u00f3rej przys\u0142uguje zdolno\u015b\u0107 prawn\u0105 na podstawie odpowiedniego aktu prawnego, korzystaj\u0105ca z Us\u0142ugi Elektronicznej.<\/li>\n\n\n\n<li>Us\u0142uga Elektroniczna \u2013 us\u0142uga \u015bwiadczona drog\u0105 elektroniczn\u0105 przez Us\u0142ugodawc\u0119 na rzecz U\u017cytkownika Serwisu za po\u015brednictwem strony internetowej.<\/li>\n<\/ol>\n\n\n\n<p><strong>3. Rodzaj i zakres Us\u0142ug Elektronicznych.<\/strong>&nbsp;<\/p>\n\n\n\n<ol class=\"wp-block-list\">\n<li>Poprzez Stron\u0119 Internetow\u0105 Us\u0142ugodawca umo\u017cliwia korzystanie z Us\u0142ug Elektronicznych takich jak:&nbsp;\n<ol class=\"wp-block-list\">\n<li>korzystanie z Formularza kontaktowego,&nbsp;<\/li>\n<\/ol>\n<\/li>\n\n\n\n<li>\u015awiadczenie Us\u0142ug Elektronicznych dla U\u017cytkownik\u00f3w Serwisu podlega warunkom okre\u015blonym w Regulaminie.&nbsp;<\/li>\n<\/ol>\n\n\n\n<p><strong>4. Warunki i zasady \u015bwiadczenia us\u0142ug oraz zawierania um\u00f3w o \u015bwiadczenie Us\u0142ug Elektronicznych.<\/strong>\u00a0<\/p>\n\n\n\n<ol class=\"wp-block-list\">\n<li>Us\u0142ugi Elektroniczne okre\u015blone w punkcie 3.1 Regulaminu s\u0105 \u015bwiadczone przez Us\u0142ugodawc\u0119 bezp\u0142atnie.&nbsp;<\/li>\n\n\n\n<li>Okres, na jaki zawierana jest umowa:&nbsp;\n<ol class=\"wp-block-list\">\n<li>umowa o \u015bwiadczenie Us\u0142ugi Elektronicznej polegaj\u0105cej na umo\u017cliwieniu przes\u0142ania wiadomo\u015bci za po\u015brednictwem Formularza Kontaktowego jest zawierana na czas okre\u015blony i ulega rozwi\u0105zaniu w chwili przes\u0142ania wiadomo\u015bci lub przerwania jej przesy\u0142ania przez U\u017cytkownika Serwisu.&nbsp;<\/li>\n<\/ol>\n<\/li>\n\n\n\n<li>Wymagania techniczne niezb\u0119dne do korzystania z systemu informatycznego u\u017cywanego przez Us\u0142ugodawc\u0119:\u00a0\n<ol class=\"wp-block-list\">\n<li>komputer z dost\u0119pem do Internetu,&nbsp;<\/li>\n\n\n\n<li>dost\u0119p do poczty elektronicznej,&nbsp;<\/li>\n\n\n\n<li>przegl\u0105darka internetowa,&nbsp;<\/li>\n\n\n\n<li>umo\u017cliwienie obs\u0142ugi plik\u00f3w cookie i JavaScript w przegl\u0105darce internetowej.&nbsp;<\/li>\n<\/ol>\n<\/li>\n\n\n\n<li>U\u017cytkownik Serwisu ma obowi\u0105zek korzysta\u0107 ze Strony Internetowej zgodnie z prawem i dobrymi obyczajami, szanuj\u0105c prawa osobiste oraz prawa w\u0142asno\u015bci intelektualnej os\u00f3b trzecich.&nbsp;<\/li>\n\n\n\n<li>U\u017cytkownik Serwisu ma obowi\u0105zek podawania danych zgodnych z rzeczywistymi okoliczno\u015bciami i niepodawania danych osobowych innej osoby bez jej zgody, oraz niepodawania adresu e-mail, kt\u00f3rego nie posiada. U\u017cytkownik Serwisu ponosi wy\u0142\u0105czn\u0105 odpowiedzialno\u015b\u0107 za tre\u015b\u0107 dostarczanych danych, w tym za ewentualne naruszenia praw os\u00f3b trzecich.\u00a0<\/li>\n<\/ol>\n\n\n\n<p><strong>5. Tryb rozpatrywania reklamacji.<\/strong>&nbsp;<\/p>\n\n\n\n<ol class=\"wp-block-list\">\n<li>Reklamacje dotycz\u0105ce \u015bwiadczenia Us\u0142ug Elektronicznych przez Us\u0142ugodawc\u0119:&nbsp;\n<ol class=\"wp-block-list\">\n<li>U\u017cytkownik Serwisu mo\u017ce sk\u0142ada\u0107 reklamacje dotycz\u0105ce \u015bwiadczenia Us\u0142ug Elektronicznych za po\u015brednictwem strony internetowej na adres e-mail <a href=\"mailto:biuro@it-dev.pl\">biuro@it-dev.pl<\/a>.\u00a0<\/li>\n\n\n\n<li>W e-mailu prosimy o podanie jak najwi\u0119kszej liczby szczeg\u00f3\u0142\u00f3w i okoliczno\u015bci dotycz\u0105cych przedmiotu reklamacji, w szczeg\u00f3lno\u015bci rodzaju i daty nieprawid\u0142owo\u015bci oraz swoich danych kontaktowych. Podane informacje znacznie u\u0142atwi\u0105 i przyspiesz\u0105 rozpatrzenie reklamacji przez Us\u0142ugodawc\u0119.\u00a0<\/li>\n\n\n\n<li>Us\u0142ugodawca rozpatrzy reklamacj\u0119 niezw\u0142ocznie, nie p\u00f3\u017aniej ni\u017c w ci\u0105gu 14 dni.&nbsp;<\/li>\n\n\n\n<li>Odpowied\u017a Us\u0142ugodawcy na reklamacj\u0119 zostanie wys\u0142ana e-mailem na adres wskazany w reklamacji lub w inny spos\u00f3b wskazany przez U\u017cytkownika Serwisu.&nbsp;<\/li>\n<\/ol>\n<\/li>\n<\/ol>\n\n\n\n<p><strong>6. W\u0142asno\u015b\u0107 intelektualna.<\/strong>&nbsp;<\/p>\n\n\n\n<ol class=\"wp-block-list\">\n<li>Wszelkie tre\u015bci zamieszczone na stronie internetowej <a href=\"https:\/\/it-dev.eu\/\"><\/a><a href=\"https:\/\/it-dev.eu\/pl\">https:\/\/it-dev.eu\/pl<\/a> s\u0105 chronione prawem autorskim i s\u0105 w\u0142asno\u015bci\u0105 Us\u0142ugodawcy. U\u017cytkownik Serwisu ponosi pe\u0142n\u0105 odpowiedzialno\u015b\u0107 za wszelkie szkody poniesione przez Us\u0142ugodawc\u0119 w wyniku wykorzystania jakiejkolwiek tre\u015bci ze strony internetowej <a href=\"https:\/\/it-dev.eu\/\"><\/a><a href=\"https:\/\/it-dev.eu\/pl\">https:\/\/it-dev.eu\/pl<\/a> bez zgody Us\u0142ugodawcy.\u00a0<\/li>\n\n\n\n<li>Jakiekolwiek wykorzystanie element\u00f3w zawarto\u015bci strony internetowej <a href=\"https:\/\/it-dev.eu\/\"><\/a><a href=\"https:\/\/it-dev.eu\/pl\">https:\/\/it-dev.eu\/pl<\/a> przez kogokolwiek, bez wyra\u017anej pisemnej zgody Us\u0142ugodawcy, stanowi naruszenie praw autorskich Us\u0142ugodawcy i skutkuje odpowiedzialno\u015bci\u0105 cywiln\u0105 i karn\u0105.<\/li>\n<\/ol>\n\n\n\n<p><strong>7. Odpowiedzialno\u015b\u0107 Us\u0142ugodawcy.<\/strong>&nbsp;<\/p>\n\n\n\n<ol class=\"wp-block-list\">\n<li>Us\u0142ugodawca o\u015bwiadcza, \u017ce wszelkie informacje uzyskane przez U\u017cytkownika Serwisu za po\u015brednictwem Formularza Kontaktowego:&nbsp;\n<ol class=\"wp-block-list\" style=\"list-style-type:lower-alpha\">\n<li>maj\u0105 charakter wy\u0142\u0105cznie informacyjny,&nbsp;<\/li>\n\n\n\n<li>nie mog\u0105 stanowi\u0107 podstawy do jakichkolwiek roszcze\u0144 wobec Us\u0142ugodawcy.<\/li>\n<\/ol>\n<\/li>\n<\/ol>\n\n\n\n<ol class=\"wp-block-list\" start=\"2\">\n<li>Us\u0142ugodawca nie ponosi odpowiedzialno\u015bci za niedost\u0119pno\u015b\u0107 Formularza Kontaktowego z powodu problem\u00f3w technicznych zwi\u0105zanych z funkcjonowaniem systemu informatycznego i strony internetowej Us\u0142ugodawcy lub z innych przyczyn niezale\u017cnych od Us\u0142ugodawcy.<\/li>\n\n\n\n<li>Us\u0142ugodawca zastrzega sobie prawo do zmiany niniejszego Regulaminu w ka\u017cdym czasie. Zmiany wchodz\u0105 w \u017cycie w momencie opublikowania zmienionego Regulaminu na stronie internetowej <a href=\"https:\/\/it-dev.eu\/\"><\/a><a href=\"https:\/\/it-dev.eu\/pl\">https:\/\/it-dev.eu\/pl<\/a>.<\/li>\n\n\n\n<li>Us\u0142ugodawca zastrzega sobie prawo do ca\u0142kowitego zaprzestania \u015bwiadczenia Us\u0142ug Elektronicznych w dowolnym momencie i bez podania przyczyny.<\/li>\n<\/ol>\n\n\n\n<p><strong>8. Przetwarzanie danych osobowych.<\/strong>&nbsp;<\/p>\n\n\n\n<ol class=\"wp-block-list\">\n<li>Administratorem danych osobowych jest: IT-Dev sp. z o.o. z siedzib\u0105 we Wroc\u0142awiu, Polska, przy ul. Sikorskiego 26, kod pocztowy 53-569 Wroc\u0142aw, Polska<\/li>\n\n\n\n<li>Szczeg\u00f3\u0142owe zasady przetwarzania danych osobowych mo\u017cna znale\u017a\u0107 w <a href=\"https:\/\/www.it-dev.eu\/pl\/polityka-prywatnosci\/\">Polityce Prywatno\u015bci<\/a> IT-Dev sp z o.o.<\/li>\n<\/ol>\n\n\n\n<p><strong>9. Postanowienia ko\u0144cowe.<\/strong>&nbsp;<\/p>\n\n\n\n<ol class=\"wp-block-list\">\n<li>Umowy zawarte za po\u015brednictwem strony internetowej s\u0105 zawierane na podstawie prawa polskiego.&nbsp;<\/li>\n\n\n\n<li>W przypadku niezgodno\u015bci jakiejkolwiek cz\u0119\u015bci niniejszego Regulaminu z obowi\u0105zuj\u0105cym prawem, w\u0142a\u015bciwy przepis prawa polskiego zast\u0119puje sporny przepis niniejszego Regulaminu.&nbsp;<\/li>\n<\/ol>\n","protected":false},"excerpt":{"rendered":"<p>1. Postanowienia og\u00f3lne.&nbsp; 2. Definicje.&nbsp; 3. Rodzaj i zakres Us\u0142ug Elektronicznych.&nbsp; 4. Warunki i zasady \u015bwiadczenia us\u0142ug oraz zawierania um\u00f3w o \u015bwiadczenie Us\u0142ug Elektronicznych.\u00a0 5. Tryb rozpatrywania reklamacji.&nbsp; 6. W\u0142asno\u015b\u0107 intelektualna.&nbsp; 7. Odpowiedzialno\u015b\u0107 Us\u0142ugodawcy.&nbsp; 8. Przetwarzanie danych osobowych.&nbsp; 9. Postanowienia ko\u0144cowe.&nbsp;<\/p>\n","protected":false},"author":7,"featured_media":0,"parent":0,"menu_order":0,"comment_status":"closed","ping_status":"closed","template":"","meta":{"_acf_changed":false,"inline_featured_image":false,"footnotes":""},"class_list":["post-3283","page","type-page","status-publish","hentry"],"acf":[],"yoast_head":"<!-- This site is optimized with the Yoast SEO plugin v27.3 - https:\/\/yoast.com\/product\/yoast-seo-wordpress\/ -->\n<title>Regulamin - IT-Dev<\/title>\n<meta name=\"robots\" content=\"index, follow, max-snippet:-1, max-image-preview:large, max-video-preview:-1\" \/>\n<link rel=\"canonical\" href=\"https:\/\/www.it-dev.eu\/pl\/regulamin\/\" \/>\n<meta property=\"og:locale\" content=\"pl_PL\" \/>\n<meta property=\"og:type\" content=\"article\" \/>\n<meta property=\"og:title\" content=\"Regulamin - IT-Dev\" \/>\n<meta property=\"og:description\" content=\"1. Postanowienia og\u00f3lne.&nbsp; 2. Definicje.&nbsp; 3. Rodzaj i zakres Us\u0142ug Elektronicznych.&nbsp; 4. Warunki i zasady \u015bwiadczenia us\u0142ug oraz zawierania um\u00f3w o \u015bwiadczenie Us\u0142ug Elektronicznych.\u00a0 5. Tryb rozpatrywania reklamacji.&nbsp; 6. W\u0142asno\u015b\u0107 intelektualna.&nbsp; 7. Odpowiedzialno\u015b\u0107 Us\u0142ugodawcy.&nbsp; 8. Przetwarzanie danych osobowych.&nbsp; 9. Postanowienia ko\u0144cowe.&nbsp;\" \/>\n<meta property=\"og:url\" content=\"https:\/\/www.it-dev.eu\/pl\/regulamin\/\" \/>\n<meta property=\"og:site_name\" content=\"IT-Dev\" \/>\n<meta property=\"article:publisher\" content=\"https:\/\/www.facebook.com\/ITDevWroc\/\" \/>\n<meta property=\"article:modified_time\" content=\"2024-03-13T08:21:27+00:00\" \/>\n<meta name=\"twitter:card\" content=\"summary_large_image\" \/>\n<meta name=\"twitter:site\" content=\"@IT_Dev\" \/>\n<meta name=\"twitter:label1\" content=\"Szacowany czas czytania\" \/>\n\t<meta name=\"twitter:data1\" content=\"4 minuty\" \/>\n<script type=\"application\/ld+json\" class=\"yoast-schema-graph\">{\"@context\":\"https:\\\/\\\/schema.org\",\"@graph\":[{\"@type\":\"WebPage\",\"@id\":\"https:\\\/\\\/www.it-dev.eu\\\/pl\\\/regulamin\\\/\",\"url\":\"https:\\\/\\\/www.it-dev.eu\\\/pl\\\/regulamin\\\/\",\"name\":\"Regulamin - IT-Dev\",\"isPartOf\":{\"@id\":\"https:\\\/\\\/www.it-dev.eu\\\/pl\\\/#website\"},\"datePublished\":\"2023-09-11T12:00:23+00:00\",\"dateModified\":\"2024-03-13T08:21:27+00:00\",\"breadcrumb\":{\"@id\":\"https:\\\/\\\/www.it-dev.eu\\\/pl\\\/regulamin\\\/#breadcrumb\"},\"inLanguage\":\"pl-PL\",\"potentialAction\":[{\"@type\":\"ReadAction\",\"target\":[\"https:\\\/\\\/www.it-dev.eu\\\/pl\\\/regulamin\\\/\"]}]},{\"@type\":\"BreadcrumbList\",\"@id\":\"https:\\\/\\\/www.it-dev.eu\\\/pl\\\/regulamin\\\/#breadcrumb\",\"itemListElement\":[{\"@type\":\"ListItem\",\"position\":1,\"name\":\"Strona g\u0142\u00f3wna\",\"item\":\"https:\\\/\\\/www.it-dev.eu\\\/pl\\\/\"},{\"@type\":\"ListItem\",\"position\":2,\"name\":\"Regulamin\"}]},{\"@type\":\"WebSite\",\"@id\":\"https:\\\/\\\/www.it-dev.eu\\\/pl\\\/#website\",\"url\":\"https:\\\/\\\/www.it-dev.eu\\\/pl\\\/\",\"name\":\"IT-Dev - Limitless Digital Workplace\",\"description\":\"We create limitless Digital Workplaces\",\"publisher\":{\"@id\":\"https:\\\/\\\/www.it-dev.eu\\\/pl\\\/#organization\"},\"potentialAction\":[{\"@type\":\"SearchAction\",\"target\":{\"@type\":\"EntryPoint\",\"urlTemplate\":\"https:\\\/\\\/www.it-dev.eu\\\/pl\\\/?s={search_term_string}\"},\"query-input\":{\"@type\":\"PropertyValueSpecification\",\"valueRequired\":true,\"valueName\":\"search_term_string\"}}],\"inLanguage\":\"pl-PL\"},{\"@type\":\"Organization\",\"@id\":\"https:\\\/\\\/www.it-dev.eu\\\/pl\\\/#organization\",\"name\":\"IT-Dev - Limitless Digital Workplace\",\"url\":\"https:\\\/\\\/www.it-dev.eu\\\/pl\\\/\",\"logo\":{\"@type\":\"ImageObject\",\"inLanguage\":\"pl-PL\",\"@id\":\"https:\\\/\\\/www.it-dev.eu\\\/pl\\\/#\\\/schema\\\/logo\\\/image\\\/\",\"url\":\"https:\\\/\\\/www.it-dev.eu\\\/wp-content\\\/uploads\\\/2023\\\/12\\\/it-dev-logo-696x696-1.png\",\"contentUrl\":\"https:\\\/\\\/www.it-dev.eu\\\/wp-content\\\/uploads\\\/2023\\\/12\\\/it-dev-logo-696x696-1.png\",\"width\":696,\"height\":696,\"caption\":\"IT-Dev - Limitless Digital Workplace\"},\"image\":{\"@id\":\"https:\\\/\\\/www.it-dev.eu\\\/pl\\\/#\\\/schema\\\/logo\\\/image\\\/\"},\"sameAs\":[\"https:\\\/\\\/www.facebook.com\\\/ITDevWroc\\\/\",\"https:\\\/\\\/x.com\\\/IT_Dev\",\"https:\\\/\\\/www.linkedin.com\\\/company\\\/it-dev\\\/\",\"https:\\\/\\\/www.youtube.com\\\/user\\\/biuroitdev\"]}]}<\/script>\n<!-- \/ Yoast SEO plugin. -->","yoast_head_json":{"title":"Regulamin - IT-Dev","robots":{"index":"index","follow":"follow","max-snippet":"max-snippet:-1","max-image-preview":"max-image-preview:large","max-video-preview":"max-video-preview:-1"},"canonical":"https:\/\/www.it-dev.eu\/pl\/regulamin\/","og_locale":"pl_PL","og_type":"article","og_title":"Regulamin - IT-Dev","og_description":"1. Postanowienia og\u00f3lne.&nbsp; 2. Definicje.&nbsp; 3. Rodzaj i zakres Us\u0142ug Elektronicznych.&nbsp; 4. Warunki i zasady \u015bwiadczenia us\u0142ug oraz zawierania um\u00f3w o \u015bwiadczenie Us\u0142ug Elektronicznych.\u00a0 5. Tryb rozpatrywania reklamacji.&nbsp; 6. W\u0142asno\u015b\u0107 intelektualna.&nbsp; 7. Odpowiedzialno\u015b\u0107 Us\u0142ugodawcy.&nbsp; 8. Przetwarzanie danych osobowych.&nbsp; 9. Postanowienia ko\u0144cowe.&nbsp;","og_url":"https:\/\/www.it-dev.eu\/pl\/regulamin\/","og_site_name":"IT-Dev","article_publisher":"https:\/\/www.facebook.com\/ITDevWroc\/","article_modified_time":"2024-03-13T08:21:27+00:00","twitter_card":"summary_large_image","twitter_site":"@IT_Dev","twitter_misc":{"Szacowany czas czytania":"4 minuty"},"schema":{"@context":"https:\/\/schema.org","@graph":[{"@type":"WebPage","@id":"https:\/\/www.it-dev.eu\/pl\/regulamin\/","url":"https:\/\/www.it-dev.eu\/pl\/regulamin\/","name":"Regulamin - IT-Dev","isPartOf":{"@id":"https:\/\/www.it-dev.eu\/pl\/#website"},"datePublished":"2023-09-11T12:00:23+00:00","dateModified":"2024-03-13T08:21:27+00:00","breadcrumb":{"@id":"https:\/\/www.it-dev.eu\/pl\/regulamin\/#breadcrumb"},"inLanguage":"pl-PL","potentialAction":[{"@type":"ReadAction","target":["https:\/\/www.it-dev.eu\/pl\/regulamin\/"]}]},{"@type":"BreadcrumbList","@id":"https:\/\/www.it-dev.eu\/pl\/regulamin\/#breadcrumb","itemListElement":[{"@type":"ListItem","position":1,"name":"Strona g\u0142\u00f3wna","item":"https:\/\/www.it-dev.eu\/pl\/"},{"@type":"ListItem","position":2,"name":"Regulamin"}]},{"@type":"WebSite","@id":"https:\/\/www.it-dev.eu\/pl\/#website","url":"https:\/\/www.it-dev.eu\/pl\/","name":"IT-Dev - Limitless Digital Workplace","description":"We create limitless Digital Workplaces","publisher":{"@id":"https:\/\/www.it-dev.eu\/pl\/#organization"},"potentialAction":[{"@type":"SearchAction","target":{"@type":"EntryPoint","urlTemplate":"https:\/\/www.it-dev.eu\/pl\/?s={search_term_string}"},"query-input":{"@type":"PropertyValueSpecification","valueRequired":true,"valueName":"search_term_string"}}],"inLanguage":"pl-PL"},{"@type":"Organization","@id":"https:\/\/www.it-dev.eu\/pl\/#organization","name":"IT-Dev - Limitless Digital Workplace","url":"https:\/\/www.it-dev.eu\/pl\/","logo":{"@type":"ImageObject","inLanguage":"pl-PL","@id":"https:\/\/www.it-dev.eu\/pl\/#\/schema\/logo\/image\/","url":"https:\/\/www.it-dev.eu\/wp-content\/uploads\/2023\/12\/it-dev-logo-696x696-1.png","contentUrl":"https:\/\/www.it-dev.eu\/wp-content\/uploads\/2023\/12\/it-dev-logo-696x696-1.png","width":696,"height":696,"caption":"IT-Dev - Limitless Digital Workplace"},"image":{"@id":"https:\/\/www.it-dev.eu\/pl\/#\/schema\/logo\/image\/"},"sameAs":["https:\/\/www.facebook.com\/ITDevWroc\/","https:\/\/x.com\/IT_Dev","https:\/\/www.linkedin.com\/company\/it-dev\/","https:\/\/www.youtube.com\/user\/biuroitdev"]}]}},"_links":{"self":[{"href":"https:\/\/www.it-dev.eu\/pl\/wp-json\/wp\/v2\/pages\/3283","targetHints":{"allow":["GET"]}}],"collection":[{"href":"https:\/\/www.it-dev.eu\/pl\/wp-json\/wp\/v2\/pages"}],"about":[{"href":"https:\/\/www.it-dev.eu\/pl\/wp-json\/wp\/v2\/types\/page"}],"author":[{"embeddable":true,"href":"https:\/\/www.it-dev.eu\/pl\/wp-json\/wp\/v2\/users\/7"}],"replies":[{"embeddable":true,"href":"https:\/\/www.it-dev.eu\/pl\/wp-json\/wp\/v2\/comments?post=3283"}],"version-history":[{"count":8,"href":"https:\/\/www.it-dev.eu\/pl\/wp-json\/wp\/v2\/pages\/3283\/revisions"}],"predecessor-version":[{"id":3470,"href":"https:\/\/www.it-dev.eu\/pl\/wp-json\/wp\/v2\/pages\/3283\/revisions\/3470"}],"wp:attachment":[{"href":"https:\/\/www.it-dev.eu\/pl\/wp-json\/wp\/v2\/media?parent=3283"}],"curies":[{"name":"wp","href":"https:\/\/api.w.org\/{rel}","templated":true}]}}