{"id":4868,"date":"2024-07-25T09:26:41","date_gmt":"2024-07-25T07:26:41","guid":{"rendered":"https:\/\/www.it-dev.eu\/?page_id=4868"},"modified":"2026-04-15T10:04:16","modified_gmt":"2026-04-15T08:04:16","slug":"taxxo","status":"publish","type":"page","link":"https:\/\/www.it-dev.eu\/pl\/klienci\/taxxo\/","title":{"rendered":"TAXXO"},"content":{"rendered":"\n<h2 class=\"wp-block-heading icon-warning\">Rozproszone narz\u0119dzia, rozmyta to\u017csamo\u015b\u0107 marki<\/h2>\n\n\n\n<p>Doceniaj\u0105c wag\u0119 silnej wi\u0119zi z to\u017csamo\u015bci\u0105 i warto\u015bciami marki, zw\u0142aszcza w\u015br\u00f3d rozproszonej kadry, nasz Klient postawi\u0142 sobie za cel zrewolucjonizowanie w\u0142asnego cyfrowego miejsca pracy.<\/p>\n\n\n\n<p>G\u0142\u00f3wnym wyzwaniem, przed kt\u00f3rym stan\u0119\u0142a firma, by\u0142o stworzenie zintegrowanego cyfrowego \u015brodowiska, kt\u00f3re by\u0142oby zgodne z mark\u0105 i umo\u017cliwi\u0142oby pracownikom \u0142atwy dost\u0119p do niezb\u0119dnych informacji, dokument\u00f3w i aplikacji potrzebnych do wykonywania codziennych zada\u0144. Brak takiego rozwi\u0105zania zmusza\u0142 pracownik\u00f3w do nawigowania po wielu platformach i narz\u0119dziach, rozmywaj\u0105c wizerunek marki i utrudniaj\u0105c realizacj\u0119 zada\u0144.<\/p>\n\n\n\n<p>Dodatkowo firma chcia\u0142a si\u0119 upewni\u0107, \u017ce nawet pracownicy pracuj\u0105cy zdalnie b\u0119d\u0105 czuli siln\u0105 wi\u0119\u017a z mark\u0105, odbieraj\u0105c cyfrowe miejsce pracy nie tylko jako zbi\u00f3r narz\u0119dzi, ale jako spersonalizowane i sp\u00f3jne do\u015bwiadczenie. Rozwi\u0105zanie tych wyzwa\u0144 by\u0142o kluczowe dla zmniejszenia rotacji pracownik\u00f3w, zwi\u0119kszenia \u015bwiadomo\u015bci marki i poprawy og\u00f3lnej wydajno\u015bci pracy.<\/p>\n\n\n\n<div style=\"height:80px\" aria-hidden=\"true\" class=\"wp-block-spacer\"><\/div>\n\n\n\n<h2 class=\"wp-block-heading icon-bulb\">Branding wizualny w SharePoint<\/h2>\n\n\n\n<p>W odpowiedzi na te wyzwania Columb Technologies nawi\u0105za\u0142o wsp\u00f3\u0142prac\u0119 z IT-Dev, aby wdro\u017cy\u0107 prze\u0142omowe rozwi\u0105zania, udoskonalone dzi\u0119ki naszej us\u0142udze Limitless Digital Workplace Branding. Ta innowacyjna us\u0142uga wykorzystuje si\u0142\u0119 wizualnego zaanga\u017cowania, przekszta\u0142caj\u0105c cyfrowe miejsca pracy oparte na SharePoint w fascynuj\u0105ce wizualnie \u015brodowiska, kt\u00f3re rezonuj\u0105 z pracownikami na g\u0142\u0119bszym poziomie.<\/p>\n\n\n\n<p>Z tego wzgl\u0119du, \u017ce ponad 80 procent przetwarzanych przez nasz m\u00f3zg informacji ma charakter wizualny, znaczenie atrakcyjnego wizualnie cyfrowego miejsca pracy jest nie do przecenienia. Us\u0142uga Limitless Digital Workplace Branding, dzia\u0142aj\u0105ca p\u0142ynnie w ramach Microsoft 365, umo\u017cliwi\u0142a Columb Technologies bezproblemowe zastosowanie sezonowych nak\u0142adek na intranet, wzbogacaj\u0105c cyfrowe miejsce pracy o jednolit\u0105 warstw\u0119 wizualn\u0105, kt\u00f3ra jest zgodna z brandingiem korporacyjnym firmy. Rozwi\u0105zanie to jest w stanie zapewni\u0107 elastyczno\u015b\u0107 dzi\u0119ki wielu dost\u0119pnym motywom w ramach brandingu, a tak\u017ce motywowi g\u0142\u00f3wnemu, dostosowanym do konkretnych wymaga\u0144 Columb Technologies.<\/p>\n\n\n\n<div style=\"height:80px\" aria-hidden=\"true\" class=\"wp-block-spacer\"><\/div>\n\n\n\n<h2 class=\"wp-block-heading icon-chartup\">Szybszy onboarding i wy\u017csza adopcja<\/h2>\n\n\n\n<p>Wdro\u017cenie atrakcyjnego wizualnie i zgodnego z mark\u0105 cyfrowego miejsca pracy znacznie zwi\u0119kszy\u0142o wska\u017aniki adopcji w\u015br\u00f3d pracownik\u00f3w. Pracownicy Columb Technologies mog\u0105 teraz cieszy\u0107 si\u0119 uproszczonym dost\u0119pem do kluczowych informacji, dokument\u00f3w i narz\u0119dzi do wsp\u00f3\u0142pracy, a to wszystko w \u015brodowisku, kt\u00f3re jest \u015bwiadome marki. Zaprojektowane w ten spos\u00f3b scentralizowane cyfrowe miejsce pracy pomog\u0142o upro\u015bci\u0107 proces wdra\u017cania nowych pracownik\u00f3w, u\u0142atwiaj\u0105c im zrozumienie warto\u015bci, misji i wizji firmy, jednocze\u015bnie oszcz\u0119dzaj\u0105c czas na nauk\u0119 proces\u00f3w firmowych i biznesowych.<\/p>\n\n\n\n<div style=\"height:80px\" aria-hidden=\"true\" class=\"wp-block-spacer\"><\/div>\n\n\n\n<h2 class=\"wp-block-heading\">Marka widoczna na ka\u017cdym ekranie<\/h2>\n\n\n\n<div class=\"wp-block-group itdev-icon-row is-nowrap is-layout-flex wp-container-core-group-is-layout-ad2f72ca wp-block-group-is-layout-flex\">\n<figure class=\"wp-block-image size-large\"><img loading=\"lazy\" decoding=\"async\" width=\"60\" height=\"59\" src=\"https:\/\/www.it-dev.eu\/wp-content\/uploads\/2026\/02\/icon-viva-portal-orange.svg\" alt=\"\" class=\"wp-image-10668\"\/><\/figure>\n\n\n\n<p>Zwi\u0119kszone wykorzystanie scentralizowanego cyfrowego miejsca pracy.<\/p>\n<\/div>\n\n\n\n<div class=\"wp-block-group itdev-icon-row is-nowrap is-layout-flex wp-container-core-group-is-layout-ad2f72ca wp-block-group-is-layout-flex\">\n<figure class=\"wp-block-image size-full\"><img decoding=\"async\" src=\"https:\/\/www.it-dev.eu\/wp-content\/uploads\/2026\/02\/icon-clock-orange.svg\" alt=\"\" class=\"wp-image-10689\"\/><\/figure>\n\n\n\n<p>Skr\u00f3cony czas poszukiwania informacji.<\/p>\n<\/div>\n\n\n\n<div class=\"wp-block-group itdev-icon-row is-nowrap is-layout-flex wp-container-core-group-is-layout-ad2f72ca wp-block-group-is-layout-flex\">\n<figure class=\"wp-block-image size-large\"><img loading=\"lazy\" decoding=\"async\" width=\"60\" height=\"59\" src=\"https:\/\/www.it-dev.eu\/wp-content\/uploads\/2026\/02\/icon-viva-web-app-orange.svg\" alt=\"\" class=\"wp-image-10629\"\/><\/figure>\n\n\n\n<p>Wi\u0119ksze zaanga\u017cowanie w dost\u0119pne narz\u0119dzia i aplikacje.<\/p>\n<\/div>\n\n\n\n<div class=\"wp-block-group itdev-icon-row is-nowrap is-layout-flex wp-container-core-group-is-layout-ad2f72ca wp-block-group-is-layout-flex\">\n<figure class=\"wp-block-image size-large\"><img loading=\"lazy\" decoding=\"async\" width=\"60\" height=\"59\" src=\"https:\/\/www.it-dev.eu\/wp-content\/uploads\/2026\/02\/icon-viva-user-chat-orange.svg\" alt=\"\" class=\"wp-image-10680\"\/><\/figure>\n\n\n\n<p>Zwi\u0119kszona \u015bwiadomo\u015b\u0107 marki w\u015br\u00f3d pracownik\u00f3w.<\/p>\n<\/div>\n\n\n\n<div class=\"wp-block-group itdev-icon-row is-nowrap is-layout-flex wp-container-core-group-is-layout-ad2f72ca wp-block-group-is-layout-flex\">\n<figure class=\"wp-block-image size-large\"><img decoding=\"async\" src=\"https:\/\/test.it-dev.eu\/wp-content\/uploads\/2026\/02\/icon-viva-2-users-orange.svg\" alt=\"\" class=\"wp-image-10179\"\/><\/figure>\n\n\n\n<p>Wzmocnione zaanga\u017cowanie pracownik\u00f3w i poczucie przynale\u017cno\u015bci.<\/p>\n<\/div>\n\n\n\n<div style=\"height:80px\" aria-hidden=\"true\" class=\"wp-block-spacer\"><\/div>\n\n\n\n<h2 class=\"wp-block-heading\">Estetyka nap\u0119dza zaanga\u017cowanie pracownik\u00f3w<\/h2>\n\n\n\n<ul class=\"wp-block-list arrow-list\">\n<li>Atrakcyjne wizualnie miejsca pracy znacznie zwi\u0119kszaj\u0105 liczb\u0119 odwiedzin.<\/li>\n\n\n\n<li>Inwestycje w UX\/UI prowadz\u0105 do skr\u00f3cenia czasu dost\u0119pu do informacji, dokument\u00f3w i aplikacji.<\/li>\n\n\n\n<li>Jednolita obs\u0142uga u\u017cytkownika minimalizuje krzyw\u0105 uczenia si\u0119 nowych narz\u0119dzi, zwi\u0119kszaj\u0105c og\u00f3ln\u0105 wydajno\u015b\u0107 pracy.<\/li>\n<\/ul>\n\n\n\n<p>Dzi\u0119ki strategicznej wsp\u00f3\u0142pracy z IT-Dev, Columb Technologies skutecznie przekszta\u0142ci\u0142o swoje cyfrowe miejsce pracy, sprzyjaj\u0105c bardziej zaanga\u017cowanemu, wydajnemu i sp\u00f3jnemu z mark\u0105 do\u015bwiadczeniu oferowanemu pracownikom.<\/p>\n\n\n\n<p>Przyk\u0142ad ten pokazuje prawdziw\u0105 moc innowacji cyfrowych w organizowaniu miejsca pracy, kt\u00f3re nie tylko spe\u0142nia funkcjonalne potrzeby u\u017cytkownik\u00f3w, ale tak\u017ce rezonuje z nimi na poziomie osobistym i emocjonalnym, przyczyniaj\u0105c si\u0119 do sukcesu zar\u00f3wno indywidualnego, jak i organizacyjnego.<\/p>\n","protected":false},"excerpt":{"rendered":"<p>Rozproszone narz\u0119dzia, rozmyta to\u017csamo\u015b\u0107 marki Doceniaj\u0105c wag\u0119 silnej wi\u0119zi z to\u017csamo\u015bci\u0105 i warto\u015bciami marki, zw\u0142aszcza w\u015br\u00f3d rozproszonej kadry, nasz Klient postawi\u0142 sobie za cel zrewolucjonizowanie w\u0142asnego cyfrowego miejsca pracy. G\u0142\u00f3wnym wyzwaniem, przed kt\u00f3rym stan\u0119\u0142a firma, by\u0142o stworzenie zintegrowanego cyfrowego \u015brodowiska, kt\u00f3re by\u0142oby zgodne z mark\u0105 i umo\u017cliwi\u0142oby pracownikom \u0142atwy dost\u0119p do niezb\u0119dnych informacji, dokument\u00f3w i<a class=\"excerpt-read-more\" href=\"https:\/\/www.it-dev.eu\/pl\/klienci\/taxxo\/\" title=\"ReadTAXXO\">&#8230; Read more &raquo;<\/a><\/p>\n","protected":false},"author":4,"featured_media":4872,"parent":2553,"menu_order":0,"comment_status":"closed","ping_status":"closed","template":"templates\/page-case-study.php","meta":{"_acf_changed":false,"inline_featured_image":false,"footnotes":""},"class_list":["post-4868","page","type-page","status-publish","has-post-thumbnail","hentry"],"acf":[],"yoast_head":"<!-- This site is optimized with the Yoast SEO plugin v27.5 - https:\/\/yoast.com\/product\/yoast-seo-wordpress\/ -->\n<title>TAXXO - IT-Dev<\/title>\n<meta name=\"robots\" content=\"index, follow, max-snippet:-1, max-image-preview:large, max-video-preview:-1\" \/>\n<link rel=\"canonical\" href=\"https:\/\/www.it-dev.eu\/pl\/klienci\/taxxo\/\" \/>\n<meta property=\"og:locale\" content=\"pl_PL\" \/>\n<meta property=\"og:type\" content=\"article\" \/>\n<meta property=\"og:title\" content=\"TAXXO - IT-Dev\" \/>\n<meta property=\"og:description\" content=\"Rozproszone narz\u0119dzia, rozmyta to\u017csamo\u015b\u0107 marki Doceniaj\u0105c wag\u0119 silnej wi\u0119zi z to\u017csamo\u015bci\u0105 i warto\u015bciami marki, zw\u0142aszcza w\u015br\u00f3d rozproszonej kadry, nasz Klient postawi\u0142 sobie za cel zrewolucjonizowanie w\u0142asnego cyfrowego miejsca pracy. G\u0142\u00f3wnym wyzwaniem, przed kt\u00f3rym stan\u0119\u0142a firma, by\u0142o stworzenie zintegrowanego cyfrowego \u015brodowiska, kt\u00f3re by\u0142oby zgodne z mark\u0105 i umo\u017cliwi\u0142oby pracownikom \u0142atwy dost\u0119p do niezb\u0119dnych informacji, dokument\u00f3w i... Read more &raquo;\" \/>\n<meta property=\"og:url\" content=\"https:\/\/www.it-dev.eu\/pl\/klienci\/taxxo\/\" \/>\n<meta property=\"og:site_name\" content=\"IT-Dev\" \/>\n<meta property=\"article:publisher\" content=\"https:\/\/www.facebook.com\/ITDevWroc\/\" \/>\n<meta property=\"article:modified_time\" content=\"2026-04-15T08:04:16+00:00\" \/>\n<meta property=\"og:image\" content=\"https:\/\/www.it-dev.eu\/wp-content\/uploads\/2024\/07\/taxxo-thumb.webp\" \/>\n\t<meta property=\"og:image:width\" content=\"1080\" \/>\n\t<meta property=\"og:image:height\" content=\"720\" \/>\n\t<meta property=\"og:image:type\" content=\"image\/webp\" \/>\n<meta name=\"twitter:card\" content=\"summary_large_image\" \/>\n<meta name=\"twitter:site\" content=\"@IT_Dev\" \/>\n<meta name=\"twitter:label1\" content=\"Szacowany czas czytania\" \/>\n\t<meta name=\"twitter:data1\" content=\"4 minuty\" \/>\n<script type=\"application\/ld+json\" class=\"yoast-schema-graph\">{\"@context\":\"https:\\\/\\\/schema.org\",\"@graph\":[{\"@type\":\"WebPage\",\"@id\":\"https:\\\/\\\/www.it-dev.eu\\\/pl\\\/klienci\\\/taxxo\\\/\",\"url\":\"https:\\\/\\\/www.it-dev.eu\\\/pl\\\/klienci\\\/taxxo\\\/\",\"name\":\"TAXXO - IT-Dev\",\"isPartOf\":{\"@id\":\"https:\\\/\\\/www.it-dev.eu\\\/pl\\\/#website\"},\"primaryImageOfPage\":{\"@id\":\"https:\\\/\\\/www.it-dev.eu\\\/pl\\\/klienci\\\/taxxo\\\/#primaryimage\"},\"image\":{\"@id\":\"https:\\\/\\\/www.it-dev.eu\\\/pl\\\/klienci\\\/taxxo\\\/#primaryimage\"},\"thumbnailUrl\":\"https:\\\/\\\/www.it-dev.eu\\\/wp-content\\\/uploads\\\/2024\\\/07\\\/taxxo-thumb.webp\",\"datePublished\":\"2024-07-25T07:26:41+00:00\",\"dateModified\":\"2026-04-15T08:04:16+00:00\",\"breadcrumb\":{\"@id\":\"https:\\\/\\\/www.it-dev.eu\\\/pl\\\/klienci\\\/taxxo\\\/#breadcrumb\"},\"inLanguage\":\"pl-PL\",\"potentialAction\":[{\"@type\":\"ReadAction\",\"target\":[\"https:\\\/\\\/www.it-dev.eu\\\/pl\\\/klienci\\\/taxxo\\\/\"]}]},{\"@type\":\"ImageObject\",\"inLanguage\":\"pl-PL\",\"@id\":\"https:\\\/\\\/www.it-dev.eu\\\/pl\\\/klienci\\\/taxxo\\\/#primaryimage\",\"url\":\"https:\\\/\\\/www.it-dev.eu\\\/wp-content\\\/uploads\\\/2024\\\/07\\\/taxxo-thumb.webp\",\"contentUrl\":\"https:\\\/\\\/www.it-dev.eu\\\/wp-content\\\/uploads\\\/2024\\\/07\\\/taxxo-thumb.webp\",\"width\":1080,\"height\":720},{\"@type\":\"BreadcrumbList\",\"@id\":\"https:\\\/\\\/www.it-dev.eu\\\/pl\\\/klienci\\\/taxxo\\\/#breadcrumb\",\"itemListElement\":[{\"@type\":\"ListItem\",\"position\":1,\"name\":\"Strona g\u0142\u00f3wna\",\"item\":\"https:\\\/\\\/www.it-dev.eu\\\/pl\\\/\"},{\"@type\":\"ListItem\",\"position\":2,\"name\":\"Klienci\",\"item\":\"https:\\\/\\\/www.it-dev.eu\\\/pl\\\/klienci\\\/\"},{\"@type\":\"ListItem\",\"position\":3,\"name\":\"TAXXO\"}]},{\"@type\":\"WebSite\",\"@id\":\"https:\\\/\\\/www.it-dev.eu\\\/pl\\\/#website\",\"url\":\"https:\\\/\\\/www.it-dev.eu\\\/pl\\\/\",\"name\":\"IT-Dev - Limitless Digital Workplace\",\"description\":\"We create limitless Digital Workplaces\",\"publisher\":{\"@id\":\"https:\\\/\\\/www.it-dev.eu\\\/pl\\\/#organization\"},\"potentialAction\":[{\"@type\":\"SearchAction\",\"target\":{\"@type\":\"EntryPoint\",\"urlTemplate\":\"https:\\\/\\\/www.it-dev.eu\\\/pl\\\/?s={search_term_string}\"},\"query-input\":{\"@type\":\"PropertyValueSpecification\",\"valueRequired\":true,\"valueName\":\"search_term_string\"}}],\"inLanguage\":\"pl-PL\"},{\"@type\":\"Organization\",\"@id\":\"https:\\\/\\\/www.it-dev.eu\\\/pl\\\/#organization\",\"name\":\"IT-Dev - Limitless Digital Workplace\",\"url\":\"https:\\\/\\\/www.it-dev.eu\\\/pl\\\/\",\"logo\":{\"@type\":\"ImageObject\",\"inLanguage\":\"pl-PL\",\"@id\":\"https:\\\/\\\/www.it-dev.eu\\\/pl\\\/#\\\/schema\\\/logo\\\/image\\\/\",\"url\":\"https:\\\/\\\/www.it-dev.eu\\\/wp-content\\\/uploads\\\/2023\\\/12\\\/it-dev-logo-696x696-1.png\",\"contentUrl\":\"https:\\\/\\\/www.it-dev.eu\\\/wp-content\\\/uploads\\\/2023\\\/12\\\/it-dev-logo-696x696-1.png\",\"width\":696,\"height\":696,\"caption\":\"IT-Dev - Limitless Digital Workplace\"},\"image\":{\"@id\":\"https:\\\/\\\/www.it-dev.eu\\\/pl\\\/#\\\/schema\\\/logo\\\/image\\\/\"},\"sameAs\":[\"https:\\\/\\\/www.facebook.com\\\/ITDevWroc\\\/\",\"https:\\\/\\\/x.com\\\/IT_Dev\",\"https:\\\/\\\/www.linkedin.com\\\/company\\\/it-dev\\\/\",\"https:\\\/\\\/www.youtube.com\\\/user\\\/biuroitdev\"]}]}<\/script>\n<!-- \/ Yoast SEO plugin. -->","yoast_head_json":{"title":"TAXXO - IT-Dev","robots":{"index":"index","follow":"follow","max-snippet":"max-snippet:-1","max-image-preview":"max-image-preview:large","max-video-preview":"max-video-preview:-1"},"canonical":"https:\/\/www.it-dev.eu\/pl\/klienci\/taxxo\/","og_locale":"pl_PL","og_type":"article","og_title":"TAXXO - IT-Dev","og_description":"Rozproszone narz\u0119dzia, rozmyta to\u017csamo\u015b\u0107 marki Doceniaj\u0105c wag\u0119 silnej wi\u0119zi z to\u017csamo\u015bci\u0105 i warto\u015bciami marki, zw\u0142aszcza w\u015br\u00f3d rozproszonej kadry, nasz Klient postawi\u0142 sobie za cel zrewolucjonizowanie w\u0142asnego cyfrowego miejsca pracy. G\u0142\u00f3wnym wyzwaniem, przed kt\u00f3rym stan\u0119\u0142a firma, by\u0142o stworzenie zintegrowanego cyfrowego \u015brodowiska, kt\u00f3re by\u0142oby zgodne z mark\u0105 i umo\u017cliwi\u0142oby pracownikom \u0142atwy dost\u0119p do niezb\u0119dnych informacji, dokument\u00f3w i... Read more &raquo;","og_url":"https:\/\/www.it-dev.eu\/pl\/klienci\/taxxo\/","og_site_name":"IT-Dev","article_publisher":"https:\/\/www.facebook.com\/ITDevWroc\/","article_modified_time":"2026-04-15T08:04:16+00:00","og_image":[{"width":1080,"height":720,"url":"https:\/\/www.it-dev.eu\/wp-content\/uploads\/2024\/07\/taxxo-thumb.webp","type":"image\/webp"}],"twitter_card":"summary_large_image","twitter_site":"@IT_Dev","twitter_misc":{"Szacowany czas czytania":"4 minuty"},"schema":{"@context":"https:\/\/schema.org","@graph":[{"@type":"WebPage","@id":"https:\/\/www.it-dev.eu\/pl\/klienci\/taxxo\/","url":"https:\/\/www.it-dev.eu\/pl\/klienci\/taxxo\/","name":"TAXXO - IT-Dev","isPartOf":{"@id":"https:\/\/www.it-dev.eu\/pl\/#website"},"primaryImageOfPage":{"@id":"https:\/\/www.it-dev.eu\/pl\/klienci\/taxxo\/#primaryimage"},"image":{"@id":"https:\/\/www.it-dev.eu\/pl\/klienci\/taxxo\/#primaryimage"},"thumbnailUrl":"https:\/\/www.it-dev.eu\/wp-content\/uploads\/2024\/07\/taxxo-thumb.webp","datePublished":"2024-07-25T07:26:41+00:00","dateModified":"2026-04-15T08:04:16+00:00","breadcrumb":{"@id":"https:\/\/www.it-dev.eu\/pl\/klienci\/taxxo\/#breadcrumb"},"inLanguage":"pl-PL","potentialAction":[{"@type":"ReadAction","target":["https:\/\/www.it-dev.eu\/pl\/klienci\/taxxo\/"]}]},{"@type":"ImageObject","inLanguage":"pl-PL","@id":"https:\/\/www.it-dev.eu\/pl\/klienci\/taxxo\/#primaryimage","url":"https:\/\/www.it-dev.eu\/wp-content\/uploads\/2024\/07\/taxxo-thumb.webp","contentUrl":"https:\/\/www.it-dev.eu\/wp-content\/uploads\/2024\/07\/taxxo-thumb.webp","width":1080,"height":720},{"@type":"BreadcrumbList","@id":"https:\/\/www.it-dev.eu\/pl\/klienci\/taxxo\/#breadcrumb","itemListElement":[{"@type":"ListItem","position":1,"name":"Strona g\u0142\u00f3wna","item":"https:\/\/www.it-dev.eu\/pl\/"},{"@type":"ListItem","position":2,"name":"Klienci","item":"https:\/\/www.it-dev.eu\/pl\/klienci\/"},{"@type":"ListItem","position":3,"name":"TAXXO"}]},{"@type":"WebSite","@id":"https:\/\/www.it-dev.eu\/pl\/#website","url":"https:\/\/www.it-dev.eu\/pl\/","name":"IT-Dev - Limitless Digital Workplace","description":"We create limitless Digital Workplaces","publisher":{"@id":"https:\/\/www.it-dev.eu\/pl\/#organization"},"potentialAction":[{"@type":"SearchAction","target":{"@type":"EntryPoint","urlTemplate":"https:\/\/www.it-dev.eu\/pl\/?s={search_term_string}"},"query-input":{"@type":"PropertyValueSpecification","valueRequired":true,"valueName":"search_term_string"}}],"inLanguage":"pl-PL"},{"@type":"Organization","@id":"https:\/\/www.it-dev.eu\/pl\/#organization","name":"IT-Dev - Limitless Digital Workplace","url":"https:\/\/www.it-dev.eu\/pl\/","logo":{"@type":"ImageObject","inLanguage":"pl-PL","@id":"https:\/\/www.it-dev.eu\/pl\/#\/schema\/logo\/image\/","url":"https:\/\/www.it-dev.eu\/wp-content\/uploads\/2023\/12\/it-dev-logo-696x696-1.png","contentUrl":"https:\/\/www.it-dev.eu\/wp-content\/uploads\/2023\/12\/it-dev-logo-696x696-1.png","width":696,"height":696,"caption":"IT-Dev - Limitless Digital Workplace"},"image":{"@id":"https:\/\/www.it-dev.eu\/pl\/#\/schema\/logo\/image\/"},"sameAs":["https:\/\/www.facebook.com\/ITDevWroc\/","https:\/\/x.com\/IT_Dev","https:\/\/www.linkedin.com\/company\/it-dev\/","https:\/\/www.youtube.com\/user\/biuroitdev"]}]}},"_links":{"self":[{"href":"https:\/\/www.it-dev.eu\/pl\/wp-json\/wp\/v2\/pages\/4868","targetHints":{"allow":["GET"]}}],"collection":[{"href":"https:\/\/www.it-dev.eu\/pl\/wp-json\/wp\/v2\/pages"}],"about":[{"href":"https:\/\/www.it-dev.eu\/pl\/wp-json\/wp\/v2\/types\/page"}],"author":[{"embeddable":true,"href":"https:\/\/www.it-dev.eu\/pl\/wp-json\/wp\/v2\/users\/4"}],"replies":[{"embeddable":true,"href":"https:\/\/www.it-dev.eu\/pl\/wp-json\/wp\/v2\/comments?post=4868"}],"version-history":[{"count":12,"href":"https:\/\/www.it-dev.eu\/pl\/wp-json\/wp\/v2\/pages\/4868\/revisions"}],"predecessor-version":[{"id":11562,"href":"https:\/\/www.it-dev.eu\/pl\/wp-json\/wp\/v2\/pages\/4868\/revisions\/11562"}],"up":[{"embeddable":true,"href":"https:\/\/www.it-dev.eu\/pl\/wp-json\/wp\/v2\/pages\/2553"}],"wp:featuredmedia":[{"embeddable":true,"href":"https:\/\/www.it-dev.eu\/pl\/wp-json\/wp\/v2\/media\/4872"}],"wp:attachment":[{"href":"https:\/\/www.it-dev.eu\/pl\/wp-json\/wp\/v2\/media?parent=4868"}],"curies":[{"name":"wp","href":"https:\/\/api.w.org\/{rel}","templated":true}]}}