{"id":5159,"date":"2024-09-03T14:51:49","date_gmt":"2024-09-03T12:51:49","guid":{"rendered":"https:\/\/www.it-dev.eu\/?page_id=5159"},"modified":"2024-09-03T14:51:50","modified_gmt":"2024-09-03T12:51:50","slug":"regulamin-konkursu-linkedin-live","status":"publish","type":"page","link":"https:\/\/www.it-dev.eu\/pl\/regulamin-konkursu-linkedin-live\/","title":{"rendered":"Regulamin konkursu LinkedIn Live"},"content":{"rendered":"\n<p>Organizatorem konkursu jest IT-Dev sp. z o.o., z siedzib\u0105 we Wroc\u0142awiu przy ul. Gen. W\u0142adys\u0142awa Sikorskiego 26, 53-659 Wroc\u0142aw, wpisan\u0105 do rejestru przedsi\u0119biorc\u00f3w Krajowego Rejestru S\u0105dowego prowadzonego przez S\u0105d Rejonowy we Wroc\u0142awiu, VI Wydzia\u0142 Gospodarczy Krajowego Rejestru S\u0105dowego pod numerem KRS 0000252663, nr NIP 8971713178, nr REGON 020240415, o kapitale zak\u0142adowym 60000 PLN,<\/p>\n\n\n\n<p>zwany dalej \u201eOrganizatorem\u201d.<\/p>\n\n\n\n<h2 class=\"wp-block-heading h3 strong\">I. DEFINICJE<\/h2>\n\n\n\n<ol class=\"wp-block-list\">\n<li>Konkurs \u2013 konkurs prowadzony pod nazw\u0105 \u201eWYGRAJ GAD\u017bETY OD DOHT\u00d3RA I IRENKI\u201d organizowany w ramach serwisu spo\u0142eczno\u015bciowego Linkedln\u00ae na zasadach okre\u015blonych w niniejszym Regulaminie.<\/li>\n\n\n\n<li>Organizator \u2013 IT-Dev sp. z o.o., z siedzib\u0105 przy ul. Gen. W\u0142adys\u0142awa Sikorskiego 26, 53-659 Wroc\u0142aw, NIP: 8971713178.<\/li>\n\n\n\n<li>Uczestnik zabawy &#8211; osoba fizyczna posiadaj\u0105ca pe\u0142n\u0105 zdolno\u015b\u0107 do czynno\u015bci prawnych.<br><\/li>\n<\/ol>\n\n\n\n<h2 class=\"wp-block-heading h3 strong\">II. POSTANOWIENIA OG\u00d3LNE<\/h2>\n\n\n\n<p>1. Celem konkursu jest przekazanie dw\u00f3m wybranym osobom zestawu gad\u017cet\u00f3w: kubeczek + koszulka.<\/p>\n\n\n\n<p>2. Nagroda przys\u0142ugiwa\u0107 b\u0119dzie osobom, kt\u00f3re udziel\u0105 prawid\u0142owej odpowiedzi na zadane trzy pytania konkursowe.<\/p>\n\n\n\n<p>3. Konkurs jest organizowany na zlecenie i rzecz Organizatora. Organizator jest fundatorem nagr\u00f3d w konkursie.<\/p>\n\n\n\n<p>4. Regulamin jest dost\u0119pny na stronie <a href=\"https:\/\/www.it-dev.eu\/regulamin\">https:\/\/www.it-dev.eu\/<\/a>regulamin&nbsp;<\/p>\n\n\n\n<p>5. Przyst\u0119puj\u0105c do konkursu, poprzez wys\u0142anie swojego komentarza \u2013 uczestnik akceptuje postanowienia regulaminu oraz wyra\u017ca zgod\u0119 na przetwarzanie danych osobowych udost\u0119pnionych w trakcie konkursu.<\/p>\n\n\n\n<p>6. Organizator o\u015bwiadcza, \u017ce konkurs nie jest w \u017caden spos\u00f3b sponsorowany, wspierany, administrowany ani te\u017c tworzony we wsp\u00f3\u0142pracy z Serwisem Linkedln\u00ae. Wszelkie pytania, komentarze oraz skargi i reklamacje zwi\u0105zane z konkursem powinny by\u0107 kierowane do Organizatora, a w \u017cadnym wypadku do w\u0142a\u015bciciela czy administratora Serwisu Linkedln\u00ae. Wszelkie dane osobowe i informacje przekazywane przez uczestnik\u00f3w w ramach konkursu powierzane s\u0105 Organizatorowi, a nie w\u0142a\u015bcicielowi czy administratorowi Serwisu Linkedln\u00ae. Organizator zwalnia w ca\u0142o\u015bci serwis Linkedln\u00ae od jakiejkolwiek odpowiedzialno\u015bci wobec Uczestnik\u00f3w wynikaj\u0105cej z konkursu.<\/p>\n\n\n\n<p>7. Konkurs nie jest gr\u0105 hazardow\u0105 w rozumieniu ustawy z dnia 19 listopada 2009 r. o grach hazardowych (Dz. U. 2009, Nr 201, poz. 1540 ze zm.) i nie podlega rygorom okre\u015blonym w w\/w ustawie.<\/p>\n\n\n\n<p>8. Konkurs prowadzony jest za po\u015brednictwem Fanpage\u2019a w Serwisie Linkedln\u00ae na \u015bcianie (wallu) Fanpage\u2019a pod adresem<a href=\"https:\/\/www.linkedin.com\/company\/promag-s-a-\/\"> <\/a>https:\/\/www.linkedin.com\/company\/digital-dexterity-labs\/<\/p>\n\n\n\n<h2 class=\"wp-block-heading h3 strong\">III. WARUNKI UCZESTNICTWA I ZG\u0141OSZENIE UCZESTNICTWA W KONKURSIE<\/h2>\n\n\n\n<p>1. Udzia\u0142 w konkursie jest dobrowolny i nieodp\u0142atny.<\/p>\n\n\n\n<p>2. Prawo udzia\u0142u w konkursie przys\u0142uguje osobom, kt\u00f3re spe\u0142niaj\u0105 warunki uczestnictwa w konkursie, wskazane w tre\u015bci Regulaminu i nie podlegaj\u0105 wykluczeniu z udzia\u0142u w konkursie, zgodnie z tre\u015bci\u0105 Regulaminu.<\/p>\n\n\n\n<p>3. W konkursie mo\u017ce wzi\u0105\u0107 udzia\u0142 osoba fizyczna, kt\u00f3ra spe\u0142nia \u0142\u0105cznie nast\u0119puj\u0105ce warunki:<\/p>\n\n\n\n<p>a) posiada miejsce zamieszkania na terytorium Rzeczpospolitej Polski;<\/p>\n\n\n\n<p>b) posiada pe\u0142n\u0105 zdolno\u015b\u0107 do czynno\u015bci prawnych;<\/p>\n\n\n\n<p>c) posiada niefikcyjne (czyli zawieraj\u0105ce prawdziwe dane Uczestnika) indywidualne konto u\u017cytkownika w Serwisie Linkedln\u00ae;<\/p>\n\n\n\n<p>d) nie jest pracownikiem, sta\u017cyst\u0105, praktykantem w firmie Organizatora;<\/p>\n\n\n\n<p>e) nie jest pracownikiem firm konkurencyjnych w stosunku do firmy Organizatora;<\/p>\n\n\n\n<p>f) zapozna\u0142a si\u0119 z tre\u015bci\u0105 Regulaminu i zaakceptowa\u0142a jego postanowienia zgodnie z pkt 2.5. Regulaminu;<\/p>\n\n\n\n<p>g) wyrazi\u0142a zgod\u0119 na przetwarzanie danych osobowych udost\u0119pnionych w konkursie w celach zwi\u0105zanych z konkursem oraz powiadomienia o przyznaniu i wydaniu Nagrody zgodnie z pkt 7.1. Regulaminu.<\/p>\n\n\n\n<h2 class=\"wp-block-heading h3 strong\">IV. PRZEDMIOT I CZAS TRWANIA ZABAWY<\/h2>\n\n\n\n<p>1. Przedmiotem konkursu jest odpowied\u017a na trzy pytania, na kt\u00f3re odpowiedzi pojawi\u0105 si\u0119 podczas live\u2019a zorganizowanego na profilu Organizatora <a href=\"https:\/\/www.linkedin.com\/company\/digital-dexterity-labs\/\">https:\/\/www.linkedin.com\/company\/digital-dexterity-labs\/<\/a> w dniu 4.09.2024 r. o godz. 10:00.<\/p>\n\n\n\n<p>2. Konkurs odb\u0119dzie si\u0119 w dniu 04.09.2024 w godz. 10:00 &#8211; 24:00.<\/p>\n\n\n\n<p>3. Do konkursu mo\u017cna przyst\u0105pi\u0107 w dowolnym momencie jego trwania.<\/p>\n\n\n\n<h2 class=\"wp-block-heading h3 strong\">V. PRZEBIEG ZABAWY<\/h2>\n\n\n\n<p>1. W celu wzi\u0119cia udzia\u0142u w konkursie nale\u017cy udzieli\u0107 odpowiedzi na pytania konkursowe w komentarzu do za\u0142o\u017conego wydarzenia na profilu <a href=\"https:\/\/www.linkedin.com\/events\/zapobieganiezawa-ombiznesowym-o7214224566854832138\/theater\/\">https:\/\/www.linkedin.com\/events\/zapobieganiezawa-ombiznesowym-o7214224566854832138\/theater\/<\/a>&nbsp; do 4.09.2024 r. do godz. 24:00.<\/p>\n\n\n\n<p>2. Zg\u0142oszenia niezgodne z niniejszym Regulaminem nie b\u0119d\u0105 brane pod uwag\u0119 w konkursie, a ich autorzy nie b\u0119d\u0105 uprawnieni do ubiegania si\u0119 o nagrod\u0119.<\/p>\n\n\n\n<p>3. Laureat konkursu zostanie og\u0142oszeny na \u015bcianie (wallu) Fanpage&#8217;a<a href=\"https:\/\/www.linkedin.com\/company\/promag-s-a-\/\"> <\/a>https:\/\/www.linkedin.com\/company\/digital-dexterity-labs\/ nie p\u00f3\u017aniej ni\u017c 5 dni po zako\u0144czeniu konkursu.<\/p>\n\n\n\n<p>4. Publikacji, o kt\u00f3rej mowa w punkcie V.3 b\u0119d\u0105 podlega\u0142y nazwy u\u017cytkownik\u00f3w Serwisu Linkedln\u00ae danego Laureata konkursu.<\/p>\n\n\n\n<h2 class=\"wp-block-heading h3 strong\">VI. NAGRODY<\/h2>\n\n\n\n<p>1. W konkursie przewidziano nast\u0119puj\u0105ce nagrody: dwa zestawy gad\u017cet\u00f3w: kubeczek i koszulka dla os\u00f3b, kt\u00f3re udziel\u0105 prawid\u0142owej odpowiedzi na trzy pytania zadane podczas wydarzenia.<\/p>\n\n\n\n<h2 class=\"wp-block-heading h3 strong\">VII. WYDANIE NAGRODY<\/h2>\n\n\n\n<p>1. Laureat konkursu najp\u00f3\u017aniej w ci\u0105gu 7 dni po og\u0142oszeniu wynik\u00f3w otrzyma od Organizatora powiadomienie za pomoc\u0105 wiadomo\u015bci prywatnej Linkedln na profil, z kt\u00f3rego przes\u0142a\u0142 zg\u0142oszenie.<\/p>\n\n\n\n<p>W tre\u015bci wiadomo\u015bci prywatnej wys\u0142anej za po\u015brednictwem portalu Linkedln, Organizator wezwie Zwyci\u0119zc\u0119 do przekazania danych niezb\u0119dnych do odbioru nagrody, tj.:<\/p>\n\n\n\n<p>a. imi\u0119 i nazwisko,<br>b. numer telefonu,<br>c. adres do dor\u0119cze\u0144 &#8211; ulica, numer domu, kod pocztowy, miejscowo\u015b\u0107.<\/p>\n\n\n\n<p>Organizator czeka na odpowied\u017a laureata tydzie\u0144, czyli 7 dni kalendarzowych licz\u0105c od dnia przes\u0142ania zawiadomienia przez Organizatora.<\/p>\n\n\n\n<p>2. W celu wyja\u015bnienia w\u0105tpliwo\u015bci zwi\u0105zanych z udzia\u0142em Uczestnika w konkursie Organizator mo\u017ce kontaktowa\u0107 si\u0119 z nim przy wykorzystaniu podanych przez niego przy okazji dokonywania zg\u0142oszenia danych oraz \u017c\u0105da\u0107 podania szczeg\u00f3\u0142owych informacji zwi\u0105zanych z udzia\u0142em Uczestnika w konkursie, w tym z\u0142o\u017cenia o\u015bwiadczenia o okre\u015blonej formie i tre\u015bci oraz przedstawienia stosownych dokument\u00f3w w ka\u017cdorazowo wskazanym odpowiednim terminie, o ile jest to konieczne do realizacji celu konkursu. Odmowa Uczestnika b\u0105d\u017a niezastosowanie si\u0119 do wezwania r\u00f3wnoznaczne jest z niespe\u0142nieniem przez Uczestnika wymaga\u0144 stawianych w Regulaminie i skutkowa\u0107 b\u0119dzie jego wykluczeniem z konkursu na ka\u017cdym etapie, r\u00f3wnie\u017c po jego zako\u0144czeniu, z utrat\u0105 prawa do przyznanej nagrody w\u0142\u0105cznie.<\/p>\n\n\n\n<p>3. Laureat konkursu nie jest uprawniony do \u017c\u0105dania szczeg\u00f3lnych w\u0142a\u015bciwo\u015bci uzyskanej nagrody, wymiany nagrody na inn\u0105, ani te\u017c wydania r\u00f3wnowarto\u015bci nagrody w pieni\u0105dzu.<\/p>\n\n\n\n<h2 class=\"wp-block-heading h3 strong\">VIII. POSTANOWIENIA KO\u0143COWE<\/h2>\n\n\n\n<p>1. Organizator zastrzega sobie mo\u017cliwo\u015b\u0107 zmiany Regulaminu, o ile nie pogorszy ona warunk\u00f3w uczestnictwa w konkursie. Zmiana wchodzi w \u017cycie z chwil\u0105 jej publikacji na Linkedln\u00ae. W przypadku zmiany Regulaminu Uczestnicy zostan\u0105 powiadomieni o niej za po\u015brednictwem komunikatu na \u015bcianie (wallu) Fanpage\u2019a.<\/p>\n\n\n\n<p>2. Organizator zastrzega sobie prawo weryfikacji, czy Uczestnicy spe\u0142niaj\u0105 warunki okre\u015blone w Regulaminie.<\/p>\n\n\n\n<p>3. Wszystkie tre\u015bci zawarte w materia\u0142ach reklamowych lub promocyjnych zwi\u0105zanych z konkursem maj\u0105 charakter jedynie informacyjny. Moc prawn\u0105 maj\u0105 jedynie postanowienia niniejszego Regulaminu i obowi\u0105zuj\u0105ce przepisy prawa.<\/p>\n\n\n\n<p>4. Wszelkie spory, jakie mog\u0105 powsta\u0107 w zwi\u0105zku z wykonaniem zobowi\u0105za\u0144 wynikaj\u0105cych z konkursu, b\u0119d\u0105 rozstrzygane przez w\u0142a\u015bciwy miejscowo i rzeczowo s\u0105d powszechny.<\/p>\n\n\n\n<p>5. W sprawach nieuregulowanych niniejszym Regulaminem stosuje si\u0119 przepisy Kodeksu Cywilnego.<\/p>\n\n\n\n<p>6. Niniejszy Regulamin oraz jego zmiany wchodz\u0105 w \u017cycie z chwil\u0105 ich og\u0142oszenia na Fanpage\u2019u.<\/p>\n","protected":false},"excerpt":{"rendered":"<p>Organizatorem konkursu jest IT-Dev sp. z o.o., z siedzib\u0105 we Wroc\u0142awiu przy ul. Gen. W\u0142adys\u0142awa Sikorskiego 26, 53-659 Wroc\u0142aw, wpisan\u0105 do rejestru przedsi\u0119biorc\u00f3w Krajowego Rejestru S\u0105dowego prowadzonego przez S\u0105d Rejonowy we Wroc\u0142awiu, VI Wydzia\u0142 Gospodarczy Krajowego Rejestru S\u0105dowego pod numerem KRS 0000252663, nr NIP 8971713178, nr REGON 020240415, o kapitale zak\u0142adowym 60000 PLN, zwany dalej<a class=\"excerpt-read-more\" href=\"https:\/\/www.it-dev.eu\/pl\/regulamin-konkursu-linkedin-live\/\" title=\"ReadRegulamin konkursu LinkedIn Live\">&#8230; Read more &raquo;<\/a><\/p>\n","protected":false},"author":8,"featured_media":0,"parent":0,"menu_order":0,"comment_status":"closed","ping_status":"closed","template":"","meta":{"_acf_changed":false,"inline_featured_image":false,"footnotes":""},"class_list":["post-5159","page","type-page","status-publish","hentry"],"acf":[],"yoast_head":"<!-- This site is optimized with the Yoast SEO plugin v27.5 - https:\/\/yoast.com\/product\/yoast-seo-wordpress\/ -->\n<title>Regulamin konkursu LinkedIn Live - IT-Dev<\/title>\n<meta name=\"robots\" content=\"index, follow, max-snippet:-1, max-image-preview:large, max-video-preview:-1\" \/>\n<link rel=\"canonical\" href=\"https:\/\/www.it-dev.eu\/pl\/regulamin-konkursu-linkedin-live\/\" \/>\n<meta property=\"og:locale\" content=\"pl_PL\" \/>\n<meta property=\"og:type\" content=\"article\" \/>\n<meta property=\"og:title\" content=\"Regulamin konkursu LinkedIn Live - IT-Dev\" \/>\n<meta property=\"og:description\" content=\"Organizatorem konkursu jest IT-Dev sp. z o.o., z siedzib\u0105 we Wroc\u0142awiu przy ul. Gen. W\u0142adys\u0142awa Sikorskiego 26, 53-659 Wroc\u0142aw, wpisan\u0105 do rejestru przedsi\u0119biorc\u00f3w Krajowego Rejestru S\u0105dowego prowadzonego przez S\u0105d Rejonowy we Wroc\u0142awiu, VI Wydzia\u0142 Gospodarczy Krajowego Rejestru S\u0105dowego pod numerem KRS 0000252663, nr NIP 8971713178, nr REGON 020240415, o kapitale zak\u0142adowym 60000 PLN, zwany dalej... Read more &raquo;\" \/>\n<meta property=\"og:url\" content=\"https:\/\/www.it-dev.eu\/pl\/regulamin-konkursu-linkedin-live\/\" \/>\n<meta property=\"og:site_name\" content=\"IT-Dev\" \/>\n<meta property=\"article:publisher\" content=\"https:\/\/www.facebook.com\/ITDevWroc\/\" \/>\n<meta property=\"article:modified_time\" content=\"2024-09-03T12:51:50+00:00\" \/>\n<meta name=\"twitter:card\" content=\"summary_large_image\" \/>\n<meta name=\"twitter:site\" content=\"@IT_Dev\" \/>\n<meta name=\"twitter:label1\" content=\"Szacowany czas czytania\" \/>\n\t<meta name=\"twitter:data1\" content=\"5 minut\" \/>\n<script type=\"application\/ld+json\" class=\"yoast-schema-graph\">{\"@context\":\"https:\\\/\\\/schema.org\",\"@graph\":[{\"@type\":\"WebPage\",\"@id\":\"https:\\\/\\\/www.it-dev.eu\\\/pl\\\/regulamin-konkursu-linkedin-live\\\/\",\"url\":\"https:\\\/\\\/www.it-dev.eu\\\/pl\\\/regulamin-konkursu-linkedin-live\\\/\",\"name\":\"Regulamin konkursu LinkedIn Live - IT-Dev\",\"isPartOf\":{\"@id\":\"https:\\\/\\\/www.it-dev.eu\\\/pl\\\/#website\"},\"datePublished\":\"2024-09-03T12:51:49+00:00\",\"dateModified\":\"2024-09-03T12:51:50+00:00\",\"breadcrumb\":{\"@id\":\"https:\\\/\\\/www.it-dev.eu\\\/pl\\\/regulamin-konkursu-linkedin-live\\\/#breadcrumb\"},\"inLanguage\":\"pl-PL\",\"potentialAction\":[{\"@type\":\"ReadAction\",\"target\":[\"https:\\\/\\\/www.it-dev.eu\\\/pl\\\/regulamin-konkursu-linkedin-live\\\/\"]}]},{\"@type\":\"BreadcrumbList\",\"@id\":\"https:\\\/\\\/www.it-dev.eu\\\/pl\\\/regulamin-konkursu-linkedin-live\\\/#breadcrumb\",\"itemListElement\":[{\"@type\":\"ListItem\",\"position\":1,\"name\":\"Strona g\u0142\u00f3wna\",\"item\":\"https:\\\/\\\/www.it-dev.eu\\\/pl\\\/\"},{\"@type\":\"ListItem\",\"position\":2,\"name\":\"Regulamin konkursu LinkedIn Live\"}]},{\"@type\":\"WebSite\",\"@id\":\"https:\\\/\\\/www.it-dev.eu\\\/pl\\\/#website\",\"url\":\"https:\\\/\\\/www.it-dev.eu\\\/pl\\\/\",\"name\":\"IT-Dev - Limitless Digital Workplace\",\"description\":\"We create limitless Digital Workplaces\",\"publisher\":{\"@id\":\"https:\\\/\\\/www.it-dev.eu\\\/pl\\\/#organization\"},\"potentialAction\":[{\"@type\":\"SearchAction\",\"target\":{\"@type\":\"EntryPoint\",\"urlTemplate\":\"https:\\\/\\\/www.it-dev.eu\\\/pl\\\/?s={search_term_string}\"},\"query-input\":{\"@type\":\"PropertyValueSpecification\",\"valueRequired\":true,\"valueName\":\"search_term_string\"}}],\"inLanguage\":\"pl-PL\"},{\"@type\":\"Organization\",\"@id\":\"https:\\\/\\\/www.it-dev.eu\\\/pl\\\/#organization\",\"name\":\"IT-Dev - Limitless Digital Workplace\",\"url\":\"https:\\\/\\\/www.it-dev.eu\\\/pl\\\/\",\"logo\":{\"@type\":\"ImageObject\",\"inLanguage\":\"pl-PL\",\"@id\":\"https:\\\/\\\/www.it-dev.eu\\\/pl\\\/#\\\/schema\\\/logo\\\/image\\\/\",\"url\":\"https:\\\/\\\/www.it-dev.eu\\\/wp-content\\\/uploads\\\/2023\\\/12\\\/it-dev-logo-696x696-1.png\",\"contentUrl\":\"https:\\\/\\\/www.it-dev.eu\\\/wp-content\\\/uploads\\\/2023\\\/12\\\/it-dev-logo-696x696-1.png\",\"width\":696,\"height\":696,\"caption\":\"IT-Dev - Limitless Digital Workplace\"},\"image\":{\"@id\":\"https:\\\/\\\/www.it-dev.eu\\\/pl\\\/#\\\/schema\\\/logo\\\/image\\\/\"},\"sameAs\":[\"https:\\\/\\\/www.facebook.com\\\/ITDevWroc\\\/\",\"https:\\\/\\\/x.com\\\/IT_Dev\",\"https:\\\/\\\/www.linkedin.com\\\/company\\\/it-dev\\\/\",\"https:\\\/\\\/www.youtube.com\\\/user\\\/biuroitdev\"]}]}<\/script>\n<!-- \/ Yoast SEO plugin. -->","yoast_head_json":{"title":"Regulamin konkursu LinkedIn Live - IT-Dev","robots":{"index":"index","follow":"follow","max-snippet":"max-snippet:-1","max-image-preview":"max-image-preview:large","max-video-preview":"max-video-preview:-1"},"canonical":"https:\/\/www.it-dev.eu\/pl\/regulamin-konkursu-linkedin-live\/","og_locale":"pl_PL","og_type":"article","og_title":"Regulamin konkursu LinkedIn Live - IT-Dev","og_description":"Organizatorem konkursu jest IT-Dev sp. z o.o., z siedzib\u0105 we Wroc\u0142awiu przy ul. Gen. W\u0142adys\u0142awa Sikorskiego 26, 53-659 Wroc\u0142aw, wpisan\u0105 do rejestru przedsi\u0119biorc\u00f3w Krajowego Rejestru S\u0105dowego prowadzonego przez S\u0105d Rejonowy we Wroc\u0142awiu, VI Wydzia\u0142 Gospodarczy Krajowego Rejestru S\u0105dowego pod numerem KRS 0000252663, nr NIP 8971713178, nr REGON 020240415, o kapitale zak\u0142adowym 60000 PLN, zwany dalej... Read more &raquo;","og_url":"https:\/\/www.it-dev.eu\/pl\/regulamin-konkursu-linkedin-live\/","og_site_name":"IT-Dev","article_publisher":"https:\/\/www.facebook.com\/ITDevWroc\/","article_modified_time":"2024-09-03T12:51:50+00:00","twitter_card":"summary_large_image","twitter_site":"@IT_Dev","twitter_misc":{"Szacowany czas czytania":"5 minut"},"schema":{"@context":"https:\/\/schema.org","@graph":[{"@type":"WebPage","@id":"https:\/\/www.it-dev.eu\/pl\/regulamin-konkursu-linkedin-live\/","url":"https:\/\/www.it-dev.eu\/pl\/regulamin-konkursu-linkedin-live\/","name":"Regulamin konkursu LinkedIn Live - IT-Dev","isPartOf":{"@id":"https:\/\/www.it-dev.eu\/pl\/#website"},"datePublished":"2024-09-03T12:51:49+00:00","dateModified":"2024-09-03T12:51:50+00:00","breadcrumb":{"@id":"https:\/\/www.it-dev.eu\/pl\/regulamin-konkursu-linkedin-live\/#breadcrumb"},"inLanguage":"pl-PL","potentialAction":[{"@type":"ReadAction","target":["https:\/\/www.it-dev.eu\/pl\/regulamin-konkursu-linkedin-live\/"]}]},{"@type":"BreadcrumbList","@id":"https:\/\/www.it-dev.eu\/pl\/regulamin-konkursu-linkedin-live\/#breadcrumb","itemListElement":[{"@type":"ListItem","position":1,"name":"Strona g\u0142\u00f3wna","item":"https:\/\/www.it-dev.eu\/pl\/"},{"@type":"ListItem","position":2,"name":"Regulamin konkursu LinkedIn Live"}]},{"@type":"WebSite","@id":"https:\/\/www.it-dev.eu\/pl\/#website","url":"https:\/\/www.it-dev.eu\/pl\/","name":"IT-Dev - Limitless Digital Workplace","description":"We create limitless Digital Workplaces","publisher":{"@id":"https:\/\/www.it-dev.eu\/pl\/#organization"},"potentialAction":[{"@type":"SearchAction","target":{"@type":"EntryPoint","urlTemplate":"https:\/\/www.it-dev.eu\/pl\/?s={search_term_string}"},"query-input":{"@type":"PropertyValueSpecification","valueRequired":true,"valueName":"search_term_string"}}],"inLanguage":"pl-PL"},{"@type":"Organization","@id":"https:\/\/www.it-dev.eu\/pl\/#organization","name":"IT-Dev - Limitless Digital Workplace","url":"https:\/\/www.it-dev.eu\/pl\/","logo":{"@type":"ImageObject","inLanguage":"pl-PL","@id":"https:\/\/www.it-dev.eu\/pl\/#\/schema\/logo\/image\/","url":"https:\/\/www.it-dev.eu\/wp-content\/uploads\/2023\/12\/it-dev-logo-696x696-1.png","contentUrl":"https:\/\/www.it-dev.eu\/wp-content\/uploads\/2023\/12\/it-dev-logo-696x696-1.png","width":696,"height":696,"caption":"IT-Dev - Limitless Digital Workplace"},"image":{"@id":"https:\/\/www.it-dev.eu\/pl\/#\/schema\/logo\/image\/"},"sameAs":["https:\/\/www.facebook.com\/ITDevWroc\/","https:\/\/x.com\/IT_Dev","https:\/\/www.linkedin.com\/company\/it-dev\/","https:\/\/www.youtube.com\/user\/biuroitdev"]}]}},"_links":{"self":[{"href":"https:\/\/www.it-dev.eu\/pl\/wp-json\/wp\/v2\/pages\/5159","targetHints":{"allow":["GET"]}}],"collection":[{"href":"https:\/\/www.it-dev.eu\/pl\/wp-json\/wp\/v2\/pages"}],"about":[{"href":"https:\/\/www.it-dev.eu\/pl\/wp-json\/wp\/v2\/types\/page"}],"author":[{"embeddable":true,"href":"https:\/\/www.it-dev.eu\/pl\/wp-json\/wp\/v2\/users\/8"}],"replies":[{"embeddable":true,"href":"https:\/\/www.it-dev.eu\/pl\/wp-json\/wp\/v2\/comments?post=5159"}],"version-history":[{"count":4,"href":"https:\/\/www.it-dev.eu\/pl\/wp-json\/wp\/v2\/pages\/5159\/revisions"}],"predecessor-version":[{"id":5166,"href":"https:\/\/www.it-dev.eu\/pl\/wp-json\/wp\/v2\/pages\/5159\/revisions\/5166"}],"wp:attachment":[{"href":"https:\/\/www.it-dev.eu\/pl\/wp-json\/wp\/v2\/media?parent=5159"}],"curies":[{"name":"wp","href":"https:\/\/api.w.org\/{rel}","templated":true}]}}