{"id":9249,"date":"2025-11-18T10:30:39","date_gmt":"2025-11-18T09:30:39","guid":{"rendered":"https:\/\/www.it-dev.eu\/?page_id=9249"},"modified":"2026-04-15T10:00:24","modified_gmt":"2026-04-15T08:00:24","slug":"danone","status":"publish","type":"page","link":"https:\/\/www.it-dev.eu\/pl\/klienci\/danone\/","title":{"rendered":"Danone"},"content":{"rendered":"\n<h2 class=\"wp-block-heading icon-warning\">R\u0119czna inwentaryzacja tysi\u0119cy \u015brodk\u00f3w<\/h2>\n\n\n\n<p>Jednym z istotnych wyzwa\u0144 operacyjnych, przed jakimi stan\u0105\u0142 klient, by\u0142o efektywne zarz\u0105dzanie tysi\u0105cami \u015brodk\u00f3w trwa\u0142ych rozproszonych na terenie ogromnego zak\u0142adu produkcyjnego. Dotychczasowy proces inwentaryzacji opiera\u0142 si\u0119 na manualnych metodach, kt\u00f3re obejmowa\u0142y r\u0119czne spisy i przegl\u0105danie papierowej dokumentacji.<\/p>\n\n\n\n<p>Trudno\u015bci zwi\u0105zane ze zlokalizowaniem, zidentyfikowaniem oraz zaktualizowaniem opisu generowa\u0142y setki godzin dodatkowej pracy. Do tego r\u0119czne wprowadzanie danych wi\u0105za\u0142o si\u0119 z du\u017cym ryzykiem pomy\u0142ek.<\/p>\n\n\n\n<p>Istnia\u0142a mo\u017cliwo\u015b\u0107 skorzystania z gotowego rozwi\u0105zania gotowego modu\u0142u systemu ERP, kt\u00f3re mog\u0142yby rozwi\u0105za\u0107 te problemy, natomiast ta opcja wi\u0105za\u0142a si\u0119 z du\u017cymi dodatkowymi wydatkami licencyjnymi, co sprawia\u0142o, \u017ce ewentualna inwestycja w nie by\u0142a nieop\u0142acalna. Dodatkowo opcja ta wi\u0105za\u0142a si\u0119 z konieczno\u015bci\u0105 zaanga\u017cowania globalnego IT, co wyd\u0142u\u017cy\u0142oby termin, w jakim istnia\u0142aby mo\u017cliwo\u015b\u0107 rozwi\u0105zania wyzwania.<\/p>\n\n\n\n<p>Organizacja potrzebowa\u0142a rozwi\u0105zania, kt\u00f3re by\u0142oby nie tylko skuteczne, ale tak\u017ce racjonalne kosztowo i gwarantowa\u0142o szybk\u0105 realizacj\u0119 i zwrot z inwestycji.<\/p>\n\n\n\n<div style=\"height:80px\" aria-hidden=\"true\" class=\"wp-block-spacer\"><\/div>\n\n\n\n<h2 class=\"wp-block-heading icon-bulb\">Aplikacja mobilna z kodami QR<\/h2>\n\n\n\n<p>Poniewa\u017c \u015brodowisko Microsoft Power Platform jest zatwierdzone na poziomie ca\u0142ej grupy DANONE, w odpowiedzi na te wyzwania zaproponowali\u015bmy stworzenie szytej na miar\u0119 aplikacji opartej w\u0142a\u015bnie na tym \u015brodowisku. Zamiast inwestowa\u0107 w drogie, gotowe modu\u0142y, kreatywnie wykorzystali\u015bmy technologie, na kt\u00f3re klient ju\u017c posiada\u0142 licencje.<\/p>\n\n\n\n<p>Nasze rozwi\u0105zanie to kompleksowy system sk\u0142adaj\u0105cy si\u0119 z trzech zintegrowanych modu\u0142\u00f3w:<\/p>\n\n\n\n<ul class=\"wp-block-list arrow-list\">\n<li><strong>Modu\u0142 importu danych<\/strong>. Aplikacja webowa, kt\u00f3ra pozwala pracownikom dzia\u0142u ksi\u0119gowo\u015bci \u0142atwo importowa\u0107 dane o \u015brodkach trwa\u0142ych z plik\u00f3w Excel. System automatycznie przetwarza, czy\u015bci i standaryzuje informacje, eliminuj\u0105c potrzeb\u0119 r\u0119cznego formatowania.&nbsp;<\/li>\n\n\n\n<li><strong>Modu\u0142 wydruku etykiet<\/strong>. Po zaimportowaniu danych system umo\u017cliwia b\u0142yskawiczne generowanie etykiet z kodami QR dla ka\u017cdego \u015brodka trwa\u0142ego.<\/li>\n\n\n\n<li><strong>Aplikacja mobilna. <\/strong>Intuicyjne narz\u0119dzie dla pracownik\u00f3w terenowych, kt\u00f3re pozwala na skanowanie kod\u00f3w QR za pomoc\u0105 standardowych urz\u0105dze\u0144 mobilnych. Po zeskanowaniu etykiety pracownik widzi na ekranie wszystkie dane \u015brodka trwa\u0142ego, mo\u017ce doda\u0107 zdj\u0119cia i komentarze, a status \u015brodka jest automatycznie aktualizowany w bazie danych.<\/li>\n<\/ul>\n\n\n\n<p>System zosta\u0142 zaprojektowany z my\u015bl\u0105 o prostocie obs\u0142ugi z uwzgl\u0119dnieniem najlepszych praktyk UX\/UI dla aplikacji webowych oraz urz\u0105dze\u0144 mobilnych. Tak, aby ka\u017cdy pracownik, niezale\u017cnie od bieg\u0142o\u015bci technicznej, m\u00f3g\u0142 z niego bezproblemowo korzysta\u0107.<\/p>\n\n\n\n<div style=\"height:80px\" aria-hidden=\"true\" class=\"wp-block-spacer\"><\/div>\n\n\n\n<h2 class=\"wp-block-heading icon-chartup\">Pewne dane o ka\u017cdym aktywie<\/h2>\n\n\n\n<p>Wdro\u017cenie aplikacji ca\u0142kowicie odmieni\u0142o proces zarz\u0105dzania \u015brodkami trwa\u0142ymi. Znikn\u0119\u0142a potrzeba \u017cmudnego, r\u0119cznego przygotowywania list, a ca\u0142y proces sta\u0142 si\u0119 p\u0142ynny i transparentny.<\/p>\n\n\n\n<p>Najwi\u0119ksz\u0105 warto\u015bci\u0105 sta\u0142a si\u0119 jednak pewno\u015b\u0107 i rzetelno\u015b\u0107 danych. Organizacja zyska\u0142a pe\u0142ny, aktualny obraz swoich zasob\u00f3w, co jest szczeg\u00f3lnie wa\u017cne podczas audyt\u00f3w i planowania.<\/p>\n\n\n\n<div style=\"height:80px\" aria-hidden=\"true\" class=\"wp-block-spacer\"><\/div>\n\n\n\n<h2 class=\"wp-block-heading\">Minuty zamiast godzin inwentaryzacji<\/h2>\n\n\n\n<div class=\"wp-block-group itdev-icon-row is-nowrap is-layout-flex wp-container-core-group-is-layout-ad2f72ca wp-block-group-is-layout-flex\">\n<figure class=\"wp-block-image size-full\"><img decoding=\"async\" src=\"https:\/\/www.it-dev.eu\/wp-content\/uploads\/2026\/02\/icon-clock-orange.svg\" alt=\"\" class=\"wp-image-10689\"\/><\/figure>\n\n\n\n<p>Skr\u00f3cenie czasu przygotowania list \u015brodk\u00f3w trwa\u0142ych z kilku godzin do zaledwie kilkunastu minut.<\/p>\n<\/div>\n\n\n\n<div class=\"wp-block-group itdev-icon-row is-nowrap is-layout-flex wp-container-core-group-is-layout-ad2f72ca wp-block-group-is-layout-flex\">\n<figure class=\"wp-block-image size-large\"><img loading=\"lazy\" decoding=\"async\" width=\"60\" height=\"60\" src=\"https:\/\/www.it-dev.eu\/wp-content\/uploads\/2026\/02\/icon-DollarCircle.svg\" alt=\"\" class=\"wp-image-10706\"\/><\/figure>\n\n\n\n<p>Oszcz\u0119dno\u015b\u0107 setek godzin pracy w skali roku dzi\u0119ki cyfryzacji procesu inwentaryzacji.<\/p>\n<\/div>\n\n\n\n<div class=\"wp-block-group itdev-icon-row is-nowrap is-layout-flex wp-container-core-group-is-layout-ad2f72ca wp-block-group-is-layout-flex\">\n<figure class=\"wp-block-image size-large\"><img loading=\"lazy\" decoding=\"async\" width=\"60\" height=\"59\" src=\"https:\/\/www.it-dev.eu\/wp-content\/uploads\/2026\/02\/icon-viva-user-gear-orange.svg\" alt=\"\" class=\"wp-image-10623\"\/><\/figure>\n\n\n\n<p>Eliminacja ludzkich b\u0142\u0119d\u00f3w i koszt\u00f3w zwi\u0105zanych z ich korygowaniem.<\/p>\n<\/div>\n\n\n\n<div class=\"wp-block-group itdev-icon-row is-nowrap is-layout-flex wp-container-core-group-is-layout-ad2f72ca wp-block-group-is-layout-flex\">\n<figure class=\"wp-block-image size-large\"><img loading=\"lazy\" decoding=\"async\" width=\"60\" height=\"60\" src=\"https:\/\/www.it-dev.eu\/wp-content\/uploads\/2026\/02\/icon-viva-graph-orange.svg\" alt=\"\" class=\"wp-image-10659\"\/><\/figure>\n\n\n\n<p>Znaczne oszcz\u0119dno\u015bci finansowe dzi\u0119ki unikni\u0119ciu dodatkowych op\u0142at licencyjnych modu\u0142\u00f3w ERP.<\/p>\n<\/div>\n\n\n\n<div class=\"wp-block-group itdev-icon-row is-nowrap is-layout-flex wp-container-core-group-is-layout-ad2f72ca wp-block-group-is-layout-flex\">\n<figure class=\"wp-block-image size-large\"><img loading=\"lazy\" decoding=\"async\" width=\"60\" height=\"60\" src=\"https:\/\/www.it-dev.eu\/wp-content\/uploads\/2026\/02\/icon-HandCoins.svg\" alt=\"\" class=\"wp-image-10709\"\/><\/figure>\n\n\n\n<p>B\u0142yskawiczna lokalizacja i weryfikacja \u015brodk\u00f3w trwa\u0142ych na terenie zak\u0142adu z pomoc\u0105 aplikacji mobilnej.<\/p>\n<\/div>\n\n\n\n<div class=\"wp-block-group itdev-icon-row is-nowrap is-layout-flex wp-container-core-group-is-layout-ad2f72ca wp-block-group-is-layout-flex\">\n<figure class=\"wp-block-image size-large\"><img loading=\"lazy\" decoding=\"async\" width=\"60\" height=\"59\" src=\"https:\/\/www.it-dev.eu\/wp-content\/uploads\/2026\/02\/icon-viva-cloud-check-orange.svg\" alt=\"\" class=\"wp-image-10635\"\/><\/figure>\n\n\n\n<p>Pe\u0142na kontrola nad procesem i danymi, wszystkie informacje o maj\u0105tku firmy dost\u0119pne w czasie rzeczywistym.<\/p>\n<\/div>\n\n\n\n<div style=\"height:80px\" aria-hidden=\"true\" class=\"wp-block-spacer\"><\/div>\n\n\n\n<h2 class=\"wp-block-heading\">Licencje M365 zamiast drogiego ERP<\/h2>\n\n\n\n<p>Ta wsp\u00f3\u0142praca dowodzi, \u017ce innowacyjne my\u015blenie i kreatywne wykorzystanie technologii przynosi wymierne wyniki. Inwestycje w dedykowane aplikacje oparte na elastycznych platformach i posiadanych licencjach mog\u0105 by\u0107 znacznie bardziej efektywne kosztowo ni\u017c wdra\u017canie drogich, gotowych system\u00f3w.<\/p>\n\n\n\n<p>Co wi\u0119cej, sukces tego projektu sta\u0142 si\u0119 dla klienta impulsem do dalszej digitalizacji proces\u00f3w. Otworzy\u0142 drog\u0119 do wdro\u017cenia zaawansowanej analityki i kreatywnego wykorzystania kolejnych narz\u0119dzi ze \u015brodowiska Microsoft 365, a zw\u0142aszcza mo\u017cliwo\u015bci sztucznej inteligencji. W projektowaniu strategii wykorzystania us\u0142ug AI w \u015brodowisku Microsoft 365 wspiera klienta zesp\u00f3\u0142 IT-Dev w ramach autorskiego programu <a href=\"https:\/\/www.it-dev.eu\/landings\/ai-strategy\/\">Successful AI strategy in three steps<\/a>.<\/p>\n","protected":false},"excerpt":{"rendered":"<p>R\u0119czna inwentaryzacja tysi\u0119cy \u015brodk\u00f3w Jednym z istotnych wyzwa\u0144 operacyjnych, przed jakimi stan\u0105\u0142 klient, by\u0142o efektywne zarz\u0105dzanie tysi\u0105cami \u015brodk\u00f3w trwa\u0142ych rozproszonych na terenie ogromnego zak\u0142adu produkcyjnego. Dotychczasowy proces inwentaryzacji opiera\u0142 si\u0119 na manualnych metodach, kt\u00f3re obejmowa\u0142y r\u0119czne spisy i przegl\u0105danie papierowej dokumentacji. Trudno\u015bci zwi\u0105zane ze zlokalizowaniem, zidentyfikowaniem oraz zaktualizowaniem opisu generowa\u0142y setki godzin dodatkowej pracy. Do<a class=\"excerpt-read-more\" href=\"https:\/\/www.it-dev.eu\/pl\/klienci\/danone\/\" title=\"ReadDanone\">&#8230; Read more &raquo;<\/a><\/p>\n","protected":false},"author":3,"featured_media":10931,"parent":2553,"menu_order":0,"comment_status":"closed","ping_status":"closed","template":"templates\/page-case-study.php","meta":{"_acf_changed":false,"inline_featured_image":false,"footnotes":""},"class_list":["post-9249","page","type-page","status-publish","has-post-thumbnail","hentry"],"acf":[],"yoast_head":"<!-- This site is optimized with the Yoast SEO plugin v27.5 - https:\/\/yoast.com\/product\/yoast-seo-wordpress\/ -->\n<title>Danone - IT-Dev<\/title>\n<meta name=\"description\" content=\"Jak Power Platform usprawni\u0142 inwentaryzacj\u0119 w NUTRICIA? Aplikacja mobilna skr\u00f3ci\u0142a czas pracy i wyeliminowa\u0142a b\u0142\u0119dy.\" \/>\n<meta name=\"robots\" content=\"index, follow, max-snippet:-1, max-image-preview:large, max-video-preview:-1\" \/>\n<link rel=\"canonical\" href=\"https:\/\/www.it-dev.eu\/pl\/klienci\/danone\/\" \/>\n<meta property=\"og:locale\" content=\"pl_PL\" \/>\n<meta property=\"og:type\" content=\"article\" \/>\n<meta property=\"og:title\" content=\"Danone - IT-Dev\" \/>\n<meta property=\"og:description\" content=\"Jak Power Platform usprawni\u0142 inwentaryzacj\u0119 w NUTRICIA? Aplikacja mobilna skr\u00f3ci\u0142a czas pracy i wyeliminowa\u0142a b\u0142\u0119dy.\" \/>\n<meta property=\"og:url\" content=\"https:\/\/www.it-dev.eu\/pl\/klienci\/danone\/\" \/>\n<meta property=\"og:site_name\" content=\"IT-Dev\" \/>\n<meta property=\"article:publisher\" content=\"https:\/\/www.facebook.com\/ITDevWroc\/\" \/>\n<meta property=\"article:modified_time\" content=\"2026-04-15T08:00:24+00:00\" \/>\n<meta property=\"og:image\" content=\"https:\/\/www.it-dev.eu\/wp-content\/uploads\/2026\/03\/danone-case-study-1.webp\" \/>\n\t<meta property=\"og:image:width\" content=\"720\" \/>\n\t<meta property=\"og:image:height\" content=\"720\" \/>\n\t<meta property=\"og:image:type\" content=\"image\/webp\" \/>\n<meta name=\"twitter:card\" content=\"summary_large_image\" \/>\n<meta name=\"twitter:site\" content=\"@IT_Dev\" \/>\n<meta name=\"twitter:label1\" content=\"Szacowany czas czytania\" \/>\n\t<meta name=\"twitter:data1\" content=\"4 minuty\" \/>\n<script type=\"application\/ld+json\" class=\"yoast-schema-graph\">{\"@context\":\"https:\\\/\\\/schema.org\",\"@graph\":[{\"@type\":\"WebPage\",\"@id\":\"https:\\\/\\\/www.it-dev.eu\\\/pl\\\/klienci\\\/danone\\\/\",\"url\":\"https:\\\/\\\/www.it-dev.eu\\\/pl\\\/klienci\\\/danone\\\/\",\"name\":\"Danone - IT-Dev\",\"isPartOf\":{\"@id\":\"https:\\\/\\\/www.it-dev.eu\\\/pl\\\/#website\"},\"primaryImageOfPage\":{\"@id\":\"https:\\\/\\\/www.it-dev.eu\\\/pl\\\/klienci\\\/danone\\\/#primaryimage\"},\"image\":{\"@id\":\"https:\\\/\\\/www.it-dev.eu\\\/pl\\\/klienci\\\/danone\\\/#primaryimage\"},\"thumbnailUrl\":\"https:\\\/\\\/www.it-dev.eu\\\/wp-content\\\/uploads\\\/2026\\\/03\\\/danone-case-study-1.webp\",\"datePublished\":\"2025-11-18T09:30:39+00:00\",\"dateModified\":\"2026-04-15T08:00:24+00:00\",\"description\":\"Jak Power Platform usprawni\u0142 inwentaryzacj\u0119 w NUTRICIA? Aplikacja mobilna skr\u00f3ci\u0142a czas pracy i wyeliminowa\u0142a b\u0142\u0119dy.\",\"breadcrumb\":{\"@id\":\"https:\\\/\\\/www.it-dev.eu\\\/pl\\\/klienci\\\/danone\\\/#breadcrumb\"},\"inLanguage\":\"pl-PL\",\"potentialAction\":[{\"@type\":\"ReadAction\",\"target\":[\"https:\\\/\\\/www.it-dev.eu\\\/pl\\\/klienci\\\/danone\\\/\"]}]},{\"@type\":\"ImageObject\",\"inLanguage\":\"pl-PL\",\"@id\":\"https:\\\/\\\/www.it-dev.eu\\\/pl\\\/klienci\\\/danone\\\/#primaryimage\",\"url\":\"https:\\\/\\\/www.it-dev.eu\\\/wp-content\\\/uploads\\\/2026\\\/03\\\/danone-case-study-1.webp\",\"contentUrl\":\"https:\\\/\\\/www.it-dev.eu\\\/wp-content\\\/uploads\\\/2026\\\/03\\\/danone-case-study-1.webp\",\"width\":720,\"height\":720},{\"@type\":\"BreadcrumbList\",\"@id\":\"https:\\\/\\\/www.it-dev.eu\\\/pl\\\/klienci\\\/danone\\\/#breadcrumb\",\"itemListElement\":[{\"@type\":\"ListItem\",\"position\":1,\"name\":\"Strona g\u0142\u00f3wna\",\"item\":\"https:\\\/\\\/www.it-dev.eu\\\/pl\\\/\"},{\"@type\":\"ListItem\",\"position\":2,\"name\":\"Klienci\",\"item\":\"https:\\\/\\\/www.it-dev.eu\\\/pl\\\/klienci\\\/\"},{\"@type\":\"ListItem\",\"position\":3,\"name\":\"Danone\"}]},{\"@type\":\"WebSite\",\"@id\":\"https:\\\/\\\/www.it-dev.eu\\\/pl\\\/#website\",\"url\":\"https:\\\/\\\/www.it-dev.eu\\\/pl\\\/\",\"name\":\"IT-Dev - Limitless Digital Workplace\",\"description\":\"We create limitless Digital Workplaces\",\"publisher\":{\"@id\":\"https:\\\/\\\/www.it-dev.eu\\\/pl\\\/#organization\"},\"potentialAction\":[{\"@type\":\"SearchAction\",\"target\":{\"@type\":\"EntryPoint\",\"urlTemplate\":\"https:\\\/\\\/www.it-dev.eu\\\/pl\\\/?s={search_term_string}\"},\"query-input\":{\"@type\":\"PropertyValueSpecification\",\"valueRequired\":true,\"valueName\":\"search_term_string\"}}],\"inLanguage\":\"pl-PL\"},{\"@type\":\"Organization\",\"@id\":\"https:\\\/\\\/www.it-dev.eu\\\/pl\\\/#organization\",\"name\":\"IT-Dev - Limitless Digital Workplace\",\"url\":\"https:\\\/\\\/www.it-dev.eu\\\/pl\\\/\",\"logo\":{\"@type\":\"ImageObject\",\"inLanguage\":\"pl-PL\",\"@id\":\"https:\\\/\\\/www.it-dev.eu\\\/pl\\\/#\\\/schema\\\/logo\\\/image\\\/\",\"url\":\"https:\\\/\\\/www.it-dev.eu\\\/wp-content\\\/uploads\\\/2023\\\/12\\\/it-dev-logo-696x696-1.png\",\"contentUrl\":\"https:\\\/\\\/www.it-dev.eu\\\/wp-content\\\/uploads\\\/2023\\\/12\\\/it-dev-logo-696x696-1.png\",\"width\":696,\"height\":696,\"caption\":\"IT-Dev - Limitless Digital Workplace\"},\"image\":{\"@id\":\"https:\\\/\\\/www.it-dev.eu\\\/pl\\\/#\\\/schema\\\/logo\\\/image\\\/\"},\"sameAs\":[\"https:\\\/\\\/www.facebook.com\\\/ITDevWroc\\\/\",\"https:\\\/\\\/x.com\\\/IT_Dev\",\"https:\\\/\\\/www.linkedin.com\\\/company\\\/it-dev\\\/\",\"https:\\\/\\\/www.youtube.com\\\/user\\\/biuroitdev\"]}]}<\/script>\n<!-- \/ Yoast SEO plugin. -->","yoast_head_json":{"title":"Danone - IT-Dev","description":"Jak Power Platform usprawni\u0142 inwentaryzacj\u0119 w NUTRICIA? Aplikacja mobilna skr\u00f3ci\u0142a czas pracy i wyeliminowa\u0142a b\u0142\u0119dy.","robots":{"index":"index","follow":"follow","max-snippet":"max-snippet:-1","max-image-preview":"max-image-preview:large","max-video-preview":"max-video-preview:-1"},"canonical":"https:\/\/www.it-dev.eu\/pl\/klienci\/danone\/","og_locale":"pl_PL","og_type":"article","og_title":"Danone - IT-Dev","og_description":"Jak Power Platform usprawni\u0142 inwentaryzacj\u0119 w NUTRICIA? Aplikacja mobilna skr\u00f3ci\u0142a czas pracy i wyeliminowa\u0142a b\u0142\u0119dy.","og_url":"https:\/\/www.it-dev.eu\/pl\/klienci\/danone\/","og_site_name":"IT-Dev","article_publisher":"https:\/\/www.facebook.com\/ITDevWroc\/","article_modified_time":"2026-04-15T08:00:24+00:00","og_image":[{"width":720,"height":720,"url":"https:\/\/www.it-dev.eu\/wp-content\/uploads\/2026\/03\/danone-case-study-1.webp","type":"image\/webp"}],"twitter_card":"summary_large_image","twitter_site":"@IT_Dev","twitter_misc":{"Szacowany czas czytania":"4 minuty"},"schema":{"@context":"https:\/\/schema.org","@graph":[{"@type":"WebPage","@id":"https:\/\/www.it-dev.eu\/pl\/klienci\/danone\/","url":"https:\/\/www.it-dev.eu\/pl\/klienci\/danone\/","name":"Danone - IT-Dev","isPartOf":{"@id":"https:\/\/www.it-dev.eu\/pl\/#website"},"primaryImageOfPage":{"@id":"https:\/\/www.it-dev.eu\/pl\/klienci\/danone\/#primaryimage"},"image":{"@id":"https:\/\/www.it-dev.eu\/pl\/klienci\/danone\/#primaryimage"},"thumbnailUrl":"https:\/\/www.it-dev.eu\/wp-content\/uploads\/2026\/03\/danone-case-study-1.webp","datePublished":"2025-11-18T09:30:39+00:00","dateModified":"2026-04-15T08:00:24+00:00","description":"Jak Power Platform usprawni\u0142 inwentaryzacj\u0119 w NUTRICIA? Aplikacja mobilna skr\u00f3ci\u0142a czas pracy i wyeliminowa\u0142a b\u0142\u0119dy.","breadcrumb":{"@id":"https:\/\/www.it-dev.eu\/pl\/klienci\/danone\/#breadcrumb"},"inLanguage":"pl-PL","potentialAction":[{"@type":"ReadAction","target":["https:\/\/www.it-dev.eu\/pl\/klienci\/danone\/"]}]},{"@type":"ImageObject","inLanguage":"pl-PL","@id":"https:\/\/www.it-dev.eu\/pl\/klienci\/danone\/#primaryimage","url":"https:\/\/www.it-dev.eu\/wp-content\/uploads\/2026\/03\/danone-case-study-1.webp","contentUrl":"https:\/\/www.it-dev.eu\/wp-content\/uploads\/2026\/03\/danone-case-study-1.webp","width":720,"height":720},{"@type":"BreadcrumbList","@id":"https:\/\/www.it-dev.eu\/pl\/klienci\/danone\/#breadcrumb","itemListElement":[{"@type":"ListItem","position":1,"name":"Strona g\u0142\u00f3wna","item":"https:\/\/www.it-dev.eu\/pl\/"},{"@type":"ListItem","position":2,"name":"Klienci","item":"https:\/\/www.it-dev.eu\/pl\/klienci\/"},{"@type":"ListItem","position":3,"name":"Danone"}]},{"@type":"WebSite","@id":"https:\/\/www.it-dev.eu\/pl\/#website","url":"https:\/\/www.it-dev.eu\/pl\/","name":"IT-Dev - Limitless Digital Workplace","description":"We create limitless Digital Workplaces","publisher":{"@id":"https:\/\/www.it-dev.eu\/pl\/#organization"},"potentialAction":[{"@type":"SearchAction","target":{"@type":"EntryPoint","urlTemplate":"https:\/\/www.it-dev.eu\/pl\/?s={search_term_string}"},"query-input":{"@type":"PropertyValueSpecification","valueRequired":true,"valueName":"search_term_string"}}],"inLanguage":"pl-PL"},{"@type":"Organization","@id":"https:\/\/www.it-dev.eu\/pl\/#organization","name":"IT-Dev - Limitless Digital Workplace","url":"https:\/\/www.it-dev.eu\/pl\/","logo":{"@type":"ImageObject","inLanguage":"pl-PL","@id":"https:\/\/www.it-dev.eu\/pl\/#\/schema\/logo\/image\/","url":"https:\/\/www.it-dev.eu\/wp-content\/uploads\/2023\/12\/it-dev-logo-696x696-1.png","contentUrl":"https:\/\/www.it-dev.eu\/wp-content\/uploads\/2023\/12\/it-dev-logo-696x696-1.png","width":696,"height":696,"caption":"IT-Dev - Limitless Digital Workplace"},"image":{"@id":"https:\/\/www.it-dev.eu\/pl\/#\/schema\/logo\/image\/"},"sameAs":["https:\/\/www.facebook.com\/ITDevWroc\/","https:\/\/x.com\/IT_Dev","https:\/\/www.linkedin.com\/company\/it-dev\/","https:\/\/www.youtube.com\/user\/biuroitdev"]}]}},"_links":{"self":[{"href":"https:\/\/www.it-dev.eu\/pl\/wp-json\/wp\/v2\/pages\/9249","targetHints":{"allow":["GET"]}}],"collection":[{"href":"https:\/\/www.it-dev.eu\/pl\/wp-json\/wp\/v2\/pages"}],"about":[{"href":"https:\/\/www.it-dev.eu\/pl\/wp-json\/wp\/v2\/types\/page"}],"author":[{"embeddable":true,"href":"https:\/\/www.it-dev.eu\/pl\/wp-json\/wp\/v2\/users\/3"}],"replies":[{"embeddable":true,"href":"https:\/\/www.it-dev.eu\/pl\/wp-json\/wp\/v2\/comments?post=9249"}],"version-history":[{"count":26,"href":"https:\/\/www.it-dev.eu\/pl\/wp-json\/wp\/v2\/pages\/9249\/revisions"}],"predecessor-version":[{"id":11560,"href":"https:\/\/www.it-dev.eu\/pl\/wp-json\/wp\/v2\/pages\/9249\/revisions\/11560"}],"up":[{"embeddable":true,"href":"https:\/\/www.it-dev.eu\/pl\/wp-json\/wp\/v2\/pages\/2553"}],"wp:featuredmedia":[{"embeddable":true,"href":"https:\/\/www.it-dev.eu\/pl\/wp-json\/wp\/v2\/media\/10931"}],"wp:attachment":[{"href":"https:\/\/www.it-dev.eu\/pl\/wp-json\/wp\/v2\/media?parent=9249"}],"curies":[{"name":"wp","href":"https:\/\/api.w.org\/{rel}","templated":true}]}}