{"id":9540,"date":"2025-12-08T09:02:08","date_gmt":"2025-12-08T08:02:08","guid":{"rendered":"https:\/\/www.it-dev.eu\/?page_id=9540"},"modified":"2026-04-15T09:59:05","modified_gmt":"2026-04-15T07:59:05","slug":"gci","status":"publish","type":"page","link":"https:\/\/www.it-dev.eu\/pl\/klienci\/gci\/","title":{"rendered":"GCI"},"content":{"rendered":"\n<h2 class=\"wp-block-heading icon-warning\">Zakupy publiczne w chaosie danych<\/h2>\n\n\n\n<p>Najwi\u0119kszym wyzwaniem Gda\u0144skiego Centrum Informatycznego by\u0142o prowadzenie z\u0142o\u017conych post\u0119powa\u0144 zakupowych w oparciu o informacje rozproszone pomi\u0119dzy wieloma systemami i \u017ar\u00f3d\u0142ami \u2013 w tym mailami i rozmowami telefonicznymi. Zarz\u0105dzanie projektami o warto\u015bci kilkuset tysi\u0119cy z\u0142otych wymaga\u0142o od pracownik\u00f3w r\u0119cznego zbierania danych z r\u00f3\u017cnych, cz\u0119sto niesp\u00f3jnych \u017ar\u00f3de\u0142. Brakowa\u0142o centralnego repozytorium najwa\u017cniejszych informacji potrzebnych w procesach zakupowych oraz ich rozliczaniu, co utrudnia\u0142o wsp\u00f3\u0142prac\u0119, spowalnia\u0142o procesy i generowa\u0142o ryzyko b\u0142\u0119d\u00f3w. GCI potrzebowa\u0142o wi\u0119c rozwi\u0105zania, kt\u00f3re ujednolici\u0142oby, przyspieszy\u0142o i uporz\u0105dkowa\u0142o obieg informacji oraz dokument\u00f3w.<\/p>\n\n\n\n<div style=\"height:80px\" aria-hidden=\"true\" class=\"wp-block-spacer\"><\/div>\n\n\n\n<h2 class=\"wp-block-heading icon-bulb\">Centralny obieg zam\u00f3wie\u0144 i um\u00f3w<\/h2>\n\n\n\n<p>Zesp\u00f3\u0142 IT-Dev w \u015bcis\u0142ej wsp\u00f3\u0142pracy z GCI zaprojektowa\u0142 i wdro\u017cy\u0142 system do zarz\u0105dzania procesem zakupowym i obiegiem um\u00f3w, dzia\u0142aj\u0105cy w ca\u0142o\u015bci w \u015brodowisku Microsoft 365. Platforma ta by\u0142a ju\u017c dobrze znana pracownikom, co znacznie u\u0142atwi\u0142o wprowadzenie nowego systemu i wdro\u017cenie si\u0119 do pracy z nowym rozwi\u0105zaniem.<\/p>\n\n\n\n<p>W ramach prac dostosowali\u015bmy platform\u0119 Microsoft 365 do potrzeb Gda\u0144skiego Centrum Informatycznego: wprowadzili\u015bmy system specjalnych witryn, kt\u00f3re s\u0142u\u017c\u0105 jako centralne, wsp\u00f3\u0142dzielone miejsca pracy dla zespo\u0142\u00f3w odpowiedzialnych za zakupy i realizacj\u0119 um\u00f3w. Rozwi\u0105zanie zosta\u0142o precyzyjnie dopasowane do wewn\u0119trznych proces\u00f3w GCI i Urz\u0119du Miasta. Projekt realizowali\u015bmy w metodyce SCRUM \u2013 system powstawa\u0142 etapami w dwutygodniowych sprintach, dzi\u0119ki czemu zesp\u00f3\u0142 biznesowy na bie\u017c\u0105co otrzymywa\u0142 dzia\u0142aj\u0105ce fragmenty aplikacji i mia\u0142 realny wp\u0142yw na jej ostateczny kszta\u0142t. \u015awietnie sprawdzi\u0142 si\u0119 tu tr\u00f3jstronny model wsp\u00f3\u0142pracy, w kt\u00f3rym udzia\u0142 brali: Biznes (Zamawiaj\u0105cy), GCI (wewn\u0119trzny zesp\u00f3\u0142 IT) oraz IT-Dev (Partner technologiczny).<\/p>\n\n\n\n<div style=\"height:80px\" aria-hidden=\"true\" class=\"wp-block-spacer\"><\/div>\n\n\n\n<h2 class=\"wp-block-heading icon-chartup\">Jedno \u017ar\u00f3d\u0142o prawdy o zakupach<\/h2>\n\n\n\n<ul class=\"wp-block-list arrow-list\">\n<li><strong>Centralizacja danych i jedno \u201e\u017ar\u00f3d\u0142o prawdy\u201d.<\/strong> Wszystkie dokumenty, dane i ustalenia dotycz\u0105ce post\u0119powa\u0144 zakupowych i um\u00f3w s\u0105 teraz gromadzone w jednym, uporz\u0105dkowanym miejscu, co eliminuje chaos informacyjny i zapewnia sp\u00f3jno\u015b\u0107 danych.&nbsp;<\/li>\n\n\n\n<li><strong>Optymalizacja i p\u0142ynno\u015b\u0107 proces\u00f3w.<\/strong> Wdro\u017cenie elektronicznego obiegu dokument\u00f3w oraz narz\u0119dzi do zarz\u0105dzania zespo\u0142ami i odpowiedzialno\u015bci\u0105 znacz\u0105co usprawni\u0142o i przyspieszy\u0142o realizacj\u0119 zada\u0144.<\/li>\n\n\n\n<li><strong>Pe\u0142na kontrola i bezpiecze\u0144stwo.<\/strong> System zapewnia \u015bcis\u0142\u0105 kontrol\u0119 nad dost\u0119pem do informacji i gwarantuje, \u017ce poufne dane s\u0105 dost\u0119pne tylko dla uprawnionych os\u00f3b.<\/li>\n\n\n\n<li><strong>Wykorzystanie istniej\u0105cych zasob\u00f3w.<\/strong> Ca\u0142e rozwi\u0105zanie zosta\u0142o zrealizowane w ramach ju\u017c posiadanych przez GCI licencji Microsoft 365. Nie by\u0142o potrzeby ponoszenia dodatkowych koszt\u00f3w nowego oprogramowania.<\/li>\n\n\n\n<li><strong>Model wsp\u00f3\u0142pracy zorientowany na biznes.<\/strong> Projekt by\u0142 prowadzony jako inicjatywa biznesowa przy wsparciu IT, a nie odwrotnie. To przedstawiciele biznesu definiowali wymagania, co zagwarantowa\u0142o, \u017ce finalne narz\u0119dzie idealnie odpowiada ich realnym potrzebom.<\/li>\n<\/ul>\n","protected":false},"excerpt":{"rendered":"<p>Zakupy publiczne w chaosie danych Najwi\u0119kszym wyzwaniem Gda\u0144skiego Centrum Informatycznego by\u0142o prowadzenie z\u0142o\u017conych post\u0119powa\u0144 zakupowych w oparciu o informacje rozproszone pomi\u0119dzy wieloma systemami i \u017ar\u00f3d\u0142ami \u2013 w tym mailami i rozmowami telefonicznymi. Zarz\u0105dzanie projektami o warto\u015bci kilkuset tysi\u0119cy z\u0142otych wymaga\u0142o od pracownik\u00f3w r\u0119cznego zbierania danych z r\u00f3\u017cnych, cz\u0119sto niesp\u00f3jnych \u017ar\u00f3de\u0142. Brakowa\u0142o centralnego repozytorium najwa\u017cniejszych informacji<a class=\"excerpt-read-more\" href=\"https:\/\/www.it-dev.eu\/pl\/klienci\/gci\/\" title=\"ReadGCI\">&#8230; Read more &raquo;<\/a><\/p>\n","protected":false},"author":8,"featured_media":9532,"parent":2553,"menu_order":0,"comment_status":"closed","ping_status":"closed","template":"templates\/page-case-study.php","meta":{"_acf_changed":false,"inline_featured_image":false,"footnotes":""},"class_list":["post-9540","page","type-page","status-publish","has-post-thumbnail","hentry"],"acf":[],"yoast_head":"<!-- This site is optimized with the Yoast SEO plugin v27.5 - https:\/\/yoast.com\/product\/yoast-seo-wordpress\/ -->\n<title>GCI - IT-Dev<\/title>\n<meta name=\"description\" content=\"Jak GCI upro\u015bci\u0142o zarz\u0105dzanie zakupami i umowami w administracji publicznej dzi\u0119ki platformie Microsoft 365 i wsp\u00f3\u0142pracy z IT-Dev?\" \/>\n<meta name=\"robots\" content=\"index, follow, max-snippet:-1, max-image-preview:large, max-video-preview:-1\" \/>\n<link rel=\"canonical\" href=\"https:\/\/www.it-dev.eu\/pl\/klienci\/gci\/\" \/>\n<meta property=\"og:locale\" content=\"pl_PL\" \/>\n<meta property=\"og:type\" content=\"article\" \/>\n<meta property=\"og:title\" content=\"GCI - IT-Dev\" \/>\n<meta property=\"og:description\" content=\"Jak GCI upro\u015bci\u0142o zarz\u0105dzanie zakupami i umowami w administracji publicznej dzi\u0119ki platformie Microsoft 365 i wsp\u00f3\u0142pracy z IT-Dev?\" \/>\n<meta property=\"og:url\" content=\"https:\/\/www.it-dev.eu\/pl\/klienci\/gci\/\" \/>\n<meta property=\"og:site_name\" content=\"IT-Dev\" \/>\n<meta property=\"article:publisher\" content=\"https:\/\/www.facebook.com\/ITDevWroc\/\" \/>\n<meta property=\"article:modified_time\" content=\"2026-04-15T07:59:05+00:00\" \/>\n<meta property=\"og:image\" content=\"https:\/\/www.it-dev.eu\/wp-content\/uploads\/2025\/12\/GCI.png\" \/>\n\t<meta property=\"og:image:width\" content=\"1080\" \/>\n\t<meta property=\"og:image:height\" content=\"720\" \/>\n\t<meta property=\"og:image:type\" content=\"image\/png\" \/>\n<meta name=\"twitter:card\" content=\"summary_large_image\" \/>\n<meta name=\"twitter:site\" content=\"@IT_Dev\" \/>\n<meta name=\"twitter:label1\" content=\"Szacowany czas czytania\" \/>\n\t<meta name=\"twitter:data1\" content=\"2 minuty\" \/>\n<script type=\"application\/ld+json\" class=\"yoast-schema-graph\">{\"@context\":\"https:\\\/\\\/schema.org\",\"@graph\":[{\"@type\":\"WebPage\",\"@id\":\"https:\\\/\\\/www.it-dev.eu\\\/pl\\\/klienci\\\/gci\\\/\",\"url\":\"https:\\\/\\\/www.it-dev.eu\\\/pl\\\/klienci\\\/gci\\\/\",\"name\":\"GCI - IT-Dev\",\"isPartOf\":{\"@id\":\"https:\\\/\\\/www.it-dev.eu\\\/pl\\\/#website\"},\"primaryImageOfPage\":{\"@id\":\"https:\\\/\\\/www.it-dev.eu\\\/pl\\\/klienci\\\/gci\\\/#primaryimage\"},\"image\":{\"@id\":\"https:\\\/\\\/www.it-dev.eu\\\/pl\\\/klienci\\\/gci\\\/#primaryimage\"},\"thumbnailUrl\":\"https:\\\/\\\/www.it-dev.eu\\\/wp-content\\\/uploads\\\/2025\\\/12\\\/GCI.png\",\"datePublished\":\"2025-12-08T08:02:08+00:00\",\"dateModified\":\"2026-04-15T07:59:05+00:00\",\"description\":\"Jak GCI upro\u015bci\u0142o zarz\u0105dzanie zakupami i umowami w administracji publicznej dzi\u0119ki platformie Microsoft 365 i wsp\u00f3\u0142pracy z IT-Dev?\",\"breadcrumb\":{\"@id\":\"https:\\\/\\\/www.it-dev.eu\\\/pl\\\/klienci\\\/gci\\\/#breadcrumb\"},\"inLanguage\":\"pl-PL\",\"potentialAction\":[{\"@type\":\"ReadAction\",\"target\":[\"https:\\\/\\\/www.it-dev.eu\\\/pl\\\/klienci\\\/gci\\\/\"]}]},{\"@type\":\"ImageObject\",\"inLanguage\":\"pl-PL\",\"@id\":\"https:\\\/\\\/www.it-dev.eu\\\/pl\\\/klienci\\\/gci\\\/#primaryimage\",\"url\":\"https:\\\/\\\/www.it-dev.eu\\\/wp-content\\\/uploads\\\/2025\\\/12\\\/GCI.png\",\"contentUrl\":\"https:\\\/\\\/www.it-dev.eu\\\/wp-content\\\/uploads\\\/2025\\\/12\\\/GCI.png\",\"width\":1080,\"height\":720},{\"@type\":\"BreadcrumbList\",\"@id\":\"https:\\\/\\\/www.it-dev.eu\\\/pl\\\/klienci\\\/gci\\\/#breadcrumb\",\"itemListElement\":[{\"@type\":\"ListItem\",\"position\":1,\"name\":\"Strona g\u0142\u00f3wna\",\"item\":\"https:\\\/\\\/www.it-dev.eu\\\/pl\\\/\"},{\"@type\":\"ListItem\",\"position\":2,\"name\":\"Klienci\",\"item\":\"https:\\\/\\\/www.it-dev.eu\\\/pl\\\/klienci\\\/\"},{\"@type\":\"ListItem\",\"position\":3,\"name\":\"GCI\"}]},{\"@type\":\"WebSite\",\"@id\":\"https:\\\/\\\/www.it-dev.eu\\\/pl\\\/#website\",\"url\":\"https:\\\/\\\/www.it-dev.eu\\\/pl\\\/\",\"name\":\"IT-Dev - Limitless Digital Workplace\",\"description\":\"We create limitless Digital Workplaces\",\"publisher\":{\"@id\":\"https:\\\/\\\/www.it-dev.eu\\\/pl\\\/#organization\"},\"potentialAction\":[{\"@type\":\"SearchAction\",\"target\":{\"@type\":\"EntryPoint\",\"urlTemplate\":\"https:\\\/\\\/www.it-dev.eu\\\/pl\\\/?s={search_term_string}\"},\"query-input\":{\"@type\":\"PropertyValueSpecification\",\"valueRequired\":true,\"valueName\":\"search_term_string\"}}],\"inLanguage\":\"pl-PL\"},{\"@type\":\"Organization\",\"@id\":\"https:\\\/\\\/www.it-dev.eu\\\/pl\\\/#organization\",\"name\":\"IT-Dev - Limitless Digital Workplace\",\"url\":\"https:\\\/\\\/www.it-dev.eu\\\/pl\\\/\",\"logo\":{\"@type\":\"ImageObject\",\"inLanguage\":\"pl-PL\",\"@id\":\"https:\\\/\\\/www.it-dev.eu\\\/pl\\\/#\\\/schema\\\/logo\\\/image\\\/\",\"url\":\"https:\\\/\\\/www.it-dev.eu\\\/wp-content\\\/uploads\\\/2023\\\/12\\\/it-dev-logo-696x696-1.png\",\"contentUrl\":\"https:\\\/\\\/www.it-dev.eu\\\/wp-content\\\/uploads\\\/2023\\\/12\\\/it-dev-logo-696x696-1.png\",\"width\":696,\"height\":696,\"caption\":\"IT-Dev - Limitless Digital Workplace\"},\"image\":{\"@id\":\"https:\\\/\\\/www.it-dev.eu\\\/pl\\\/#\\\/schema\\\/logo\\\/image\\\/\"},\"sameAs\":[\"https:\\\/\\\/www.facebook.com\\\/ITDevWroc\\\/\",\"https:\\\/\\\/x.com\\\/IT_Dev\",\"https:\\\/\\\/www.linkedin.com\\\/company\\\/it-dev\\\/\",\"https:\\\/\\\/www.youtube.com\\\/user\\\/biuroitdev\"]}]}<\/script>\n<!-- \/ Yoast SEO plugin. -->","yoast_head_json":{"title":"GCI - IT-Dev","description":"Jak GCI upro\u015bci\u0142o zarz\u0105dzanie zakupami i umowami w administracji publicznej dzi\u0119ki platformie Microsoft 365 i wsp\u00f3\u0142pracy z IT-Dev?","robots":{"index":"index","follow":"follow","max-snippet":"max-snippet:-1","max-image-preview":"max-image-preview:large","max-video-preview":"max-video-preview:-1"},"canonical":"https:\/\/www.it-dev.eu\/pl\/klienci\/gci\/","og_locale":"pl_PL","og_type":"article","og_title":"GCI - IT-Dev","og_description":"Jak GCI upro\u015bci\u0142o zarz\u0105dzanie zakupami i umowami w administracji publicznej dzi\u0119ki platformie Microsoft 365 i wsp\u00f3\u0142pracy z IT-Dev?","og_url":"https:\/\/www.it-dev.eu\/pl\/klienci\/gci\/","og_site_name":"IT-Dev","article_publisher":"https:\/\/www.facebook.com\/ITDevWroc\/","article_modified_time":"2026-04-15T07:59:05+00:00","og_image":[{"width":1080,"height":720,"url":"https:\/\/www.it-dev.eu\/wp-content\/uploads\/2025\/12\/GCI.png","type":"image\/png"}],"twitter_card":"summary_large_image","twitter_site":"@IT_Dev","twitter_misc":{"Szacowany czas czytania":"2 minuty"},"schema":{"@context":"https:\/\/schema.org","@graph":[{"@type":"WebPage","@id":"https:\/\/www.it-dev.eu\/pl\/klienci\/gci\/","url":"https:\/\/www.it-dev.eu\/pl\/klienci\/gci\/","name":"GCI - IT-Dev","isPartOf":{"@id":"https:\/\/www.it-dev.eu\/pl\/#website"},"primaryImageOfPage":{"@id":"https:\/\/www.it-dev.eu\/pl\/klienci\/gci\/#primaryimage"},"image":{"@id":"https:\/\/www.it-dev.eu\/pl\/klienci\/gci\/#primaryimage"},"thumbnailUrl":"https:\/\/www.it-dev.eu\/wp-content\/uploads\/2025\/12\/GCI.png","datePublished":"2025-12-08T08:02:08+00:00","dateModified":"2026-04-15T07:59:05+00:00","description":"Jak GCI upro\u015bci\u0142o zarz\u0105dzanie zakupami i umowami w administracji publicznej dzi\u0119ki platformie Microsoft 365 i wsp\u00f3\u0142pracy z IT-Dev?","breadcrumb":{"@id":"https:\/\/www.it-dev.eu\/pl\/klienci\/gci\/#breadcrumb"},"inLanguage":"pl-PL","potentialAction":[{"@type":"ReadAction","target":["https:\/\/www.it-dev.eu\/pl\/klienci\/gci\/"]}]},{"@type":"ImageObject","inLanguage":"pl-PL","@id":"https:\/\/www.it-dev.eu\/pl\/klienci\/gci\/#primaryimage","url":"https:\/\/www.it-dev.eu\/wp-content\/uploads\/2025\/12\/GCI.png","contentUrl":"https:\/\/www.it-dev.eu\/wp-content\/uploads\/2025\/12\/GCI.png","width":1080,"height":720},{"@type":"BreadcrumbList","@id":"https:\/\/www.it-dev.eu\/pl\/klienci\/gci\/#breadcrumb","itemListElement":[{"@type":"ListItem","position":1,"name":"Strona g\u0142\u00f3wna","item":"https:\/\/www.it-dev.eu\/pl\/"},{"@type":"ListItem","position":2,"name":"Klienci","item":"https:\/\/www.it-dev.eu\/pl\/klienci\/"},{"@type":"ListItem","position":3,"name":"GCI"}]},{"@type":"WebSite","@id":"https:\/\/www.it-dev.eu\/pl\/#website","url":"https:\/\/www.it-dev.eu\/pl\/","name":"IT-Dev - Limitless Digital Workplace","description":"We create limitless Digital Workplaces","publisher":{"@id":"https:\/\/www.it-dev.eu\/pl\/#organization"},"potentialAction":[{"@type":"SearchAction","target":{"@type":"EntryPoint","urlTemplate":"https:\/\/www.it-dev.eu\/pl\/?s={search_term_string}"},"query-input":{"@type":"PropertyValueSpecification","valueRequired":true,"valueName":"search_term_string"}}],"inLanguage":"pl-PL"},{"@type":"Organization","@id":"https:\/\/www.it-dev.eu\/pl\/#organization","name":"IT-Dev - Limitless Digital Workplace","url":"https:\/\/www.it-dev.eu\/pl\/","logo":{"@type":"ImageObject","inLanguage":"pl-PL","@id":"https:\/\/www.it-dev.eu\/pl\/#\/schema\/logo\/image\/","url":"https:\/\/www.it-dev.eu\/wp-content\/uploads\/2023\/12\/it-dev-logo-696x696-1.png","contentUrl":"https:\/\/www.it-dev.eu\/wp-content\/uploads\/2023\/12\/it-dev-logo-696x696-1.png","width":696,"height":696,"caption":"IT-Dev - Limitless Digital Workplace"},"image":{"@id":"https:\/\/www.it-dev.eu\/pl\/#\/schema\/logo\/image\/"},"sameAs":["https:\/\/www.facebook.com\/ITDevWroc\/","https:\/\/x.com\/IT_Dev","https:\/\/www.linkedin.com\/company\/it-dev\/","https:\/\/www.youtube.com\/user\/biuroitdev"]}]}},"_links":{"self":[{"href":"https:\/\/www.it-dev.eu\/pl\/wp-json\/wp\/v2\/pages\/9540","targetHints":{"allow":["GET"]}}],"collection":[{"href":"https:\/\/www.it-dev.eu\/pl\/wp-json\/wp\/v2\/pages"}],"about":[{"href":"https:\/\/www.it-dev.eu\/pl\/wp-json\/wp\/v2\/types\/page"}],"author":[{"embeddable":true,"href":"https:\/\/www.it-dev.eu\/pl\/wp-json\/wp\/v2\/users\/8"}],"replies":[{"embeddable":true,"href":"https:\/\/www.it-dev.eu\/pl\/wp-json\/wp\/v2\/comments?post=9540"}],"version-history":[{"count":10,"href":"https:\/\/www.it-dev.eu\/pl\/wp-json\/wp\/v2\/pages\/9540\/revisions"}],"predecessor-version":[{"id":11559,"href":"https:\/\/www.it-dev.eu\/pl\/wp-json\/wp\/v2\/pages\/9540\/revisions\/11559"}],"up":[{"embeddable":true,"href":"https:\/\/www.it-dev.eu\/pl\/wp-json\/wp\/v2\/pages\/2553"}],"wp:featuredmedia":[{"embeddable":true,"href":"https:\/\/www.it-dev.eu\/pl\/wp-json\/wp\/v2\/media\/9532"}],"wp:attachment":[{"href":"https:\/\/www.it-dev.eu\/pl\/wp-json\/wp\/v2\/media?parent=9540"}],"curies":[{"name":"wp","href":"https:\/\/api.w.org\/{rel}","templated":true}]}}